{"id":1205,"date":"2023-02-19T17:41:11","date_gmt":"2023-02-19T17:41:11","guid":{"rendered":"https:\/\/monpari.pl\/?page_id=12"},"modified":"2024-01-03T14:29:20","modified_gmt":"2024-01-03T14:29:20","slug":"polityka_zwrotow","status":"publish","type":"page","link":"https:\/\/monpari.pl\/index.php\/polityka_zwrotow\/","title":{"rendered":"Polityka Zwrot\u00f3w"},"content":{"rendered":"\t\t<div data-elementor-type=\"wp-page\" data-elementor-id=\"1205\" class=\"elementor elementor-1205\">\n\t\t\t\t\t\t<section class=\"elementor-section elementor-top-section elementor-element elementor-element-1fbd93ce elementor-section-boxed elementor-section-height-default elementor-section-height-default\" data-id=\"1fbd93ce\" data-element_type=\"section\" data-e-type=\"section\">\n\t\t\t\t\t\t<div class=\"elementor-container elementor-column-gap-default\">\n\t\t\t\t\t<div class=\"elementor-column elementor-col-100 elementor-top-column elementor-element elementor-element-696c9819\" data-id=\"696c9819\" data-element_type=\"column\" data-e-type=\"column\">\n\t\t\t<div class=\"elementor-widget-wrap elementor-element-populated\">\n\t\t\t\t\t\t<div class=\"elementor-element elementor-element-19621650 elementor-widget__width-initial elementor-widget elementor-widget-text-editor\" data-id=\"19621650\" data-element_type=\"widget\" data-e-type=\"widget\" data-widget_type=\"text-editor.default\">\n\t\t\t\t<div class=\"elementor-widget-container\">\n\t\t\t\t\t\t\t\t\t<div class=\"iai_cms_text\">\n<h2>Zasady zwrot\u00f3w<\/h2>\n<p>Zgodnie z obowi\u0105zuj\u0105cym prawem masz 14 dni na odst\u0105pienie od umowy zawartej na odleg\u0142o\u015b\u0107 bez podawania przyczyny. Je\u015bli wi\u0119c towar nie spe\u0142nia Twoich oczekiwa\u0144 mo\u017cesz go do nas odes\u0142a\u0107 w ci\u0105gu 14 dni od dnia otrzymania towaru.&nbsp;<\/p>\n<\/div>\n<div class=\"iai_cms_text clearfix\">\n<div class=\"iai_cms_table\">\n<p><i class=\"iai_cms_table_cell icon-cms-thumb-up\"><\/i><\/p>\n<div class=\"iai_cms_table_cell\">\n<h3>Koszty<\/h3>\n<p>Koszty paczki zwrotnej pokrywa kupuj\u0105cy<\/p>\n<\/div>\n<\/div>\n<div class=\"iai_cms_table\">\n<p><i class=\"iai_cms_table_cell icon-cms-leaf\"><\/i><\/p>\n<div class=\"iai_cms_table_cell\">\n<h3>Adres zwrotny<\/h3>\n<div>Monpari<\/div>\n<div>Zastawie 33, 22-310 Kra\u015bniczyn<\/div>\n<p><br><\/p>\n<\/div>\n<\/div>\n<div class=\"iai_cms_table\">\n<\/div>\n<\/div>\n<div class=\"iai_cms_text clearfix\">\n<h2>Dokonaj zwrotu w&nbsp;<b>3 prostych<\/b>&nbsp;krokach!<\/h2>\n<div class=\"row\">\n<div class=\"col-md-4 col-xs-12 step one\">\n<div class=\"icon\">&nbsp;<\/div>\n<div class=\"desc\"><span class=\"number\">1.&nbsp;<\/span>Zaadresuj paczk\u0119 na podany wy\u017cej adres. Wy\u015blij dowoln\u0105 metod\u0105 przesy\u0142ki.<\/div>\n<\/div>\n<div class=\"col-md-4 col-xs-12 step two\">\n<div class=\"icon\">&nbsp;<\/div>\n<div class=\"desc\"><span class=\"number\">2.<\/span>&nbsp;<span class=\"info\">W\u0142\u00f3\u017c zapakowany towar do koperty, kartonu i dobrze go zaklej. Prosz\u0119 do\u0142\u0105czy\u0107 kartk\u0119 z numerem zam\u00f3wienia oraz danymi adresowymi.<\/span><\/div>\n<\/div>\n<div class=\"col-md-4 col-xs-12 step three\">\n<div class=\"icon\">&nbsp;<\/div>\n<div class=\"desc\"><span class=\"number\">3.<\/span>&nbsp;<span class=\"title\">Zwrot pieni\u0119dzy<\/span>&nbsp;otrzymasz<span class=\"info\">&nbsp;<b>do 7 dni<\/b>&nbsp;od otrzymania przez nas zwrotu.<\/span><\/div>\n<\/div>\n<\/div>\n<\/div>\n<div class=\"iai_cms_text\">\n<h2>Wymagania&nbsp; zaakceptowania zwrotu.<\/h2>\n<ul>\n<li>\n<p>Kosmetyki musz\u0105 by\u0107 oryginalnie zamkni\u0119te, nie u\u017cywane.<\/p>\n<\/li>\n<\/ul>\n<\/div>\t\t\t\t\t\t\t\t<\/div>\n\t\t\t\t<\/div>\n\t\t\t\t\t<\/div>\n\t\t<\/div>\n\t\t\t\t\t<\/div>\n\t\t<\/section>\n\t\t\t\t<\/div>\n\t\t","protected":false},"excerpt":{"rendered":"<p>Zasady zwrot\u00f3w Zgodnie z obowi\u0105zuj\u0105cym prawem masz 14 dni na odst\u0105pienie od umowy zawartej na odleg\u0142o\u015b\u0107 bez podawania przyczyny. Je\u015bli wi\u0119c towar nie spe\u0142nia Twoich oczekiwa\u0144<span class=\"excerpt-hellip\"> [\u2026]<\/span><\/p>\n","protected":false},"author":1,"featured_media":0,"parent":0,"menu_order":0,"comment_status":"open","ping_status":"closed","template":"","meta":{"_seopress_robots_primary_cat":"","_seopress_titles_title":"","_seopress_titles_desc":"","_seopress_robots_index":"","footnotes":""},"class_list":["post-1205","page","type-page","status-publish","hentry"],"yoast_head":"<!-- This site is optimized with the Yoast SEO plugin v27.4 - https:\/\/yoast.com\/product\/yoast-seo-wordpress\/ -->\n<title>Polityka Zwrot\u00f3w - Monpari.pl<\/title>\n<meta name=\"robots\" content=\"index, follow, max-snippet:-1, max-image-preview:large, max-video-preview:-1\" \/>\n<link rel=\"canonical\" href=\"https:\/\/monpari.pl\/index.php\/polityka_zwrotow\/\" \/>\n<meta property=\"og:locale\" content=\"pl_PL\" \/>\n<meta property=\"og:type\" content=\"article\" \/>\n<meta property=\"og:title\" content=\"Polityka Zwrot\u00f3w - Monpari.pl\" \/>\n<meta property=\"og:description\" content=\"Zasady zwrot\u00f3w Zgodnie z obowi\u0105zuj\u0105cym prawem masz 14 dni na odst\u0105pienie od umowy zawartej na odleg\u0142o\u015b\u0107 bez podawania przyczyny. Je\u015bli wi\u0119c towar nie spe\u0142nia Twoich oczekiwa\u0144 [\u2026]\" \/>\n<meta property=\"og:url\" content=\"https:\/\/monpari.pl\/index.php\/polityka_zwrotow\/\" \/>\n<meta property=\"og:site_name\" content=\"Monpari.pl\" \/>\n<meta property=\"article:modified_time\" content=\"2024-01-03T14:29:20+00:00\" \/>\n<meta name=\"twitter:card\" content=\"summary_large_image\" \/>\n<meta name=\"twitter:label1\" content=\"Szacowany czas czytania\" \/>\n\t<meta name=\"twitter:data1\" content=\"1 minuta\" \/>\n<script type=\"application\/ld+json\" class=\"yoast-schema-graph\">{\"@context\":\"https:\\\/\\\/schema.org\",\"@graph\":[{\"@type\":\"WebPage\",\"@id\":\"https:\\\/\\\/monpari.pl\\\/index.php\\\/polityka_zwrotow\\\/\",\"url\":\"https:\\\/\\\/monpari.pl\\\/index.php\\\/polityka_zwrotow\\\/\",\"name\":\"Polityka Zwrot\u00f3w - Monpari.pl\",\"isPartOf\":{\"@id\":\"https:\\\/\\\/monpari.pl\\\/#website\"},\"datePublished\":\"2023-02-19T17:41:11+00:00\",\"dateModified\":\"2024-01-03T14:29:20+00:00\",\"breadcrumb\":{\"@id\":\"https:\\\/\\\/monpari.pl\\\/index.php\\\/polityka_zwrotow\\\/#breadcrumb\"},\"inLanguage\":\"pl-PL\",\"potentialAction\":[{\"@type\":\"ReadAction\",\"target\":[\"https:\\\/\\\/monpari.pl\\\/index.php\\\/polityka_zwrotow\\\/\"]}]},{\"@type\":\"BreadcrumbList\",\"@id\":\"https:\\\/\\\/monpari.pl\\\/index.php\\\/polityka_zwrotow\\\/#breadcrumb\",\"itemListElement\":[{\"@type\":\"ListItem\",\"position\":1,\"name\":\"Strona g\u0142\u00f3wna\",\"item\":\"https:\\\/\\\/monpari.pl\\\/\"},{\"@type\":\"ListItem\",\"position\":2,\"name\":\"Polityka Zwrot\u00f3w\"}]},{\"@type\":\"WebSite\",\"@id\":\"https:\\\/\\\/monpari.pl\\\/#website\",\"url\":\"https:\\\/\\\/monpari.pl\\\/\",\"name\":\"monpari.pl\",\"description\":\"Klipsy, kolczyki, bi\u017cuteria dla dzieci, artyku\u0142y z postaciami popularnych bajek, prezenty\",\"publisher\":{\"@id\":\"https:\\\/\\\/monpari.pl\\\/#organization\"},\"potentialAction\":[{\"@type\":\"SearchAction\",\"target\":{\"@type\":\"EntryPoint\",\"urlTemplate\":\"https:\\\/\\\/monpari.pl\\\/?s={search_term_string}\"},\"query-input\":{\"@type\":\"PropertyValueSpecification\",\"valueRequired\":true,\"valueName\":\"search_term_string\"}}],\"inLanguage\":\"pl-PL\"},{\"@type\":\"Organization\",\"@id\":\"https:\\\/\\\/monpari.pl\\\/#organization\",\"name\":\"monpari.pl\",\"url\":\"https:\\\/\\\/monpari.pl\\\/\",\"logo\":{\"@type\":\"ImageObject\",\"inLanguage\":\"pl-PL\",\"@id\":\"https:\\\/\\\/monpari.pl\\\/#\\\/schema\\\/logo\\\/image\\\/\",\"url\":\"https:\\\/\\\/monpari.pl\\\/wp-content\\\/uploads\\\/2023\\\/09\\\/MONPARI.png\",\"contentUrl\":\"https:\\\/\\\/monpari.pl\\\/wp-content\\\/uploads\\\/2023\\\/09\\\/MONPARI.png\",\"width\":660,\"height\":378,\"caption\":\"monpari.pl\"},\"image\":{\"@id\":\"https:\\\/\\\/monpari.pl\\\/#\\\/schema\\\/logo\\\/image\\\/\"}}]}<\/script>\n<!-- \/ Yoast SEO plugin. -->","yoast_head_json":{"title":"Polityka Zwrot\u00f3w - Monpari.pl","robots":{"index":"index","follow":"follow","max-snippet":"max-snippet:-1","max-image-preview":"max-image-preview:large","max-video-preview":"max-video-preview:-1"},"canonical":"https:\/\/monpari.pl\/index.php\/polityka_zwrotow\/","og_locale":"pl_PL","og_type":"article","og_title":"Polityka Zwrot\u00f3w - Monpari.pl","og_description":"Zasady zwrot\u00f3w Zgodnie z obowi\u0105zuj\u0105cym prawem masz 14 dni na odst\u0105pienie od umowy zawartej na odleg\u0142o\u015b\u0107 bez podawania przyczyny. Je\u015bli wi\u0119c towar nie spe\u0142nia Twoich oczekiwa\u0144 [\u2026]","og_url":"https:\/\/monpari.pl\/index.php\/polityka_zwrotow\/","og_site_name":"Monpari.pl","article_modified_time":"2024-01-03T14:29:20+00:00","twitter_card":"summary_large_image","twitter_misc":{"Szacowany czas czytania":"1 minuta"},"schema":{"@context":"https:\/\/schema.org","@graph":[{"@type":"WebPage","@id":"https:\/\/monpari.pl\/index.php\/polityka_zwrotow\/","url":"https:\/\/monpari.pl\/index.php\/polityka_zwrotow\/","name":"Polityka Zwrot\u00f3w - Monpari.pl","isPartOf":{"@id":"https:\/\/monpari.pl\/#website"},"datePublished":"2023-02-19T17:41:11+00:00","dateModified":"2024-01-03T14:29:20+00:00","breadcrumb":{"@id":"https:\/\/monpari.pl\/index.php\/polityka_zwrotow\/#breadcrumb"},"inLanguage":"pl-PL","potentialAction":[{"@type":"ReadAction","target":["https:\/\/monpari.pl\/index.php\/polityka_zwrotow\/"]}]},{"@type":"BreadcrumbList","@id":"https:\/\/monpari.pl\/index.php\/polityka_zwrotow\/#breadcrumb","itemListElement":[{"@type":"ListItem","position":1,"name":"Strona g\u0142\u00f3wna","item":"https:\/\/monpari.pl\/"},{"@type":"ListItem","position":2,"name":"Polityka Zwrot\u00f3w"}]},{"@type":"WebSite","@id":"https:\/\/monpari.pl\/#website","url":"https:\/\/monpari.pl\/","name":"monpari.pl","description":"Klipsy, kolczyki, bi\u017cuteria dla dzieci, artyku\u0142y z postaciami popularnych bajek, prezenty","publisher":{"@id":"https:\/\/monpari.pl\/#organization"},"potentialAction":[{"@type":"SearchAction","target":{"@type":"EntryPoint","urlTemplate":"https:\/\/monpari.pl\/?s={search_term_string}"},"query-input":{"@type":"PropertyValueSpecification","valueRequired":true,"valueName":"search_term_string"}}],"inLanguage":"pl-PL"},{"@type":"Organization","@id":"https:\/\/monpari.pl\/#organization","name":"monpari.pl","url":"https:\/\/monpari.pl\/","logo":{"@type":"ImageObject","inLanguage":"pl-PL","@id":"https:\/\/monpari.pl\/#\/schema\/logo\/image\/","url":"https:\/\/monpari.pl\/wp-content\/uploads\/2023\/09\/MONPARI.png","contentUrl":"https:\/\/monpari.pl\/wp-content\/uploads\/2023\/09\/MONPARI.png","width":660,"height":378,"caption":"monpari.pl"},"image":{"@id":"https:\/\/monpari.pl\/#\/schema\/logo\/image\/"}}]}},"_links":{"self":[{"href":"https:\/\/monpari.pl\/index.php\/wp-json\/wp\/v2\/pages\/1205","targetHints":{"allow":["GET"]}}],"collection":[{"href":"https:\/\/monpari.pl\/index.php\/wp-json\/wp\/v2\/pages"}],"about":[{"href":"https:\/\/monpari.pl\/index.php\/wp-json\/wp\/v2\/types\/page"}],"author":[{"embeddable":true,"href":"https:\/\/monpari.pl\/index.php\/wp-json\/wp\/v2\/users\/1"}],"replies":[{"embeddable":true,"href":"https:\/\/monpari.pl\/index.php\/wp-json\/wp\/v2\/comments?post=1205"}],"version-history":[{"count":11,"href":"https:\/\/monpari.pl\/index.php\/wp-json\/wp\/v2\/pages\/1205\/revisions"}],"predecessor-version":[{"id":3560,"href":"https:\/\/monpari.pl\/index.php\/wp-json\/wp\/v2\/pages\/1205\/revisions\/3560"}],"wp:attachment":[{"href":"https:\/\/monpari.pl\/index.php\/wp-json\/wp\/v2\/media?parent=1205"}],"curies":[{"name":"wp","href":"https:\/\/api.w.org\/{rel}","templated":true}]}}