{"id":2,"date":"2023-02-16T22:24:50","date_gmt":"2023-02-16T22:24:50","guid":{"rendered":"http:\/\/monpari.pl\/?page_id=2"},"modified":"2024-01-05T11:38:26","modified_gmt":"2024-01-05T11:38:26","slug":"metody-dostawy","status":"publish","type":"page","link":"https:\/\/monpari.pl\/index.php\/metody-dostawy\/","title":{"rendered":"Metody Dostawy i Koszt Wysy\u0142ki"},"content":{"rendered":"\t\t<div data-elementor-type=\"wp-page\" data-elementor-id=\"2\" class=\"elementor elementor-2\">\n\t\t\t\t\t\t<section class=\"elementor-section elementor-top-section elementor-element elementor-element-2dabd3ef elementor-section-boxed elementor-section-height-default elementor-section-height-default\" data-id=\"2dabd3ef\" data-element_type=\"section\" data-e-type=\"section\">\n\t\t\t\t\t\t<div class=\"elementor-container elementor-column-gap-default\">\n\t\t\t\t\t<div class=\"elementor-column elementor-col-100 elementor-top-column elementor-element elementor-element-7abf5717\" data-id=\"7abf5717\" data-element_type=\"column\" data-e-type=\"column\">\n\t\t\t<div class=\"elementor-widget-wrap elementor-element-populated\">\n\t\t\t\t\t\t<div class=\"elementor-element elementor-element-440ae4a4 elementor-widget elementor-widget-text-editor\" data-id=\"440ae4a4\" data-element_type=\"widget\" data-e-type=\"widget\" data-widget_type=\"text-editor.default\">\n\t\t\t\t<div class=\"elementor-widget-container\">\n\t\t\t\t\t\t\t\t\t<div><strong><b>List polecony priorytet<\/b><\/strong> &#8211; <strong>8,90 z\u0142 <\/strong>( Czas dostawy 2 dni robocze)<span style=\"letter-spacing: 0px;\">\u00a0<\/span><\/div><div><b>List polecony ekonomiczny &#8211; 7,30 z\u0142 <\/b>( Czas dostawy do 4 dni roboczych)<\/div><div>\u00a0<\/div><div><b>Kurier Pocztex &#8211; 11,90 z\u0142 <\/b>( Czas dostawy 2 dni robocze)<\/div><div><strong>\u00a0<\/strong><br \/><strong style=\"letter-spacing: 0px;\">Inpost Paczkomat &#8211;\u00a0<\/strong><strong style=\"letter-spacing: 0px;\">11,90 z\u0142 <\/strong>( Czas dostawy 2 dni robocze)<\/div><div><strong>\u00a0<\/strong><\/div><div><strong>Inpost Kurier<\/strong>\u00a0&#8211; przesy\u0142ki do 25kg &#8211;\u00a0<strong>14,20z\u0142 <\/strong>( Czas dostawy 2 dni robocze)<\/div><div>\u00a0<\/div><div><strong>Odbi\u00f3r osobisty<\/strong>\u00a0&#8211;\u00a0<strong>0 z\u0142<\/strong> &#8211; zam\u00f3wienie musi zosta\u0107 wcze\u015bniej op\u0142acone. Po odbi\u00f3r zapraszamy po otrzymaniu od nas maila z informacj\u0105 o tym, \u017ce zam\u00f3wienie jest ju\u017c gotowe do odbioru. ( Odb\u00f3r na drugi dzie\u0144 roboczy)<\/div>\t\t\t\t\t\t\t\t<\/div>\n\t\t\t\t<\/div>\n\t\t\t\t\t<\/div>\n\t\t<\/div>\n\t\t\t\t\t<\/div>\n\t\t<\/section>\n\t\t\t\t<\/div>\n\t\t","protected":false},"excerpt":{"rendered":"<p>List polecony priorytet &#8211; 8,90 z\u0142 ( Czas dostawy 2 dni robocze)\u00a0List polecony ekonomiczny &#8211; 7,30 z\u0142 ( Czas dostawy do 4 dni roboczych)\u00a0Kurier Pocztex &#8211;<span class=\"excerpt-hellip\"> [\u2026]<\/span><\/p>\n","protected":false},"author":1,"featured_media":0,"parent":0,"menu_order":0,"comment_status":"closed","ping_status":"open","template":"","meta":{"_seopress_robots_primary_cat":"","_seopress_titles_title":"","_seopress_titles_desc":"","_seopress_robots_index":"","footnotes":""},"class_list":["post-2","page","type-page","status-publish","hentry"],"yoast_head":"<!-- This site is optimized with the Yoast SEO plugin v27.4 - https:\/\/yoast.com\/product\/yoast-seo-wordpress\/ -->\n<title>Metody Dostawy i Koszt Wysy\u0142ki - Monpari.pl<\/title>\n<meta name=\"robots\" content=\"index, follow, max-snippet:-1, max-image-preview:large, max-video-preview:-1\" \/>\n<link rel=\"canonical\" href=\"https:\/\/monpari.pl\/index.php\/metody-dostawy\/\" \/>\n<meta property=\"og:locale\" content=\"pl_PL\" \/>\n<meta property=\"og:type\" content=\"article\" \/>\n<meta property=\"og:title\" content=\"Metody Dostawy i Koszt Wysy\u0142ki - Monpari.pl\" \/>\n<meta property=\"og:description\" content=\"List polecony priorytet &#8211; 8,90 z\u0142 ( Czas dostawy 2 dni robocze)\u00a0List polecony ekonomiczny &#8211; 7,30 z\u0142 ( Czas dostawy do 4 dni roboczych)\u00a0Kurier Pocztex &#8211; [\u2026]\" \/>\n<meta property=\"og:url\" content=\"https:\/\/monpari.pl\/index.php\/metody-dostawy\/\" \/>\n<meta property=\"og:site_name\" content=\"Monpari.pl\" \/>\n<meta property=\"article:modified_time\" content=\"2024-01-05T11:38:26+00:00\" \/>\n<meta name=\"twitter:card\" content=\"summary_large_image\" \/>\n<meta name=\"twitter:label1\" content=\"Szacowany czas czytania\" \/>\n\t<meta name=\"twitter:data1\" content=\"1 minuta\" \/>\n<script type=\"application\/ld+json\" class=\"yoast-schema-graph\">{\"@context\":\"https:\\\/\\\/schema.org\",\"@graph\":[{\"@type\":\"WebPage\",\"@id\":\"https:\\\/\\\/monpari.pl\\\/index.php\\\/metody-dostawy\\\/\",\"url\":\"https:\\\/\\\/monpari.pl\\\/index.php\\\/metody-dostawy\\\/\",\"name\":\"Metody Dostawy i Koszt Wysy\u0142ki - Monpari.pl\",\"isPartOf\":{\"@id\":\"https:\\\/\\\/monpari.pl\\\/#website\"},\"datePublished\":\"2023-02-16T22:24:50+00:00\",\"dateModified\":\"2024-01-05T11:38:26+00:00\",\"breadcrumb\":{\"@id\":\"https:\\\/\\\/monpari.pl\\\/index.php\\\/metody-dostawy\\\/#breadcrumb\"},\"inLanguage\":\"pl-PL\",\"potentialAction\":[{\"@type\":\"ReadAction\",\"target\":[\"https:\\\/\\\/monpari.pl\\\/index.php\\\/metody-dostawy\\\/\"]}]},{\"@type\":\"BreadcrumbList\",\"@id\":\"https:\\\/\\\/monpari.pl\\\/index.php\\\/metody-dostawy\\\/#breadcrumb\",\"itemListElement\":[{\"@type\":\"ListItem\",\"position\":1,\"name\":\"Strona g\u0142\u00f3wna\",\"item\":\"https:\\\/\\\/monpari.pl\\\/\"},{\"@type\":\"ListItem\",\"position\":2,\"name\":\"Metody Dostawy i Koszt Wysy\u0142ki\"}]},{\"@type\":\"WebSite\",\"@id\":\"https:\\\/\\\/monpari.pl\\\/#website\",\"url\":\"https:\\\/\\\/monpari.pl\\\/\",\"name\":\"monpari.pl\",\"description\":\"Klipsy, kolczyki, bi\u017cuteria dla dzieci, artyku\u0142y z postaciami popularnych bajek, prezenty\",\"publisher\":{\"@id\":\"https:\\\/\\\/monpari.pl\\\/#organization\"},\"potentialAction\":[{\"@type\":\"SearchAction\",\"target\":{\"@type\":\"EntryPoint\",\"urlTemplate\":\"https:\\\/\\\/monpari.pl\\\/?s={search_term_string}\"},\"query-input\":{\"@type\":\"PropertyValueSpecification\",\"valueRequired\":true,\"valueName\":\"search_term_string\"}}],\"inLanguage\":\"pl-PL\"},{\"@type\":\"Organization\",\"@id\":\"https:\\\/\\\/monpari.pl\\\/#organization\",\"name\":\"monpari.pl\",\"url\":\"https:\\\/\\\/monpari.pl\\\/\",\"logo\":{\"@type\":\"ImageObject\",\"inLanguage\":\"pl-PL\",\"@id\":\"https:\\\/\\\/monpari.pl\\\/#\\\/schema\\\/logo\\\/image\\\/\",\"url\":\"https:\\\/\\\/monpari.pl\\\/wp-content\\\/uploads\\\/2023\\\/09\\\/MONPARI.png\",\"contentUrl\":\"https:\\\/\\\/monpari.pl\\\/wp-content\\\/uploads\\\/2023\\\/09\\\/MONPARI.png\",\"width\":660,\"height\":378,\"caption\":\"monpari.pl\"},\"image\":{\"@id\":\"https:\\\/\\\/monpari.pl\\\/#\\\/schema\\\/logo\\\/image\\\/\"}}]}<\/script>\n<!-- \/ Yoast SEO plugin. -->","yoast_head_json":{"title":"Metody Dostawy i Koszt Wysy\u0142ki - Monpari.pl","robots":{"index":"index","follow":"follow","max-snippet":"max-snippet:-1","max-image-preview":"max-image-preview:large","max-video-preview":"max-video-preview:-1"},"canonical":"https:\/\/monpari.pl\/index.php\/metody-dostawy\/","og_locale":"pl_PL","og_type":"article","og_title":"Metody Dostawy i Koszt Wysy\u0142ki - Monpari.pl","og_description":"List polecony priorytet &#8211; 8,90 z\u0142 ( Czas dostawy 2 dni robocze)\u00a0List polecony ekonomiczny &#8211; 7,30 z\u0142 ( Czas dostawy do 4 dni roboczych)\u00a0Kurier Pocztex &#8211; [\u2026]","og_url":"https:\/\/monpari.pl\/index.php\/metody-dostawy\/","og_site_name":"Monpari.pl","article_modified_time":"2024-01-05T11:38:26+00:00","twitter_card":"summary_large_image","twitter_misc":{"Szacowany czas czytania":"1 minuta"},"schema":{"@context":"https:\/\/schema.org","@graph":[{"@type":"WebPage","@id":"https:\/\/monpari.pl\/index.php\/metody-dostawy\/","url":"https:\/\/monpari.pl\/index.php\/metody-dostawy\/","name":"Metody Dostawy i Koszt Wysy\u0142ki - Monpari.pl","isPartOf":{"@id":"https:\/\/monpari.pl\/#website"},"datePublished":"2023-02-16T22:24:50+00:00","dateModified":"2024-01-05T11:38:26+00:00","breadcrumb":{"@id":"https:\/\/monpari.pl\/index.php\/metody-dostawy\/#breadcrumb"},"inLanguage":"pl-PL","potentialAction":[{"@type":"ReadAction","target":["https:\/\/monpari.pl\/index.php\/metody-dostawy\/"]}]},{"@type":"BreadcrumbList","@id":"https:\/\/monpari.pl\/index.php\/metody-dostawy\/#breadcrumb","itemListElement":[{"@type":"ListItem","position":1,"name":"Strona g\u0142\u00f3wna","item":"https:\/\/monpari.pl\/"},{"@type":"ListItem","position":2,"name":"Metody Dostawy i Koszt Wysy\u0142ki"}]},{"@type":"WebSite","@id":"https:\/\/monpari.pl\/#website","url":"https:\/\/monpari.pl\/","name":"monpari.pl","description":"Klipsy, kolczyki, bi\u017cuteria dla dzieci, artyku\u0142y z postaciami popularnych bajek, prezenty","publisher":{"@id":"https:\/\/monpari.pl\/#organization"},"potentialAction":[{"@type":"SearchAction","target":{"@type":"EntryPoint","urlTemplate":"https:\/\/monpari.pl\/?s={search_term_string}"},"query-input":{"@type":"PropertyValueSpecification","valueRequired":true,"valueName":"search_term_string"}}],"inLanguage":"pl-PL"},{"@type":"Organization","@id":"https:\/\/monpari.pl\/#organization","name":"monpari.pl","url":"https:\/\/monpari.pl\/","logo":{"@type":"ImageObject","inLanguage":"pl-PL","@id":"https:\/\/monpari.pl\/#\/schema\/logo\/image\/","url":"https:\/\/monpari.pl\/wp-content\/uploads\/2023\/09\/MONPARI.png","contentUrl":"https:\/\/monpari.pl\/wp-content\/uploads\/2023\/09\/MONPARI.png","width":660,"height":378,"caption":"monpari.pl"},"image":{"@id":"https:\/\/monpari.pl\/#\/schema\/logo\/image\/"}}]}},"_links":{"self":[{"href":"https:\/\/monpari.pl\/index.php\/wp-json\/wp\/v2\/pages\/2","targetHints":{"allow":["GET"]}}],"collection":[{"href":"https:\/\/monpari.pl\/index.php\/wp-json\/wp\/v2\/pages"}],"about":[{"href":"https:\/\/monpari.pl\/index.php\/wp-json\/wp\/v2\/types\/page"}],"author":[{"embeddable":true,"href":"https:\/\/monpari.pl\/index.php\/wp-json\/wp\/v2\/users\/1"}],"replies":[{"embeddable":true,"href":"https:\/\/monpari.pl\/index.php\/wp-json\/wp\/v2\/comments?post=2"}],"version-history":[{"count":61,"href":"https:\/\/monpari.pl\/index.php\/wp-json\/wp\/v2\/pages\/2\/revisions"}],"predecessor-version":[{"id":3614,"href":"https:\/\/monpari.pl\/index.php\/wp-json\/wp\/v2\/pages\/2\/revisions\/3614"}],"wp:attachment":[{"href":"https:\/\/monpari.pl\/index.php\/wp-json\/wp\/v2\/media?parent=2"}],"curies":[{"name":"wp","href":"https:\/\/api.w.org\/{rel}","templated":true}]}}