{"id":2227,"date":"2023-03-23T13:35:23","date_gmt":"2023-03-23T13:35:23","guid":{"rendered":"https:\/\/monpari.pl\/?post_type=product&#038;p=2227"},"modified":"2024-01-05T22:39:24","modified_gmt":"2024-01-05T22:39:24","slug":"urocze-spinki-do-wlosow","status":"publish","type":"product","link":"https:\/\/monpari.pl\/index.php\/produkt\/urocze-spinki-do-wlosow\/","title":{"rendered":"KOLOROWE SPINECZKI DO W\u0141OS\u00d3W DLA DZIEWCZYNEK"},"content":{"rendered":"<h3><strong>KOLOROWE SPINECZKI DO W\u0141OS\u00d3W DLA DZIEWCZYNEK &#8211; WYJ\u0104TKOWE OZDOBY DO KA\u017bDEJ STYLIZACJI<\/strong><\/h3>\n<p><strong>D\u0142ugo\u015b\u0107:\u00a0<\/strong><\/p>\n<p>Urocze kolorowe spinki <span class=\"Y2IQFc\" lang=\"pl\">do w\u0142os\u00f3w dla dziewcz\u0105t s\u0105 wykonane z wysokiej jako\u015bci metalu, nietoksyczne, bezpieczny dla wszystkich, przyjazne dla \u015brodowiska, maj\u0105 g\u0142adk\u0105 powierzchni\u0119, nie s\u0105 \u0142atwe do rdzewienia i s\u0105 bardzo trwa\u0142e.<\/span><\/p>\n<p><strong>Po co u\u017cywa\u0107 spinek?<\/strong><\/p>\n<ul>\n<li>Dla podtrzymania w\u0142os\u00f3w (aby nie wchodzi\u0142y dziecku w oczy)<\/li>\n<li>Dla dekoracji<\/li>\n<li>\u017beby zamaskowa\u0107 ewentualne niedoci\u0105gni\u0119cia fryzury<\/li>\n<\/ul>\n<h4><strong>Zalety spinek:<\/strong><\/h4>\n<ul>\n<li>Posiadaj\u0105 g\u0142adk\u0105 powierzchni\u0119<\/li>\n<li>S\u0105 odpowiednie dla wi\u0119kszo\u015bci w\u0142os\u00f3w<\/li>\n<li>Wysoka jako\u015b\u0107 metalu<\/li>\n<li>Nietoksyczne<\/li>\n<li>Odpowiednie do wszystkich rodzaj\u00f3w ubra\u0144<\/li>\n<li>Antypo\u015blizgowe<\/li>\n<li>Nadaj\u0105 si\u0119 na r\u00f3\u017cne okazje : podr\u00f3\u017ce, imprezy<\/li>\n<li>Mo\u017cemy podarowa\u0107 komu\u015b na prezent<\/li>\n<li>Bardzo du\u017cy wyb\u00f3r wzor\u00f3w<\/li>\n<\/ul>\n<p class=\"tw-data-text tw-text-large tw-ta\" dir=\"ltr\" data-placeholder=\"T\u0142umaczenie\"><span class=\"Y2IQFc\" lang=\"pl\">Spraw, by Twoja ma\u0142a dziewczynka by\u0142a wyj\u0105tkowa ka\u017cdego dnia.<\/span><\/p>\n<pre id=\"tw-target-text\" class=\"tw-data-text tw-text-large tw-ta\" dir=\"ltr\" data-placeholder=\"T\u0142umaczenie\"><span class=\"Y2IQFc\" lang=\"pl\">\u00a0<\/span><\/pre>\n<pre id=\"tw-target-text\" class=\"tw-data-text tw-text-large tw-ta\" dir=\"ltr\" data-placeholder=\"T\u0142umaczenie\"><span class=\"Y2IQFc\" lang=\"pl\">\u00a0<\/span><\/pre>\n<pre id=\"tw-target-text\" class=\"tw-data-text tw-text-large tw-ta\" dir=\"ltr\" data-placeholder=\"T\u0142umaczenie\"><span class=\"Y2IQFc\" lang=\"pl\">\u00a0<\/span><\/pre>\n","protected":false},"excerpt":{"rendered":"<p>Urocze spinki <span class=\"Y2IQFc\" lang=\"pl\">do w\u0142os\u00f3w wykonane z wysokiej jako\u015bci metalu, nietoksyczne o g\u0142adkiej powierzchni.<\/span><\/p>\n","protected":false},"featured_media":3635,"comment_status":"closed","ping_status":"closed","template":"","meta":{"_seopress_robots_primary_cat":"none","_seopress_titles_title":"","_seopress_titles_desc":"","_seopress_robots_index":""},"product_brand":[],"product_cat":[15],"product_tag":[],"class_list":{"0":"post-2227","1":"product","2":"type-product","3":"status-publish","4":"has-post-thumbnail","6":"product_cat-bez-kategorii","8":"first","9":"instock","10":"taxable","11":"shipping-taxable","12":"purchasable","13":"product-type-simple"},"yoast_head":"<!-- This site is optimized with the Yoast SEO plugin v27.4 - https:\/\/yoast.com\/product\/yoast-seo-wordpress\/ -->\n<title>KOLOROWE SPINECZKI DO W\u0141OS\u00d3W DLA DZIEWCZYNEK - Monpari.pl<\/title>\n<meta name=\"robots\" content=\"index, follow, max-snippet:-1, max-image-preview:large, max-video-preview:-1\" \/>\n<link rel=\"canonical\" href=\"https:\/\/monpari.pl\/index.php\/produkt\/urocze-spinki-do-wlosow\/\" \/>\n<meta property=\"og:locale\" content=\"pl_PL\" \/>\n<meta property=\"og:type\" content=\"article\" \/>\n<meta property=\"og:title\" content=\"KOLOROWE SPINECZKI DO W\u0141OS\u00d3W DLA DZIEWCZYNEK - Monpari.pl\" \/>\n<meta property=\"og:description\" content=\"Urocze spinki do w\u0142os\u00f3w wykonane z wysokiej jako\u015bci metalu, nietoksyczne o g\u0142adkiej powierzchni.\" \/>\n<meta property=\"og:url\" content=\"https:\/\/monpari.pl\/index.php\/produkt\/urocze-spinki-do-wlosow\/\" \/>\n<meta property=\"og:site_name\" content=\"Monpari.pl\" \/>\n<meta property=\"article:modified_time\" content=\"2024-01-05T22:39:24+00:00\" \/>\n<meta property=\"og:image\" content=\"https:\/\/monpari.pl\/wp-content\/uploads\/2023\/03\/DOSTEPNE-WKROTCE.png\" \/>\n\t<meta property=\"og:image:width\" content=\"1200\" \/>\n\t<meta property=\"og:image:height\" content=\"1200\" \/>\n\t<meta property=\"og:image:type\" content=\"image\/png\" \/>\n<meta name=\"twitter:card\" content=\"summary_large_image\" \/>\n<meta name=\"twitter:label1\" content=\"Szacowany czas czytania\" \/>\n\t<meta name=\"twitter:data1\" content=\"1 minuta\" \/>\n<script type=\"application\/ld+json\" class=\"yoast-schema-graph\">{\"@context\":\"https:\\\/\\\/schema.org\",\"@graph\":[{\"@type\":\"WebPage\",\"@id\":\"https:\\\/\\\/monpari.pl\\\/index.php\\\/produkt\\\/urocze-spinki-do-wlosow\\\/\",\"url\":\"https:\\\/\\\/monpari.pl\\\/index.php\\\/produkt\\\/urocze-spinki-do-wlosow\\\/\",\"name\":\"KOLOROWE SPINECZKI DO W\u0141OS\u00d3W DLA DZIEWCZYNEK - Monpari.pl\",\"isPartOf\":{\"@id\":\"https:\\\/\\\/monpari.pl\\\/#website\"},\"primaryImageOfPage\":{\"@id\":\"https:\\\/\\\/monpari.pl\\\/index.php\\\/produkt\\\/urocze-spinki-do-wlosow\\\/#primaryimage\"},\"image\":{\"@id\":\"https:\\\/\\\/monpari.pl\\\/index.php\\\/produkt\\\/urocze-spinki-do-wlosow\\\/#primaryimage\"},\"thumbnailUrl\":\"https:\\\/\\\/monpari.pl\\\/wp-content\\\/uploads\\\/2023\\\/03\\\/spinki-do-wlosow.png\",\"datePublished\":\"2023-03-23T13:35:23+00:00\",\"dateModified\":\"2024-01-05T22:39:24+00:00\",\"breadcrumb\":{\"@id\":\"https:\\\/\\\/monpari.pl\\\/index.php\\\/produkt\\\/urocze-spinki-do-wlosow\\\/#breadcrumb\"},\"inLanguage\":\"pl-PL\",\"potentialAction\":[{\"@type\":\"ReadAction\",\"target\":[\"https:\\\/\\\/monpari.pl\\\/index.php\\\/produkt\\\/urocze-spinki-do-wlosow\\\/\"]}]},{\"@type\":\"ImageObject\",\"inLanguage\":\"pl-PL\",\"@id\":\"https:\\\/\\\/monpari.pl\\\/index.php\\\/produkt\\\/urocze-spinki-do-wlosow\\\/#primaryimage\",\"url\":\"https:\\\/\\\/monpari.pl\\\/wp-content\\\/uploads\\\/2023\\\/03\\\/spinki-do-wlosow.png\",\"contentUrl\":\"https:\\\/\\\/monpari.pl\\\/wp-content\\\/uploads\\\/2023\\\/03\\\/spinki-do-wlosow.png\",\"width\":1200,\"height\":1200,\"caption\":\"KOLOROWE SPINECZKI DO W\u0141OS\u00d3W DLA DZIEWCZYNEK\"},{\"@type\":\"BreadcrumbList\",\"@id\":\"https:\\\/\\\/monpari.pl\\\/index.php\\\/produkt\\\/urocze-spinki-do-wlosow\\\/#breadcrumb\",\"itemListElement\":[{\"@type\":\"ListItem\",\"position\":1,\"name\":\"Strona g\u0142\u00f3wna\",\"item\":\"https:\\\/\\\/monpari.pl\\\/\"},{\"@type\":\"ListItem\",\"position\":2,\"name\":\"Sklep\",\"item\":\"https:\\\/\\\/monpari.pl\\\/index.php\\\/sklep\\\/\"},{\"@type\":\"ListItem\",\"position\":3,\"name\":\"KOLOROWE SPINECZKI DO W\u0141OS\u00d3W DLA DZIEWCZYNEK\"}]},{\"@type\":\"WebSite\",\"@id\":\"https:\\\/\\\/monpari.pl\\\/#website\",\"url\":\"https:\\\/\\\/monpari.pl\\\/\",\"name\":\"monpari.pl\",\"description\":\"Klipsy, kolczyki, bi\u017cuteria dla dzieci, artyku\u0142y z postaciami popularnych bajek, prezenty\",\"publisher\":{\"@id\":\"https:\\\/\\\/monpari.pl\\\/#organization\"},\"potentialAction\":[{\"@type\":\"SearchAction\",\"target\":{\"@type\":\"EntryPoint\",\"urlTemplate\":\"https:\\\/\\\/monpari.pl\\\/?s={search_term_string}\"},\"query-input\":{\"@type\":\"PropertyValueSpecification\",\"valueRequired\":true,\"valueName\":\"search_term_string\"}}],\"inLanguage\":\"pl-PL\"},{\"@type\":\"Organization\",\"@id\":\"https:\\\/\\\/monpari.pl\\\/#organization\",\"name\":\"monpari.pl\",\"url\":\"https:\\\/\\\/monpari.pl\\\/\",\"logo\":{\"@type\":\"ImageObject\",\"inLanguage\":\"pl-PL\",\"@id\":\"https:\\\/\\\/monpari.pl\\\/#\\\/schema\\\/logo\\\/image\\\/\",\"url\":\"https:\\\/\\\/monpari.pl\\\/wp-content\\\/uploads\\\/2023\\\/09\\\/MONPARI.png\",\"contentUrl\":\"https:\\\/\\\/monpari.pl\\\/wp-content\\\/uploads\\\/2023\\\/09\\\/MONPARI.png\",\"width\":660,\"height\":378,\"caption\":\"monpari.pl\"},\"image\":{\"@id\":\"https:\\\/\\\/monpari.pl\\\/#\\\/schema\\\/logo\\\/image\\\/\"}}]}<\/script>\n<!-- \/ Yoast SEO plugin. -->","yoast_head_json":{"title":"KOLOROWE SPINECZKI DO W\u0141OS\u00d3W DLA DZIEWCZYNEK - Monpari.pl","robots":{"index":"index","follow":"follow","max-snippet":"max-snippet:-1","max-image-preview":"max-image-preview:large","max-video-preview":"max-video-preview:-1"},"canonical":"https:\/\/monpari.pl\/index.php\/produkt\/urocze-spinki-do-wlosow\/","og_locale":"pl_PL","og_type":"article","og_title":"KOLOROWE SPINECZKI DO W\u0141OS\u00d3W DLA DZIEWCZYNEK - Monpari.pl","og_description":"Urocze spinki do w\u0142os\u00f3w wykonane z wysokiej jako\u015bci metalu, nietoksyczne o g\u0142adkiej powierzchni.","og_url":"https:\/\/monpari.pl\/index.php\/produkt\/urocze-spinki-do-wlosow\/","og_site_name":"Monpari.pl","article_modified_time":"2024-01-05T22:39:24+00:00","og_image":[{"width":1200,"height":1200,"url":"https:\/\/monpari.pl\/wp-content\/uploads\/2023\/03\/DOSTEPNE-WKROTCE.png","type":"image\/png"}],"twitter_card":"summary_large_image","twitter_misc":{"Szacowany czas czytania":"1 minuta"},"schema":{"@context":"https:\/\/schema.org","@graph":[{"@type":"WebPage","@id":"https:\/\/monpari.pl\/index.php\/produkt\/urocze-spinki-do-wlosow\/","url":"https:\/\/monpari.pl\/index.php\/produkt\/urocze-spinki-do-wlosow\/","name":"KOLOROWE SPINECZKI DO W\u0141OS\u00d3W DLA DZIEWCZYNEK - Monpari.pl","isPartOf":{"@id":"https:\/\/monpari.pl\/#website"},"primaryImageOfPage":{"@id":"https:\/\/monpari.pl\/index.php\/produkt\/urocze-spinki-do-wlosow\/#primaryimage"},"image":{"@id":"https:\/\/monpari.pl\/index.php\/produkt\/urocze-spinki-do-wlosow\/#primaryimage"},"thumbnailUrl":"https:\/\/monpari.pl\/wp-content\/uploads\/2023\/03\/spinki-do-wlosow.png","datePublished":"2023-03-23T13:35:23+00:00","dateModified":"2024-01-05T22:39:24+00:00","breadcrumb":{"@id":"https:\/\/monpari.pl\/index.php\/produkt\/urocze-spinki-do-wlosow\/#breadcrumb"},"inLanguage":"pl-PL","potentialAction":[{"@type":"ReadAction","target":["https:\/\/monpari.pl\/index.php\/produkt\/urocze-spinki-do-wlosow\/"]}]},{"@type":"ImageObject","inLanguage":"pl-PL","@id":"https:\/\/monpari.pl\/index.php\/produkt\/urocze-spinki-do-wlosow\/#primaryimage","url":"https:\/\/monpari.pl\/wp-content\/uploads\/2023\/03\/spinki-do-wlosow.png","contentUrl":"https:\/\/monpari.pl\/wp-content\/uploads\/2023\/03\/spinki-do-wlosow.png","width":1200,"height":1200,"caption":"KOLOROWE SPINECZKI DO W\u0141OS\u00d3W DLA DZIEWCZYNEK"},{"@type":"BreadcrumbList","@id":"https:\/\/monpari.pl\/index.php\/produkt\/urocze-spinki-do-wlosow\/#breadcrumb","itemListElement":[{"@type":"ListItem","position":1,"name":"Strona g\u0142\u00f3wna","item":"https:\/\/monpari.pl\/"},{"@type":"ListItem","position":2,"name":"Sklep","item":"https:\/\/monpari.pl\/index.php\/sklep\/"},{"@type":"ListItem","position":3,"name":"KOLOROWE SPINECZKI DO W\u0141OS\u00d3W DLA DZIEWCZYNEK"}]},{"@type":"WebSite","@id":"https:\/\/monpari.pl\/#website","url":"https:\/\/monpari.pl\/","name":"monpari.pl","description":"Klipsy, kolczyki, bi\u017cuteria dla dzieci, artyku\u0142y z postaciami popularnych bajek, prezenty","publisher":{"@id":"https:\/\/monpari.pl\/#organization"},"potentialAction":[{"@type":"SearchAction","target":{"@type":"EntryPoint","urlTemplate":"https:\/\/monpari.pl\/?s={search_term_string}"},"query-input":{"@type":"PropertyValueSpecification","valueRequired":true,"valueName":"search_term_string"}}],"inLanguage":"pl-PL"},{"@type":"Organization","@id":"https:\/\/monpari.pl\/#organization","name":"monpari.pl","url":"https:\/\/monpari.pl\/","logo":{"@type":"ImageObject","inLanguage":"pl-PL","@id":"https:\/\/monpari.pl\/#\/schema\/logo\/image\/","url":"https:\/\/monpari.pl\/wp-content\/uploads\/2023\/09\/MONPARI.png","contentUrl":"https:\/\/monpari.pl\/wp-content\/uploads\/2023\/09\/MONPARI.png","width":660,"height":378,"caption":"monpari.pl"},"image":{"@id":"https:\/\/monpari.pl\/#\/schema\/logo\/image\/"}}]}},"_links":{"self":[{"href":"https:\/\/monpari.pl\/index.php\/wp-json\/wp\/v2\/product\/2227","targetHints":{"allow":["GET"]}}],"collection":[{"href":"https:\/\/monpari.pl\/index.php\/wp-json\/wp\/v2\/product"}],"about":[{"href":"https:\/\/monpari.pl\/index.php\/wp-json\/wp\/v2\/types\/product"}],"replies":[{"embeddable":true,"href":"https:\/\/monpari.pl\/index.php\/wp-json\/wp\/v2\/comments?post=2227"}],"version-history":[{"count":4,"href":"https:\/\/monpari.pl\/index.php\/wp-json\/wp\/v2\/product\/2227\/revisions"}],"predecessor-version":[{"id":3636,"href":"https:\/\/monpari.pl\/index.php\/wp-json\/wp\/v2\/product\/2227\/revisions\/3636"}],"wp:featuredmedia":[{"embeddable":true,"href":"https:\/\/monpari.pl\/index.php\/wp-json\/wp\/v2\/media\/3635"}],"wp:attachment":[{"href":"https:\/\/monpari.pl\/index.php\/wp-json\/wp\/v2\/media?parent=2227"}],"wp:term":[{"taxonomy":"product_brand","embeddable":true,"href":"https:\/\/monpari.pl\/index.php\/wp-json\/wp\/v2\/product_brand?post=2227"},{"taxonomy":"product_cat","embeddable":true,"href":"https:\/\/monpari.pl\/index.php\/wp-json\/wp\/v2\/product_cat?post=2227"},{"taxonomy":"product_tag","embeddable":true,"href":"https:\/\/monpari.pl\/index.php\/wp-json\/wp\/v2\/product_tag?post=2227"}],"curies":[{"name":"wp","href":"https:\/\/api.w.org\/{rel}","templated":true}]}}