{"id":2419,"date":"2023-04-24T18:55:17","date_gmt":"2023-04-24T18:55:17","guid":{"rendered":"https:\/\/monpari.pl\/?post_type=product&#038;p=2419"},"modified":"2026-01-15T11:21:34","modified_gmt":"2026-01-15T11:21:34","slug":"kolczyki-naklejki-3d-zestaw-250-sztuk-lody","status":"publish","type":"product","link":"https:\/\/monpari.pl\/index.php\/produkt\/kolczyki-naklejki-3d-zestaw-250-sztuk-lody\/","title":{"rendered":"KOLCZYKI NAKLEJKI 3D ZESTAW 172 SZTUKI LODY"},"content":{"rendered":"<h3><strong>KOLCZYKI NAKLEJKI 3D LODY &#8211; Dodaj blasku i kreatywno\u015bci do ka\u017cdej okazji<\/strong><\/h3>\n<p><strong>Zestaw<\/strong>: 172 sztuki<\/p>\n<p><strong>Wiek<\/strong>: 3+<\/p>\n<p>S\u0142odkie i urocze naklejki na uszy. Mog\u0105 s\u0142u\u017cy\u0107 r\u00f3wnie\u017c jako naklejki do ozdoby.<\/p>\n<p><strong>Dzi\u0119ki tym s\u0142odkim naklejkom Twoje dziecko otrzyma:<\/strong><\/p>\n<ul>\n<li>Wiele rado\u015bci z mo\u017cliwo\u015bci wybierania wielu r\u00f3\u017cnych wzor\u00f3w i naklejania na uszy<\/li>\n<li>Rado\u015b\u0107 z wygody noszenia<\/li>\n<li>Mo\u017cliwo\u015b\u0107 dekorowania zeszyt\u00f3w, pude\u0142ka \u015bniadani\u00f3wki, pi\u00f3rnika, zeszyt\u00f3w.<\/li>\n<\/ul>\n<p>Po prostu pozw\u00f3l dzia\u0142a\u0107 wyobra\u017ani Twojego dziecka&#8230;<\/p>\n<p><strong>Te naklejki mog\u0105 s\u0142u\u017cy\u0107 r\u00f3wnie\u017c jako:<\/strong><\/p>\n<ul>\n<li>Naklejki na paznokcie, rami\u0119<\/li>\n<li>Ozdoba do pakowania prezent\u00f3w<\/li>\n<li>Dekoracje weselne<\/li>\n<\/ul>\n<p>Wsz\u0119dzie tam gdzie chcesz doda\u0107 blasku&#8230;<\/p>\n<p>&nbsp;<\/p>\n","protected":false},"excerpt":{"rendered":"<p>S\u0142odkie i urocze naklejki na uszy. Mog\u0105 s\u0142u\u017cy\u0107 r\u00f3wnie\u017c jako naklejki do ozdoby.<\/p>\n","protected":false},"featured_media":2818,"comment_status":"open","ping_status":"closed","template":"","meta":{"_seopress_robots_primary_cat":"none","_seopress_titles_title":"","_seopress_titles_desc":"","_seopress_robots_index":""},"product_brand":[],"product_cat":[459,458,461,457],"product_tag":[],"class_list":{"0":"post-2419","1":"product","2":"type-product","3":"status-publish","4":"has-post-thumbnail","6":"product_cat-bizuteria-dziecieca","7":"product_cat-dla-dzieci","8":"product_cat-kolczyki-samoprzylepne","9":"product_cat-naklejki","11":"first","12":"instock","13":"taxable","14":"shipping-taxable","15":"purchasable","16":"product-type-simple"},"yoast_head":"<!-- This site is optimized with the Yoast SEO plugin v27.4 - https:\/\/yoast.com\/product\/yoast-seo-wordpress\/ -->\n<title>KOLCZYKI NAKLEJKI 3D ZESTAW 172 SZTUKI LODY - Monpari.pl<\/title>\n<meta name=\"robots\" content=\"index, follow, max-snippet:-1, max-image-preview:large, max-video-preview:-1\" \/>\n<link rel=\"canonical\" href=\"https:\/\/monpari.pl\/index.php\/produkt\/kolczyki-naklejki-3d-zestaw-250-sztuk-lody\/\" \/>\n<meta property=\"og:locale\" content=\"pl_PL\" \/>\n<meta property=\"og:type\" content=\"article\" \/>\n<meta property=\"og:title\" content=\"KOLCZYKI NAKLEJKI 3D ZESTAW 172 SZTUKI LODY - Monpari.pl\" \/>\n<meta property=\"og:description\" content=\"S\u0142odkie i urocze naklejki na uszy. Mog\u0105 s\u0142u\u017cy\u0107 r\u00f3wnie\u017c jako naklejki do ozdoby.\" \/>\n<meta property=\"og:url\" content=\"https:\/\/monpari.pl\/index.php\/produkt\/kolczyki-naklejki-3d-zestaw-250-sztuk-lody\/\" \/>\n<meta property=\"og:site_name\" content=\"Monpari.pl\" \/>\n<meta property=\"article:modified_time\" content=\"2026-01-15T11:21:34+00:00\" \/>\n<meta property=\"og:image\" content=\"https:\/\/monpari.pl\/wp-content\/uploads\/2023\/04\/naklejki-na-uszy-klipsy.webp\" \/>\n\t<meta property=\"og:image:width\" content=\"1200\" \/>\n\t<meta property=\"og:image:height\" content=\"1200\" \/>\n\t<meta property=\"og:image:type\" content=\"image\/webp\" \/>\n<meta name=\"twitter:card\" content=\"summary_large_image\" \/>\n<meta name=\"twitter:label1\" content=\"Szacowany czas czytania\" \/>\n\t<meta name=\"twitter:data1\" content=\"1 minuta\" \/>\n<script type=\"application\/ld+json\" class=\"yoast-schema-graph\">{\"@context\":\"https:\\\/\\\/schema.org\",\"@graph\":[{\"@type\":\"WebPage\",\"@id\":\"https:\\\/\\\/monpari.pl\\\/index.php\\\/produkt\\\/kolczyki-naklejki-3d-zestaw-250-sztuk-lody\\\/\",\"url\":\"https:\\\/\\\/monpari.pl\\\/index.php\\\/produkt\\\/kolczyki-naklejki-3d-zestaw-250-sztuk-lody\\\/\",\"name\":\"KOLCZYKI NAKLEJKI 3D ZESTAW 172 SZTUKI LODY - Monpari.pl\",\"isPartOf\":{\"@id\":\"https:\\\/\\\/monpari.pl\\\/#website\"},\"primaryImageOfPage\":{\"@id\":\"https:\\\/\\\/monpari.pl\\\/index.php\\\/produkt\\\/kolczyki-naklejki-3d-zestaw-250-sztuk-lody\\\/#primaryimage\"},\"image\":{\"@id\":\"https:\\\/\\\/monpari.pl\\\/index.php\\\/produkt\\\/kolczyki-naklejki-3d-zestaw-250-sztuk-lody\\\/#primaryimage\"},\"thumbnailUrl\":\"https:\\\/\\\/monpari.pl\\\/wp-content\\\/uploads\\\/2023\\\/04\\\/naklejki-na-uszy-klipsy.webp\",\"datePublished\":\"2023-04-24T18:55:17+00:00\",\"dateModified\":\"2026-01-15T11:21:34+00:00\",\"breadcrumb\":{\"@id\":\"https:\\\/\\\/monpari.pl\\\/index.php\\\/produkt\\\/kolczyki-naklejki-3d-zestaw-250-sztuk-lody\\\/#breadcrumb\"},\"inLanguage\":\"pl-PL\",\"potentialAction\":[{\"@type\":\"ReadAction\",\"target\":[\"https:\\\/\\\/monpari.pl\\\/index.php\\\/produkt\\\/kolczyki-naklejki-3d-zestaw-250-sztuk-lody\\\/\"]}]},{\"@type\":\"ImageObject\",\"inLanguage\":\"pl-PL\",\"@id\":\"https:\\\/\\\/monpari.pl\\\/index.php\\\/produkt\\\/kolczyki-naklejki-3d-zestaw-250-sztuk-lody\\\/#primaryimage\",\"url\":\"https:\\\/\\\/monpari.pl\\\/wp-content\\\/uploads\\\/2023\\\/04\\\/naklejki-na-uszy-klipsy.webp\",\"contentUrl\":\"https:\\\/\\\/monpari.pl\\\/wp-content\\\/uploads\\\/2023\\\/04\\\/naklejki-na-uszy-klipsy.webp\",\"width\":1200,\"height\":1200,\"caption\":\"KOLCZYKI NAKLEJKI 3D ZESTAW 172 SZTUKI\"},{\"@type\":\"BreadcrumbList\",\"@id\":\"https:\\\/\\\/monpari.pl\\\/index.php\\\/produkt\\\/kolczyki-naklejki-3d-zestaw-250-sztuk-lody\\\/#breadcrumb\",\"itemListElement\":[{\"@type\":\"ListItem\",\"position\":1,\"name\":\"Strona g\u0142\u00f3wna\",\"item\":\"https:\\\/\\\/monpari.pl\\\/\"},{\"@type\":\"ListItem\",\"position\":2,\"name\":\"Sklep\",\"item\":\"https:\\\/\\\/monpari.pl\\\/index.php\\\/sklep\\\/\"},{\"@type\":\"ListItem\",\"position\":3,\"name\":\"KOLCZYKI NAKLEJKI 3D ZESTAW 172 SZTUKI LODY\"}]},{\"@type\":\"WebSite\",\"@id\":\"https:\\\/\\\/monpari.pl\\\/#website\",\"url\":\"https:\\\/\\\/monpari.pl\\\/\",\"name\":\"monpari.pl\",\"description\":\"Klipsy, kolczyki, bi\u017cuteria dla dzieci, artyku\u0142y z postaciami popularnych bajek, prezenty\",\"publisher\":{\"@id\":\"https:\\\/\\\/monpari.pl\\\/#organization\"},\"potentialAction\":[{\"@type\":\"SearchAction\",\"target\":{\"@type\":\"EntryPoint\",\"urlTemplate\":\"https:\\\/\\\/monpari.pl\\\/?s={search_term_string}\"},\"query-input\":{\"@type\":\"PropertyValueSpecification\",\"valueRequired\":true,\"valueName\":\"search_term_string\"}}],\"inLanguage\":\"pl-PL\"},{\"@type\":\"Organization\",\"@id\":\"https:\\\/\\\/monpari.pl\\\/#organization\",\"name\":\"monpari.pl\",\"url\":\"https:\\\/\\\/monpari.pl\\\/\",\"logo\":{\"@type\":\"ImageObject\",\"inLanguage\":\"pl-PL\",\"@id\":\"https:\\\/\\\/monpari.pl\\\/#\\\/schema\\\/logo\\\/image\\\/\",\"url\":\"https:\\\/\\\/monpari.pl\\\/wp-content\\\/uploads\\\/2023\\\/09\\\/MONPARI.png\",\"contentUrl\":\"https:\\\/\\\/monpari.pl\\\/wp-content\\\/uploads\\\/2023\\\/09\\\/MONPARI.png\",\"width\":660,\"height\":378,\"caption\":\"monpari.pl\"},\"image\":{\"@id\":\"https:\\\/\\\/monpari.pl\\\/#\\\/schema\\\/logo\\\/image\\\/\"}}]}<\/script>\n<!-- \/ Yoast SEO plugin. -->","yoast_head_json":{"title":"KOLCZYKI NAKLEJKI 3D ZESTAW 172 SZTUKI LODY - Monpari.pl","robots":{"index":"index","follow":"follow","max-snippet":"max-snippet:-1","max-image-preview":"max-image-preview:large","max-video-preview":"max-video-preview:-1"},"canonical":"https:\/\/monpari.pl\/index.php\/produkt\/kolczyki-naklejki-3d-zestaw-250-sztuk-lody\/","og_locale":"pl_PL","og_type":"article","og_title":"KOLCZYKI NAKLEJKI 3D ZESTAW 172 SZTUKI LODY - Monpari.pl","og_description":"S\u0142odkie i urocze naklejki na uszy. Mog\u0105 s\u0142u\u017cy\u0107 r\u00f3wnie\u017c jako naklejki do ozdoby.","og_url":"https:\/\/monpari.pl\/index.php\/produkt\/kolczyki-naklejki-3d-zestaw-250-sztuk-lody\/","og_site_name":"Monpari.pl","article_modified_time":"2026-01-15T11:21:34+00:00","og_image":[{"width":1200,"height":1200,"url":"https:\/\/monpari.pl\/wp-content\/uploads\/2023\/04\/naklejki-na-uszy-klipsy.webp","type":"image\/webp"}],"twitter_card":"summary_large_image","twitter_misc":{"Szacowany czas czytania":"1 minuta"},"schema":{"@context":"https:\/\/schema.org","@graph":[{"@type":"WebPage","@id":"https:\/\/monpari.pl\/index.php\/produkt\/kolczyki-naklejki-3d-zestaw-250-sztuk-lody\/","url":"https:\/\/monpari.pl\/index.php\/produkt\/kolczyki-naklejki-3d-zestaw-250-sztuk-lody\/","name":"KOLCZYKI NAKLEJKI 3D ZESTAW 172 SZTUKI LODY - Monpari.pl","isPartOf":{"@id":"https:\/\/monpari.pl\/#website"},"primaryImageOfPage":{"@id":"https:\/\/monpari.pl\/index.php\/produkt\/kolczyki-naklejki-3d-zestaw-250-sztuk-lody\/#primaryimage"},"image":{"@id":"https:\/\/monpari.pl\/index.php\/produkt\/kolczyki-naklejki-3d-zestaw-250-sztuk-lody\/#primaryimage"},"thumbnailUrl":"https:\/\/monpari.pl\/wp-content\/uploads\/2023\/04\/naklejki-na-uszy-klipsy.webp","datePublished":"2023-04-24T18:55:17+00:00","dateModified":"2026-01-15T11:21:34+00:00","breadcrumb":{"@id":"https:\/\/monpari.pl\/index.php\/produkt\/kolczyki-naklejki-3d-zestaw-250-sztuk-lody\/#breadcrumb"},"inLanguage":"pl-PL","potentialAction":[{"@type":"ReadAction","target":["https:\/\/monpari.pl\/index.php\/produkt\/kolczyki-naklejki-3d-zestaw-250-sztuk-lody\/"]}]},{"@type":"ImageObject","inLanguage":"pl-PL","@id":"https:\/\/monpari.pl\/index.php\/produkt\/kolczyki-naklejki-3d-zestaw-250-sztuk-lody\/#primaryimage","url":"https:\/\/monpari.pl\/wp-content\/uploads\/2023\/04\/naklejki-na-uszy-klipsy.webp","contentUrl":"https:\/\/monpari.pl\/wp-content\/uploads\/2023\/04\/naklejki-na-uszy-klipsy.webp","width":1200,"height":1200,"caption":"KOLCZYKI NAKLEJKI 3D ZESTAW 172 SZTUKI"},{"@type":"BreadcrumbList","@id":"https:\/\/monpari.pl\/index.php\/produkt\/kolczyki-naklejki-3d-zestaw-250-sztuk-lody\/#breadcrumb","itemListElement":[{"@type":"ListItem","position":1,"name":"Strona g\u0142\u00f3wna","item":"https:\/\/monpari.pl\/"},{"@type":"ListItem","position":2,"name":"Sklep","item":"https:\/\/monpari.pl\/index.php\/sklep\/"},{"@type":"ListItem","position":3,"name":"KOLCZYKI NAKLEJKI 3D ZESTAW 172 SZTUKI LODY"}]},{"@type":"WebSite","@id":"https:\/\/monpari.pl\/#website","url":"https:\/\/monpari.pl\/","name":"monpari.pl","description":"Klipsy, kolczyki, bi\u017cuteria dla dzieci, artyku\u0142y z postaciami popularnych bajek, prezenty","publisher":{"@id":"https:\/\/monpari.pl\/#organization"},"potentialAction":[{"@type":"SearchAction","target":{"@type":"EntryPoint","urlTemplate":"https:\/\/monpari.pl\/?s={search_term_string}"},"query-input":{"@type":"PropertyValueSpecification","valueRequired":true,"valueName":"search_term_string"}}],"inLanguage":"pl-PL"},{"@type":"Organization","@id":"https:\/\/monpari.pl\/#organization","name":"monpari.pl","url":"https:\/\/monpari.pl\/","logo":{"@type":"ImageObject","inLanguage":"pl-PL","@id":"https:\/\/monpari.pl\/#\/schema\/logo\/image\/","url":"https:\/\/monpari.pl\/wp-content\/uploads\/2023\/09\/MONPARI.png","contentUrl":"https:\/\/monpari.pl\/wp-content\/uploads\/2023\/09\/MONPARI.png","width":660,"height":378,"caption":"monpari.pl"},"image":{"@id":"https:\/\/monpari.pl\/#\/schema\/logo\/image\/"}}]}},"_links":{"self":[{"href":"https:\/\/monpari.pl\/index.php\/wp-json\/wp\/v2\/product\/2419","targetHints":{"allow":["GET"]}}],"collection":[{"href":"https:\/\/monpari.pl\/index.php\/wp-json\/wp\/v2\/product"}],"about":[{"href":"https:\/\/monpari.pl\/index.php\/wp-json\/wp\/v2\/types\/product"}],"replies":[{"embeddable":true,"href":"https:\/\/monpari.pl\/index.php\/wp-json\/wp\/v2\/comments?post=2419"}],"version-history":[{"count":5,"href":"https:\/\/monpari.pl\/index.php\/wp-json\/wp\/v2\/product\/2419\/revisions"}],"predecessor-version":[{"id":3626,"href":"https:\/\/monpari.pl\/index.php\/wp-json\/wp\/v2\/product\/2419\/revisions\/3626"}],"wp:featuredmedia":[{"embeddable":true,"href":"https:\/\/monpari.pl\/index.php\/wp-json\/wp\/v2\/media\/2818"}],"wp:attachment":[{"href":"https:\/\/monpari.pl\/index.php\/wp-json\/wp\/v2\/media?parent=2419"}],"wp:term":[{"taxonomy":"product_brand","embeddable":true,"href":"https:\/\/monpari.pl\/index.php\/wp-json\/wp\/v2\/product_brand?post=2419"},{"taxonomy":"product_cat","embeddable":true,"href":"https:\/\/monpari.pl\/index.php\/wp-json\/wp\/v2\/product_cat?post=2419"},{"taxonomy":"product_tag","embeddable":true,"href":"https:\/\/monpari.pl\/index.php\/wp-json\/wp\/v2\/product_tag?post=2419"}],"curies":[{"name":"wp","href":"https:\/\/api.w.org\/{rel}","templated":true}]}}