{"id":4076,"date":"2024-12-20T18:59:00","date_gmt":"2024-12-20T18:59:00","guid":{"rendered":"https:\/\/monpari.pl\/?post_type=product&#038;p=4076"},"modified":"2026-01-15T11:18:11","modified_gmt":"2026-01-15T11:18:11","slug":"naklejki-samoprzylepne-3d-na-paznokcie-bajka-kreskowka-lilo-stitch-5","status":"publish","type":"product","link":"https:\/\/monpari.pl\/index.php\/produkt\/naklejki-samoprzylepne-3d-na-paznokcie-bajka-kreskowka-lilo-stitch-5\/","title":{"rendered":"Naklejki Samoprzylepne 3D Na Paznokcie Bajka Kresk\u00f3wka LILO &#038; STITCH"},"content":{"rendered":"<h3>\u2728Naklejki Samoprzylepne Na Paznokcie Bajka Kresk\u00f3wka STITCH\u00a0 \u2728<\/h3>\n<p>\u2714\ufe0fJe\u015bli szukasz idealnej ozdoby aby szybko i bez problemu o\u017cywi\u0107 klasyczn\u0105 stylizacj\u0119 pomalowan\u0105 jednym kolorem &#8211; dobrze trafi\u0142a\u015b!<\/p>\n<p>\u27a1\ufe0fPrecyzyjne zdobienia i najmodniejsze wzory w zasi\u0119gu Twojej r\u0119ki, nawet wtedy kiedy nie masz wprawionej r\u0119ki to wymy\u015blnych malunk\u00f3w!<\/p>\n<p>\u27a1\ufe0fDzi\u0119ki samoprzylepnym naklejkom w kilka chwil stworzysz zaskakuj\u0105cy manicure przyci\u0105gaj\u0105cy wzrok drobnymi elementami dopracowanymi do perfekcji.<\/p>\n<h3>\u2728Zalety Naklejek\u2728<\/h3>\n<p><b>\u2705<\/b>Wysokiej jako\u015bci naklejki samoprzylepne do zdobienia paznokci<\/p>\n<p><b>\u2705<\/b>Naklejki s\u0105 solidne, wytrzyma\u0142e i odporne na rozrywanie<\/p>\n<p><b>\u2705<\/b>Niezwykle elastyczne, idealnie dopasuj\u0105 si\u0119 do kszta\u0142tu paznokcia<\/p>\n<p><b>\u2705<\/b>Supermocny klej przylega idealnie i nie odkleja si\u0119 podczas noszenia &#8211; wystarczy, \u017ce przykleisz naklejk\u0119 na paznokie\u0107, zabezpieczysz topem i gotowe.<\/p>\n<p><b>\u2705<\/b>Materia\u0142: PVC<\/p>\n<p><b>\u2705<\/b>Styl: Stitch<\/p>\n<h3>\u2728Dla kogo?\u2728<\/h3>\n<ul>\n<li>Dla fan\u00f3w bajki <strong>&#8222;Lilo i Stitch&#8221;<\/strong>, kt\u00f3rzy chc\u0105 wyrazi\u0107 swoj\u0105 osobowo\u015b\u0107 poprzez manicure.<\/li>\n<li>Idealne dla dzieci <strong>(3+),<\/strong> m\u0142odzie\u017cy oraz doros\u0142ych, kt\u00f3rzy ceni\u0105 urocze i nietuzinkowe wzory.<\/li>\n<li>\u015awietny pomys\u0142 na prezent!<\/li>\n<\/ul>\n<p>Dodaj magii swoim paznokciom z naszymi naklejkami <strong>STITCH<\/strong> \u2013 prosty spos\u00f3b na wyj\u0105tkowy i zabawny look! \ud83c\udf1f<\/p>\n<h3>\u2728Naklejki mo\u017cna stosowa\u0107 na ka\u017cdej stylizacji\u2728<\/h3>\n<ul>\n<li>klasycznej<\/li>\n<li>hybrydowej<\/li>\n<li>\u017celowej<\/li>\n<li>akrylo\u017celowej<\/li>\n<li>akrylowej<\/li>\n<\/ul>\n<h3>\u2728Spos\u00f3b u\u017cycia\u2728<\/h3>\n<ol>\n<li>\u00a0Przy pomocy drewnianego patyczka lub p\u0119sety odklej naklejk\u0119 z arkusza.<\/li>\n<li>Nanie\u015b naklejk\u0119 na wcze\u015bniej przygotowan\u0105 stylizacj\u0119. Pami\u0119taj, aby powierzchnia by\u0142a sucha w przypadku lakieru tradycyjnego lub przetarta cleanerem w przypadku stylizacji hybrydowej.<\/li>\n<li>Przyklejon\u0105 naklejk\u0119 pokryj topem klasycznym lub hybrydowym.<\/li>\n<\/ol>\n<p>&nbsp;<\/p>\n<p>&nbsp;<\/p>\n","protected":false},"excerpt":{"rendered":"<h6>\u2728Urocze i kolorowe wzory inspirowane postaci\u0105 Stitcha, kt\u00f3re dodadz\u0105 Twoim paznokciom wyj\u0105tkowego charakteru\u2728<\/h6>\n<h6><\/h6>\n","protected":false},"featured_media":4066,"comment_status":"open","ping_status":"closed","template":"","meta":{"_seopress_robots_primary_cat":"none","_seopress_titles_title":"Naklejki Samoprzylepne 3D Na Paznokcie LILO & STITCH","_seopress_titles_desc":"Urocze i kolorowe wzory inspirowane postaci\u0105 Stitcha, kt\u00f3re dodadz\u0105 Twoim paznokciom wyj\u0105tkowego charakteru","_seopress_robots_index":""},"product_brand":[],"product_cat":[157,457],"product_tag":[],"class_list":{"0":"post-4076","1":"product","2":"type-product","3":"status-publish","4":"has-post-thumbnail","6":"product_cat-na-paznokcie","7":"product_cat-naklejki","9":"first","10":"instock","11":"taxable","12":"shipping-taxable","13":"purchasable","14":"product-type-simple"},"yoast_head":"<!-- This site is optimized with the Yoast SEO plugin v27.4 - https:\/\/yoast.com\/product\/yoast-seo-wordpress\/ -->\n<title>Naklejki Samoprzylepne 3D Na Paznokcie Bajka Kresk\u00f3wka LILO &amp; STITCH - Monpari.pl<\/title>\n<meta name=\"robots\" content=\"index, follow, max-snippet:-1, max-image-preview:large, max-video-preview:-1\" \/>\n<link rel=\"canonical\" href=\"https:\/\/monpari.pl\/index.php\/produkt\/naklejki-samoprzylepne-3d-na-paznokcie-bajka-kreskowka-lilo-stitch-5\/\" \/>\n<meta property=\"og:locale\" content=\"pl_PL\" \/>\n<meta property=\"og:type\" content=\"article\" \/>\n<meta property=\"og:title\" content=\"Naklejki Samoprzylepne 3D Na Paznokcie Bajka Kresk\u00f3wka LILO &amp; STITCH - Monpari.pl\" \/>\n<meta property=\"og:description\" content=\"\u2728Urocze i kolorowe wzory inspirowane postaci\u0105 Stitcha, kt\u00f3re dodadz\u0105 Twoim paznokciom wyj\u0105tkowego charakteru\u2728\" \/>\n<meta property=\"og:url\" content=\"https:\/\/monpari.pl\/index.php\/produkt\/naklejki-samoprzylepne-3d-na-paznokcie-bajka-kreskowka-lilo-stitch-5\/\" \/>\n<meta property=\"og:site_name\" content=\"Monpari.pl\" \/>\n<meta property=\"article:modified_time\" content=\"2026-01-15T11:18:11+00:00\" \/>\n<meta property=\"og:image\" content=\"https:\/\/monpari.pl\/wp-content\/uploads\/2024\/12\/monpari-naklejki-na-paznokcie-samoprzylepne-lilo-stitch-5.webp\" \/>\n\t<meta property=\"og:image:width\" content=\"1200\" \/>\n\t<meta property=\"og:image:height\" content=\"1200\" \/>\n\t<meta property=\"og:image:type\" content=\"image\/webp\" \/>\n<meta name=\"twitter:card\" content=\"summary_large_image\" \/>\n<meta name=\"twitter:label1\" content=\"Szacowany czas czytania\" \/>\n\t<meta name=\"twitter:data1\" content=\"1 minuta\" \/>\n<script type=\"application\/ld+json\" class=\"yoast-schema-graph\">{\"@context\":\"https:\\\/\\\/schema.org\",\"@graph\":[{\"@type\":\"WebPage\",\"@id\":\"https:\\\/\\\/monpari.pl\\\/index.php\\\/produkt\\\/naklejki-samoprzylepne-3d-na-paznokcie-bajka-kreskowka-lilo-stitch-5\\\/\",\"url\":\"https:\\\/\\\/monpari.pl\\\/index.php\\\/produkt\\\/naklejki-samoprzylepne-3d-na-paznokcie-bajka-kreskowka-lilo-stitch-5\\\/\",\"name\":\"Naklejki Samoprzylepne 3D Na Paznokcie Bajka Kresk\u00f3wka LILO & STITCH - Monpari.pl\",\"isPartOf\":{\"@id\":\"https:\\\/\\\/monpari.pl\\\/#website\"},\"primaryImageOfPage\":{\"@id\":\"https:\\\/\\\/monpari.pl\\\/index.php\\\/produkt\\\/naklejki-samoprzylepne-3d-na-paznokcie-bajka-kreskowka-lilo-stitch-5\\\/#primaryimage\"},\"image\":{\"@id\":\"https:\\\/\\\/monpari.pl\\\/index.php\\\/produkt\\\/naklejki-samoprzylepne-3d-na-paznokcie-bajka-kreskowka-lilo-stitch-5\\\/#primaryimage\"},\"thumbnailUrl\":\"https:\\\/\\\/monpari.pl\\\/wp-content\\\/uploads\\\/2024\\\/12\\\/monpari-naklejki-na-paznokcie-samoprzylepne-lilo-stitch-5.webp\",\"datePublished\":\"2024-12-20T18:59:00+00:00\",\"dateModified\":\"2026-01-15T11:18:11+00:00\",\"breadcrumb\":{\"@id\":\"https:\\\/\\\/monpari.pl\\\/index.php\\\/produkt\\\/naklejki-samoprzylepne-3d-na-paznokcie-bajka-kreskowka-lilo-stitch-5\\\/#breadcrumb\"},\"inLanguage\":\"pl-PL\",\"potentialAction\":[{\"@type\":\"ReadAction\",\"target\":[\"https:\\\/\\\/monpari.pl\\\/index.php\\\/produkt\\\/naklejki-samoprzylepne-3d-na-paznokcie-bajka-kreskowka-lilo-stitch-5\\\/\"]}]},{\"@type\":\"ImageObject\",\"inLanguage\":\"pl-PL\",\"@id\":\"https:\\\/\\\/monpari.pl\\\/index.php\\\/produkt\\\/naklejki-samoprzylepne-3d-na-paznokcie-bajka-kreskowka-lilo-stitch-5\\\/#primaryimage\",\"url\":\"https:\\\/\\\/monpari.pl\\\/wp-content\\\/uploads\\\/2024\\\/12\\\/monpari-naklejki-na-paznokcie-samoprzylepne-lilo-stitch-5.webp\",\"contentUrl\":\"https:\\\/\\\/monpari.pl\\\/wp-content\\\/uploads\\\/2024\\\/12\\\/monpari-naklejki-na-paznokcie-samoprzylepne-lilo-stitch-5.webp\",\"width\":1200,\"height\":1200,\"caption\":\"naklejki-na-paznokcie-samoprzylepne-lilo-stitch\"},{\"@type\":\"BreadcrumbList\",\"@id\":\"https:\\\/\\\/monpari.pl\\\/index.php\\\/produkt\\\/naklejki-samoprzylepne-3d-na-paznokcie-bajka-kreskowka-lilo-stitch-5\\\/#breadcrumb\",\"itemListElement\":[{\"@type\":\"ListItem\",\"position\":1,\"name\":\"Strona g\u0142\u00f3wna\",\"item\":\"https:\\\/\\\/monpari.pl\\\/\"},{\"@type\":\"ListItem\",\"position\":2,\"name\":\"Sklep\",\"item\":\"https:\\\/\\\/monpari.pl\\\/index.php\\\/sklep\\\/\"},{\"@type\":\"ListItem\",\"position\":3,\"name\":\"Naklejki Samoprzylepne 3D Na Paznokcie Bajka Kresk\u00f3wka LILO &#038; STITCH\"}]},{\"@type\":\"WebSite\",\"@id\":\"https:\\\/\\\/monpari.pl\\\/#website\",\"url\":\"https:\\\/\\\/monpari.pl\\\/\",\"name\":\"monpari.pl\",\"description\":\"Klipsy, kolczyki, bi\u017cuteria dla dzieci, artyku\u0142y z postaciami popularnych bajek, prezenty\",\"publisher\":{\"@id\":\"https:\\\/\\\/monpari.pl\\\/#organization\"},\"potentialAction\":[{\"@type\":\"SearchAction\",\"target\":{\"@type\":\"EntryPoint\",\"urlTemplate\":\"https:\\\/\\\/monpari.pl\\\/?s={search_term_string}\"},\"query-input\":{\"@type\":\"PropertyValueSpecification\",\"valueRequired\":true,\"valueName\":\"search_term_string\"}}],\"inLanguage\":\"pl-PL\"},{\"@type\":\"Organization\",\"@id\":\"https:\\\/\\\/monpari.pl\\\/#organization\",\"name\":\"monpari.pl\",\"url\":\"https:\\\/\\\/monpari.pl\\\/\",\"logo\":{\"@type\":\"ImageObject\",\"inLanguage\":\"pl-PL\",\"@id\":\"https:\\\/\\\/monpari.pl\\\/#\\\/schema\\\/logo\\\/image\\\/\",\"url\":\"https:\\\/\\\/monpari.pl\\\/wp-content\\\/uploads\\\/2023\\\/09\\\/MONPARI.png\",\"contentUrl\":\"https:\\\/\\\/monpari.pl\\\/wp-content\\\/uploads\\\/2023\\\/09\\\/MONPARI.png\",\"width\":660,\"height\":378,\"caption\":\"monpari.pl\"},\"image\":{\"@id\":\"https:\\\/\\\/monpari.pl\\\/#\\\/schema\\\/logo\\\/image\\\/\"}}]}<\/script>\n<!-- \/ Yoast SEO plugin. -->","yoast_head_json":{"title":"Naklejki Samoprzylepne 3D Na Paznokcie Bajka Kresk\u00f3wka LILO & STITCH - Monpari.pl","robots":{"index":"index","follow":"follow","max-snippet":"max-snippet:-1","max-image-preview":"max-image-preview:large","max-video-preview":"max-video-preview:-1"},"canonical":"https:\/\/monpari.pl\/index.php\/produkt\/naklejki-samoprzylepne-3d-na-paznokcie-bajka-kreskowka-lilo-stitch-5\/","og_locale":"pl_PL","og_type":"article","og_title":"Naklejki Samoprzylepne 3D Na Paznokcie Bajka Kresk\u00f3wka LILO & STITCH - Monpari.pl","og_description":"\u2728Urocze i kolorowe wzory inspirowane postaci\u0105 Stitcha, kt\u00f3re dodadz\u0105 Twoim paznokciom wyj\u0105tkowego charakteru\u2728","og_url":"https:\/\/monpari.pl\/index.php\/produkt\/naklejki-samoprzylepne-3d-na-paznokcie-bajka-kreskowka-lilo-stitch-5\/","og_site_name":"Monpari.pl","article_modified_time":"2026-01-15T11:18:11+00:00","og_image":[{"width":1200,"height":1200,"url":"https:\/\/monpari.pl\/wp-content\/uploads\/2024\/12\/monpari-naklejki-na-paznokcie-samoprzylepne-lilo-stitch-5.webp","type":"image\/webp"}],"twitter_card":"summary_large_image","twitter_misc":{"Szacowany czas czytania":"1 minuta"},"schema":{"@context":"https:\/\/schema.org","@graph":[{"@type":"WebPage","@id":"https:\/\/monpari.pl\/index.php\/produkt\/naklejki-samoprzylepne-3d-na-paznokcie-bajka-kreskowka-lilo-stitch-5\/","url":"https:\/\/monpari.pl\/index.php\/produkt\/naklejki-samoprzylepne-3d-na-paznokcie-bajka-kreskowka-lilo-stitch-5\/","name":"Naklejki Samoprzylepne 3D Na Paznokcie Bajka Kresk\u00f3wka LILO & STITCH - Monpari.pl","isPartOf":{"@id":"https:\/\/monpari.pl\/#website"},"primaryImageOfPage":{"@id":"https:\/\/monpari.pl\/index.php\/produkt\/naklejki-samoprzylepne-3d-na-paznokcie-bajka-kreskowka-lilo-stitch-5\/#primaryimage"},"image":{"@id":"https:\/\/monpari.pl\/index.php\/produkt\/naklejki-samoprzylepne-3d-na-paznokcie-bajka-kreskowka-lilo-stitch-5\/#primaryimage"},"thumbnailUrl":"https:\/\/monpari.pl\/wp-content\/uploads\/2024\/12\/monpari-naklejki-na-paznokcie-samoprzylepne-lilo-stitch-5.webp","datePublished":"2024-12-20T18:59:00+00:00","dateModified":"2026-01-15T11:18:11+00:00","breadcrumb":{"@id":"https:\/\/monpari.pl\/index.php\/produkt\/naklejki-samoprzylepne-3d-na-paznokcie-bajka-kreskowka-lilo-stitch-5\/#breadcrumb"},"inLanguage":"pl-PL","potentialAction":[{"@type":"ReadAction","target":["https:\/\/monpari.pl\/index.php\/produkt\/naklejki-samoprzylepne-3d-na-paznokcie-bajka-kreskowka-lilo-stitch-5\/"]}]},{"@type":"ImageObject","inLanguage":"pl-PL","@id":"https:\/\/monpari.pl\/index.php\/produkt\/naklejki-samoprzylepne-3d-na-paznokcie-bajka-kreskowka-lilo-stitch-5\/#primaryimage","url":"https:\/\/monpari.pl\/wp-content\/uploads\/2024\/12\/monpari-naklejki-na-paznokcie-samoprzylepne-lilo-stitch-5.webp","contentUrl":"https:\/\/monpari.pl\/wp-content\/uploads\/2024\/12\/monpari-naklejki-na-paznokcie-samoprzylepne-lilo-stitch-5.webp","width":1200,"height":1200,"caption":"naklejki-na-paznokcie-samoprzylepne-lilo-stitch"},{"@type":"BreadcrumbList","@id":"https:\/\/monpari.pl\/index.php\/produkt\/naklejki-samoprzylepne-3d-na-paznokcie-bajka-kreskowka-lilo-stitch-5\/#breadcrumb","itemListElement":[{"@type":"ListItem","position":1,"name":"Strona g\u0142\u00f3wna","item":"https:\/\/monpari.pl\/"},{"@type":"ListItem","position":2,"name":"Sklep","item":"https:\/\/monpari.pl\/index.php\/sklep\/"},{"@type":"ListItem","position":3,"name":"Naklejki Samoprzylepne 3D Na Paznokcie Bajka Kresk\u00f3wka LILO &#038; STITCH"}]},{"@type":"WebSite","@id":"https:\/\/monpari.pl\/#website","url":"https:\/\/monpari.pl\/","name":"monpari.pl","description":"Klipsy, kolczyki, bi\u017cuteria dla dzieci, artyku\u0142y z postaciami popularnych bajek, prezenty","publisher":{"@id":"https:\/\/monpari.pl\/#organization"},"potentialAction":[{"@type":"SearchAction","target":{"@type":"EntryPoint","urlTemplate":"https:\/\/monpari.pl\/?s={search_term_string}"},"query-input":{"@type":"PropertyValueSpecification","valueRequired":true,"valueName":"search_term_string"}}],"inLanguage":"pl-PL"},{"@type":"Organization","@id":"https:\/\/monpari.pl\/#organization","name":"monpari.pl","url":"https:\/\/monpari.pl\/","logo":{"@type":"ImageObject","inLanguage":"pl-PL","@id":"https:\/\/monpari.pl\/#\/schema\/logo\/image\/","url":"https:\/\/monpari.pl\/wp-content\/uploads\/2023\/09\/MONPARI.png","contentUrl":"https:\/\/monpari.pl\/wp-content\/uploads\/2023\/09\/MONPARI.png","width":660,"height":378,"caption":"monpari.pl"},"image":{"@id":"https:\/\/monpari.pl\/#\/schema\/logo\/image\/"}}]}},"_links":{"self":[{"href":"https:\/\/monpari.pl\/index.php\/wp-json\/wp\/v2\/product\/4076","targetHints":{"allow":["GET"]}}],"collection":[{"href":"https:\/\/monpari.pl\/index.php\/wp-json\/wp\/v2\/product"}],"about":[{"href":"https:\/\/monpari.pl\/index.php\/wp-json\/wp\/v2\/types\/product"}],"replies":[{"embeddable":true,"href":"https:\/\/monpari.pl\/index.php\/wp-json\/wp\/v2\/comments?post=4076"}],"version-history":[{"count":2,"href":"https:\/\/monpari.pl\/index.php\/wp-json\/wp\/v2\/product\/4076\/revisions"}],"predecessor-version":[{"id":4132,"href":"https:\/\/monpari.pl\/index.php\/wp-json\/wp\/v2\/product\/4076\/revisions\/4132"}],"wp:featuredmedia":[{"embeddable":true,"href":"https:\/\/monpari.pl\/index.php\/wp-json\/wp\/v2\/media\/4066"}],"wp:attachment":[{"href":"https:\/\/monpari.pl\/index.php\/wp-json\/wp\/v2\/media?parent=4076"}],"wp:term":[{"taxonomy":"product_brand","embeddable":true,"href":"https:\/\/monpari.pl\/index.php\/wp-json\/wp\/v2\/product_brand?post=4076"},{"taxonomy":"product_cat","embeddable":true,"href":"https:\/\/monpari.pl\/index.php\/wp-json\/wp\/v2\/product_cat?post=4076"},{"taxonomy":"product_tag","embeddable":true,"href":"https:\/\/monpari.pl\/index.php\/wp-json\/wp\/v2\/product_tag?post=4076"}],"curies":[{"name":"wp","href":"https:\/\/api.w.org\/{rel}","templated":true}]}}