{"id":5063,"date":"2025-04-03T11:51:42","date_gmt":"2025-04-03T11:51:42","guid":{"rendered":"https:\/\/monpari.pl\/?post_type=product&#038;p=5063"},"modified":"2026-01-15T11:06:27","modified_gmt":"2026-01-15T11:06:27","slug":"lampka-nocna-na-biurko-usb-zielona-zabka-2","status":"publish","type":"product","link":"https:\/\/monpari.pl\/index.php\/produkt\/lampka-nocna-na-biurko-usb-zielona-zabka-2\/","title":{"rendered":"Lampka Nocna Na Biurko USB Zielona \u017babka"},"content":{"rendered":"<h3>\u2728<strong>Lampka Nocna Na Biurko USB Zielona \u017bABKA<\/strong>\u2728<\/h3>\n<p><b> \ud83d\udc38Bezpieczna i kreatywna lampka nocna dla najm\u0142odszych<\/b><\/p>\n<p>Lampka nocna w kszta\u0142cie \u017cabki to doskona\u0142y wyb\u00f3r dla dzieci, kt\u00f3re potrzebuj\u0105 przytulnego \u015bwiat\u0142a przed snem. Emituje delikatne o\u015bwietlenie LED, kt\u00f3re tworzy uspokajaj\u0105c\u0105 atmosfer\u0119 w pokoju malucha.<\/p>\n<p><b>\u2728 Cechy Produktu?<\/b><\/p>\n<p><b>\u2705<\/b><b>Zabawna lampa dzieci\u0119ca:<\/b> Ta lampa w kszta\u0142cie zwierz\u0105tka doskonale nadaje si\u0119 do o\u015bwietlenia pokoju dzieci\u0119cego, tworz\u0105c przytuln\u0105 i weso\u0142\u0105 atmosfer\u0119.<\/p>\n<p><b>\u2705Bezpieczny materia\u0142:<\/b>\u00a0Wykonana z wytrzyma\u0142ego ABS + PC, odpornego na uszkodzenia.<\/p>\n<p><b>\u2705<\/b><b>Delikatne, przyjemne \u015bwiat\u0142o:<\/b> Idealne na wieczorne czytanie lub zasypianie<\/p>\n<p><b>\u2705<\/b><b>Kompaktowa konstrukcja:<\/b> Lampa o wymiarach 18,3 cm wysoko\u015bci, 10,4 cm szeroko\u015bci i 10,4 cm g\u0142\u0119boko\u015bci zajmuje ma\u0142o miejsca i mo\u017cna j\u0105 \u0142atwo ustawi\u0107 na biurku lub p\u00f3\u0142ce.<\/p>\n<p><b>\u2705<\/b><b>Wbudowana temper\u00f3wka:<\/b> Opr\u00f3cz dostarczania \u015bwiat\u0142a, lampa ta posiada tak\u017ce wbudowan\u0105 temper\u00f3wk\u0119, co czyni j\u0105 wielofunkcyjnym i praktycznym przedmiotem dla dzieci.<\/p>\n<p><b>Trzy poziomy o\u015bwietlenia:<\/b> mo\u017cna regulowa\u0107 w zale\u017cno\u015bci od potrzeb: na pierwszym poziomie \u015bwieci si\u0119 \u017cabka u gory i zmienia kolory, \u015bwiat\u0142o dzienne na drugim poziomie i delikatne \u015bwiat\u0142o na trzecim poziomie.<\/p>\n<p><b>\u2705<\/b><b>\u0141atwo\u015b\u0107 u\u017cytkowania:<\/b> Po jednym dotkni\u0119ciu w\u0142\u0105cza si\u0119 \u015bwiat\u0142o LED, zapewniaj\u0105ce delikatne i energooszcz\u0119dne o\u015bwietlenie.<\/p>\n<p><b>\u2705 <\/b><b>\u0141adowanie przez USB: <\/b>Wbudowana bateria o du\u017cej pojemno\u015bci,<\/p>\n<p>\ud83c\udf80<b>Idealna na prezent! <\/b>Zaskocz swoje dziecko urocz\u0105 lampk\u0105, kt\u00f3ra stworzy przytulny klimat w jego pokoju.<\/p>\n<h3>\u2728<strong>Zawarto\u015b\u0107 zestawu:<\/strong><\/h3>\n<p>\u2714\ufe0fLampka LED \u017cabka<\/p>\n<p>\u2714\ufe0fKabel USB do \u0142adowania<\/p>\n<p>\u2714\ufe0fOzdobne pude\u0142ko<\/p>\n<p>&nbsp;<\/p>\n<p>&nbsp;<\/p>\n<p data-start=\"837\" data-end=\"982\">\n","protected":false},"excerpt":{"rendered":"<h6>\u2728Lampka nocna w kszta\u0142cie uroczej \u017cabki to idealny wyb\u00f3r dla najm\u0142odszych!\u2728<\/h6>\n","protected":false},"featured_media":5056,"comment_status":"open","ping_status":"closed","template":"","meta":{"_seopress_robots_primary_cat":"none","_seopress_titles_title":"Lampka Nocna Na Biurko USB Zielona \u017bABKA","_seopress_titles_desc":"Urocza, funkcjonalna i idealna do pokoju dziecka!\r\nSzuka\u0142e\u015b lampki, kt\u00f3ra nie tylko o\u015bwietli pok\u00f3j, ale r\u00f3wnie\u017c zachwyci swoim wygl\u0105dem? Lampka nocna w kszta\u0142cie uroczej \u017cabki to idealny wyb\u00f3r dla najm\u0142odszych!","_seopress_robots_index":""},"product_brand":[],"product_cat":[468,77,79],"product_tag":[],"class_list":{"0":"post-5063","1":"product","2":"type-product","3":"status-publish","4":"has-post-thumbnail","6":"product_cat-lampki","7":"product_cat-nowosci","8":"product_cat-promocje","10":"first","11":"instock","12":"sale","13":"taxable","14":"shipping-taxable","15":"purchasable","16":"product-type-simple"},"yoast_head":"<!-- This site is optimized with the Yoast SEO plugin v27.4 - https:\/\/yoast.com\/product\/yoast-seo-wordpress\/ -->\n<title>Lampka Nocna Na Biurko USB Zielona \u017babka - Monpari.pl<\/title>\n<meta name=\"robots\" content=\"index, follow, max-snippet:-1, max-image-preview:large, max-video-preview:-1\" \/>\n<link rel=\"canonical\" href=\"https:\/\/monpari.pl\/index.php\/produkt\/lampka-nocna-na-biurko-usb-zielona-zabka-2\/\" \/>\n<meta property=\"og:locale\" content=\"pl_PL\" \/>\n<meta property=\"og:type\" content=\"article\" \/>\n<meta property=\"og:title\" content=\"Lampka Nocna Na Biurko USB Zielona \u017babka - Monpari.pl\" \/>\n<meta property=\"og:description\" content=\"\u2728Lampka nocna w kszta\u0142cie uroczej \u017cabki to idealny wyb\u00f3r dla najm\u0142odszych!\u2728\" \/>\n<meta property=\"og:url\" content=\"https:\/\/monpari.pl\/index.php\/produkt\/lampka-nocna-na-biurko-usb-zielona-zabka-2\/\" \/>\n<meta property=\"og:site_name\" content=\"Monpari.pl\" \/>\n<meta property=\"article:modified_time\" content=\"2026-01-15T11:06:27+00:00\" \/>\n<meta property=\"og:image\" content=\"https:\/\/monpari.pl\/wp-content\/uploads\/2025\/02\/monpari-lampka-nocna-3d-dziecko-1.webp\" \/>\n\t<meta property=\"og:image:width\" content=\"1200\" \/>\n\t<meta property=\"og:image:height\" content=\"1200\" \/>\n\t<meta property=\"og:image:type\" content=\"image\/webp\" \/>\n<meta name=\"twitter:card\" content=\"summary_large_image\" \/>\n<meta name=\"twitter:label1\" content=\"Szacowany czas czytania\" \/>\n\t<meta name=\"twitter:data1\" content=\"1 minuta\" \/>\n<script type=\"application\/ld+json\" class=\"yoast-schema-graph\">{\"@context\":\"https:\\\/\\\/schema.org\",\"@graph\":[{\"@type\":\"WebPage\",\"@id\":\"https:\\\/\\\/monpari.pl\\\/index.php\\\/produkt\\\/lampka-nocna-na-biurko-usb-zielona-zabka-2\\\/\",\"url\":\"https:\\\/\\\/monpari.pl\\\/index.php\\\/produkt\\\/lampka-nocna-na-biurko-usb-zielona-zabka-2\\\/\",\"name\":\"Lampka Nocna Na Biurko USB Zielona \u017babka - Monpari.pl\",\"isPartOf\":{\"@id\":\"https:\\\/\\\/monpari.pl\\\/#website\"},\"primaryImageOfPage\":{\"@id\":\"https:\\\/\\\/monpari.pl\\\/index.php\\\/produkt\\\/lampka-nocna-na-biurko-usb-zielona-zabka-2\\\/#primaryimage\"},\"image\":{\"@id\":\"https:\\\/\\\/monpari.pl\\\/index.php\\\/produkt\\\/lampka-nocna-na-biurko-usb-zielona-zabka-2\\\/#primaryimage\"},\"thumbnailUrl\":\"https:\\\/\\\/monpari.pl\\\/wp-content\\\/uploads\\\/2025\\\/02\\\/monpari-lampka-nocna-3d-dziecko-1.webp\",\"datePublished\":\"2025-04-03T11:51:42+00:00\",\"dateModified\":\"2026-01-15T11:06:27+00:00\",\"breadcrumb\":{\"@id\":\"https:\\\/\\\/monpari.pl\\\/index.php\\\/produkt\\\/lampka-nocna-na-biurko-usb-zielona-zabka-2\\\/#breadcrumb\"},\"inLanguage\":\"pl-PL\",\"potentialAction\":[{\"@type\":\"ReadAction\",\"target\":[\"https:\\\/\\\/monpari.pl\\\/index.php\\\/produkt\\\/lampka-nocna-na-biurko-usb-zielona-zabka-2\\\/\"]}]},{\"@type\":\"ImageObject\",\"inLanguage\":\"pl-PL\",\"@id\":\"https:\\\/\\\/monpari.pl\\\/index.php\\\/produkt\\\/lampka-nocna-na-biurko-usb-zielona-zabka-2\\\/#primaryimage\",\"url\":\"https:\\\/\\\/monpari.pl\\\/wp-content\\\/uploads\\\/2025\\\/02\\\/monpari-lampka-nocna-3d-dziecko-1.webp\",\"contentUrl\":\"https:\\\/\\\/monpari.pl\\\/wp-content\\\/uploads\\\/2025\\\/02\\\/monpari-lampka-nocna-3d-dziecko-1.webp\",\"width\":1200,\"height\":1200},{\"@type\":\"BreadcrumbList\",\"@id\":\"https:\\\/\\\/monpari.pl\\\/index.php\\\/produkt\\\/lampka-nocna-na-biurko-usb-zielona-zabka-2\\\/#breadcrumb\",\"itemListElement\":[{\"@type\":\"ListItem\",\"position\":1,\"name\":\"Strona g\u0142\u00f3wna\",\"item\":\"https:\\\/\\\/monpari.pl\\\/\"},{\"@type\":\"ListItem\",\"position\":2,\"name\":\"Sklep\",\"item\":\"https:\\\/\\\/monpari.pl\\\/index.php\\\/sklep\\\/\"},{\"@type\":\"ListItem\",\"position\":3,\"name\":\"Lampka Nocna Na Biurko USB Zielona \u017babka\"}]},{\"@type\":\"WebSite\",\"@id\":\"https:\\\/\\\/monpari.pl\\\/#website\",\"url\":\"https:\\\/\\\/monpari.pl\\\/\",\"name\":\"monpari.pl\",\"description\":\"Klipsy, kolczyki, bi\u017cuteria dla dzieci, artyku\u0142y z postaciami popularnych bajek, prezenty\",\"publisher\":{\"@id\":\"https:\\\/\\\/monpari.pl\\\/#organization\"},\"potentialAction\":[{\"@type\":\"SearchAction\",\"target\":{\"@type\":\"EntryPoint\",\"urlTemplate\":\"https:\\\/\\\/monpari.pl\\\/?s={search_term_string}\"},\"query-input\":{\"@type\":\"PropertyValueSpecification\",\"valueRequired\":true,\"valueName\":\"search_term_string\"}}],\"inLanguage\":\"pl-PL\"},{\"@type\":\"Organization\",\"@id\":\"https:\\\/\\\/monpari.pl\\\/#organization\",\"name\":\"monpari.pl\",\"url\":\"https:\\\/\\\/monpari.pl\\\/\",\"logo\":{\"@type\":\"ImageObject\",\"inLanguage\":\"pl-PL\",\"@id\":\"https:\\\/\\\/monpari.pl\\\/#\\\/schema\\\/logo\\\/image\\\/\",\"url\":\"https:\\\/\\\/monpari.pl\\\/wp-content\\\/uploads\\\/2023\\\/09\\\/MONPARI.png\",\"contentUrl\":\"https:\\\/\\\/monpari.pl\\\/wp-content\\\/uploads\\\/2023\\\/09\\\/MONPARI.png\",\"width\":660,\"height\":378,\"caption\":\"monpari.pl\"},\"image\":{\"@id\":\"https:\\\/\\\/monpari.pl\\\/#\\\/schema\\\/logo\\\/image\\\/\"}}]}<\/script>\n<!-- \/ Yoast SEO plugin. -->","yoast_head_json":{"title":"Lampka Nocna Na Biurko USB Zielona \u017babka - Monpari.pl","robots":{"index":"index","follow":"follow","max-snippet":"max-snippet:-1","max-image-preview":"max-image-preview:large","max-video-preview":"max-video-preview:-1"},"canonical":"https:\/\/monpari.pl\/index.php\/produkt\/lampka-nocna-na-biurko-usb-zielona-zabka-2\/","og_locale":"pl_PL","og_type":"article","og_title":"Lampka Nocna Na Biurko USB Zielona \u017babka - Monpari.pl","og_description":"\u2728Lampka nocna w kszta\u0142cie uroczej \u017cabki to idealny wyb\u00f3r dla najm\u0142odszych!\u2728","og_url":"https:\/\/monpari.pl\/index.php\/produkt\/lampka-nocna-na-biurko-usb-zielona-zabka-2\/","og_site_name":"Monpari.pl","article_modified_time":"2026-01-15T11:06:27+00:00","og_image":[{"width":1200,"height":1200,"url":"https:\/\/monpari.pl\/wp-content\/uploads\/2025\/02\/monpari-lampka-nocna-3d-dziecko-1.webp","type":"image\/webp"}],"twitter_card":"summary_large_image","twitter_misc":{"Szacowany czas czytania":"1 minuta"},"schema":{"@context":"https:\/\/schema.org","@graph":[{"@type":"WebPage","@id":"https:\/\/monpari.pl\/index.php\/produkt\/lampka-nocna-na-biurko-usb-zielona-zabka-2\/","url":"https:\/\/monpari.pl\/index.php\/produkt\/lampka-nocna-na-biurko-usb-zielona-zabka-2\/","name":"Lampka Nocna Na Biurko USB Zielona \u017babka - Monpari.pl","isPartOf":{"@id":"https:\/\/monpari.pl\/#website"},"primaryImageOfPage":{"@id":"https:\/\/monpari.pl\/index.php\/produkt\/lampka-nocna-na-biurko-usb-zielona-zabka-2\/#primaryimage"},"image":{"@id":"https:\/\/monpari.pl\/index.php\/produkt\/lampka-nocna-na-biurko-usb-zielona-zabka-2\/#primaryimage"},"thumbnailUrl":"https:\/\/monpari.pl\/wp-content\/uploads\/2025\/02\/monpari-lampka-nocna-3d-dziecko-1.webp","datePublished":"2025-04-03T11:51:42+00:00","dateModified":"2026-01-15T11:06:27+00:00","breadcrumb":{"@id":"https:\/\/monpari.pl\/index.php\/produkt\/lampka-nocna-na-biurko-usb-zielona-zabka-2\/#breadcrumb"},"inLanguage":"pl-PL","potentialAction":[{"@type":"ReadAction","target":["https:\/\/monpari.pl\/index.php\/produkt\/lampka-nocna-na-biurko-usb-zielona-zabka-2\/"]}]},{"@type":"ImageObject","inLanguage":"pl-PL","@id":"https:\/\/monpari.pl\/index.php\/produkt\/lampka-nocna-na-biurko-usb-zielona-zabka-2\/#primaryimage","url":"https:\/\/monpari.pl\/wp-content\/uploads\/2025\/02\/monpari-lampka-nocna-3d-dziecko-1.webp","contentUrl":"https:\/\/monpari.pl\/wp-content\/uploads\/2025\/02\/monpari-lampka-nocna-3d-dziecko-1.webp","width":1200,"height":1200},{"@type":"BreadcrumbList","@id":"https:\/\/monpari.pl\/index.php\/produkt\/lampka-nocna-na-biurko-usb-zielona-zabka-2\/#breadcrumb","itemListElement":[{"@type":"ListItem","position":1,"name":"Strona g\u0142\u00f3wna","item":"https:\/\/monpari.pl\/"},{"@type":"ListItem","position":2,"name":"Sklep","item":"https:\/\/monpari.pl\/index.php\/sklep\/"},{"@type":"ListItem","position":3,"name":"Lampka Nocna Na Biurko USB Zielona \u017babka"}]},{"@type":"WebSite","@id":"https:\/\/monpari.pl\/#website","url":"https:\/\/monpari.pl\/","name":"monpari.pl","description":"Klipsy, kolczyki, bi\u017cuteria dla dzieci, artyku\u0142y z postaciami popularnych bajek, prezenty","publisher":{"@id":"https:\/\/monpari.pl\/#organization"},"potentialAction":[{"@type":"SearchAction","target":{"@type":"EntryPoint","urlTemplate":"https:\/\/monpari.pl\/?s={search_term_string}"},"query-input":{"@type":"PropertyValueSpecification","valueRequired":true,"valueName":"search_term_string"}}],"inLanguage":"pl-PL"},{"@type":"Organization","@id":"https:\/\/monpari.pl\/#organization","name":"monpari.pl","url":"https:\/\/monpari.pl\/","logo":{"@type":"ImageObject","inLanguage":"pl-PL","@id":"https:\/\/monpari.pl\/#\/schema\/logo\/image\/","url":"https:\/\/monpari.pl\/wp-content\/uploads\/2023\/09\/MONPARI.png","contentUrl":"https:\/\/monpari.pl\/wp-content\/uploads\/2023\/09\/MONPARI.png","width":660,"height":378,"caption":"monpari.pl"},"image":{"@id":"https:\/\/monpari.pl\/#\/schema\/logo\/image\/"}}]}},"_links":{"self":[{"href":"https:\/\/monpari.pl\/index.php\/wp-json\/wp\/v2\/product\/5063","targetHints":{"allow":["GET"]}}],"collection":[{"href":"https:\/\/monpari.pl\/index.php\/wp-json\/wp\/v2\/product"}],"about":[{"href":"https:\/\/monpari.pl\/index.php\/wp-json\/wp\/v2\/types\/product"}],"replies":[{"embeddable":true,"href":"https:\/\/monpari.pl\/index.php\/wp-json\/wp\/v2\/comments?post=5063"}],"version-history":[{"count":1,"href":"https:\/\/monpari.pl\/index.php\/wp-json\/wp\/v2\/product\/5063\/revisions"}],"predecessor-version":[{"id":5064,"href":"https:\/\/monpari.pl\/index.php\/wp-json\/wp\/v2\/product\/5063\/revisions\/5064"}],"wp:featuredmedia":[{"embeddable":true,"href":"https:\/\/monpari.pl\/index.php\/wp-json\/wp\/v2\/media\/5056"}],"wp:attachment":[{"href":"https:\/\/monpari.pl\/index.php\/wp-json\/wp\/v2\/media?parent=5063"}],"wp:term":[{"taxonomy":"product_brand","embeddable":true,"href":"https:\/\/monpari.pl\/index.php\/wp-json\/wp\/v2\/product_brand?post=5063"},{"taxonomy":"product_cat","embeddable":true,"href":"https:\/\/monpari.pl\/index.php\/wp-json\/wp\/v2\/product_cat?post=5063"},{"taxonomy":"product_tag","embeddable":true,"href":"https:\/\/monpari.pl\/index.php\/wp-json\/wp\/v2\/product_tag?post=5063"}],"curies":[{"name":"wp","href":"https:\/\/api.w.org\/{rel}","templated":true}]}}