{"id":5162,"date":"2025-04-23T08:59:40","date_gmt":"2025-04-23T08:59:40","guid":{"rendered":"https:\/\/monpari.pl\/?post_type=product&#038;p=5162"},"modified":"2026-01-14T20:08:58","modified_gmt":"2026-01-14T20:08:58","slug":"klipsy-kolczyki-dla-dzieci-dziewczynki-bez-przekuwania-uszu-kraina-lodu-frozen-5","status":"publish","type":"product","link":"https:\/\/monpari.pl\/index.php\/produkt\/klipsy-kolczyki-dla-dzieci-dziewczynki-bez-przekuwania-uszu-kraina-lodu-frozen-5\/","title":{"rendered":"Klipsy Kolczyki Dla Dzieci Dziewczynki Bez Przek\u0142uwania Uszu KRAINA LODU FROZEN"},"content":{"rendered":"<h3>\u2728Klipsy Dla Dzieci Urocze Ozdoby Bez Przek\u0142uwania Uszu\u2728<\/h3>\n<p>\u2764\ufe0fDodaj magii dzieci\u0119cej stylizacji z uroczymi klipsami . Te klipsy s\u0105 idealnym dodatkiem dla m\u0142odych mi\u0142o\u015bnik\u00f3w bi\u017cuterii. Dzi\u0119ki zastosowaniu stali nierdzewnej, s\u0105 bezpieczne, trwa\u0142e i odporne na codzienne u\u017cytkowanie.<\/p>\n<h3>\u2728Cechy produktu\u2728<\/h3>\n<p><strong><b>\u2705 \u015arednica klipsa: <\/b><\/strong>16mm<\/p>\n<p><strong><b>\u2705Wiek dziecka<\/b>: <\/strong>3+ (ze wzgl\u0119du na ma\u0142e elementy)<\/p>\n<p><strong><b>\u2705<\/b>Materia\u0142: <\/strong>Klips wykonany z wysokiej jako\u015bci metalu,\u00a0<b>nie zawiera o\u0142owiu i niklu<\/b><\/p>\n<p><strong><b>\u2705<\/b><\/strong>Trwa\u0142y i wytrzyma\u0142y, mo\u017ce by\u0107 u\u017cywany przez d\u0142ugi czas<\/p>\n<p><strong><b>\u2705<\/b><\/strong>Antykorozyjny i bezpieczna dla dzieci z wra\u017cliw\u0105 sk\u00f3r\u0105<\/p>\n<p><strong><b>\u2705W zestawie: <\/b><\/strong>Poduszeczki do wygodnego noszenia klipsa. Wykonane z dobrej jako\u015bci sylikonu. Mi\u0119kkie, wygodne i trwa\u0142e dzi\u0119ki czemu mo\u017cemy je u\u017cywa\u0107 d\u0142ugi czas<\/p>\n<h3>\u2728Dzi\u0119ki tym s\u0142odkim klipsom Twoje dziecko uzyska:\u2728<\/h3>\n<p>\u2714\ufe0fWiele rado\u015bci z mo\u017cliwo\u015bci za\u0142o\u017cenia swoich pierwszych kolczyk\u00f3w bez przek\u0142uwania uszu.<\/p>\n<p>\u2714\ufe0fIdealne dla rodzic\u00f3w, kt\u00f3rzy szukaj\u0105 trwa\u0142ej, bezpiecznej i stylowej bi\u017cuterii dla swoich pociech.<\/p>\n<p>\u2714\ufe0fNoszenie wygodne oraz bez b\u00f3lu uszu dzi\u0119ki poduszeczkom antyb\u00f3lowym<\/p>\n<p>\ud83c\udf80Podaruj swojemu dziecku rado\u015b\u0107 z posiadania tych wyj\u0105tkowych klips\u00f3w z ulubionym wzorem!\ud83c\udf80<\/p>\n","protected":false},"excerpt":{"rendered":"<p>\u2764\ufe0fS\u0142odkie i urocze klipsy, kt\u00f3re mog\u0105 nosi\u0107 dziewczynki od najm\u0142odszych lat, bez konieczno\u015bci przekuwania uszu\u2764\ufe0f<\/p>\n","protected":false},"featured_media":5158,"comment_status":"open","ping_status":"closed","template":"","meta":{"_seopress_robots_primary_cat":"none","_seopress_titles_title":"Klipsy Kolczyki Bez Przekuwania Uszu KRAINA LODU","_seopress_titles_desc":"","_seopress_robots_index":""},"product_brand":[],"product_cat":[459,154,77],"product_tag":[],"class_list":{"0":"post-5162","1":"product","2":"type-product","3":"status-publish","4":"has-post-thumbnail","6":"product_cat-bizuteria-dziecieca","7":"product_cat-klipsy-do-uszu","8":"product_cat-nowosci","10":"first","11":"instock","12":"taxable","13":"shipping-taxable","14":"purchasable","15":"product-type-simple"},"yoast_head":"<!-- This site is optimized with the Yoast SEO plugin v27.2 - https:\/\/yoast.com\/product\/yoast-seo-wordpress\/ -->\n<title>Klipsy Kolczyki Dla Dzieci Dziewczynki Bez Przek\u0142uwania Uszu KRAINA LODU FROZEN - Monpari.pl<\/title>\n<meta name=\"robots\" content=\"index, follow, max-snippet:-1, max-image-preview:large, max-video-preview:-1\" \/>\n<link rel=\"canonical\" href=\"https:\/\/monpari.pl\/index.php\/produkt\/klipsy-kolczyki-dla-dzieci-dziewczynki-bez-przekuwania-uszu-kraina-lodu-frozen-5\/\" \/>\n<meta property=\"og:locale\" content=\"pl_PL\" \/>\n<meta property=\"og:type\" content=\"article\" \/>\n<meta property=\"og:title\" content=\"Klipsy Kolczyki Dla Dzieci Dziewczynki Bez Przek\u0142uwania Uszu KRAINA LODU FROZEN - Monpari.pl\" \/>\n<meta property=\"og:description\" content=\"\u2764\ufe0fS\u0142odkie i urocze klipsy, kt\u00f3re mog\u0105 nosi\u0107 dziewczynki od najm\u0142odszych lat, bez konieczno\u015bci przekuwania uszu\u2764\ufe0f\" \/>\n<meta property=\"og:url\" content=\"https:\/\/monpari.pl\/index.php\/produkt\/klipsy-kolczyki-dla-dzieci-dziewczynki-bez-przekuwania-uszu-kraina-lodu-frozen-5\/\" \/>\n<meta property=\"og:site_name\" content=\"Monpari.pl\" \/>\n<meta property=\"article:modified_time\" content=\"2026-01-14T20:08:58+00:00\" \/>\n<meta property=\"og:image\" content=\"https:\/\/monpari.pl\/wp-content\/uploads\/2025\/04\/monpari-klipsy-na-uszy-kraina-lodu-4.webp\" \/>\n\t<meta property=\"og:image:width\" content=\"1200\" \/>\n\t<meta property=\"og:image:height\" content=\"1200\" \/>\n\t<meta property=\"og:image:type\" content=\"image\/webp\" \/>\n<meta name=\"twitter:card\" content=\"summary_large_image\" \/>\n<meta name=\"twitter:label1\" content=\"Szacowany czas czytania\" \/>\n\t<meta name=\"twitter:data1\" content=\"1 minuta\" \/>\n<script type=\"application\/ld+json\" class=\"yoast-schema-graph\">{\"@context\":\"https:\/\/schema.org\",\"@graph\":[{\"@type\":\"WebPage\",\"@id\":\"https:\/\/monpari.pl\/index.php\/produkt\/klipsy-kolczyki-dla-dzieci-dziewczynki-bez-przekuwania-uszu-kraina-lodu-frozen-5\/\",\"url\":\"https:\/\/monpari.pl\/index.php\/produkt\/klipsy-kolczyki-dla-dzieci-dziewczynki-bez-przekuwania-uszu-kraina-lodu-frozen-5\/\",\"name\":\"Klipsy Kolczyki Dla Dzieci Dziewczynki Bez Przek\u0142uwania Uszu KRAINA LODU FROZEN - Monpari.pl\",\"isPartOf\":{\"@id\":\"https:\/\/monpari.pl\/#website\"},\"primaryImageOfPage\":{\"@id\":\"https:\/\/monpari.pl\/index.php\/produkt\/klipsy-kolczyki-dla-dzieci-dziewczynki-bez-przekuwania-uszu-kraina-lodu-frozen-5\/#primaryimage\"},\"image\":{\"@id\":\"https:\/\/monpari.pl\/index.php\/produkt\/klipsy-kolczyki-dla-dzieci-dziewczynki-bez-przekuwania-uszu-kraina-lodu-frozen-5\/#primaryimage\"},\"thumbnailUrl\":\"https:\/\/monpari.pl\/wp-content\/uploads\/2025\/04\/monpari-klipsy-na-uszy-kraina-lodu-4.webp\",\"datePublished\":\"2025-04-23T08:59:40+00:00\",\"dateModified\":\"2026-01-14T20:08:58+00:00\",\"breadcrumb\":{\"@id\":\"https:\/\/monpari.pl\/index.php\/produkt\/klipsy-kolczyki-dla-dzieci-dziewczynki-bez-przekuwania-uszu-kraina-lodu-frozen-5\/#breadcrumb\"},\"inLanguage\":\"pl-PL\",\"potentialAction\":[{\"@type\":\"ReadAction\",\"target\":[\"https:\/\/monpari.pl\/index.php\/produkt\/klipsy-kolczyki-dla-dzieci-dziewczynki-bez-przekuwania-uszu-kraina-lodu-frozen-5\/\"]}]},{\"@type\":\"ImageObject\",\"inLanguage\":\"pl-PL\",\"@id\":\"https:\/\/monpari.pl\/index.php\/produkt\/klipsy-kolczyki-dla-dzieci-dziewczynki-bez-przekuwania-uszu-kraina-lodu-frozen-5\/#primaryimage\",\"url\":\"https:\/\/monpari.pl\/wp-content\/uploads\/2025\/04\/monpari-klipsy-na-uszy-kraina-lodu-4.webp\",\"contentUrl\":\"https:\/\/monpari.pl\/wp-content\/uploads\/2025\/04\/monpari-klipsy-na-uszy-kraina-lodu-4.webp\",\"width\":1200,\"height\":1200},{\"@type\":\"BreadcrumbList\",\"@id\":\"https:\/\/monpari.pl\/index.php\/produkt\/klipsy-kolczyki-dla-dzieci-dziewczynki-bez-przekuwania-uszu-kraina-lodu-frozen-5\/#breadcrumb\",\"itemListElement\":[{\"@type\":\"ListItem\",\"position\":1,\"name\":\"Strona g\u0142\u00f3wna\",\"item\":\"https:\/\/monpari.pl\/\"},{\"@type\":\"ListItem\",\"position\":2,\"name\":\"Sklep\",\"item\":\"https:\/\/monpari.pl\/index.php\/sklep\/\"},{\"@type\":\"ListItem\",\"position\":3,\"name\":\"Klipsy Kolczyki Dla Dzieci Dziewczynki Bez Przek\u0142uwania Uszu KRAINA LODU FROZEN\"}]},{\"@type\":\"WebSite\",\"@id\":\"https:\/\/monpari.pl\/#website\",\"url\":\"https:\/\/monpari.pl\/\",\"name\":\"monpari.pl\",\"description\":\"Klipsy, kolczyki, bi\u017cuteria dla dzieci, artyku\u0142y z postaciami popularnych bajek, prezenty\",\"publisher\":{\"@id\":\"https:\/\/monpari.pl\/#organization\"},\"potentialAction\":[{\"@type\":\"SearchAction\",\"target\":{\"@type\":\"EntryPoint\",\"urlTemplate\":\"https:\/\/monpari.pl\/?s={search_term_string}\"},\"query-input\":{\"@type\":\"PropertyValueSpecification\",\"valueRequired\":true,\"valueName\":\"search_term_string\"}}],\"inLanguage\":\"pl-PL\"},{\"@type\":\"Organization\",\"@id\":\"https:\/\/monpari.pl\/#organization\",\"name\":\"monpari.pl\",\"url\":\"https:\/\/monpari.pl\/\",\"logo\":{\"@type\":\"ImageObject\",\"inLanguage\":\"pl-PL\",\"@id\":\"https:\/\/monpari.pl\/#\/schema\/logo\/image\/\",\"url\":\"https:\/\/monpari.pl\/wp-content\/uploads\/2023\/09\/MONPARI.png\",\"contentUrl\":\"https:\/\/monpari.pl\/wp-content\/uploads\/2023\/09\/MONPARI.png\",\"width\":660,\"height\":378,\"caption\":\"monpari.pl\"},\"image\":{\"@id\":\"https:\/\/monpari.pl\/#\/schema\/logo\/image\/\"}}]}<\/script>\n<!-- \/ Yoast SEO plugin. -->","yoast_head_json":{"title":"Klipsy Kolczyki Dla Dzieci Dziewczynki Bez Przek\u0142uwania Uszu KRAINA LODU FROZEN - Monpari.pl","robots":{"index":"index","follow":"follow","max-snippet":"max-snippet:-1","max-image-preview":"max-image-preview:large","max-video-preview":"max-video-preview:-1"},"canonical":"https:\/\/monpari.pl\/index.php\/produkt\/klipsy-kolczyki-dla-dzieci-dziewczynki-bez-przekuwania-uszu-kraina-lodu-frozen-5\/","og_locale":"pl_PL","og_type":"article","og_title":"Klipsy Kolczyki Dla Dzieci Dziewczynki Bez Przek\u0142uwania Uszu KRAINA LODU FROZEN - Monpari.pl","og_description":"\u2764\ufe0fS\u0142odkie i urocze klipsy, kt\u00f3re mog\u0105 nosi\u0107 dziewczynki od najm\u0142odszych lat, bez konieczno\u015bci przekuwania uszu\u2764\ufe0f","og_url":"https:\/\/monpari.pl\/index.php\/produkt\/klipsy-kolczyki-dla-dzieci-dziewczynki-bez-przekuwania-uszu-kraina-lodu-frozen-5\/","og_site_name":"Monpari.pl","article_modified_time":"2026-01-14T20:08:58+00:00","og_image":[{"width":1200,"height":1200,"url":"https:\/\/monpari.pl\/wp-content\/uploads\/2025\/04\/monpari-klipsy-na-uszy-kraina-lodu-4.webp","type":"image\/webp"}],"twitter_card":"summary_large_image","twitter_misc":{"Szacowany czas czytania":"1 minuta"},"schema":{"@context":"https:\/\/schema.org","@graph":[{"@type":"WebPage","@id":"https:\/\/monpari.pl\/index.php\/produkt\/klipsy-kolczyki-dla-dzieci-dziewczynki-bez-przekuwania-uszu-kraina-lodu-frozen-5\/","url":"https:\/\/monpari.pl\/index.php\/produkt\/klipsy-kolczyki-dla-dzieci-dziewczynki-bez-przekuwania-uszu-kraina-lodu-frozen-5\/","name":"Klipsy Kolczyki Dla Dzieci Dziewczynki Bez Przek\u0142uwania Uszu KRAINA LODU FROZEN - Monpari.pl","isPartOf":{"@id":"https:\/\/monpari.pl\/#website"},"primaryImageOfPage":{"@id":"https:\/\/monpari.pl\/index.php\/produkt\/klipsy-kolczyki-dla-dzieci-dziewczynki-bez-przekuwania-uszu-kraina-lodu-frozen-5\/#primaryimage"},"image":{"@id":"https:\/\/monpari.pl\/index.php\/produkt\/klipsy-kolczyki-dla-dzieci-dziewczynki-bez-przekuwania-uszu-kraina-lodu-frozen-5\/#primaryimage"},"thumbnailUrl":"https:\/\/monpari.pl\/wp-content\/uploads\/2025\/04\/monpari-klipsy-na-uszy-kraina-lodu-4.webp","datePublished":"2025-04-23T08:59:40+00:00","dateModified":"2026-01-14T20:08:58+00:00","breadcrumb":{"@id":"https:\/\/monpari.pl\/index.php\/produkt\/klipsy-kolczyki-dla-dzieci-dziewczynki-bez-przekuwania-uszu-kraina-lodu-frozen-5\/#breadcrumb"},"inLanguage":"pl-PL","potentialAction":[{"@type":"ReadAction","target":["https:\/\/monpari.pl\/index.php\/produkt\/klipsy-kolczyki-dla-dzieci-dziewczynki-bez-przekuwania-uszu-kraina-lodu-frozen-5\/"]}]},{"@type":"ImageObject","inLanguage":"pl-PL","@id":"https:\/\/monpari.pl\/index.php\/produkt\/klipsy-kolczyki-dla-dzieci-dziewczynki-bez-przekuwania-uszu-kraina-lodu-frozen-5\/#primaryimage","url":"https:\/\/monpari.pl\/wp-content\/uploads\/2025\/04\/monpari-klipsy-na-uszy-kraina-lodu-4.webp","contentUrl":"https:\/\/monpari.pl\/wp-content\/uploads\/2025\/04\/monpari-klipsy-na-uszy-kraina-lodu-4.webp","width":1200,"height":1200},{"@type":"BreadcrumbList","@id":"https:\/\/monpari.pl\/index.php\/produkt\/klipsy-kolczyki-dla-dzieci-dziewczynki-bez-przekuwania-uszu-kraina-lodu-frozen-5\/#breadcrumb","itemListElement":[{"@type":"ListItem","position":1,"name":"Strona g\u0142\u00f3wna","item":"https:\/\/monpari.pl\/"},{"@type":"ListItem","position":2,"name":"Sklep","item":"https:\/\/monpari.pl\/index.php\/sklep\/"},{"@type":"ListItem","position":3,"name":"Klipsy Kolczyki Dla Dzieci Dziewczynki Bez Przek\u0142uwania Uszu KRAINA LODU FROZEN"}]},{"@type":"WebSite","@id":"https:\/\/monpari.pl\/#website","url":"https:\/\/monpari.pl\/","name":"monpari.pl","description":"Klipsy, kolczyki, bi\u017cuteria dla dzieci, artyku\u0142y z postaciami popularnych bajek, prezenty","publisher":{"@id":"https:\/\/monpari.pl\/#organization"},"potentialAction":[{"@type":"SearchAction","target":{"@type":"EntryPoint","urlTemplate":"https:\/\/monpari.pl\/?s={search_term_string}"},"query-input":{"@type":"PropertyValueSpecification","valueRequired":true,"valueName":"search_term_string"}}],"inLanguage":"pl-PL"},{"@type":"Organization","@id":"https:\/\/monpari.pl\/#organization","name":"monpari.pl","url":"https:\/\/monpari.pl\/","logo":{"@type":"ImageObject","inLanguage":"pl-PL","@id":"https:\/\/monpari.pl\/#\/schema\/logo\/image\/","url":"https:\/\/monpari.pl\/wp-content\/uploads\/2023\/09\/MONPARI.png","contentUrl":"https:\/\/monpari.pl\/wp-content\/uploads\/2023\/09\/MONPARI.png","width":660,"height":378,"caption":"monpari.pl"},"image":{"@id":"https:\/\/monpari.pl\/#\/schema\/logo\/image\/"}}]}},"_links":{"self":[{"href":"https:\/\/monpari.pl\/index.php\/wp-json\/wp\/v2\/product\/5162","targetHints":{"allow":["GET"]}}],"collection":[{"href":"https:\/\/monpari.pl\/index.php\/wp-json\/wp\/v2\/product"}],"about":[{"href":"https:\/\/monpari.pl\/index.php\/wp-json\/wp\/v2\/types\/product"}],"replies":[{"embeddable":true,"href":"https:\/\/monpari.pl\/index.php\/wp-json\/wp\/v2\/comments?post=5162"}],"version-history":[{"count":2,"href":"https:\/\/monpari.pl\/index.php\/wp-json\/wp\/v2\/product\/5162\/revisions"}],"predecessor-version":[{"id":6087,"href":"https:\/\/monpari.pl\/index.php\/wp-json\/wp\/v2\/product\/5162\/revisions\/6087"}],"wp:featuredmedia":[{"embeddable":true,"href":"https:\/\/monpari.pl\/index.php\/wp-json\/wp\/v2\/media\/5158"}],"wp:attachment":[{"href":"https:\/\/monpari.pl\/index.php\/wp-json\/wp\/v2\/media?parent=5162"}],"wp:term":[{"taxonomy":"product_brand","embeddable":true,"href":"https:\/\/monpari.pl\/index.php\/wp-json\/wp\/v2\/product_brand?post=5162"},{"taxonomy":"product_cat","embeddable":true,"href":"https:\/\/monpari.pl\/index.php\/wp-json\/wp\/v2\/product_cat?post=5162"},{"taxonomy":"product_tag","embeddable":true,"href":"https:\/\/monpari.pl\/index.php\/wp-json\/wp\/v2\/product_tag?post=5162"}],"curies":[{"name":"wp","href":"https:\/\/api.w.org\/{rel}","templated":true}]}}