{"id":5190,"date":"2025-04-29T19:07:22","date_gmt":"2025-04-29T19:07:22","guid":{"rendered":"https:\/\/monpari.pl\/?post_type=product&#038;p=5190"},"modified":"2026-01-14T20:07:52","modified_gmt":"2026-01-14T20:07:52","slug":"torebka-na-telefon-smartfon-futeral-saszetka-na-ramie-lilo-i-stitch-4","status":"publish","type":"product","link":"https:\/\/monpari.pl\/index.php\/produkt\/torebka-na-telefon-smartfon-futeral-saszetka-na-ramie-lilo-i-stitch-4\/","title":{"rendered":"Torebka Na Telefon Smartfon Futera\u0142 Saszetka Na Rami\u0119 LILO I STITCH"},"content":{"rendered":"<h2>\u2728Stitch Futera\u0142 Torebka na telefon smartfon saszetka Listonoszka na rami\u0119\u2728<\/h2>\n<p>\u2714\ufe0fStylowa i praktyczna torebka na rami\u0119 z uroczym nadrukiem<\/p>\n<p>\u2714\ufe0fIdealna do noszenia telefonu, kluczy, portfela i innych drobiazg\u00f3w, kt\u00f3re chcesz mie\u0107 zawsze pod r\u0119k\u0105.<\/p>\n<p>\u2714\ufe0fTorebka jest wykonana z trwa\u0142ego materia\u0142u w eleganckim, niebieskim odcieniu, a jej prz\u00f3d zdobi uroczy motyw kultowych postaci Lilo &amp; STITCH!<\/p>\n<p><b>\u27a1\ufe0f<\/b>To doskona\u0142y wyb\u00f3r na prezent dla mi\u0142o\u015bnik\u00f3w s\u0142odkich akcesori\u00f3w! Sprawdzi si\u0119 na co dzie\u0144 i doda uroku ka\u017cdej stylizacji.<\/p>\n<h2>\u2728Cechy produktu\u2728<\/h2>\n<p><b>\u2705Materia\u0142:\u00a0<\/b>Wytrzyma\u0142y, lekki, p\u0142\u00f3tno<\/p>\n<p><b>\u2705Design:<\/b> R\u00f3\u017cowa Torebka z nadrukiem kultowej postaci STITCH<\/p>\n<p><b>\u2705Funkcjonalno\u015b\u0107:<\/b>\u00a0Jedna g\u0142\u00f3wna komora zapinana na zamek, idealna na telefon lub inne niezb\u0119dne rzeczy. Jedna komora wsuwana.<\/p>\n<p><b>\u2705Wymiary:<\/b>\u00a0Doskona\u0142e do przechowywania telefonu, drobiazg\u00f3w i portfela. 13cm x 20cm x 4cm<\/p>\n<p><b>\u2705Pasek na rami\u0119:<\/b>\u00a0Regulowany, aby dopasowa\u0107 d\u0142ugo\u015b\u0107 do Twoich potrzeb.<\/p>\n<p><b>\u2705Uniwersalno\u015b\u0107:<\/b>\u00a0Pasuje zar\u00f3wno do codziennych stylizacji, jak i jako uroczy dodatek na wyj\u015bcia.<\/p>\n<p>&nbsp;<\/p>\n","protected":false},"excerpt":{"rendered":"<p>\u2728Stylowa i praktyczna torebka na rami\u0119 z uroczym nadrukiem. Idealna do noszenia telefonu, kluczy, portfela i innych drobiazg\u00f3w, kt\u00f3re chcesz mie\u0107 zawsze pod r\u0119k\u0105\u2728<\/p>\n","protected":false},"featured_media":5193,"comment_status":"open","ping_status":"closed","template":"","meta":{"_seopress_robots_primary_cat":"none","_seopress_titles_title":"Torebka Na Telefon Smartfon STITCH Futera\u0142 Saszetka Na Rami\u0119","_seopress_titles_desc":"Stylowa i praktyczna torebka na rami\u0119 z uroczym nadrukiem. Idealna do noszenia telefonu, kluczy, portfela i innych drobiazg\u00f3w, kt\u00f3re chcesz mie\u0107 zawsze pod r\u0119k\u0105","_seopress_robots_index":""},"product_brand":[],"product_cat":[77,79,463],"product_tag":[],"class_list":{"0":"post-5190","1":"product","2":"type-product","3":"status-publish","4":"has-post-thumbnail","6":"product_cat-nowosci","7":"product_cat-promocje","8":"product_cat-torebki","10":"first","11":"instock","12":"sale","13":"taxable","14":"shipping-taxable","15":"purchasable","16":"product-type-simple"},"yoast_head":"<!-- This site is optimized with the Yoast SEO plugin v27.4 - https:\/\/yoast.com\/product\/yoast-seo-wordpress\/ -->\n<title>Torebka Na Telefon Smartfon Futera\u0142 Saszetka Na Rami\u0119 LILO I STITCH - Monpari.pl<\/title>\n<meta name=\"robots\" content=\"index, follow, max-snippet:-1, max-image-preview:large, max-video-preview:-1\" \/>\n<link rel=\"canonical\" href=\"https:\/\/monpari.pl\/index.php\/produkt\/torebka-na-telefon-smartfon-futeral-saszetka-na-ramie-lilo-i-stitch-4\/\" \/>\n<meta property=\"og:locale\" content=\"pl_PL\" \/>\n<meta property=\"og:type\" content=\"article\" \/>\n<meta property=\"og:title\" content=\"Torebka Na Telefon Smartfon Futera\u0142 Saszetka Na Rami\u0119 LILO I STITCH - Monpari.pl\" \/>\n<meta property=\"og:description\" content=\"\u2728Stylowa i praktyczna torebka na rami\u0119 z uroczym nadrukiem. Idealna do noszenia telefonu, kluczy, portfela i innych drobiazg\u00f3w, kt\u00f3re chcesz mie\u0107 zawsze pod r\u0119k\u0105\u2728\" \/>\n<meta property=\"og:url\" content=\"https:\/\/monpari.pl\/index.php\/produkt\/torebka-na-telefon-smartfon-futeral-saszetka-na-ramie-lilo-i-stitch-4\/\" \/>\n<meta property=\"og:site_name\" content=\"Monpari.pl\" \/>\n<meta property=\"article:modified_time\" content=\"2026-01-14T20:07:52+00:00\" \/>\n<meta property=\"og:image\" content=\"https:\/\/monpari.pl\/wp-content\/uploads\/2025\/04\/monpari-torebka-pokrowiec-smartfon-telefon-lilo-stitch-8.webp\" \/>\n\t<meta property=\"og:image:width\" content=\"2560\" \/>\n\t<meta property=\"og:image:height\" content=\"2560\" \/>\n\t<meta property=\"og:image:type\" content=\"image\/webp\" \/>\n<meta name=\"twitter:card\" content=\"summary_large_image\" \/>\n<meta name=\"twitter:label1\" content=\"Szacowany czas czytania\" \/>\n\t<meta name=\"twitter:data1\" content=\"1 minuta\" \/>\n<script type=\"application\/ld+json\" class=\"yoast-schema-graph\">{\"@context\":\"https:\\\/\\\/schema.org\",\"@graph\":[{\"@type\":\"WebPage\",\"@id\":\"https:\\\/\\\/monpari.pl\\\/index.php\\\/produkt\\\/torebka-na-telefon-smartfon-futeral-saszetka-na-ramie-lilo-i-stitch-4\\\/\",\"url\":\"https:\\\/\\\/monpari.pl\\\/index.php\\\/produkt\\\/torebka-na-telefon-smartfon-futeral-saszetka-na-ramie-lilo-i-stitch-4\\\/\",\"name\":\"Torebka Na Telefon Smartfon Futera\u0142 Saszetka Na Rami\u0119 LILO I STITCH - Monpari.pl\",\"isPartOf\":{\"@id\":\"https:\\\/\\\/monpari.pl\\\/#website\"},\"primaryImageOfPage\":{\"@id\":\"https:\\\/\\\/monpari.pl\\\/index.php\\\/produkt\\\/torebka-na-telefon-smartfon-futeral-saszetka-na-ramie-lilo-i-stitch-4\\\/#primaryimage\"},\"image\":{\"@id\":\"https:\\\/\\\/monpari.pl\\\/index.php\\\/produkt\\\/torebka-na-telefon-smartfon-futeral-saszetka-na-ramie-lilo-i-stitch-4\\\/#primaryimage\"},\"thumbnailUrl\":\"https:\\\/\\\/monpari.pl\\\/wp-content\\\/uploads\\\/2025\\\/04\\\/monpari-torebka-pokrowiec-smartfon-telefon-lilo-stitch-8.webp\",\"datePublished\":\"2025-04-29T19:07:22+00:00\",\"dateModified\":\"2026-01-14T20:07:52+00:00\",\"breadcrumb\":{\"@id\":\"https:\\\/\\\/monpari.pl\\\/index.php\\\/produkt\\\/torebka-na-telefon-smartfon-futeral-saszetka-na-ramie-lilo-i-stitch-4\\\/#breadcrumb\"},\"inLanguage\":\"pl-PL\",\"potentialAction\":[{\"@type\":\"ReadAction\",\"target\":[\"https:\\\/\\\/monpari.pl\\\/index.php\\\/produkt\\\/torebka-na-telefon-smartfon-futeral-saszetka-na-ramie-lilo-i-stitch-4\\\/\"]}]},{\"@type\":\"ImageObject\",\"inLanguage\":\"pl-PL\",\"@id\":\"https:\\\/\\\/monpari.pl\\\/index.php\\\/produkt\\\/torebka-na-telefon-smartfon-futeral-saszetka-na-ramie-lilo-i-stitch-4\\\/#primaryimage\",\"url\":\"https:\\\/\\\/monpari.pl\\\/wp-content\\\/uploads\\\/2025\\\/04\\\/monpari-torebka-pokrowiec-smartfon-telefon-lilo-stitch-8.webp\",\"contentUrl\":\"https:\\\/\\\/monpari.pl\\\/wp-content\\\/uploads\\\/2025\\\/04\\\/monpari-torebka-pokrowiec-smartfon-telefon-lilo-stitch-8.webp\",\"width\":2560,\"height\":2560},{\"@type\":\"BreadcrumbList\",\"@id\":\"https:\\\/\\\/monpari.pl\\\/index.php\\\/produkt\\\/torebka-na-telefon-smartfon-futeral-saszetka-na-ramie-lilo-i-stitch-4\\\/#breadcrumb\",\"itemListElement\":[{\"@type\":\"ListItem\",\"position\":1,\"name\":\"Strona g\u0142\u00f3wna\",\"item\":\"https:\\\/\\\/monpari.pl\\\/\"},{\"@type\":\"ListItem\",\"position\":2,\"name\":\"Sklep\",\"item\":\"https:\\\/\\\/monpari.pl\\\/index.php\\\/sklep\\\/\"},{\"@type\":\"ListItem\",\"position\":3,\"name\":\"Torebka Na Telefon Smartfon Futera\u0142 Saszetka Na Rami\u0119 LILO I STITCH\"}]},{\"@type\":\"WebSite\",\"@id\":\"https:\\\/\\\/monpari.pl\\\/#website\",\"url\":\"https:\\\/\\\/monpari.pl\\\/\",\"name\":\"monpari.pl\",\"description\":\"Klipsy, kolczyki, bi\u017cuteria dla dzieci, artyku\u0142y z postaciami popularnych bajek, prezenty\",\"publisher\":{\"@id\":\"https:\\\/\\\/monpari.pl\\\/#organization\"},\"potentialAction\":[{\"@type\":\"SearchAction\",\"target\":{\"@type\":\"EntryPoint\",\"urlTemplate\":\"https:\\\/\\\/monpari.pl\\\/?s={search_term_string}\"},\"query-input\":{\"@type\":\"PropertyValueSpecification\",\"valueRequired\":true,\"valueName\":\"search_term_string\"}}],\"inLanguage\":\"pl-PL\"},{\"@type\":\"Organization\",\"@id\":\"https:\\\/\\\/monpari.pl\\\/#organization\",\"name\":\"monpari.pl\",\"url\":\"https:\\\/\\\/monpari.pl\\\/\",\"logo\":{\"@type\":\"ImageObject\",\"inLanguage\":\"pl-PL\",\"@id\":\"https:\\\/\\\/monpari.pl\\\/#\\\/schema\\\/logo\\\/image\\\/\",\"url\":\"https:\\\/\\\/monpari.pl\\\/wp-content\\\/uploads\\\/2023\\\/09\\\/MONPARI.png\",\"contentUrl\":\"https:\\\/\\\/monpari.pl\\\/wp-content\\\/uploads\\\/2023\\\/09\\\/MONPARI.png\",\"width\":660,\"height\":378,\"caption\":\"monpari.pl\"},\"image\":{\"@id\":\"https:\\\/\\\/monpari.pl\\\/#\\\/schema\\\/logo\\\/image\\\/\"}}]}<\/script>\n<!-- \/ Yoast SEO plugin. -->","yoast_head_json":{"title":"Torebka Na Telefon Smartfon Futera\u0142 Saszetka Na Rami\u0119 LILO I STITCH - Monpari.pl","robots":{"index":"index","follow":"follow","max-snippet":"max-snippet:-1","max-image-preview":"max-image-preview:large","max-video-preview":"max-video-preview:-1"},"canonical":"https:\/\/monpari.pl\/index.php\/produkt\/torebka-na-telefon-smartfon-futeral-saszetka-na-ramie-lilo-i-stitch-4\/","og_locale":"pl_PL","og_type":"article","og_title":"Torebka Na Telefon Smartfon Futera\u0142 Saszetka Na Rami\u0119 LILO I STITCH - Monpari.pl","og_description":"\u2728Stylowa i praktyczna torebka na rami\u0119 z uroczym nadrukiem. Idealna do noszenia telefonu, kluczy, portfela i innych drobiazg\u00f3w, kt\u00f3re chcesz mie\u0107 zawsze pod r\u0119k\u0105\u2728","og_url":"https:\/\/monpari.pl\/index.php\/produkt\/torebka-na-telefon-smartfon-futeral-saszetka-na-ramie-lilo-i-stitch-4\/","og_site_name":"Monpari.pl","article_modified_time":"2026-01-14T20:07:52+00:00","og_image":[{"width":2560,"height":2560,"url":"https:\/\/monpari.pl\/wp-content\/uploads\/2025\/04\/monpari-torebka-pokrowiec-smartfon-telefon-lilo-stitch-8.webp","type":"image\/webp"}],"twitter_card":"summary_large_image","twitter_misc":{"Szacowany czas czytania":"1 minuta"},"schema":{"@context":"https:\/\/schema.org","@graph":[{"@type":"WebPage","@id":"https:\/\/monpari.pl\/index.php\/produkt\/torebka-na-telefon-smartfon-futeral-saszetka-na-ramie-lilo-i-stitch-4\/","url":"https:\/\/monpari.pl\/index.php\/produkt\/torebka-na-telefon-smartfon-futeral-saszetka-na-ramie-lilo-i-stitch-4\/","name":"Torebka Na Telefon Smartfon Futera\u0142 Saszetka Na Rami\u0119 LILO I STITCH - Monpari.pl","isPartOf":{"@id":"https:\/\/monpari.pl\/#website"},"primaryImageOfPage":{"@id":"https:\/\/monpari.pl\/index.php\/produkt\/torebka-na-telefon-smartfon-futeral-saszetka-na-ramie-lilo-i-stitch-4\/#primaryimage"},"image":{"@id":"https:\/\/monpari.pl\/index.php\/produkt\/torebka-na-telefon-smartfon-futeral-saszetka-na-ramie-lilo-i-stitch-4\/#primaryimage"},"thumbnailUrl":"https:\/\/monpari.pl\/wp-content\/uploads\/2025\/04\/monpari-torebka-pokrowiec-smartfon-telefon-lilo-stitch-8.webp","datePublished":"2025-04-29T19:07:22+00:00","dateModified":"2026-01-14T20:07:52+00:00","breadcrumb":{"@id":"https:\/\/monpari.pl\/index.php\/produkt\/torebka-na-telefon-smartfon-futeral-saszetka-na-ramie-lilo-i-stitch-4\/#breadcrumb"},"inLanguage":"pl-PL","potentialAction":[{"@type":"ReadAction","target":["https:\/\/monpari.pl\/index.php\/produkt\/torebka-na-telefon-smartfon-futeral-saszetka-na-ramie-lilo-i-stitch-4\/"]}]},{"@type":"ImageObject","inLanguage":"pl-PL","@id":"https:\/\/monpari.pl\/index.php\/produkt\/torebka-na-telefon-smartfon-futeral-saszetka-na-ramie-lilo-i-stitch-4\/#primaryimage","url":"https:\/\/monpari.pl\/wp-content\/uploads\/2025\/04\/monpari-torebka-pokrowiec-smartfon-telefon-lilo-stitch-8.webp","contentUrl":"https:\/\/monpari.pl\/wp-content\/uploads\/2025\/04\/monpari-torebka-pokrowiec-smartfon-telefon-lilo-stitch-8.webp","width":2560,"height":2560},{"@type":"BreadcrumbList","@id":"https:\/\/monpari.pl\/index.php\/produkt\/torebka-na-telefon-smartfon-futeral-saszetka-na-ramie-lilo-i-stitch-4\/#breadcrumb","itemListElement":[{"@type":"ListItem","position":1,"name":"Strona g\u0142\u00f3wna","item":"https:\/\/monpari.pl\/"},{"@type":"ListItem","position":2,"name":"Sklep","item":"https:\/\/monpari.pl\/index.php\/sklep\/"},{"@type":"ListItem","position":3,"name":"Torebka Na Telefon Smartfon Futera\u0142 Saszetka Na Rami\u0119 LILO I STITCH"}]},{"@type":"WebSite","@id":"https:\/\/monpari.pl\/#website","url":"https:\/\/monpari.pl\/","name":"monpari.pl","description":"Klipsy, kolczyki, bi\u017cuteria dla dzieci, artyku\u0142y z postaciami popularnych bajek, prezenty","publisher":{"@id":"https:\/\/monpari.pl\/#organization"},"potentialAction":[{"@type":"SearchAction","target":{"@type":"EntryPoint","urlTemplate":"https:\/\/monpari.pl\/?s={search_term_string}"},"query-input":{"@type":"PropertyValueSpecification","valueRequired":true,"valueName":"search_term_string"}}],"inLanguage":"pl-PL"},{"@type":"Organization","@id":"https:\/\/monpari.pl\/#organization","name":"monpari.pl","url":"https:\/\/monpari.pl\/","logo":{"@type":"ImageObject","inLanguage":"pl-PL","@id":"https:\/\/monpari.pl\/#\/schema\/logo\/image\/","url":"https:\/\/monpari.pl\/wp-content\/uploads\/2023\/09\/MONPARI.png","contentUrl":"https:\/\/monpari.pl\/wp-content\/uploads\/2023\/09\/MONPARI.png","width":660,"height":378,"caption":"monpari.pl"},"image":{"@id":"https:\/\/monpari.pl\/#\/schema\/logo\/image\/"}}]}},"_links":{"self":[{"href":"https:\/\/monpari.pl\/index.php\/wp-json\/wp\/v2\/product\/5190","targetHints":{"allow":["GET"]}}],"collection":[{"href":"https:\/\/monpari.pl\/index.php\/wp-json\/wp\/v2\/product"}],"about":[{"href":"https:\/\/monpari.pl\/index.php\/wp-json\/wp\/v2\/types\/product"}],"replies":[{"embeddable":true,"href":"https:\/\/monpari.pl\/index.php\/wp-json\/wp\/v2\/comments?post=5190"}],"version-history":[{"count":1,"href":"https:\/\/monpari.pl\/index.php\/wp-json\/wp\/v2\/product\/5190\/revisions"}],"predecessor-version":[{"id":5202,"href":"https:\/\/monpari.pl\/index.php\/wp-json\/wp\/v2\/product\/5190\/revisions\/5202"}],"wp:featuredmedia":[{"embeddable":true,"href":"https:\/\/monpari.pl\/index.php\/wp-json\/wp\/v2\/media\/5193"}],"wp:attachment":[{"href":"https:\/\/monpari.pl\/index.php\/wp-json\/wp\/v2\/media?parent=5190"}],"wp:term":[{"taxonomy":"product_brand","embeddable":true,"href":"https:\/\/monpari.pl\/index.php\/wp-json\/wp\/v2\/product_brand?post=5190"},{"taxonomy":"product_cat","embeddable":true,"href":"https:\/\/monpari.pl\/index.php\/wp-json\/wp\/v2\/product_cat?post=5190"},{"taxonomy":"product_tag","embeddable":true,"href":"https:\/\/monpari.pl\/index.php\/wp-json\/wp\/v2\/product_tag?post=5190"}],"curies":[{"name":"wp","href":"https:\/\/api.w.org\/{rel}","templated":true}]}}