{"id":5501,"date":"2025-06-11T11:35:55","date_gmt":"2025-06-11T11:35:55","guid":{"rendered":"https:\/\/monpari.pl\/?post_type=product&#038;p=5501"},"modified":"2026-01-14T20:03:14","modified_gmt":"2026-01-14T20:03:14","slug":"krysztalowa-kula-lampka-grawerowana-podswietlana-led-pokemon-pikachu","status":"publish","type":"product","link":"https:\/\/monpari.pl\/index.php\/produkt\/krysztalowa-kula-lampka-grawerowana-podswietlana-led-pokemon-pikachu\/","title":{"rendered":"Kryszta\u0142owa kula lampka Grawerowana pod\u015bwietlana LED POKEMON PIKACHU"},"content":{"rendered":"<h2>\u2728Kryszta\u0142owa kula lampka 3D Grawerowana POKEMON PIKACHU pod\u015bwietlana LED \u2728<\/h2>\n<p>\u2714\ufe0f<b>Artystyczna lampka nocna<\/b>: ma\u0142a szklana kula LED s\u0142u\u017cy jako artystyczna lampka nocna, kt\u00f3ra emituje delikatny i koj\u0105cy blask. U\u017cyj go jako lampki nocnej, aby doda\u0107 elegancji swojej sypialni, dzi\u0119ki czemu ten element b\u0119dzie wspania\u0142ym dodatkiem do wystroju domu lub biura.<\/p>\n<h1>\u2728Cechy produktu\u2728<\/h1>\n<p><b>\u2705<\/b>Znakomity projekt kryszta\u0142owej kuli grawerowanej laserowo 3D\u00a0<b>\u2705<\/b>Podstawa wykonana jest z naturalnego i wytrzyma\u0142ego drewna bukowego, kt\u00f3re ma ciep\u0142y ton i d\u0142ug\u0105 \u017cywotno\u015b\u0107 bez farby i szkodliwych substancji.<\/p>\n<p><b>\u2705<\/b>Marzycielska kryszta\u0142owa kula i czysta drewniana podstawa doskonale \u0142\u0105cz\u0105 si\u0119, tworz\u0105c czaruj\u0105cy arcydzie\u0142o, kt\u00f3re urzeka ka\u017cdego, kto go zobaczy.<\/p>\n<p><b>\u2705Przemy\u015blany i elegancki prezent:<\/b>\u00a0wyj\u0105tkowa i elegancka lampka nocna PIKACHU ma urzekaj\u0105cy urok, kt\u00f3ry podoba si\u0119 osobom w ka\u017cdym wieku. Podaruj t\u0119 lampk\u0119 nocn\u0105 jako ciep\u0142y i przemy\u015blany prezent na urodziny, rocznice lub specjalne okazje.<\/p>\n<p>&nbsp;<\/p>\n<p><b>\u27a1\ufe0fZasilanie przez USB dla wygody:<\/b>\u00a0szklan\u0105 lampk\u0119 nocn\u0105 mo\u017cna \u0142atwo zasila\u0107 przez USB, co zapewnia wygodne opcje u\u017cytkowania. Niezale\u017cnie od tego, czy zdecydujesz si\u0119 pod\u0142\u0105czy\u0107 go do komputera, power banku czy adaptera \u015bciennego, mo\u017cesz cieszy\u0107 si\u0119 czaruj\u0105cym pi\u0119knem tego elementu dekoracyjnego, nie martwi\u0105c si\u0119 o wymian\u0119 baterii.<\/p>\n<p><b>\u27a1\ufe0f<\/b>Materia\u0142: kryszta\u0142owa kula + drewniana podstawa<\/p>\n<p><b>\u27a1\ufe0f<\/b>Waga: 210g<\/p>\n<p><b>\u27a1\ufe0f<\/b>Tryb zasilania: zasilacz USB<\/p>\n<p><b>\u27a1\ufe0f<\/b>D\u0142ugo\u015b\u0107 kabla USB: 100 cm<\/p>\n<p><b>\u27a1\ufe0f<\/b>Moc: 0,5 w<\/p>\n","protected":false},"excerpt":{"rendered":"<p><b>\u2705<\/b>Znakomity projekt kryszta\u0142owej kuli grawerowanej laserowo 3D Pokemon Pikachu<\/p>\n","protected":false},"featured_media":5504,"comment_status":"open","ping_status":"closed","template":"","meta":{"_seopress_robots_primary_cat":"","_seopress_titles_title":"Kryszta\u0142owa kula lampka Grawerowana pod\u015bwietlana LED POKEMON PIKACHU","_seopress_titles_desc":"\u2705Ma\u0142a szklana kula lampka nocna, emituje delikatny i koj\u0105cy blask. U\u017cyj go jako lampki nocnej, aby doda\u0107 elegancji swojej sypialni Pokemon Pikachu","_seopress_robots_index":""},"product_brand":[],"product_cat":[468,77],"product_tag":[],"class_list":{"0":"post-5501","1":"product","2":"type-product","3":"status-publish","4":"has-post-thumbnail","6":"product_cat-lampki","7":"product_cat-nowosci","9":"first","10":"instock","11":"taxable","12":"shipping-taxable","13":"purchasable","14":"product-type-simple"},"yoast_head":"<!-- This site is optimized with the Yoast SEO plugin v27.4 - https:\/\/yoast.com\/product\/yoast-seo-wordpress\/ -->\n<title>Kryszta\u0142owa kula lampka Grawerowana pod\u015bwietlana LED POKEMON PIKACHU - Monpari.pl<\/title>\n<meta name=\"robots\" content=\"index, follow, max-snippet:-1, max-image-preview:large, max-video-preview:-1\" \/>\n<link rel=\"canonical\" href=\"https:\/\/monpari.pl\/index.php\/produkt\/krysztalowa-kula-lampka-grawerowana-podswietlana-led-pokemon-pikachu\/\" \/>\n<meta property=\"og:locale\" content=\"pl_PL\" \/>\n<meta property=\"og:type\" content=\"article\" \/>\n<meta property=\"og:title\" content=\"Kryszta\u0142owa kula lampka Grawerowana pod\u015bwietlana LED POKEMON PIKACHU - Monpari.pl\" \/>\n<meta property=\"og:description\" content=\"\u2705Znakomity projekt kryszta\u0142owej kuli grawerowanej laserowo 3D Pokemon Pikachu\" \/>\n<meta property=\"og:url\" content=\"https:\/\/monpari.pl\/index.php\/produkt\/krysztalowa-kula-lampka-grawerowana-podswietlana-led-pokemon-pikachu\/\" \/>\n<meta property=\"og:site_name\" content=\"Monpari.pl\" \/>\n<meta property=\"article:modified_time\" content=\"2026-01-14T20:03:14+00:00\" \/>\n<meta property=\"og:image\" content=\"https:\/\/monpari.pl\/wp-content\/uploads\/2025\/06\/monpari-lampka-kula-grawerowana-pikachu-pokemon-1.webp\" \/>\n\t<meta property=\"og:image:width\" content=\"1200\" \/>\n\t<meta property=\"og:image:height\" content=\"1200\" \/>\n\t<meta property=\"og:image:type\" content=\"image\/webp\" \/>\n<meta name=\"twitter:card\" content=\"summary_large_image\" \/>\n<meta name=\"twitter:label1\" content=\"Szacowany czas czytania\" \/>\n\t<meta name=\"twitter:data1\" content=\"1 minuta\" \/>\n<script type=\"application\/ld+json\" class=\"yoast-schema-graph\">{\"@context\":\"https:\\\/\\\/schema.org\",\"@graph\":[{\"@type\":\"WebPage\",\"@id\":\"https:\\\/\\\/monpari.pl\\\/index.php\\\/produkt\\\/krysztalowa-kula-lampka-grawerowana-podswietlana-led-pokemon-pikachu\\\/\",\"url\":\"https:\\\/\\\/monpari.pl\\\/index.php\\\/produkt\\\/krysztalowa-kula-lampka-grawerowana-podswietlana-led-pokemon-pikachu\\\/\",\"name\":\"Kryszta\u0142owa kula lampka Grawerowana pod\u015bwietlana LED POKEMON PIKACHU - Monpari.pl\",\"isPartOf\":{\"@id\":\"https:\\\/\\\/monpari.pl\\\/#website\"},\"primaryImageOfPage\":{\"@id\":\"https:\\\/\\\/monpari.pl\\\/index.php\\\/produkt\\\/krysztalowa-kula-lampka-grawerowana-podswietlana-led-pokemon-pikachu\\\/#primaryimage\"},\"image\":{\"@id\":\"https:\\\/\\\/monpari.pl\\\/index.php\\\/produkt\\\/krysztalowa-kula-lampka-grawerowana-podswietlana-led-pokemon-pikachu\\\/#primaryimage\"},\"thumbnailUrl\":\"https:\\\/\\\/monpari.pl\\\/wp-content\\\/uploads\\\/2025\\\/06\\\/monpari-lampka-kula-grawerowana-pikachu-pokemon-1.webp\",\"datePublished\":\"2025-06-11T11:35:55+00:00\",\"dateModified\":\"2026-01-14T20:03:14+00:00\",\"breadcrumb\":{\"@id\":\"https:\\\/\\\/monpari.pl\\\/index.php\\\/produkt\\\/krysztalowa-kula-lampka-grawerowana-podswietlana-led-pokemon-pikachu\\\/#breadcrumb\"},\"inLanguage\":\"pl-PL\",\"potentialAction\":[{\"@type\":\"ReadAction\",\"target\":[\"https:\\\/\\\/monpari.pl\\\/index.php\\\/produkt\\\/krysztalowa-kula-lampka-grawerowana-podswietlana-led-pokemon-pikachu\\\/\"]}]},{\"@type\":\"ImageObject\",\"inLanguage\":\"pl-PL\",\"@id\":\"https:\\\/\\\/monpari.pl\\\/index.php\\\/produkt\\\/krysztalowa-kula-lampka-grawerowana-podswietlana-led-pokemon-pikachu\\\/#primaryimage\",\"url\":\"https:\\\/\\\/monpari.pl\\\/wp-content\\\/uploads\\\/2025\\\/06\\\/monpari-lampka-kula-grawerowana-pikachu-pokemon-1.webp\",\"contentUrl\":\"https:\\\/\\\/monpari.pl\\\/wp-content\\\/uploads\\\/2025\\\/06\\\/monpari-lampka-kula-grawerowana-pikachu-pokemon-1.webp\",\"width\":1200,\"height\":1200},{\"@type\":\"BreadcrumbList\",\"@id\":\"https:\\\/\\\/monpari.pl\\\/index.php\\\/produkt\\\/krysztalowa-kula-lampka-grawerowana-podswietlana-led-pokemon-pikachu\\\/#breadcrumb\",\"itemListElement\":[{\"@type\":\"ListItem\",\"position\":1,\"name\":\"Strona g\u0142\u00f3wna\",\"item\":\"https:\\\/\\\/monpari.pl\\\/\"},{\"@type\":\"ListItem\",\"position\":2,\"name\":\"Sklep\",\"item\":\"https:\\\/\\\/monpari.pl\\\/index.php\\\/sklep\\\/\"},{\"@type\":\"ListItem\",\"position\":3,\"name\":\"Kryszta\u0142owa kula lampka Grawerowana pod\u015bwietlana LED POKEMON PIKACHU\"}]},{\"@type\":\"WebSite\",\"@id\":\"https:\\\/\\\/monpari.pl\\\/#website\",\"url\":\"https:\\\/\\\/monpari.pl\\\/\",\"name\":\"monpari.pl\",\"description\":\"Klipsy, kolczyki, bi\u017cuteria dla dzieci, artyku\u0142y z postaciami popularnych bajek, prezenty\",\"publisher\":{\"@id\":\"https:\\\/\\\/monpari.pl\\\/#organization\"},\"potentialAction\":[{\"@type\":\"SearchAction\",\"target\":{\"@type\":\"EntryPoint\",\"urlTemplate\":\"https:\\\/\\\/monpari.pl\\\/?s={search_term_string}\"},\"query-input\":{\"@type\":\"PropertyValueSpecification\",\"valueRequired\":true,\"valueName\":\"search_term_string\"}}],\"inLanguage\":\"pl-PL\"},{\"@type\":\"Organization\",\"@id\":\"https:\\\/\\\/monpari.pl\\\/#organization\",\"name\":\"monpari.pl\",\"url\":\"https:\\\/\\\/monpari.pl\\\/\",\"logo\":{\"@type\":\"ImageObject\",\"inLanguage\":\"pl-PL\",\"@id\":\"https:\\\/\\\/monpari.pl\\\/#\\\/schema\\\/logo\\\/image\\\/\",\"url\":\"https:\\\/\\\/monpari.pl\\\/wp-content\\\/uploads\\\/2023\\\/09\\\/MONPARI.png\",\"contentUrl\":\"https:\\\/\\\/monpari.pl\\\/wp-content\\\/uploads\\\/2023\\\/09\\\/MONPARI.png\",\"width\":660,\"height\":378,\"caption\":\"monpari.pl\"},\"image\":{\"@id\":\"https:\\\/\\\/monpari.pl\\\/#\\\/schema\\\/logo\\\/image\\\/\"}}]}<\/script>\n<!-- \/ Yoast SEO plugin. -->","yoast_head_json":{"title":"Kryszta\u0142owa kula lampka Grawerowana pod\u015bwietlana LED POKEMON PIKACHU - Monpari.pl","robots":{"index":"index","follow":"follow","max-snippet":"max-snippet:-1","max-image-preview":"max-image-preview:large","max-video-preview":"max-video-preview:-1"},"canonical":"https:\/\/monpari.pl\/index.php\/produkt\/krysztalowa-kula-lampka-grawerowana-podswietlana-led-pokemon-pikachu\/","og_locale":"pl_PL","og_type":"article","og_title":"Kryszta\u0142owa kula lampka Grawerowana pod\u015bwietlana LED POKEMON PIKACHU - Monpari.pl","og_description":"\u2705Znakomity projekt kryszta\u0142owej kuli grawerowanej laserowo 3D Pokemon Pikachu","og_url":"https:\/\/monpari.pl\/index.php\/produkt\/krysztalowa-kula-lampka-grawerowana-podswietlana-led-pokemon-pikachu\/","og_site_name":"Monpari.pl","article_modified_time":"2026-01-14T20:03:14+00:00","og_image":[{"width":1200,"height":1200,"url":"https:\/\/monpari.pl\/wp-content\/uploads\/2025\/06\/monpari-lampka-kula-grawerowana-pikachu-pokemon-1.webp","type":"image\/webp"}],"twitter_card":"summary_large_image","twitter_misc":{"Szacowany czas czytania":"1 minuta"},"schema":{"@context":"https:\/\/schema.org","@graph":[{"@type":"WebPage","@id":"https:\/\/monpari.pl\/index.php\/produkt\/krysztalowa-kula-lampka-grawerowana-podswietlana-led-pokemon-pikachu\/","url":"https:\/\/monpari.pl\/index.php\/produkt\/krysztalowa-kula-lampka-grawerowana-podswietlana-led-pokemon-pikachu\/","name":"Kryszta\u0142owa kula lampka Grawerowana pod\u015bwietlana LED POKEMON PIKACHU - Monpari.pl","isPartOf":{"@id":"https:\/\/monpari.pl\/#website"},"primaryImageOfPage":{"@id":"https:\/\/monpari.pl\/index.php\/produkt\/krysztalowa-kula-lampka-grawerowana-podswietlana-led-pokemon-pikachu\/#primaryimage"},"image":{"@id":"https:\/\/monpari.pl\/index.php\/produkt\/krysztalowa-kula-lampka-grawerowana-podswietlana-led-pokemon-pikachu\/#primaryimage"},"thumbnailUrl":"https:\/\/monpari.pl\/wp-content\/uploads\/2025\/06\/monpari-lampka-kula-grawerowana-pikachu-pokemon-1.webp","datePublished":"2025-06-11T11:35:55+00:00","dateModified":"2026-01-14T20:03:14+00:00","breadcrumb":{"@id":"https:\/\/monpari.pl\/index.php\/produkt\/krysztalowa-kula-lampka-grawerowana-podswietlana-led-pokemon-pikachu\/#breadcrumb"},"inLanguage":"pl-PL","potentialAction":[{"@type":"ReadAction","target":["https:\/\/monpari.pl\/index.php\/produkt\/krysztalowa-kula-lampka-grawerowana-podswietlana-led-pokemon-pikachu\/"]}]},{"@type":"ImageObject","inLanguage":"pl-PL","@id":"https:\/\/monpari.pl\/index.php\/produkt\/krysztalowa-kula-lampka-grawerowana-podswietlana-led-pokemon-pikachu\/#primaryimage","url":"https:\/\/monpari.pl\/wp-content\/uploads\/2025\/06\/monpari-lampka-kula-grawerowana-pikachu-pokemon-1.webp","contentUrl":"https:\/\/monpari.pl\/wp-content\/uploads\/2025\/06\/monpari-lampka-kula-grawerowana-pikachu-pokemon-1.webp","width":1200,"height":1200},{"@type":"BreadcrumbList","@id":"https:\/\/monpari.pl\/index.php\/produkt\/krysztalowa-kula-lampka-grawerowana-podswietlana-led-pokemon-pikachu\/#breadcrumb","itemListElement":[{"@type":"ListItem","position":1,"name":"Strona g\u0142\u00f3wna","item":"https:\/\/monpari.pl\/"},{"@type":"ListItem","position":2,"name":"Sklep","item":"https:\/\/monpari.pl\/index.php\/sklep\/"},{"@type":"ListItem","position":3,"name":"Kryszta\u0142owa kula lampka Grawerowana pod\u015bwietlana LED POKEMON PIKACHU"}]},{"@type":"WebSite","@id":"https:\/\/monpari.pl\/#website","url":"https:\/\/monpari.pl\/","name":"monpari.pl","description":"Klipsy, kolczyki, bi\u017cuteria dla dzieci, artyku\u0142y z postaciami popularnych bajek, prezenty","publisher":{"@id":"https:\/\/monpari.pl\/#organization"},"potentialAction":[{"@type":"SearchAction","target":{"@type":"EntryPoint","urlTemplate":"https:\/\/monpari.pl\/?s={search_term_string}"},"query-input":{"@type":"PropertyValueSpecification","valueRequired":true,"valueName":"search_term_string"}}],"inLanguage":"pl-PL"},{"@type":"Organization","@id":"https:\/\/monpari.pl\/#organization","name":"monpari.pl","url":"https:\/\/monpari.pl\/","logo":{"@type":"ImageObject","inLanguage":"pl-PL","@id":"https:\/\/monpari.pl\/#\/schema\/logo\/image\/","url":"https:\/\/monpari.pl\/wp-content\/uploads\/2023\/09\/MONPARI.png","contentUrl":"https:\/\/monpari.pl\/wp-content\/uploads\/2023\/09\/MONPARI.png","width":660,"height":378,"caption":"monpari.pl"},"image":{"@id":"https:\/\/monpari.pl\/#\/schema\/logo\/image\/"}}]}},"_links":{"self":[{"href":"https:\/\/monpari.pl\/index.php\/wp-json\/wp\/v2\/product\/5501","targetHints":{"allow":["GET"]}}],"collection":[{"href":"https:\/\/monpari.pl\/index.php\/wp-json\/wp\/v2\/product"}],"about":[{"href":"https:\/\/monpari.pl\/index.php\/wp-json\/wp\/v2\/types\/product"}],"replies":[{"embeddable":true,"href":"https:\/\/monpari.pl\/index.php\/wp-json\/wp\/v2\/comments?post=5501"}],"version-history":[{"count":2,"href":"https:\/\/monpari.pl\/index.php\/wp-json\/wp\/v2\/product\/5501\/revisions"}],"predecessor-version":[{"id":5514,"href":"https:\/\/monpari.pl\/index.php\/wp-json\/wp\/v2\/product\/5501\/revisions\/5514"}],"wp:featuredmedia":[{"embeddable":true,"href":"https:\/\/monpari.pl\/index.php\/wp-json\/wp\/v2\/media\/5504"}],"wp:attachment":[{"href":"https:\/\/monpari.pl\/index.php\/wp-json\/wp\/v2\/media?parent=5501"}],"wp:term":[{"taxonomy":"product_brand","embeddable":true,"href":"https:\/\/monpari.pl\/index.php\/wp-json\/wp\/v2\/product_brand?post=5501"},{"taxonomy":"product_cat","embeddable":true,"href":"https:\/\/monpari.pl\/index.php\/wp-json\/wp\/v2\/product_cat?post=5501"},{"taxonomy":"product_tag","embeddable":true,"href":"https:\/\/monpari.pl\/index.php\/wp-json\/wp\/v2\/product_tag?post=5501"}],"curies":[{"name":"wp","href":"https:\/\/api.w.org\/{rel}","templated":true}]}}