{"id":5577,"date":"2025-06-27T15:43:40","date_gmt":"2025-06-27T15:43:40","guid":{"rendered":"https:\/\/monpari.pl\/?post_type=product&#038;p=5577"},"modified":"2025-11-26T20:34:27","modified_gmt":"2025-11-26T20:34:27","slug":"krysztalowa-kula-lampka-grawerowana-obrotowa-usb-led-stitch-2","status":"publish","type":"product","link":"https:\/\/monpari.pl\/index.php\/produkt\/krysztalowa-kula-lampka-grawerowana-obrotowa-usb-led-stitch-2\/","title":{"rendered":"Kryszta\u0142owa kula lampka Grawerowana Obrotowa USB Led STITCH"},"content":{"rendered":"<h2>\u2728<strong>Kryszta\u0142owa kula lampka 3D Grawerowana STITCH LED OBROTOWA<\/strong>\u2728<\/h2>\n<p>\u2714\ufe0f<b>Artystyczna lampka nocna<\/b>: ma\u0142a szklana kula LED s\u0142u\u017cy jako artystyczna lampka nocna, kt\u00f3ra emituje delikatny i koj\u0105cy blask. U\u017cyj go jako lampki nocnej, aby doda\u0107 elegancji swojej sypialni, dzi\u0119ki czemu ten element b\u0119dzie wspania\u0142ym dodatkiem do wystroju domu lub biura.<\/p>\n<h2>\u2728<strong>Cechy produktu<\/strong>\u2728<\/h2>\n<p><b>\u2705<\/b>Znakomity projekt kryszta\u0142owej kuli grawerowanej laserowo 3D<\/p>\n<p><b>\u2705\u00a0<\/b><strong>Obraca si\u0119 360 stopni<\/strong><\/p>\n<p><b>\u2705Przemy\u015blany i elegancki prezent:<\/b>\u00a0wyj\u0105tkowa i elegancka lampka nocna STITCH ma urzekaj\u0105cy urok, kt\u00f3ry podoba si\u0119 osobom w ka\u017cdym wieku. Podaruj t\u0119 lampk\u0119 nocn\u0105 jako ciep\u0142y i przemy\u015blany prezent na urodziny, rocznice lub specjalne okazje.<\/p>\n<h2><strong>\u2728Specyfikacja\u2728<\/strong><\/h2>\n<p><b>\u27a1\ufe0fZasilanie przez USB dla wygody:<\/b>\u00a0szklan\u0105 lampk\u0119 nocn\u0105 mo\u017cna \u0142atwo zasila\u0107 przez USB, co zapewnia wygodne opcje u\u017cytkowania. Niezale\u017cnie od tego, czy zdecydujesz si\u0119 pod\u0142\u0105czy\u0107 go do komputera, power banku czy adaptera \u015bciennego, mo\u017cesz cieszy\u0107 si\u0119 czaruj\u0105cym pi\u0119knem tego elementu dekoracyjnego, nie martwi\u0105c si\u0119 o wymian\u0119 baterii.<\/p>\n<p><b>\u27a1\ufe0f<\/b>kryszta\u0142owa kula + podstawa<\/p>\n<p><b>\u27a1\ufe0f<\/b>Waga: 210g<\/p>\n<p><b>\u27a1\ufe0f<\/b>Tryb zasilania: zasilacz USB<\/p>\n<p><b>\u27a1\ufe0f<\/b>D\u0142ugo\u015b\u0107 kabla USB: 100 cm<\/p>\n<p><b>\u27a1\ufe0f<\/b>Moc: 0,5 w<\/p>\n<p><b>\u27a1\ufe0f\u00a0<\/b>Wymiary lampki z podstaw\u0105: szer: 8cm, wys: 11cm<\/p>\n<p>&nbsp;<\/p>\n","protected":false},"excerpt":{"rendered":"<p><b>\u2705<\/b>Znakomity projekt kryszta\u0142owej kuli grawerowanej laserowo 3D LILO &amp; STITCH<\/p>\n","protected":false},"featured_media":5578,"comment_status":"closed","ping_status":"closed","template":"","meta":{"_seopress_robots_primary_cat":"none","_seopress_titles_title":"Kryszta\u0142owa kula lampka Grawerowana Obrotowa USB Led STITCH","_seopress_titles_desc":"\u2705Ma\u0142a szklana kula lampka nocna, emituje delikatny i koj\u0105cy blask. U\u017cyj go jako lampki nocnej, aby doda\u0107 elegancji swojej sypialni Lilo & Stitch","_seopress_robots_index":""},"product_brand":[],"product_cat":[468],"product_tag":[],"class_list":{"0":"post-5577","1":"product","2":"type-product","3":"status-publish","4":"has-post-thumbnail","6":"product_cat-lampki","8":"first","9":"outofstock","10":"taxable","11":"shipping-taxable","12":"purchasable","13":"product-type-simple"},"yoast_head":"<!-- This site is optimized with the Yoast SEO plugin v27.4 - https:\/\/yoast.com\/product\/yoast-seo-wordpress\/ -->\n<title>Kryszta\u0142owa kula lampka Grawerowana Obrotowa USB Led STITCH - Monpari.pl<\/title>\n<meta name=\"robots\" content=\"index, follow, max-snippet:-1, max-image-preview:large, max-video-preview:-1\" \/>\n<link rel=\"canonical\" href=\"https:\/\/monpari.pl\/index.php\/produkt\/krysztalowa-kula-lampka-grawerowana-obrotowa-usb-led-stitch-2\/\" \/>\n<meta property=\"og:locale\" content=\"pl_PL\" \/>\n<meta property=\"og:type\" content=\"article\" \/>\n<meta property=\"og:title\" content=\"Kryszta\u0142owa kula lampka Grawerowana Obrotowa USB Led STITCH - Monpari.pl\" \/>\n<meta property=\"og:description\" content=\"\u2705Znakomity projekt kryszta\u0142owej kuli grawerowanej laserowo 3D LILO &amp; STITCH\" \/>\n<meta property=\"og:url\" content=\"https:\/\/monpari.pl\/index.php\/produkt\/krysztalowa-kula-lampka-grawerowana-obrotowa-usb-led-stitch-2\/\" \/>\n<meta property=\"og:site_name\" content=\"Monpari.pl\" \/>\n<meta property=\"article:modified_time\" content=\"2025-11-26T20:34:27+00:00\" \/>\n<meta property=\"og:image\" content=\"https:\/\/monpari.pl\/wp-content\/uploads\/2025\/06\/AnyConv.com__kolczyki-dla-dziewczynki-20.webp\" \/>\n\t<meta property=\"og:image:width\" content=\"1200\" \/>\n\t<meta property=\"og:image:height\" content=\"1200\" \/>\n\t<meta property=\"og:image:type\" content=\"image\/webp\" \/>\n<meta name=\"twitter:card\" content=\"summary_large_image\" \/>\n<meta name=\"twitter:label1\" content=\"Szacowany czas czytania\" \/>\n\t<meta name=\"twitter:data1\" content=\"1 minuta\" \/>\n<script type=\"application\/ld+json\" class=\"yoast-schema-graph\">{\"@context\":\"https:\\\/\\\/schema.org\",\"@graph\":[{\"@type\":\"WebPage\",\"@id\":\"https:\\\/\\\/monpari.pl\\\/index.php\\\/produkt\\\/krysztalowa-kula-lampka-grawerowana-obrotowa-usb-led-stitch-2\\\/\",\"url\":\"https:\\\/\\\/monpari.pl\\\/index.php\\\/produkt\\\/krysztalowa-kula-lampka-grawerowana-obrotowa-usb-led-stitch-2\\\/\",\"name\":\"Kryszta\u0142owa kula lampka Grawerowana Obrotowa USB Led STITCH - Monpari.pl\",\"isPartOf\":{\"@id\":\"https:\\\/\\\/monpari.pl\\\/#website\"},\"primaryImageOfPage\":{\"@id\":\"https:\\\/\\\/monpari.pl\\\/index.php\\\/produkt\\\/krysztalowa-kula-lampka-grawerowana-obrotowa-usb-led-stitch-2\\\/#primaryimage\"},\"image\":{\"@id\":\"https:\\\/\\\/monpari.pl\\\/index.php\\\/produkt\\\/krysztalowa-kula-lampka-grawerowana-obrotowa-usb-led-stitch-2\\\/#primaryimage\"},\"thumbnailUrl\":\"https:\\\/\\\/monpari.pl\\\/wp-content\\\/uploads\\\/2025\\\/06\\\/AnyConv.com__kolczyki-dla-dziewczynki-20.webp\",\"datePublished\":\"2025-06-27T15:43:40+00:00\",\"dateModified\":\"2025-11-26T20:34:27+00:00\",\"breadcrumb\":{\"@id\":\"https:\\\/\\\/monpari.pl\\\/index.php\\\/produkt\\\/krysztalowa-kula-lampka-grawerowana-obrotowa-usb-led-stitch-2\\\/#breadcrumb\"},\"inLanguage\":\"pl-PL\",\"potentialAction\":[{\"@type\":\"ReadAction\",\"target\":[\"https:\\\/\\\/monpari.pl\\\/index.php\\\/produkt\\\/krysztalowa-kula-lampka-grawerowana-obrotowa-usb-led-stitch-2\\\/\"]}]},{\"@type\":\"ImageObject\",\"inLanguage\":\"pl-PL\",\"@id\":\"https:\\\/\\\/monpari.pl\\\/index.php\\\/produkt\\\/krysztalowa-kula-lampka-grawerowana-obrotowa-usb-led-stitch-2\\\/#primaryimage\",\"url\":\"https:\\\/\\\/monpari.pl\\\/wp-content\\\/uploads\\\/2025\\\/06\\\/AnyConv.com__kolczyki-dla-dziewczynki-20.webp\",\"contentUrl\":\"https:\\\/\\\/monpari.pl\\\/wp-content\\\/uploads\\\/2025\\\/06\\\/AnyConv.com__kolczyki-dla-dziewczynki-20.webp\",\"width\":1200,\"height\":1200},{\"@type\":\"BreadcrumbList\",\"@id\":\"https:\\\/\\\/monpari.pl\\\/index.php\\\/produkt\\\/krysztalowa-kula-lampka-grawerowana-obrotowa-usb-led-stitch-2\\\/#breadcrumb\",\"itemListElement\":[{\"@type\":\"ListItem\",\"position\":1,\"name\":\"Strona g\u0142\u00f3wna\",\"item\":\"https:\\\/\\\/monpari.pl\\\/\"},{\"@type\":\"ListItem\",\"position\":2,\"name\":\"Sklep\",\"item\":\"https:\\\/\\\/monpari.pl\\\/index.php\\\/sklep\\\/\"},{\"@type\":\"ListItem\",\"position\":3,\"name\":\"Kryszta\u0142owa kula lampka Grawerowana Obrotowa USB Led STITCH\"}]},{\"@type\":\"WebSite\",\"@id\":\"https:\\\/\\\/monpari.pl\\\/#website\",\"url\":\"https:\\\/\\\/monpari.pl\\\/\",\"name\":\"monpari.pl\",\"description\":\"Klipsy, kolczyki, bi\u017cuteria dla dzieci, artyku\u0142y z postaciami popularnych bajek, prezenty\",\"publisher\":{\"@id\":\"https:\\\/\\\/monpari.pl\\\/#organization\"},\"potentialAction\":[{\"@type\":\"SearchAction\",\"target\":{\"@type\":\"EntryPoint\",\"urlTemplate\":\"https:\\\/\\\/monpari.pl\\\/?s={search_term_string}\"},\"query-input\":{\"@type\":\"PropertyValueSpecification\",\"valueRequired\":true,\"valueName\":\"search_term_string\"}}],\"inLanguage\":\"pl-PL\"},{\"@type\":\"Organization\",\"@id\":\"https:\\\/\\\/monpari.pl\\\/#organization\",\"name\":\"monpari.pl\",\"url\":\"https:\\\/\\\/monpari.pl\\\/\",\"logo\":{\"@type\":\"ImageObject\",\"inLanguage\":\"pl-PL\",\"@id\":\"https:\\\/\\\/monpari.pl\\\/#\\\/schema\\\/logo\\\/image\\\/\",\"url\":\"https:\\\/\\\/monpari.pl\\\/wp-content\\\/uploads\\\/2023\\\/09\\\/MONPARI.png\",\"contentUrl\":\"https:\\\/\\\/monpari.pl\\\/wp-content\\\/uploads\\\/2023\\\/09\\\/MONPARI.png\",\"width\":660,\"height\":378,\"caption\":\"monpari.pl\"},\"image\":{\"@id\":\"https:\\\/\\\/monpari.pl\\\/#\\\/schema\\\/logo\\\/image\\\/\"}}]}<\/script>\n<!-- \/ Yoast SEO plugin. -->","yoast_head_json":{"title":"Kryszta\u0142owa kula lampka Grawerowana Obrotowa USB Led STITCH - Monpari.pl","robots":{"index":"index","follow":"follow","max-snippet":"max-snippet:-1","max-image-preview":"max-image-preview:large","max-video-preview":"max-video-preview:-1"},"canonical":"https:\/\/monpari.pl\/index.php\/produkt\/krysztalowa-kula-lampka-grawerowana-obrotowa-usb-led-stitch-2\/","og_locale":"pl_PL","og_type":"article","og_title":"Kryszta\u0142owa kula lampka Grawerowana Obrotowa USB Led STITCH - Monpari.pl","og_description":"\u2705Znakomity projekt kryszta\u0142owej kuli grawerowanej laserowo 3D LILO &amp; STITCH","og_url":"https:\/\/monpari.pl\/index.php\/produkt\/krysztalowa-kula-lampka-grawerowana-obrotowa-usb-led-stitch-2\/","og_site_name":"Monpari.pl","article_modified_time":"2025-11-26T20:34:27+00:00","og_image":[{"width":1200,"height":1200,"url":"https:\/\/monpari.pl\/wp-content\/uploads\/2025\/06\/AnyConv.com__kolczyki-dla-dziewczynki-20.webp","type":"image\/webp"}],"twitter_card":"summary_large_image","twitter_misc":{"Szacowany czas czytania":"1 minuta"},"schema":{"@context":"https:\/\/schema.org","@graph":[{"@type":"WebPage","@id":"https:\/\/monpari.pl\/index.php\/produkt\/krysztalowa-kula-lampka-grawerowana-obrotowa-usb-led-stitch-2\/","url":"https:\/\/monpari.pl\/index.php\/produkt\/krysztalowa-kula-lampka-grawerowana-obrotowa-usb-led-stitch-2\/","name":"Kryszta\u0142owa kula lampka Grawerowana Obrotowa USB Led STITCH - Monpari.pl","isPartOf":{"@id":"https:\/\/monpari.pl\/#website"},"primaryImageOfPage":{"@id":"https:\/\/monpari.pl\/index.php\/produkt\/krysztalowa-kula-lampka-grawerowana-obrotowa-usb-led-stitch-2\/#primaryimage"},"image":{"@id":"https:\/\/monpari.pl\/index.php\/produkt\/krysztalowa-kula-lampka-grawerowana-obrotowa-usb-led-stitch-2\/#primaryimage"},"thumbnailUrl":"https:\/\/monpari.pl\/wp-content\/uploads\/2025\/06\/AnyConv.com__kolczyki-dla-dziewczynki-20.webp","datePublished":"2025-06-27T15:43:40+00:00","dateModified":"2025-11-26T20:34:27+00:00","breadcrumb":{"@id":"https:\/\/monpari.pl\/index.php\/produkt\/krysztalowa-kula-lampka-grawerowana-obrotowa-usb-led-stitch-2\/#breadcrumb"},"inLanguage":"pl-PL","potentialAction":[{"@type":"ReadAction","target":["https:\/\/monpari.pl\/index.php\/produkt\/krysztalowa-kula-lampka-grawerowana-obrotowa-usb-led-stitch-2\/"]}]},{"@type":"ImageObject","inLanguage":"pl-PL","@id":"https:\/\/monpari.pl\/index.php\/produkt\/krysztalowa-kula-lampka-grawerowana-obrotowa-usb-led-stitch-2\/#primaryimage","url":"https:\/\/monpari.pl\/wp-content\/uploads\/2025\/06\/AnyConv.com__kolczyki-dla-dziewczynki-20.webp","contentUrl":"https:\/\/monpari.pl\/wp-content\/uploads\/2025\/06\/AnyConv.com__kolczyki-dla-dziewczynki-20.webp","width":1200,"height":1200},{"@type":"BreadcrumbList","@id":"https:\/\/monpari.pl\/index.php\/produkt\/krysztalowa-kula-lampka-grawerowana-obrotowa-usb-led-stitch-2\/#breadcrumb","itemListElement":[{"@type":"ListItem","position":1,"name":"Strona g\u0142\u00f3wna","item":"https:\/\/monpari.pl\/"},{"@type":"ListItem","position":2,"name":"Sklep","item":"https:\/\/monpari.pl\/index.php\/sklep\/"},{"@type":"ListItem","position":3,"name":"Kryszta\u0142owa kula lampka Grawerowana Obrotowa USB Led STITCH"}]},{"@type":"WebSite","@id":"https:\/\/monpari.pl\/#website","url":"https:\/\/monpari.pl\/","name":"monpari.pl","description":"Klipsy, kolczyki, bi\u017cuteria dla dzieci, artyku\u0142y z postaciami popularnych bajek, prezenty","publisher":{"@id":"https:\/\/monpari.pl\/#organization"},"potentialAction":[{"@type":"SearchAction","target":{"@type":"EntryPoint","urlTemplate":"https:\/\/monpari.pl\/?s={search_term_string}"},"query-input":{"@type":"PropertyValueSpecification","valueRequired":true,"valueName":"search_term_string"}}],"inLanguage":"pl-PL"},{"@type":"Organization","@id":"https:\/\/monpari.pl\/#organization","name":"monpari.pl","url":"https:\/\/monpari.pl\/","logo":{"@type":"ImageObject","inLanguage":"pl-PL","@id":"https:\/\/monpari.pl\/#\/schema\/logo\/image\/","url":"https:\/\/monpari.pl\/wp-content\/uploads\/2023\/09\/MONPARI.png","contentUrl":"https:\/\/monpari.pl\/wp-content\/uploads\/2023\/09\/MONPARI.png","width":660,"height":378,"caption":"monpari.pl"},"image":{"@id":"https:\/\/monpari.pl\/#\/schema\/logo\/image\/"}}]}},"_links":{"self":[{"href":"https:\/\/monpari.pl\/index.php\/wp-json\/wp\/v2\/product\/5577","targetHints":{"allow":["GET"]}}],"collection":[{"href":"https:\/\/monpari.pl\/index.php\/wp-json\/wp\/v2\/product"}],"about":[{"href":"https:\/\/monpari.pl\/index.php\/wp-json\/wp\/v2\/types\/product"}],"replies":[{"embeddable":true,"href":"https:\/\/monpari.pl\/index.php\/wp-json\/wp\/v2\/comments?post=5577"}],"version-history":[{"count":1,"href":"https:\/\/monpari.pl\/index.php\/wp-json\/wp\/v2\/product\/5577\/revisions"}],"predecessor-version":[{"id":5579,"href":"https:\/\/monpari.pl\/index.php\/wp-json\/wp\/v2\/product\/5577\/revisions\/5579"}],"wp:featuredmedia":[{"embeddable":true,"href":"https:\/\/monpari.pl\/index.php\/wp-json\/wp\/v2\/media\/5578"}],"wp:attachment":[{"href":"https:\/\/monpari.pl\/index.php\/wp-json\/wp\/v2\/media?parent=5577"}],"wp:term":[{"taxonomy":"product_brand","embeddable":true,"href":"https:\/\/monpari.pl\/index.php\/wp-json\/wp\/v2\/product_brand?post=5577"},{"taxonomy":"product_cat","embeddable":true,"href":"https:\/\/monpari.pl\/index.php\/wp-json\/wp\/v2\/product_cat?post=5577"},{"taxonomy":"product_tag","embeddable":true,"href":"https:\/\/monpari.pl\/index.php\/wp-json\/wp\/v2\/product_tag?post=5577"}],"curies":[{"name":"wp","href":"https:\/\/api.w.org\/{rel}","templated":true}]}}