{"id":5598,"date":"2025-07-01T17:08:04","date_gmt":"2025-07-01T17:08:04","guid":{"rendered":"https:\/\/monpari.pl\/?post_type=product&#038;p=5598"},"modified":"2026-01-14T20:00:54","modified_gmt":"2026-01-14T20:00:54","slug":"krysztalowa-kula-lampka-grawerowana-podswietlana-led-jednorozec","status":"publish","type":"product","link":"https:\/\/monpari.pl\/index.php\/produkt\/krysztalowa-kula-lampka-grawerowana-podswietlana-led-jednorozec\/","title":{"rendered":"Kryszta\u0142owa kula lampka Grawerowana pod\u015bwietlana LED JEDNORO\u017bEC"},"content":{"rendered":"<h2>\u2728 KRYSZTA\u0141OWA KULA 3D JEDNORO\u017bEC\u2728<\/h2>\n<p><b>Kula o niezwyk\u0142ej precyzji wykonania z grawerowanym laserowo wzorem Jednoro\u017cca. Magiczna dekoracja, \u015bwietny pomys\u0142 na prezent!<\/b><\/p>\n<p><b>\u2705Wykonana z wysokiej jako\u015bci szk\u0142a kryszta\u0142owego<\/b><\/p>\n<p><b>\u2705Pod\u015bwietlenie LED zasilane przez USB<\/b>\u00a0\u2013 energooszcz\u0119dne i wygodne w u\u017cyciu<\/p>\n<p><b>\u2705Kompaktowy rozmiar<\/b>\u00a0\u2013 pasuje do ka\u017cdego wn\u0119trza<\/p>\n<p><b>\u2705Trwa\u0142a, odporna na uszkodzenia<\/b>\u00a0\u2013 wykonana z precyzj\u0105 i dba\u0142o\u015bci\u0105 o detale<\/p>\n<p><b>\u27a1\ufe0fCechy produktu:<\/b><\/p>\n<p>\u2705Automatycznie zmieniaj\u0105ce si\u0119 kolory<\/p>\n<p>\u2705\u00a0<b>Precyzyjne grawerowanie 3D<\/b>\u00a0\u2013 realistyczny efekt hologramu<\/p>\n<p>\u2705\u00a0<b>Wbudowane pod\u015bwietlenie LED<\/b>\u00a0\u2013 tworzy wyj\u0105tkow\u0105 atmosfer\u0119 w ciemno\u015bci, automatyczna zmiana kolor\u00f3w<\/p>\n<p>\u2705\u00a0<b>Luksusowa, szklana konstrukcja<\/b>\u00a0\u2013 trwa\u0142a i elegancka<\/p>\n<p>\u2705\u00a0<b>Idealny na prezent<\/b>\u00a0\u2013 dla dzieci, doros\u0142ych<\/p>\n<p>\u2705\u00a0<b>Zasilanie USB<\/b><\/p>\n","protected":false},"excerpt":{"rendered":"<p><b>\u2705<\/b>Znakomity projekt kryszta\u0142owej kuli grawerowanej laserowo 3D Jednoro\u017cec<\/p>\n","protected":false},"featured_media":5603,"comment_status":"open","ping_status":"closed","template":"","meta":{"_seopress_robots_primary_cat":"none","_seopress_titles_title":"Kryszta\u0142owa kula lampka Grawerowana pod\u015bwietlana LED Jednoro\u017cec","_seopress_titles_desc":"\u2705Ma\u0142a szklana kula lampka nocna, emituje delikatny i koj\u0105cy blask. U\u017cyj go jako lampki nocnej, aby doda\u0107 elegancji swojej sypialni Jednoro\u017cec","_seopress_robots_index":""},"product_brand":[],"product_cat":[468,77],"product_tag":[],"class_list":{"0":"post-5598","1":"product","2":"type-product","3":"status-publish","4":"has-post-thumbnail","6":"product_cat-lampki","7":"product_cat-nowosci","9":"first","10":"instock","11":"taxable","12":"shipping-taxable","13":"purchasable","14":"product-type-simple"},"yoast_head":"<!-- This site is optimized with the Yoast SEO plugin v27.4 - https:\/\/yoast.com\/product\/yoast-seo-wordpress\/ -->\n<title>Kryszta\u0142owa kula lampka Grawerowana pod\u015bwietlana LED JEDNORO\u017bEC - Monpari.pl<\/title>\n<meta name=\"robots\" content=\"index, follow, max-snippet:-1, max-image-preview:large, max-video-preview:-1\" \/>\n<link rel=\"canonical\" href=\"https:\/\/monpari.pl\/index.php\/produkt\/krysztalowa-kula-lampka-grawerowana-podswietlana-led-jednorozec\/\" \/>\n<meta property=\"og:locale\" content=\"pl_PL\" \/>\n<meta property=\"og:type\" content=\"article\" \/>\n<meta property=\"og:title\" content=\"Kryszta\u0142owa kula lampka Grawerowana pod\u015bwietlana LED JEDNORO\u017bEC - Monpari.pl\" \/>\n<meta property=\"og:description\" content=\"\u2705Znakomity projekt kryszta\u0142owej kuli grawerowanej laserowo 3D Jednoro\u017cec\" \/>\n<meta property=\"og:url\" content=\"https:\/\/monpari.pl\/index.php\/produkt\/krysztalowa-kula-lampka-grawerowana-podswietlana-led-jednorozec\/\" \/>\n<meta property=\"og:site_name\" content=\"Monpari.pl\" \/>\n<meta property=\"article:modified_time\" content=\"2026-01-14T20:00:54+00:00\" \/>\n<meta property=\"og:image\" content=\"https:\/\/monpari.pl\/wp-content\/uploads\/2025\/07\/monpari-Jednorozec-Lampka-Nocna-krysztalowa-kula-9.webp\" \/>\n\t<meta property=\"og:image:width\" content=\"1200\" \/>\n\t<meta property=\"og:image:height\" content=\"1200\" \/>\n\t<meta property=\"og:image:type\" content=\"image\/webp\" \/>\n<meta name=\"twitter:card\" content=\"summary_large_image\" \/>\n<meta name=\"twitter:label1\" content=\"Szacowany czas czytania\" \/>\n\t<meta name=\"twitter:data1\" content=\"1 minuta\" \/>\n<script type=\"application\/ld+json\" class=\"yoast-schema-graph\">{\"@context\":\"https:\\\/\\\/schema.org\",\"@graph\":[{\"@type\":\"WebPage\",\"@id\":\"https:\\\/\\\/monpari.pl\\\/index.php\\\/produkt\\\/krysztalowa-kula-lampka-grawerowana-podswietlana-led-jednorozec\\\/\",\"url\":\"https:\\\/\\\/monpari.pl\\\/index.php\\\/produkt\\\/krysztalowa-kula-lampka-grawerowana-podswietlana-led-jednorozec\\\/\",\"name\":\"Kryszta\u0142owa kula lampka Grawerowana pod\u015bwietlana LED JEDNORO\u017bEC - Monpari.pl\",\"isPartOf\":{\"@id\":\"https:\\\/\\\/monpari.pl\\\/#website\"},\"primaryImageOfPage\":{\"@id\":\"https:\\\/\\\/monpari.pl\\\/index.php\\\/produkt\\\/krysztalowa-kula-lampka-grawerowana-podswietlana-led-jednorozec\\\/#primaryimage\"},\"image\":{\"@id\":\"https:\\\/\\\/monpari.pl\\\/index.php\\\/produkt\\\/krysztalowa-kula-lampka-grawerowana-podswietlana-led-jednorozec\\\/#primaryimage\"},\"thumbnailUrl\":\"https:\\\/\\\/monpari.pl\\\/wp-content\\\/uploads\\\/2025\\\/07\\\/monpari-Jednorozec-Lampka-Nocna-krysztalowa-kula-9.webp\",\"datePublished\":\"2025-07-01T17:08:04+00:00\",\"dateModified\":\"2026-01-14T20:00:54+00:00\",\"breadcrumb\":{\"@id\":\"https:\\\/\\\/monpari.pl\\\/index.php\\\/produkt\\\/krysztalowa-kula-lampka-grawerowana-podswietlana-led-jednorozec\\\/#breadcrumb\"},\"inLanguage\":\"pl-PL\",\"potentialAction\":[{\"@type\":\"ReadAction\",\"target\":[\"https:\\\/\\\/monpari.pl\\\/index.php\\\/produkt\\\/krysztalowa-kula-lampka-grawerowana-podswietlana-led-jednorozec\\\/\"]}]},{\"@type\":\"ImageObject\",\"inLanguage\":\"pl-PL\",\"@id\":\"https:\\\/\\\/monpari.pl\\\/index.php\\\/produkt\\\/krysztalowa-kula-lampka-grawerowana-podswietlana-led-jednorozec\\\/#primaryimage\",\"url\":\"https:\\\/\\\/monpari.pl\\\/wp-content\\\/uploads\\\/2025\\\/07\\\/monpari-Jednorozec-Lampka-Nocna-krysztalowa-kula-9.webp\",\"contentUrl\":\"https:\\\/\\\/monpari.pl\\\/wp-content\\\/uploads\\\/2025\\\/07\\\/monpari-Jednorozec-Lampka-Nocna-krysztalowa-kula-9.webp\",\"width\":1200,\"height\":1200},{\"@type\":\"BreadcrumbList\",\"@id\":\"https:\\\/\\\/monpari.pl\\\/index.php\\\/produkt\\\/krysztalowa-kula-lampka-grawerowana-podswietlana-led-jednorozec\\\/#breadcrumb\",\"itemListElement\":[{\"@type\":\"ListItem\",\"position\":1,\"name\":\"Strona g\u0142\u00f3wna\",\"item\":\"https:\\\/\\\/monpari.pl\\\/\"},{\"@type\":\"ListItem\",\"position\":2,\"name\":\"Sklep\",\"item\":\"https:\\\/\\\/monpari.pl\\\/index.php\\\/sklep\\\/\"},{\"@type\":\"ListItem\",\"position\":3,\"name\":\"Kryszta\u0142owa kula lampka Grawerowana pod\u015bwietlana LED JEDNORO\u017bEC\"}]},{\"@type\":\"WebSite\",\"@id\":\"https:\\\/\\\/monpari.pl\\\/#website\",\"url\":\"https:\\\/\\\/monpari.pl\\\/\",\"name\":\"monpari.pl\",\"description\":\"Klipsy, kolczyki, bi\u017cuteria dla dzieci, artyku\u0142y z postaciami popularnych bajek, prezenty\",\"publisher\":{\"@id\":\"https:\\\/\\\/monpari.pl\\\/#organization\"},\"potentialAction\":[{\"@type\":\"SearchAction\",\"target\":{\"@type\":\"EntryPoint\",\"urlTemplate\":\"https:\\\/\\\/monpari.pl\\\/?s={search_term_string}\"},\"query-input\":{\"@type\":\"PropertyValueSpecification\",\"valueRequired\":true,\"valueName\":\"search_term_string\"}}],\"inLanguage\":\"pl-PL\"},{\"@type\":\"Organization\",\"@id\":\"https:\\\/\\\/monpari.pl\\\/#organization\",\"name\":\"monpari.pl\",\"url\":\"https:\\\/\\\/monpari.pl\\\/\",\"logo\":{\"@type\":\"ImageObject\",\"inLanguage\":\"pl-PL\",\"@id\":\"https:\\\/\\\/monpari.pl\\\/#\\\/schema\\\/logo\\\/image\\\/\",\"url\":\"https:\\\/\\\/monpari.pl\\\/wp-content\\\/uploads\\\/2023\\\/09\\\/MONPARI.png\",\"contentUrl\":\"https:\\\/\\\/monpari.pl\\\/wp-content\\\/uploads\\\/2023\\\/09\\\/MONPARI.png\",\"width\":660,\"height\":378,\"caption\":\"monpari.pl\"},\"image\":{\"@id\":\"https:\\\/\\\/monpari.pl\\\/#\\\/schema\\\/logo\\\/image\\\/\"}}]}<\/script>\n<!-- \/ Yoast SEO plugin. -->","yoast_head_json":{"title":"Kryszta\u0142owa kula lampka Grawerowana pod\u015bwietlana LED JEDNORO\u017bEC - Monpari.pl","robots":{"index":"index","follow":"follow","max-snippet":"max-snippet:-1","max-image-preview":"max-image-preview:large","max-video-preview":"max-video-preview:-1"},"canonical":"https:\/\/monpari.pl\/index.php\/produkt\/krysztalowa-kula-lampka-grawerowana-podswietlana-led-jednorozec\/","og_locale":"pl_PL","og_type":"article","og_title":"Kryszta\u0142owa kula lampka Grawerowana pod\u015bwietlana LED JEDNORO\u017bEC - Monpari.pl","og_description":"\u2705Znakomity projekt kryszta\u0142owej kuli grawerowanej laserowo 3D Jednoro\u017cec","og_url":"https:\/\/monpari.pl\/index.php\/produkt\/krysztalowa-kula-lampka-grawerowana-podswietlana-led-jednorozec\/","og_site_name":"Monpari.pl","article_modified_time":"2026-01-14T20:00:54+00:00","og_image":[{"width":1200,"height":1200,"url":"https:\/\/monpari.pl\/wp-content\/uploads\/2025\/07\/monpari-Jednorozec-Lampka-Nocna-krysztalowa-kula-9.webp","type":"image\/webp"}],"twitter_card":"summary_large_image","twitter_misc":{"Szacowany czas czytania":"1 minuta"},"schema":{"@context":"https:\/\/schema.org","@graph":[{"@type":"WebPage","@id":"https:\/\/monpari.pl\/index.php\/produkt\/krysztalowa-kula-lampka-grawerowana-podswietlana-led-jednorozec\/","url":"https:\/\/monpari.pl\/index.php\/produkt\/krysztalowa-kula-lampka-grawerowana-podswietlana-led-jednorozec\/","name":"Kryszta\u0142owa kula lampka Grawerowana pod\u015bwietlana LED JEDNORO\u017bEC - Monpari.pl","isPartOf":{"@id":"https:\/\/monpari.pl\/#website"},"primaryImageOfPage":{"@id":"https:\/\/monpari.pl\/index.php\/produkt\/krysztalowa-kula-lampka-grawerowana-podswietlana-led-jednorozec\/#primaryimage"},"image":{"@id":"https:\/\/monpari.pl\/index.php\/produkt\/krysztalowa-kula-lampka-grawerowana-podswietlana-led-jednorozec\/#primaryimage"},"thumbnailUrl":"https:\/\/monpari.pl\/wp-content\/uploads\/2025\/07\/monpari-Jednorozec-Lampka-Nocna-krysztalowa-kula-9.webp","datePublished":"2025-07-01T17:08:04+00:00","dateModified":"2026-01-14T20:00:54+00:00","breadcrumb":{"@id":"https:\/\/monpari.pl\/index.php\/produkt\/krysztalowa-kula-lampka-grawerowana-podswietlana-led-jednorozec\/#breadcrumb"},"inLanguage":"pl-PL","potentialAction":[{"@type":"ReadAction","target":["https:\/\/monpari.pl\/index.php\/produkt\/krysztalowa-kula-lampka-grawerowana-podswietlana-led-jednorozec\/"]}]},{"@type":"ImageObject","inLanguage":"pl-PL","@id":"https:\/\/monpari.pl\/index.php\/produkt\/krysztalowa-kula-lampka-grawerowana-podswietlana-led-jednorozec\/#primaryimage","url":"https:\/\/monpari.pl\/wp-content\/uploads\/2025\/07\/monpari-Jednorozec-Lampka-Nocna-krysztalowa-kula-9.webp","contentUrl":"https:\/\/monpari.pl\/wp-content\/uploads\/2025\/07\/monpari-Jednorozec-Lampka-Nocna-krysztalowa-kula-9.webp","width":1200,"height":1200},{"@type":"BreadcrumbList","@id":"https:\/\/monpari.pl\/index.php\/produkt\/krysztalowa-kula-lampka-grawerowana-podswietlana-led-jednorozec\/#breadcrumb","itemListElement":[{"@type":"ListItem","position":1,"name":"Strona g\u0142\u00f3wna","item":"https:\/\/monpari.pl\/"},{"@type":"ListItem","position":2,"name":"Sklep","item":"https:\/\/monpari.pl\/index.php\/sklep\/"},{"@type":"ListItem","position":3,"name":"Kryszta\u0142owa kula lampka Grawerowana pod\u015bwietlana LED JEDNORO\u017bEC"}]},{"@type":"WebSite","@id":"https:\/\/monpari.pl\/#website","url":"https:\/\/monpari.pl\/","name":"monpari.pl","description":"Klipsy, kolczyki, bi\u017cuteria dla dzieci, artyku\u0142y z postaciami popularnych bajek, prezenty","publisher":{"@id":"https:\/\/monpari.pl\/#organization"},"potentialAction":[{"@type":"SearchAction","target":{"@type":"EntryPoint","urlTemplate":"https:\/\/monpari.pl\/?s={search_term_string}"},"query-input":{"@type":"PropertyValueSpecification","valueRequired":true,"valueName":"search_term_string"}}],"inLanguage":"pl-PL"},{"@type":"Organization","@id":"https:\/\/monpari.pl\/#organization","name":"monpari.pl","url":"https:\/\/monpari.pl\/","logo":{"@type":"ImageObject","inLanguage":"pl-PL","@id":"https:\/\/monpari.pl\/#\/schema\/logo\/image\/","url":"https:\/\/monpari.pl\/wp-content\/uploads\/2023\/09\/MONPARI.png","contentUrl":"https:\/\/monpari.pl\/wp-content\/uploads\/2023\/09\/MONPARI.png","width":660,"height":378,"caption":"monpari.pl"},"image":{"@id":"https:\/\/monpari.pl\/#\/schema\/logo\/image\/"}}]}},"_links":{"self":[{"href":"https:\/\/monpari.pl\/index.php\/wp-json\/wp\/v2\/product\/5598","targetHints":{"allow":["GET"]}}],"collection":[{"href":"https:\/\/monpari.pl\/index.php\/wp-json\/wp\/v2\/product"}],"about":[{"href":"https:\/\/monpari.pl\/index.php\/wp-json\/wp\/v2\/types\/product"}],"replies":[{"embeddable":true,"href":"https:\/\/monpari.pl\/index.php\/wp-json\/wp\/v2\/comments?post=5598"}],"version-history":[{"count":1,"href":"https:\/\/monpari.pl\/index.php\/wp-json\/wp\/v2\/product\/5598\/revisions"}],"predecessor-version":[{"id":5605,"href":"https:\/\/monpari.pl\/index.php\/wp-json\/wp\/v2\/product\/5598\/revisions\/5605"}],"wp:featuredmedia":[{"embeddable":true,"href":"https:\/\/monpari.pl\/index.php\/wp-json\/wp\/v2\/media\/5603"}],"wp:attachment":[{"href":"https:\/\/monpari.pl\/index.php\/wp-json\/wp\/v2\/media?parent=5598"}],"wp:term":[{"taxonomy":"product_brand","embeddable":true,"href":"https:\/\/monpari.pl\/index.php\/wp-json\/wp\/v2\/product_brand?post=5598"},{"taxonomy":"product_cat","embeddable":true,"href":"https:\/\/monpari.pl\/index.php\/wp-json\/wp\/v2\/product_cat?post=5598"},{"taxonomy":"product_tag","embeddable":true,"href":"https:\/\/monpari.pl\/index.php\/wp-json\/wp\/v2\/product_tag?post=5598"}],"curies":[{"name":"wp","href":"https:\/\/api.w.org\/{rel}","templated":true}]}}