{"id":5613,"date":"2025-07-04T13:15:43","date_gmt":"2025-07-04T13:15:43","guid":{"rendered":"https:\/\/monpari.pl\/?post_type=product&#038;p=5613"},"modified":"2026-02-17T17:43:09","modified_gmt":"2026-02-17T17:43:09","slug":"jednorozec-zestaw-kreatywny-lampka-nocna-dla-dzieci-magiczne-terrarium-diy","status":"publish","type":"product","link":"https:\/\/monpari.pl\/index.php\/produkt\/jednorozec-zestaw-kreatywny-lampka-nocna-dla-dzieci-magiczne-terrarium-diy\/","title":{"rendered":"Jednoro\u017cec Zestaw Kreatywny Lampka Nocna dla dzieci Magiczne Terrarium DIY"},"content":{"rendered":"<h3>\u2b50\ufe0fJednoro\u017cec Zestaw Kreatywny Magiczne Terrarium LED DIY Lampka Nocna dla dzieci 13 kolor\u00f3w LED RGB<\/h3>\n<p><b>\ud83d\udd35Zr\u00f3b to sam \u2013 kreatywny zestaw do stworzenia \u015bwiec\u0105cego terrarium z jednoro\u017ccem!<\/b><\/p>\n<p>Zamie\u0144 zwyk\u0142y dzie\u0144 w magiczn\u0105 przygod\u0119 z zestawem \u201eUnicorn Terrarium Kit\u201d!\u00a0<b>To idealny prezent\u00a0<\/b>dla dziecka, kt\u00f3re \u2764\ufe0fkocha jednoro\u017cce, bajkowe \u015bwiaty i kreatywne zabawy.<\/p>\n<p>Stw\u00f3rz w\u0142asny kolorowy ogr\u00f3d fantasy zamkni\u0119ty w s\u0142oju, kt\u00f3ry wieczorem zamienia si\u0119 w \u015bwiec\u0105c\u0105 lampk\u0119 nocn\u0105!<\/p>\n<p><b>\u2728 Co zawiera zestaw?<\/b><\/p>\n<p>\u2705Klosz z korkiem<\/p>\n<p>\u2705Figurk\u0119\u00a0<b>jednoro\u017cca<\/b><\/p>\n<p>\u2705Bajkowy zamek<\/p>\n<p>\u2705Kolorowe piaski (r\u00f3\u017cowy, niebieski, fioletowy)<\/p>\n<p>\u2705Sztuczne ro\u015blinki i mchy<\/p>\n<p>\u2705T\u0119cz\u0119 z chmurkami<\/p>\n<p>\u2705Miniaturowe grzybki i kryszta\u0142ki<\/p>\n<p>\u2705Pilot do zmiany kolor\u00f3w LED (efekt \u015bwiecenia noc\u0105)<\/p>\n<h3>\u25b6\ufe0fSpecyfikacja:<\/h3>\n<ul>\n<li><b>Temat:\u00a0<\/b>Jednoro\u017cce<\/li>\n<li><b>Waga:\u00a0<\/b>600g<\/li>\n<li><b>13 kolor\u00f3w LED RGB<\/b><\/li>\n<li><b>Zasilanie:\u00a0<\/b>Bateria guzikowa (w zestawie, zdejmij zabezpieczenie baterii przed w\u0142\u0105czeniem)<\/li>\n<li><b>Produkt przeznaczony dla dzieci 6 lat +<\/b><\/li>\n<\/ul>\n<h3><b>\u2b50Dlaczego warto?<\/b><\/h3>\n<p><b>\u2714\ufe0fZabawa i edukacja<\/b>\u00a0w jednym \u2013 rozwija kreatywno\u015b\u0107, zdolno\u015bci manualne i wyobra\u017ani\u0119<\/p>\n<p><b>\u2714\ufe0fNocna lampka LED<\/b>\u00a0z pilotem \u2013 idealna do pokoju dzieci\u0119cego<\/p>\n<p><b>\u2714\ufe0fBezpieczne materia\u0142y<\/b>\u00a0\u2013 odpowiednie dla dzieci 6 lat +<\/p>\n<p><b>\u2714\ufe0fPi\u0119kna dekoracja<\/b>\u00a0do pokoju \u2013 bajkowy klimat gwarantowany!<\/p>\n<p><b>\u2714\ufe0fWielofunkcyjne \u015bwiat\u0142o LED\u00a0<\/b>Dzieci mog\u0105 sterowa\u0107 ni\u0105 zdalnie za pomoc\u0105 do\u0142\u0105czonego pilota zdalnego sterowania, co dodatkowo urozmaica ich czas zabawy!<\/p>\n<p><b>\ud83c\udf80Idealny na prezent!<\/b><\/p>\n<p>Urodziny, \u015bwi\u0119ta, nagroda za dobre oceny \u2013 ten zestaw to gwarancja rado\u015bci i u\u015bmiechu!<\/p>\n<p>\u2764\ufe0f<b>Zwi\u0119ksz komfort snu swojego dziecka<\/b><\/p>\n<p>Dzi\u0119ki o\u015bwietleniu LED zestaw jednoro\u017cec Terrarium, przekszta\u0142ca go w lampk\u0119 nocn\u0105, tworz\u0105c ciep\u0142\u0105 atmosfer\u0119, z regulowanymi kolorami i trybami, kt\u00f3re mo\u017cna \u0142atwo kontrolowa\u0107 za pomoc\u0105 pilota.<\/p>\n<p>&nbsp;<\/p>\n<p>&nbsp;<\/p>\n","protected":false},"excerpt":{"rendered":"<p>\u2764\ufe0f<b>Zwi\u0119ksz komfort snu swojego dziecka <\/b>zestaw jednoro\u017cec Terrarium, lampka nocna, tworzy ciep\u0142\u0105 atmosfer\u0119, z regulowanymi kolorami, kt\u00f3re mo\u017cna \u0142atwo kontrolowa\u0107 za pomoc\u0105 pilota.<\/p>\n","protected":false},"featured_media":5621,"comment_status":"open","ping_status":"closed","template":"","meta":{"_seopress_robots_primary_cat":"","_seopress_titles_title":"Jednoro\u017cec Zestaw Kreatywny Lampka Nocna dla dzieci Magiczne Terrarium DIY","_seopress_titles_desc":"\ud83d\udd35Zr\u00f3b to sam \u2013 kreatywny zestaw do stworzenia \u015bwiec\u0105cego terrarium z jednoro\u017ccem!\r\nZamie\u0144 zwyk\u0142y dzie\u0144 w magiczn\u0105 przygod\u0119 z zestawem \u201eUnicorn Terrarium Kit\u201d!\r\nStw\u00f3rz w\u0142asny kolorowy ogr\u00f3d fantasy zamkni\u0119ty w s\u0142oju, kt\u00f3ry wieczorem zamienia si\u0119 w \u015bwiec\u0105c\u0105 lampk\u0119 nocn\u0105!","_seopress_robots_index":""},"product_brand":[],"product_cat":[468,77,79],"product_tag":[],"class_list":{"0":"post-5613","1":"product","2":"type-product","3":"status-publish","4":"has-post-thumbnail","6":"product_cat-lampki","7":"product_cat-nowosci","8":"product_cat-promocje","10":"first","11":"instock","12":"sale","13":"taxable","14":"shipping-taxable","15":"purchasable","16":"product-type-simple"},"yoast_head":"<!-- This site is optimized with the Yoast SEO plugin v27.4 - https:\/\/yoast.com\/product\/yoast-seo-wordpress\/ -->\n<title>Jednoro\u017cec Zestaw Kreatywny Lampka Nocna dla dzieci Magiczne Terrarium DIY - Monpari.pl<\/title>\n<meta name=\"robots\" content=\"index, follow, max-snippet:-1, max-image-preview:large, max-video-preview:-1\" \/>\n<link rel=\"canonical\" href=\"https:\/\/monpari.pl\/index.php\/produkt\/jednorozec-zestaw-kreatywny-lampka-nocna-dla-dzieci-magiczne-terrarium-diy\/\" \/>\n<meta property=\"og:locale\" content=\"pl_PL\" \/>\n<meta property=\"og:type\" content=\"article\" \/>\n<meta property=\"og:title\" content=\"Jednoro\u017cec Zestaw Kreatywny Lampka Nocna dla dzieci Magiczne Terrarium DIY - Monpari.pl\" \/>\n<meta property=\"og:description\" content=\"\u2764\ufe0fZwi\u0119ksz komfort snu swojego dziecka zestaw jednoro\u017cec Terrarium, lampka nocna, tworzy ciep\u0142\u0105 atmosfer\u0119, z regulowanymi kolorami, kt\u00f3re mo\u017cna \u0142atwo kontrolowa\u0107 za pomoc\u0105 pilota.\" \/>\n<meta property=\"og:url\" content=\"https:\/\/monpari.pl\/index.php\/produkt\/jednorozec-zestaw-kreatywny-lampka-nocna-dla-dzieci-magiczne-terrarium-diy\/\" \/>\n<meta property=\"og:site_name\" content=\"Monpari.pl\" \/>\n<meta property=\"article:modified_time\" content=\"2026-02-17T17:43:09+00:00\" \/>\n<meta property=\"og:image\" content=\"https:\/\/monpari.pl\/wp-content\/uploads\/2025\/07\/monpari-Jednorozec-Kreatywny-Magiczne-Terrarium-Lampka-Nocna-DIY-Zestaw-dla-Dzieci-2.webp\" \/>\n\t<meta property=\"og:image:width\" content=\"1200\" \/>\n\t<meta property=\"og:image:height\" content=\"1200\" \/>\n\t<meta property=\"og:image:type\" content=\"image\/webp\" \/>\n<meta name=\"twitter:card\" content=\"summary_large_image\" \/>\n<meta name=\"twitter:label1\" content=\"Szacowany czas czytania\" \/>\n\t<meta name=\"twitter:data1\" content=\"1 minuta\" \/>\n<script type=\"application\/ld+json\" class=\"yoast-schema-graph\">{\"@context\":\"https:\\\/\\\/schema.org\",\"@graph\":[{\"@type\":\"WebPage\",\"@id\":\"https:\\\/\\\/monpari.pl\\\/index.php\\\/produkt\\\/jednorozec-zestaw-kreatywny-lampka-nocna-dla-dzieci-magiczne-terrarium-diy\\\/\",\"url\":\"https:\\\/\\\/monpari.pl\\\/index.php\\\/produkt\\\/jednorozec-zestaw-kreatywny-lampka-nocna-dla-dzieci-magiczne-terrarium-diy\\\/\",\"name\":\"Jednoro\u017cec Zestaw Kreatywny Lampka Nocna dla dzieci Magiczne Terrarium DIY - Monpari.pl\",\"isPartOf\":{\"@id\":\"https:\\\/\\\/monpari.pl\\\/#website\"},\"primaryImageOfPage\":{\"@id\":\"https:\\\/\\\/monpari.pl\\\/index.php\\\/produkt\\\/jednorozec-zestaw-kreatywny-lampka-nocna-dla-dzieci-magiczne-terrarium-diy\\\/#primaryimage\"},\"image\":{\"@id\":\"https:\\\/\\\/monpari.pl\\\/index.php\\\/produkt\\\/jednorozec-zestaw-kreatywny-lampka-nocna-dla-dzieci-magiczne-terrarium-diy\\\/#primaryimage\"},\"thumbnailUrl\":\"https:\\\/\\\/monpari.pl\\\/wp-content\\\/uploads\\\/2025\\\/07\\\/monpari-Jednorozec-Kreatywny-Magiczne-Terrarium-Lampka-Nocna-DIY-Zestaw-dla-Dzieci-2.webp\",\"datePublished\":\"2025-07-04T13:15:43+00:00\",\"dateModified\":\"2026-02-17T17:43:09+00:00\",\"breadcrumb\":{\"@id\":\"https:\\\/\\\/monpari.pl\\\/index.php\\\/produkt\\\/jednorozec-zestaw-kreatywny-lampka-nocna-dla-dzieci-magiczne-terrarium-diy\\\/#breadcrumb\"},\"inLanguage\":\"pl-PL\",\"potentialAction\":[{\"@type\":\"ReadAction\",\"target\":[\"https:\\\/\\\/monpari.pl\\\/index.php\\\/produkt\\\/jednorozec-zestaw-kreatywny-lampka-nocna-dla-dzieci-magiczne-terrarium-diy\\\/\"]}]},{\"@type\":\"ImageObject\",\"inLanguage\":\"pl-PL\",\"@id\":\"https:\\\/\\\/monpari.pl\\\/index.php\\\/produkt\\\/jednorozec-zestaw-kreatywny-lampka-nocna-dla-dzieci-magiczne-terrarium-diy\\\/#primaryimage\",\"url\":\"https:\\\/\\\/monpari.pl\\\/wp-content\\\/uploads\\\/2025\\\/07\\\/monpari-Jednorozec-Kreatywny-Magiczne-Terrarium-Lampka-Nocna-DIY-Zestaw-dla-Dzieci-2.webp\",\"contentUrl\":\"https:\\\/\\\/monpari.pl\\\/wp-content\\\/uploads\\\/2025\\\/07\\\/monpari-Jednorozec-Kreatywny-Magiczne-Terrarium-Lampka-Nocna-DIY-Zestaw-dla-Dzieci-2.webp\",\"width\":1200,\"height\":1200,\"caption\":\"monpari-Jednorozec-Kreatywny-Magiczne-Terrarium-Lampka-Nocna-DIY-Zestaw-dla-Dzieci\"},{\"@type\":\"BreadcrumbList\",\"@id\":\"https:\\\/\\\/monpari.pl\\\/index.php\\\/produkt\\\/jednorozec-zestaw-kreatywny-lampka-nocna-dla-dzieci-magiczne-terrarium-diy\\\/#breadcrumb\",\"itemListElement\":[{\"@type\":\"ListItem\",\"position\":1,\"name\":\"Strona g\u0142\u00f3wna\",\"item\":\"https:\\\/\\\/monpari.pl\\\/\"},{\"@type\":\"ListItem\",\"position\":2,\"name\":\"Sklep\",\"item\":\"https:\\\/\\\/monpari.pl\\\/index.php\\\/sklep\\\/\"},{\"@type\":\"ListItem\",\"position\":3,\"name\":\"Jednoro\u017cec Zestaw Kreatywny Lampka Nocna dla dzieci Magiczne Terrarium DIY\"}]},{\"@type\":\"WebSite\",\"@id\":\"https:\\\/\\\/monpari.pl\\\/#website\",\"url\":\"https:\\\/\\\/monpari.pl\\\/\",\"name\":\"monpari.pl\",\"description\":\"Klipsy, kolczyki, bi\u017cuteria dla dzieci, artyku\u0142y z postaciami popularnych bajek, prezenty\",\"publisher\":{\"@id\":\"https:\\\/\\\/monpari.pl\\\/#organization\"},\"potentialAction\":[{\"@type\":\"SearchAction\",\"target\":{\"@type\":\"EntryPoint\",\"urlTemplate\":\"https:\\\/\\\/monpari.pl\\\/?s={search_term_string}\"},\"query-input\":{\"@type\":\"PropertyValueSpecification\",\"valueRequired\":true,\"valueName\":\"search_term_string\"}}],\"inLanguage\":\"pl-PL\"},{\"@type\":\"Organization\",\"@id\":\"https:\\\/\\\/monpari.pl\\\/#organization\",\"name\":\"monpari.pl\",\"url\":\"https:\\\/\\\/monpari.pl\\\/\",\"logo\":{\"@type\":\"ImageObject\",\"inLanguage\":\"pl-PL\",\"@id\":\"https:\\\/\\\/monpari.pl\\\/#\\\/schema\\\/logo\\\/image\\\/\",\"url\":\"https:\\\/\\\/monpari.pl\\\/wp-content\\\/uploads\\\/2023\\\/09\\\/MONPARI.png\",\"contentUrl\":\"https:\\\/\\\/monpari.pl\\\/wp-content\\\/uploads\\\/2023\\\/09\\\/MONPARI.png\",\"width\":660,\"height\":378,\"caption\":\"monpari.pl\"},\"image\":{\"@id\":\"https:\\\/\\\/monpari.pl\\\/#\\\/schema\\\/logo\\\/image\\\/\"}}]}<\/script>\n<!-- \/ Yoast SEO plugin. -->","yoast_head_json":{"title":"Jednoro\u017cec Zestaw Kreatywny Lampka Nocna dla dzieci Magiczne Terrarium DIY - Monpari.pl","robots":{"index":"index","follow":"follow","max-snippet":"max-snippet:-1","max-image-preview":"max-image-preview:large","max-video-preview":"max-video-preview:-1"},"canonical":"https:\/\/monpari.pl\/index.php\/produkt\/jednorozec-zestaw-kreatywny-lampka-nocna-dla-dzieci-magiczne-terrarium-diy\/","og_locale":"pl_PL","og_type":"article","og_title":"Jednoro\u017cec Zestaw Kreatywny Lampka Nocna dla dzieci Magiczne Terrarium DIY - Monpari.pl","og_description":"\u2764\ufe0fZwi\u0119ksz komfort snu swojego dziecka zestaw jednoro\u017cec Terrarium, lampka nocna, tworzy ciep\u0142\u0105 atmosfer\u0119, z regulowanymi kolorami, kt\u00f3re mo\u017cna \u0142atwo kontrolowa\u0107 za pomoc\u0105 pilota.","og_url":"https:\/\/monpari.pl\/index.php\/produkt\/jednorozec-zestaw-kreatywny-lampka-nocna-dla-dzieci-magiczne-terrarium-diy\/","og_site_name":"Monpari.pl","article_modified_time":"2026-02-17T17:43:09+00:00","og_image":[{"width":1200,"height":1200,"url":"https:\/\/monpari.pl\/wp-content\/uploads\/2025\/07\/monpari-Jednorozec-Kreatywny-Magiczne-Terrarium-Lampka-Nocna-DIY-Zestaw-dla-Dzieci-2.webp","type":"image\/webp"}],"twitter_card":"summary_large_image","twitter_misc":{"Szacowany czas czytania":"1 minuta"},"schema":{"@context":"https:\/\/schema.org","@graph":[{"@type":"WebPage","@id":"https:\/\/monpari.pl\/index.php\/produkt\/jednorozec-zestaw-kreatywny-lampka-nocna-dla-dzieci-magiczne-terrarium-diy\/","url":"https:\/\/monpari.pl\/index.php\/produkt\/jednorozec-zestaw-kreatywny-lampka-nocna-dla-dzieci-magiczne-terrarium-diy\/","name":"Jednoro\u017cec Zestaw Kreatywny Lampka Nocna dla dzieci Magiczne Terrarium DIY - Monpari.pl","isPartOf":{"@id":"https:\/\/monpari.pl\/#website"},"primaryImageOfPage":{"@id":"https:\/\/monpari.pl\/index.php\/produkt\/jednorozec-zestaw-kreatywny-lampka-nocna-dla-dzieci-magiczne-terrarium-diy\/#primaryimage"},"image":{"@id":"https:\/\/monpari.pl\/index.php\/produkt\/jednorozec-zestaw-kreatywny-lampka-nocna-dla-dzieci-magiczne-terrarium-diy\/#primaryimage"},"thumbnailUrl":"https:\/\/monpari.pl\/wp-content\/uploads\/2025\/07\/monpari-Jednorozec-Kreatywny-Magiczne-Terrarium-Lampka-Nocna-DIY-Zestaw-dla-Dzieci-2.webp","datePublished":"2025-07-04T13:15:43+00:00","dateModified":"2026-02-17T17:43:09+00:00","breadcrumb":{"@id":"https:\/\/monpari.pl\/index.php\/produkt\/jednorozec-zestaw-kreatywny-lampka-nocna-dla-dzieci-magiczne-terrarium-diy\/#breadcrumb"},"inLanguage":"pl-PL","potentialAction":[{"@type":"ReadAction","target":["https:\/\/monpari.pl\/index.php\/produkt\/jednorozec-zestaw-kreatywny-lampka-nocna-dla-dzieci-magiczne-terrarium-diy\/"]}]},{"@type":"ImageObject","inLanguage":"pl-PL","@id":"https:\/\/monpari.pl\/index.php\/produkt\/jednorozec-zestaw-kreatywny-lampka-nocna-dla-dzieci-magiczne-terrarium-diy\/#primaryimage","url":"https:\/\/monpari.pl\/wp-content\/uploads\/2025\/07\/monpari-Jednorozec-Kreatywny-Magiczne-Terrarium-Lampka-Nocna-DIY-Zestaw-dla-Dzieci-2.webp","contentUrl":"https:\/\/monpari.pl\/wp-content\/uploads\/2025\/07\/monpari-Jednorozec-Kreatywny-Magiczne-Terrarium-Lampka-Nocna-DIY-Zestaw-dla-Dzieci-2.webp","width":1200,"height":1200,"caption":"monpari-Jednorozec-Kreatywny-Magiczne-Terrarium-Lampka-Nocna-DIY-Zestaw-dla-Dzieci"},{"@type":"BreadcrumbList","@id":"https:\/\/monpari.pl\/index.php\/produkt\/jednorozec-zestaw-kreatywny-lampka-nocna-dla-dzieci-magiczne-terrarium-diy\/#breadcrumb","itemListElement":[{"@type":"ListItem","position":1,"name":"Strona g\u0142\u00f3wna","item":"https:\/\/monpari.pl\/"},{"@type":"ListItem","position":2,"name":"Sklep","item":"https:\/\/monpari.pl\/index.php\/sklep\/"},{"@type":"ListItem","position":3,"name":"Jednoro\u017cec Zestaw Kreatywny Lampka Nocna dla dzieci Magiczne Terrarium DIY"}]},{"@type":"WebSite","@id":"https:\/\/monpari.pl\/#website","url":"https:\/\/monpari.pl\/","name":"monpari.pl","description":"Klipsy, kolczyki, bi\u017cuteria dla dzieci, artyku\u0142y z postaciami popularnych bajek, prezenty","publisher":{"@id":"https:\/\/monpari.pl\/#organization"},"potentialAction":[{"@type":"SearchAction","target":{"@type":"EntryPoint","urlTemplate":"https:\/\/monpari.pl\/?s={search_term_string}"},"query-input":{"@type":"PropertyValueSpecification","valueRequired":true,"valueName":"search_term_string"}}],"inLanguage":"pl-PL"},{"@type":"Organization","@id":"https:\/\/monpari.pl\/#organization","name":"monpari.pl","url":"https:\/\/monpari.pl\/","logo":{"@type":"ImageObject","inLanguage":"pl-PL","@id":"https:\/\/monpari.pl\/#\/schema\/logo\/image\/","url":"https:\/\/monpari.pl\/wp-content\/uploads\/2023\/09\/MONPARI.png","contentUrl":"https:\/\/monpari.pl\/wp-content\/uploads\/2023\/09\/MONPARI.png","width":660,"height":378,"caption":"monpari.pl"},"image":{"@id":"https:\/\/monpari.pl\/#\/schema\/logo\/image\/"}}]}},"_links":{"self":[{"href":"https:\/\/monpari.pl\/index.php\/wp-json\/wp\/v2\/product\/5613","targetHints":{"allow":["GET"]}}],"collection":[{"href":"https:\/\/monpari.pl\/index.php\/wp-json\/wp\/v2\/product"}],"about":[{"href":"https:\/\/monpari.pl\/index.php\/wp-json\/wp\/v2\/types\/product"}],"replies":[{"embeddable":true,"href":"https:\/\/monpari.pl\/index.php\/wp-json\/wp\/v2\/comments?post=5613"}],"version-history":[{"count":1,"href":"https:\/\/monpari.pl\/index.php\/wp-json\/wp\/v2\/product\/5613\/revisions"}],"predecessor-version":[{"id":5622,"href":"https:\/\/monpari.pl\/index.php\/wp-json\/wp\/v2\/product\/5613\/revisions\/5622"}],"wp:featuredmedia":[{"embeddable":true,"href":"https:\/\/monpari.pl\/index.php\/wp-json\/wp\/v2\/media\/5621"}],"wp:attachment":[{"href":"https:\/\/monpari.pl\/index.php\/wp-json\/wp\/v2\/media?parent=5613"}],"wp:term":[{"taxonomy":"product_brand","embeddable":true,"href":"https:\/\/monpari.pl\/index.php\/wp-json\/wp\/v2\/product_brand?post=5613"},{"taxonomy":"product_cat","embeddable":true,"href":"https:\/\/monpari.pl\/index.php\/wp-json\/wp\/v2\/product_cat?post=5613"},{"taxonomy":"product_tag","embeddable":true,"href":"https:\/\/monpari.pl\/index.php\/wp-json\/wp\/v2\/product_tag?post=5613"}],"curies":[{"name":"wp","href":"https:\/\/api.w.org\/{rel}","templated":true}]}}