{"id":5648,"date":"2025-07-09T13:05:55","date_gmt":"2025-07-09T13:05:55","guid":{"rendered":"https:\/\/monpari.pl\/?post_type=product&#038;p=5648"},"modified":"2026-01-14T20:00:42","modified_gmt":"2026-01-14T20:00:42","slug":"naklejki-3d-krysztalki-samoprzylepne-dekoracyjne-ozdoby-diy-70-naklejek-2","status":"publish","type":"product","link":"https:\/\/monpari.pl\/index.php\/produkt\/naklejki-3d-krysztalki-samoprzylepne-dekoracyjne-ozdoby-diy-70-naklejek-2\/","title":{"rendered":"Naklejki 3D Kryszta\u0142ki Samoprzylepne Dekoracyjne Ozdoby DIY 70 naklejek"},"content":{"rendered":"<p>\u2b50<b>Naklejki 3D Kryszta\u0142ki Samoprzylepne Dekoracyjne Ozdoby DIY<\/b>\u2b50<\/p>\n<p><b>Zestaw<\/b>: 70 naklejek<\/p>\n<p><b>Wiek<\/b>: 3+<\/p>\n<p>Dodaj blasku i uroku swoim projektom DIY dzi\u0119ki przepi\u0119knym naklejkom 3D! Zestaw zawiera kolorowe <b>kryszta\u0142ki, serduszka, kwiatki, gwiazdki i r\u00f3\u017cyczki<\/b> wykonane z po\u0142yskuj\u0105cych materia\u0142\u00f3w, kt\u00f3re idealnie nadaj\u0105 si\u0119 do dekoracji:<\/p>\n<ul>\n<li data-start=\"554\" data-end=\"569\">\n<p data-start=\"556\" data-end=\"569\">\ud83d\udc85 paznokci<\/p>\n<\/li>\n<li data-start=\"570\" data-end=\"597\">\n<p data-start=\"572\" data-end=\"597\">\ud83c\udf81 prezent\u00f3w i opakowa\u0144<\/p>\n<\/li>\n<li data-start=\"598\" data-end=\"639\">\n<p data-start=\"600\" data-end=\"639\">\ud83d\udcd2 notatnik\u00f3w, planner\u00f3w, pami\u0119tnik\u00f3w<\/p>\n<\/li>\n<li data-start=\"640\" data-end=\"662\">\n<p data-start=\"642\" data-end=\"662\">\ud83d\udcf1 etui na telefon<\/p>\n<\/li>\n<li data-start=\"663\" data-end=\"709\">\n<p data-start=\"665\" data-end=\"709\">\ud83c\udfa8 projekt\u00f3w artystycznych i scrapbookingu<\/p>\n<\/li>\n<li data-start=\"710\" data-end=\"737\">\n<p data-start=\"712\" data-end=\"737\">\ud83c\udfad makija\u017cu i body artu<\/p>\n<\/li>\n<li data-start=\"738\" data-end=\"773\">\n<p data-start=\"740\" data-end=\"773\">\ud83d\udc67 zabawy kreatywnej dla dzieci<\/p>\n<\/li>\n<\/ul>\n<p>\u2728 <b>Najwa\u017cniejsze cechy:<\/b><\/p>\n<p>\u2705Wysoka jako\u015b\u0107 wykonania<\/p>\n<p>\u2705Samoprzylepne \u2013 \u0142atwe w u\u017cyciu, bez kleju<\/p>\n<p>\u2705R\u00f3\u017cnorodne kszta\u0142ty i kolory<\/p>\n<p>\u2705Efekt 3D \u2013 pi\u0119knie odbijaj\u0105 \u015bwiat\u0142o<\/p>\n<p>\u2705Idealne do projekt\u00f3w handmade, kart okoliczno\u015bciowych, dekoracji \u015bwi\u0105tecznych i wi\u0119cej!<\/p>\n<p>\ud83d\udecd\ufe0f <b>W zestawie:<\/b><\/p>\n<ul>\n<li>14 rz\u0119d\u00f3w naklejek w r\u00f3\u017cnych wzorach i kolorach<\/li>\n<li>\u0141\u0105cznie 70 element\u00f3w<\/li>\n<\/ul>\n","protected":false},"excerpt":{"rendered":"<p>\u2b50Dodaj blasku i uroku swoim projektom DIY dzi\u0119ki przepi\u0119knym naklejkom 3D\u2b50<\/p>\n","protected":false},"featured_media":5645,"comment_status":"open","ping_status":"closed","template":"","meta":{"_seopress_robots_primary_cat":"none","_seopress_titles_title":"Naklejki 3D Kryszta\u0142ki Samoprzylepne Dekoracyjne Ozdoby DIY","_seopress_titles_desc":"\u2764\ufe0fDodaj blasku i uroku swoim projektom DIY dzi\u0119ki przepi\u0119knym naklejkom 3D! Zestaw zawiera kolorowe kryszta\u0142ki, serduszka, kwiatki, gwiazdki i r\u00f3\u017cyczki wykonane z po\u0142yskuj\u0105cych materia\u0142\u00f3w\u2b50","_seopress_robots_index":""},"product_brand":[],"product_cat":[459,458,462,461,157,457,77,79],"product_tag":[],"class_list":{"0":"post-5648","1":"product","2":"type-product","3":"status-publish","4":"has-post-thumbnail","6":"product_cat-bizuteria-dziecieca","7":"product_cat-dla-dzieci","8":"product_cat-inne","9":"product_cat-kolczyki-samoprzylepne","10":"product_cat-na-paznokcie","11":"product_cat-naklejki","12":"product_cat-nowosci","13":"product_cat-promocje","15":"first","16":"instock","17":"sale","18":"taxable","19":"shipping-taxable","20":"purchasable","21":"product-type-simple"},"yoast_head":"<!-- This site is optimized with the Yoast SEO plugin v27.4 - https:\/\/yoast.com\/product\/yoast-seo-wordpress\/ -->\n<title>Naklejki 3D Kryszta\u0142ki Samoprzylepne Dekoracyjne Ozdoby DIY 70 naklejek - Monpari.pl<\/title>\n<meta name=\"robots\" content=\"index, follow, max-snippet:-1, max-image-preview:large, max-video-preview:-1\" \/>\n<link rel=\"canonical\" href=\"https:\/\/monpari.pl\/index.php\/produkt\/naklejki-3d-krysztalki-samoprzylepne-dekoracyjne-ozdoby-diy-70-naklejek-2\/\" \/>\n<meta property=\"og:locale\" content=\"pl_PL\" \/>\n<meta property=\"og:type\" content=\"article\" \/>\n<meta property=\"og:title\" content=\"Naklejki 3D Kryszta\u0142ki Samoprzylepne Dekoracyjne Ozdoby DIY 70 naklejek - Monpari.pl\" \/>\n<meta property=\"og:description\" content=\"\u2b50Dodaj blasku i uroku swoim projektom DIY dzi\u0119ki przepi\u0119knym naklejkom 3D\u2b50\" \/>\n<meta property=\"og:url\" content=\"https:\/\/monpari.pl\/index.php\/produkt\/naklejki-3d-krysztalki-samoprzylepne-dekoracyjne-ozdoby-diy-70-naklejek-2\/\" \/>\n<meta property=\"og:site_name\" content=\"Monpari.pl\" \/>\n<meta property=\"article:modified_time\" content=\"2026-01-14T20:00:42+00:00\" \/>\n<meta property=\"og:image\" content=\"https:\/\/monpari.pl\/wp-content\/uploads\/2025\/07\/monpari-naklejki-dekoracja-makijaz-kolczyki-samoprzylepne-10.webp\" \/>\n\t<meta property=\"og:image:width\" content=\"1200\" \/>\n\t<meta property=\"og:image:height\" content=\"1200\" \/>\n\t<meta property=\"og:image:type\" content=\"image\/webp\" \/>\n<meta name=\"twitter:card\" content=\"summary_large_image\" \/>\n<meta name=\"twitter:label1\" content=\"Szacowany czas czytania\" \/>\n\t<meta name=\"twitter:data1\" content=\"1 minuta\" \/>\n<script type=\"application\/ld+json\" class=\"yoast-schema-graph\">{\"@context\":\"https:\\\/\\\/schema.org\",\"@graph\":[{\"@type\":\"WebPage\",\"@id\":\"https:\\\/\\\/monpari.pl\\\/index.php\\\/produkt\\\/naklejki-3d-krysztalki-samoprzylepne-dekoracyjne-ozdoby-diy-70-naklejek-2\\\/\",\"url\":\"https:\\\/\\\/monpari.pl\\\/index.php\\\/produkt\\\/naklejki-3d-krysztalki-samoprzylepne-dekoracyjne-ozdoby-diy-70-naklejek-2\\\/\",\"name\":\"Naklejki 3D Kryszta\u0142ki Samoprzylepne Dekoracyjne Ozdoby DIY 70 naklejek - Monpari.pl\",\"isPartOf\":{\"@id\":\"https:\\\/\\\/monpari.pl\\\/#website\"},\"primaryImageOfPage\":{\"@id\":\"https:\\\/\\\/monpari.pl\\\/index.php\\\/produkt\\\/naklejki-3d-krysztalki-samoprzylepne-dekoracyjne-ozdoby-diy-70-naklejek-2\\\/#primaryimage\"},\"image\":{\"@id\":\"https:\\\/\\\/monpari.pl\\\/index.php\\\/produkt\\\/naklejki-3d-krysztalki-samoprzylepne-dekoracyjne-ozdoby-diy-70-naklejek-2\\\/#primaryimage\"},\"thumbnailUrl\":\"https:\\\/\\\/monpari.pl\\\/wp-content\\\/uploads\\\/2025\\\/07\\\/monpari-naklejki-dekoracja-makijaz-kolczyki-samoprzylepne-10.webp\",\"datePublished\":\"2025-07-09T13:05:55+00:00\",\"dateModified\":\"2026-01-14T20:00:42+00:00\",\"breadcrumb\":{\"@id\":\"https:\\\/\\\/monpari.pl\\\/index.php\\\/produkt\\\/naklejki-3d-krysztalki-samoprzylepne-dekoracyjne-ozdoby-diy-70-naklejek-2\\\/#breadcrumb\"},\"inLanguage\":\"pl-PL\",\"potentialAction\":[{\"@type\":\"ReadAction\",\"target\":[\"https:\\\/\\\/monpari.pl\\\/index.php\\\/produkt\\\/naklejki-3d-krysztalki-samoprzylepne-dekoracyjne-ozdoby-diy-70-naklejek-2\\\/\"]}]},{\"@type\":\"ImageObject\",\"inLanguage\":\"pl-PL\",\"@id\":\"https:\\\/\\\/monpari.pl\\\/index.php\\\/produkt\\\/naklejki-3d-krysztalki-samoprzylepne-dekoracyjne-ozdoby-diy-70-naklejek-2\\\/#primaryimage\",\"url\":\"https:\\\/\\\/monpari.pl\\\/wp-content\\\/uploads\\\/2025\\\/07\\\/monpari-naklejki-dekoracja-makijaz-kolczyki-samoprzylepne-10.webp\",\"contentUrl\":\"https:\\\/\\\/monpari.pl\\\/wp-content\\\/uploads\\\/2025\\\/07\\\/monpari-naklejki-dekoracja-makijaz-kolczyki-samoprzylepne-10.webp\",\"width\":1200,\"height\":1200},{\"@type\":\"BreadcrumbList\",\"@id\":\"https:\\\/\\\/monpari.pl\\\/index.php\\\/produkt\\\/naklejki-3d-krysztalki-samoprzylepne-dekoracyjne-ozdoby-diy-70-naklejek-2\\\/#breadcrumb\",\"itemListElement\":[{\"@type\":\"ListItem\",\"position\":1,\"name\":\"Strona g\u0142\u00f3wna\",\"item\":\"https:\\\/\\\/monpari.pl\\\/\"},{\"@type\":\"ListItem\",\"position\":2,\"name\":\"Sklep\",\"item\":\"https:\\\/\\\/monpari.pl\\\/index.php\\\/sklep\\\/\"},{\"@type\":\"ListItem\",\"position\":3,\"name\":\"Naklejki 3D Kryszta\u0142ki Samoprzylepne Dekoracyjne Ozdoby DIY 70 naklejek\"}]},{\"@type\":\"WebSite\",\"@id\":\"https:\\\/\\\/monpari.pl\\\/#website\",\"url\":\"https:\\\/\\\/monpari.pl\\\/\",\"name\":\"monpari.pl\",\"description\":\"Klipsy, kolczyki, bi\u017cuteria dla dzieci, artyku\u0142y z postaciami popularnych bajek, prezenty\",\"publisher\":{\"@id\":\"https:\\\/\\\/monpari.pl\\\/#organization\"},\"potentialAction\":[{\"@type\":\"SearchAction\",\"target\":{\"@type\":\"EntryPoint\",\"urlTemplate\":\"https:\\\/\\\/monpari.pl\\\/?s={search_term_string}\"},\"query-input\":{\"@type\":\"PropertyValueSpecification\",\"valueRequired\":true,\"valueName\":\"search_term_string\"}}],\"inLanguage\":\"pl-PL\"},{\"@type\":\"Organization\",\"@id\":\"https:\\\/\\\/monpari.pl\\\/#organization\",\"name\":\"monpari.pl\",\"url\":\"https:\\\/\\\/monpari.pl\\\/\",\"logo\":{\"@type\":\"ImageObject\",\"inLanguage\":\"pl-PL\",\"@id\":\"https:\\\/\\\/monpari.pl\\\/#\\\/schema\\\/logo\\\/image\\\/\",\"url\":\"https:\\\/\\\/monpari.pl\\\/wp-content\\\/uploads\\\/2023\\\/09\\\/MONPARI.png\",\"contentUrl\":\"https:\\\/\\\/monpari.pl\\\/wp-content\\\/uploads\\\/2023\\\/09\\\/MONPARI.png\",\"width\":660,\"height\":378,\"caption\":\"monpari.pl\"},\"image\":{\"@id\":\"https:\\\/\\\/monpari.pl\\\/#\\\/schema\\\/logo\\\/image\\\/\"}}]}<\/script>\n<!-- \/ Yoast SEO plugin. -->","yoast_head_json":{"title":"Naklejki 3D Kryszta\u0142ki Samoprzylepne Dekoracyjne Ozdoby DIY 70 naklejek - Monpari.pl","robots":{"index":"index","follow":"follow","max-snippet":"max-snippet:-1","max-image-preview":"max-image-preview:large","max-video-preview":"max-video-preview:-1"},"canonical":"https:\/\/monpari.pl\/index.php\/produkt\/naklejki-3d-krysztalki-samoprzylepne-dekoracyjne-ozdoby-diy-70-naklejek-2\/","og_locale":"pl_PL","og_type":"article","og_title":"Naklejki 3D Kryszta\u0142ki Samoprzylepne Dekoracyjne Ozdoby DIY 70 naklejek - Monpari.pl","og_description":"\u2b50Dodaj blasku i uroku swoim projektom DIY dzi\u0119ki przepi\u0119knym naklejkom 3D\u2b50","og_url":"https:\/\/monpari.pl\/index.php\/produkt\/naklejki-3d-krysztalki-samoprzylepne-dekoracyjne-ozdoby-diy-70-naklejek-2\/","og_site_name":"Monpari.pl","article_modified_time":"2026-01-14T20:00:42+00:00","og_image":[{"width":1200,"height":1200,"url":"https:\/\/monpari.pl\/wp-content\/uploads\/2025\/07\/monpari-naklejki-dekoracja-makijaz-kolczyki-samoprzylepne-10.webp","type":"image\/webp"}],"twitter_card":"summary_large_image","twitter_misc":{"Szacowany czas czytania":"1 minuta"},"schema":{"@context":"https:\/\/schema.org","@graph":[{"@type":"WebPage","@id":"https:\/\/monpari.pl\/index.php\/produkt\/naklejki-3d-krysztalki-samoprzylepne-dekoracyjne-ozdoby-diy-70-naklejek-2\/","url":"https:\/\/monpari.pl\/index.php\/produkt\/naklejki-3d-krysztalki-samoprzylepne-dekoracyjne-ozdoby-diy-70-naklejek-2\/","name":"Naklejki 3D Kryszta\u0142ki Samoprzylepne Dekoracyjne Ozdoby DIY 70 naklejek - Monpari.pl","isPartOf":{"@id":"https:\/\/monpari.pl\/#website"},"primaryImageOfPage":{"@id":"https:\/\/monpari.pl\/index.php\/produkt\/naklejki-3d-krysztalki-samoprzylepne-dekoracyjne-ozdoby-diy-70-naklejek-2\/#primaryimage"},"image":{"@id":"https:\/\/monpari.pl\/index.php\/produkt\/naklejki-3d-krysztalki-samoprzylepne-dekoracyjne-ozdoby-diy-70-naklejek-2\/#primaryimage"},"thumbnailUrl":"https:\/\/monpari.pl\/wp-content\/uploads\/2025\/07\/monpari-naklejki-dekoracja-makijaz-kolczyki-samoprzylepne-10.webp","datePublished":"2025-07-09T13:05:55+00:00","dateModified":"2026-01-14T20:00:42+00:00","breadcrumb":{"@id":"https:\/\/monpari.pl\/index.php\/produkt\/naklejki-3d-krysztalki-samoprzylepne-dekoracyjne-ozdoby-diy-70-naklejek-2\/#breadcrumb"},"inLanguage":"pl-PL","potentialAction":[{"@type":"ReadAction","target":["https:\/\/monpari.pl\/index.php\/produkt\/naklejki-3d-krysztalki-samoprzylepne-dekoracyjne-ozdoby-diy-70-naklejek-2\/"]}]},{"@type":"ImageObject","inLanguage":"pl-PL","@id":"https:\/\/monpari.pl\/index.php\/produkt\/naklejki-3d-krysztalki-samoprzylepne-dekoracyjne-ozdoby-diy-70-naklejek-2\/#primaryimage","url":"https:\/\/monpari.pl\/wp-content\/uploads\/2025\/07\/monpari-naklejki-dekoracja-makijaz-kolczyki-samoprzylepne-10.webp","contentUrl":"https:\/\/monpari.pl\/wp-content\/uploads\/2025\/07\/monpari-naklejki-dekoracja-makijaz-kolczyki-samoprzylepne-10.webp","width":1200,"height":1200},{"@type":"BreadcrumbList","@id":"https:\/\/monpari.pl\/index.php\/produkt\/naklejki-3d-krysztalki-samoprzylepne-dekoracyjne-ozdoby-diy-70-naklejek-2\/#breadcrumb","itemListElement":[{"@type":"ListItem","position":1,"name":"Strona g\u0142\u00f3wna","item":"https:\/\/monpari.pl\/"},{"@type":"ListItem","position":2,"name":"Sklep","item":"https:\/\/monpari.pl\/index.php\/sklep\/"},{"@type":"ListItem","position":3,"name":"Naklejki 3D Kryszta\u0142ki Samoprzylepne Dekoracyjne Ozdoby DIY 70 naklejek"}]},{"@type":"WebSite","@id":"https:\/\/monpari.pl\/#website","url":"https:\/\/monpari.pl\/","name":"monpari.pl","description":"Klipsy, kolczyki, bi\u017cuteria dla dzieci, artyku\u0142y z postaciami popularnych bajek, prezenty","publisher":{"@id":"https:\/\/monpari.pl\/#organization"},"potentialAction":[{"@type":"SearchAction","target":{"@type":"EntryPoint","urlTemplate":"https:\/\/monpari.pl\/?s={search_term_string}"},"query-input":{"@type":"PropertyValueSpecification","valueRequired":true,"valueName":"search_term_string"}}],"inLanguage":"pl-PL"},{"@type":"Organization","@id":"https:\/\/monpari.pl\/#organization","name":"monpari.pl","url":"https:\/\/monpari.pl\/","logo":{"@type":"ImageObject","inLanguage":"pl-PL","@id":"https:\/\/monpari.pl\/#\/schema\/logo\/image\/","url":"https:\/\/monpari.pl\/wp-content\/uploads\/2023\/09\/MONPARI.png","contentUrl":"https:\/\/monpari.pl\/wp-content\/uploads\/2023\/09\/MONPARI.png","width":660,"height":378,"caption":"monpari.pl"},"image":{"@id":"https:\/\/monpari.pl\/#\/schema\/logo\/image\/"}}]}},"_links":{"self":[{"href":"https:\/\/monpari.pl\/index.php\/wp-json\/wp\/v2\/product\/5648","targetHints":{"allow":["GET"]}}],"collection":[{"href":"https:\/\/monpari.pl\/index.php\/wp-json\/wp\/v2\/product"}],"about":[{"href":"https:\/\/monpari.pl\/index.php\/wp-json\/wp\/v2\/types\/product"}],"replies":[{"embeddable":true,"href":"https:\/\/monpari.pl\/index.php\/wp-json\/wp\/v2\/comments?post=5648"}],"version-history":[{"count":1,"href":"https:\/\/monpari.pl\/index.php\/wp-json\/wp\/v2\/product\/5648\/revisions"}],"predecessor-version":[{"id":5649,"href":"https:\/\/monpari.pl\/index.php\/wp-json\/wp\/v2\/product\/5648\/revisions\/5649"}],"wp:featuredmedia":[{"embeddable":true,"href":"https:\/\/monpari.pl\/index.php\/wp-json\/wp\/v2\/media\/5645"}],"wp:attachment":[{"href":"https:\/\/monpari.pl\/index.php\/wp-json\/wp\/v2\/media?parent=5648"}],"wp:term":[{"taxonomy":"product_brand","embeddable":true,"href":"https:\/\/monpari.pl\/index.php\/wp-json\/wp\/v2\/product_brand?post=5648"},{"taxonomy":"product_cat","embeddable":true,"href":"https:\/\/monpari.pl\/index.php\/wp-json\/wp\/v2\/product_cat?post=5648"},{"taxonomy":"product_tag","embeddable":true,"href":"https:\/\/monpari.pl\/index.php\/wp-json\/wp\/v2\/product_tag?post=5648"}],"curies":[{"name":"wp","href":"https:\/\/api.w.org\/{rel}","templated":true}]}}