{"id":5968,"date":"2025-09-13T18:46:03","date_gmt":"2025-09-13T18:46:03","guid":{"rendered":"https:\/\/monpari.pl\/?post_type=product&#038;p=5968"},"modified":"2026-01-14T19:54:22","modified_gmt":"2026-01-14T19:54:22","slug":"termiczna-torba-sniadaniowa-lunch-stitch-pojemna-wodoodporna-24x17x14-cm-2","status":"publish","type":"product","link":"https:\/\/monpari.pl\/index.php\/produkt\/termiczna-torba-sniadaniowa-lunch-stitch-pojemna-wodoodporna-24x17x14-cm-2\/","title":{"rendered":"Termiczna torba \u015bniadaniowa lunch Stitch \u2013 pojemna, wodoodporna 24x17x14 cm"},"content":{"rendered":"<div class=\"mpof_ki myre_zn myre_8v_l m389_6m_l\">\n<div class=\"mp4t_16_s mryx_16_s mr3m_1 mli2_1 mh85_56 mh85_0_l\">\n<div class=\"mgn2_16 _0d3bd_am0a-\">\n<h3><strong>\u2728Termiczna torba \u015bniadaniowa lunch Stitch \u2013 pojemna, wodoodporna 24x17x14 cm<\/strong><\/h3>\n<\/div>\n<\/div>\n<\/div>\n<div class=\"mpof_ki myre_zn myre_8v_l m389_6m_l\">\n<div class=\"mp4t_16_s mryx_16_s mr3m_1 mli2_1 mh85_56 mh85_0_l\">\n<div class=\"mg9e_8 mj7a_8 mg9e_0_s mvrt_0_s mj7a_0_s mh36_0_s mzmg_6m munh_16_l m3h2_16_l\">\n<div class=\"mp4t_0 mryx_0 munh_56 m3h2_56\">\n<div class=\"mp7g_oh\"><\/div>\n<\/div>\n<\/div>\n<\/div>\n<div class=\"mp4t_16_s mryx_16_s mr3m_1 mli2_1 mh85_56 mh85_0_l\">\n<div class=\"mgn2_16 _0d3bd_am0a-\">\n<p><b>Praktyczna torba termiczna na lunch \/ \u015bniadanie<\/b><\/p>\n<p>Torba \u015bniadaniowa z motywem uroczych postaci\u00a0 Stitch i Angel to idealne rozwi\u0105zanie do szko\u0142y, pracy, na wycieczk\u0119 czy piknik. Dzi\u0119ki swojej konstrukcji utrzymuje \u015bwie\u017co\u015b\u0107 i temperatur\u0119 jedzenia przez d\u0142u\u017cszy czas.<\/p>\n<p>\u2705\u00a0<b>Wymiary:<\/b>\u00a024 x 17 x 14 cm (d\u0142ugo\u015b\u0107 x wysoko\u015b\u0107 x szeroko\u015b\u0107)<\/p>\n<p>\u2705\u00a0<b>Materia\u0142 zewn\u0119trzny:<\/b>\u00a0wytrzyma\u0142a tkanina z modnym paskowym wzorem<\/p>\n<p>\u2705\u00a0<b>Wn\u0119trze:<\/b>\u00a0izolacja termiczna z warstw\u0105 aluminium \u2013 \u0142atwe w czyszczeniu, odporne na wilgo\u0107 i zabrudzenia<\/p>\n<p>\u2705\u00a0<b>R\u0105czki:<\/b>\u00a0mocne i wygodne, idealne do noszenia na co dzie\u0144<\/p>\n<\/div>\n<\/div>\n<\/div>\n<div class=\"mpof_ki myre_zn myre_8v_l m389_6m_l\">\n<div class=\"mp4t_16_s mryx_16_s mr3m_1 mli2_1 mh85_56 mh85_0_l\">\n<div class=\"mg9e_8 mj7a_8 mg9e_0_s mvrt_0_s mj7a_0_s mh36_0_s mzmg_6m munh_16_l m3h2_16_l\">\n<div class=\"mp4t_0 mryx_0 munh_56 m3h2_56\">\n<div class=\"mp7g_oh\"><\/div>\n<\/div>\n<\/div>\n<\/div>\n<div class=\"mp4t_16_s mryx_16_s mr3m_1 mli2_1 mh85_56 mh85_0_l\">\n<div class=\"mgn2_16 _0d3bd_am0a-\">\n<p>\u2705\u00a0<b>Dodatkowe cechy:<\/b><\/p>\n<ul>\n<li>Lekka i pojemna \u2013 pomie\u015bci lunchbox, owoce, butelk\u0119 lub nap\u00f3j<\/li>\n<li>Utrzymuje ciep\u0142o lub ch\u0142\u00f3d posi\u0142k\u00f3w<\/li>\n<li>\u0141atwa do czyszczenia \u2013 wystarczy przetrze\u0107 wilgotn\u0105 \u015bciereczk\u0105<\/li>\n<li>Wodoodporna i odporna na przecieki<\/li>\n<\/ul>\n<\/div>\n<\/div>\n<\/div>\n<div class=\"mpof_ki myre_zn myre_8v_l m389_6m_l\">\n<div class=\"mp4t_16_s mryx_16_s mr3m_1 mli2_1 mh85_56 mh85_0_l\">\n<div class=\"mg9e_8 mj7a_8 mg9e_0_s mvrt_0_s mj7a_0_s mh36_0_s mzmg_6m munh_16_l m3h2_16_l\">\n<div class=\"mp4t_0 mryx_0 munh_56 m3h2_56\">\n<div class=\"mp7g_oh\"><\/div>\n<\/div>\n<\/div>\n<\/div>\n<div class=\"mp4t_16_s mryx_16_s mr3m_1 mli2_1 mh85_56 mh85_0_l\">\n<div class=\"mgn2_16 _0d3bd_am0a-\">\n<p><b>\u2705Uniwersalne zastosowanie:<\/b><\/p>\n<ul>\n<li>Do szko\u0142y i pracy<\/li>\n<li>Na piknik lub wycieczk\u0119<\/li>\n<li>Na drugie \u015bniadanie, lunch czy napoje<\/li>\n<\/ul>\n<p>Stylowa, praktyczna i wygodna \u2013 ta torba termiczna to must-have dla ka\u017cdego mi\u0142o\u015bnika uroczego designu i funkcjonalnych rozwi\u0105za\u0144!<\/p>\n<\/div>\n<\/div>\n<\/div>\n","protected":false},"excerpt":{"rendered":"<p><strong>\u2728Urocza torba termiczna z motywem Stitch \u2013 lekka, pojemna i wodoodporna, utrzymuje \u015bwie\u017co\u015b\u0107 posi\u0142k\u00f3w w szkole, pracy czy na pikniku.<\/strong><\/p>\n","protected":false},"featured_media":5965,"comment_status":"open","ping_status":"closed","template":"","meta":{"_seopress_robots_primary_cat":"none","_seopress_titles_title":"Termiczna torba \u015bniadaniowa lunch Stitch - pojemna wodoodporna","_seopress_titles_desc":"Praktyczna i urocza torba termiczna o wymiarach 24x17x14 cm. Utrzymuje \u015bwie\u017co\u015b\u0107 i temperatur\u0119 posi\u0142k\u00f3w, a dzi\u0119ki izolacji aluminiowej jest wodoodporna i \u0142atwa w czyszczeniu. Lekka, pojemna i wygodna \u2013 idealna do szko\u0142y, pracy, na piknik czy wycieczk\u0119.","_seopress_robots_index":""},"product_brand":[],"product_cat":[77,463],"product_tag":[],"class_list":{"0":"post-5968","1":"product","2":"type-product","3":"status-publish","4":"has-post-thumbnail","6":"product_cat-nowosci","7":"product_cat-torebki","9":"first","10":"instock","11":"sale","12":"taxable","13":"shipping-taxable","14":"purchasable","15":"product-type-simple"},"yoast_head":"<!-- This site is optimized with the Yoast SEO plugin v27.4 - https:\/\/yoast.com\/product\/yoast-seo-wordpress\/ -->\n<title>Termiczna torba \u015bniadaniowa lunch Stitch \u2013 pojemna, wodoodporna 24x17x14 cm - Monpari.pl<\/title>\n<meta name=\"robots\" content=\"index, follow, max-snippet:-1, max-image-preview:large, max-video-preview:-1\" \/>\n<link rel=\"canonical\" href=\"https:\/\/monpari.pl\/index.php\/produkt\/termiczna-torba-sniadaniowa-lunch-stitch-pojemna-wodoodporna-24x17x14-cm-2\/\" \/>\n<meta property=\"og:locale\" content=\"pl_PL\" \/>\n<meta property=\"og:type\" content=\"article\" \/>\n<meta property=\"og:title\" content=\"Termiczna torba \u015bniadaniowa lunch Stitch \u2013 pojemna, wodoodporna 24x17x14 cm - Monpari.pl\" \/>\n<meta property=\"og:description\" content=\"\u2728Urocza torba termiczna z motywem Stitch \u2013 lekka, pojemna i wodoodporna, utrzymuje \u015bwie\u017co\u015b\u0107 posi\u0142k\u00f3w w szkole, pracy czy na pikniku.\" \/>\n<meta property=\"og:url\" content=\"https:\/\/monpari.pl\/index.php\/produkt\/termiczna-torba-sniadaniowa-lunch-stitch-pojemna-wodoodporna-24x17x14-cm-2\/\" \/>\n<meta property=\"og:site_name\" content=\"Monpari.pl\" \/>\n<meta property=\"article:modified_time\" content=\"2026-01-14T19:54:22+00:00\" \/>\n<meta property=\"og:image\" content=\"https:\/\/monpari.pl\/wp-content\/uploads\/2025\/09\/monpari-torebka-stitch-sniadaniowka-termiczna-5.webp\" \/>\n\t<meta property=\"og:image:width\" content=\"1200\" \/>\n\t<meta property=\"og:image:height\" content=\"1200\" \/>\n\t<meta property=\"og:image:type\" content=\"image\/webp\" \/>\n<meta name=\"twitter:card\" content=\"summary_large_image\" \/>\n<meta name=\"twitter:label1\" content=\"Szacowany czas czytania\" \/>\n\t<meta name=\"twitter:data1\" content=\"1 minuta\" \/>\n<script type=\"application\/ld+json\" class=\"yoast-schema-graph\">{\"@context\":\"https:\\\/\\\/schema.org\",\"@graph\":[{\"@type\":\"WebPage\",\"@id\":\"https:\\\/\\\/monpari.pl\\\/index.php\\\/produkt\\\/termiczna-torba-sniadaniowa-lunch-stitch-pojemna-wodoodporna-24x17x14-cm-2\\\/\",\"url\":\"https:\\\/\\\/monpari.pl\\\/index.php\\\/produkt\\\/termiczna-torba-sniadaniowa-lunch-stitch-pojemna-wodoodporna-24x17x14-cm-2\\\/\",\"name\":\"Termiczna torba \u015bniadaniowa lunch Stitch \u2013 pojemna, wodoodporna 24x17x14 cm - Monpari.pl\",\"isPartOf\":{\"@id\":\"https:\\\/\\\/monpari.pl\\\/#website\"},\"primaryImageOfPage\":{\"@id\":\"https:\\\/\\\/monpari.pl\\\/index.php\\\/produkt\\\/termiczna-torba-sniadaniowa-lunch-stitch-pojemna-wodoodporna-24x17x14-cm-2\\\/#primaryimage\"},\"image\":{\"@id\":\"https:\\\/\\\/monpari.pl\\\/index.php\\\/produkt\\\/termiczna-torba-sniadaniowa-lunch-stitch-pojemna-wodoodporna-24x17x14-cm-2\\\/#primaryimage\"},\"thumbnailUrl\":\"https:\\\/\\\/monpari.pl\\\/wp-content\\\/uploads\\\/2025\\\/09\\\/monpari-torebka-stitch-sniadaniowka-termiczna-5.webp\",\"datePublished\":\"2025-09-13T18:46:03+00:00\",\"dateModified\":\"2026-01-14T19:54:22+00:00\",\"breadcrumb\":{\"@id\":\"https:\\\/\\\/monpari.pl\\\/index.php\\\/produkt\\\/termiczna-torba-sniadaniowa-lunch-stitch-pojemna-wodoodporna-24x17x14-cm-2\\\/#breadcrumb\"},\"inLanguage\":\"pl-PL\",\"potentialAction\":[{\"@type\":\"ReadAction\",\"target\":[\"https:\\\/\\\/monpari.pl\\\/index.php\\\/produkt\\\/termiczna-torba-sniadaniowa-lunch-stitch-pojemna-wodoodporna-24x17x14-cm-2\\\/\"]}]},{\"@type\":\"ImageObject\",\"inLanguage\":\"pl-PL\",\"@id\":\"https:\\\/\\\/monpari.pl\\\/index.php\\\/produkt\\\/termiczna-torba-sniadaniowa-lunch-stitch-pojemna-wodoodporna-24x17x14-cm-2\\\/#primaryimage\",\"url\":\"https:\\\/\\\/monpari.pl\\\/wp-content\\\/uploads\\\/2025\\\/09\\\/monpari-torebka-stitch-sniadaniowka-termiczna-5.webp\",\"contentUrl\":\"https:\\\/\\\/monpari.pl\\\/wp-content\\\/uploads\\\/2025\\\/09\\\/monpari-torebka-stitch-sniadaniowka-termiczna-5.webp\",\"width\":1200,\"height\":1200,\"caption\":\"Torba \u015bniadaniowa termiczna z motywem Stitch i Angel w paski niebiesko-bia\u0142e\"},{\"@type\":\"BreadcrumbList\",\"@id\":\"https:\\\/\\\/monpari.pl\\\/index.php\\\/produkt\\\/termiczna-torba-sniadaniowa-lunch-stitch-pojemna-wodoodporna-24x17x14-cm-2\\\/#breadcrumb\",\"itemListElement\":[{\"@type\":\"ListItem\",\"position\":1,\"name\":\"Strona g\u0142\u00f3wna\",\"item\":\"https:\\\/\\\/monpari.pl\\\/\"},{\"@type\":\"ListItem\",\"position\":2,\"name\":\"Sklep\",\"item\":\"https:\\\/\\\/monpari.pl\\\/index.php\\\/sklep\\\/\"},{\"@type\":\"ListItem\",\"position\":3,\"name\":\"Termiczna torba \u015bniadaniowa lunch Stitch \u2013 pojemna, wodoodporna 24x17x14 cm\"}]},{\"@type\":\"WebSite\",\"@id\":\"https:\\\/\\\/monpari.pl\\\/#website\",\"url\":\"https:\\\/\\\/monpari.pl\\\/\",\"name\":\"monpari.pl\",\"description\":\"Klipsy, kolczyki, bi\u017cuteria dla dzieci, artyku\u0142y z postaciami popularnych bajek, prezenty\",\"publisher\":{\"@id\":\"https:\\\/\\\/monpari.pl\\\/#organization\"},\"potentialAction\":[{\"@type\":\"SearchAction\",\"target\":{\"@type\":\"EntryPoint\",\"urlTemplate\":\"https:\\\/\\\/monpari.pl\\\/?s={search_term_string}\"},\"query-input\":{\"@type\":\"PropertyValueSpecification\",\"valueRequired\":true,\"valueName\":\"search_term_string\"}}],\"inLanguage\":\"pl-PL\"},{\"@type\":\"Organization\",\"@id\":\"https:\\\/\\\/monpari.pl\\\/#organization\",\"name\":\"monpari.pl\",\"url\":\"https:\\\/\\\/monpari.pl\\\/\",\"logo\":{\"@type\":\"ImageObject\",\"inLanguage\":\"pl-PL\",\"@id\":\"https:\\\/\\\/monpari.pl\\\/#\\\/schema\\\/logo\\\/image\\\/\",\"url\":\"https:\\\/\\\/monpari.pl\\\/wp-content\\\/uploads\\\/2023\\\/09\\\/MONPARI.png\",\"contentUrl\":\"https:\\\/\\\/monpari.pl\\\/wp-content\\\/uploads\\\/2023\\\/09\\\/MONPARI.png\",\"width\":660,\"height\":378,\"caption\":\"monpari.pl\"},\"image\":{\"@id\":\"https:\\\/\\\/monpari.pl\\\/#\\\/schema\\\/logo\\\/image\\\/\"}}]}<\/script>\n<!-- \/ Yoast SEO plugin. -->","yoast_head_json":{"title":"Termiczna torba \u015bniadaniowa lunch Stitch \u2013 pojemna, wodoodporna 24x17x14 cm - Monpari.pl","robots":{"index":"index","follow":"follow","max-snippet":"max-snippet:-1","max-image-preview":"max-image-preview:large","max-video-preview":"max-video-preview:-1"},"canonical":"https:\/\/monpari.pl\/index.php\/produkt\/termiczna-torba-sniadaniowa-lunch-stitch-pojemna-wodoodporna-24x17x14-cm-2\/","og_locale":"pl_PL","og_type":"article","og_title":"Termiczna torba \u015bniadaniowa lunch Stitch \u2013 pojemna, wodoodporna 24x17x14 cm - Monpari.pl","og_description":"\u2728Urocza torba termiczna z motywem Stitch \u2013 lekka, pojemna i wodoodporna, utrzymuje \u015bwie\u017co\u015b\u0107 posi\u0142k\u00f3w w szkole, pracy czy na pikniku.","og_url":"https:\/\/monpari.pl\/index.php\/produkt\/termiczna-torba-sniadaniowa-lunch-stitch-pojemna-wodoodporna-24x17x14-cm-2\/","og_site_name":"Monpari.pl","article_modified_time":"2026-01-14T19:54:22+00:00","og_image":[{"width":1200,"height":1200,"url":"https:\/\/monpari.pl\/wp-content\/uploads\/2025\/09\/monpari-torebka-stitch-sniadaniowka-termiczna-5.webp","type":"image\/webp"}],"twitter_card":"summary_large_image","twitter_misc":{"Szacowany czas czytania":"1 minuta"},"schema":{"@context":"https:\/\/schema.org","@graph":[{"@type":"WebPage","@id":"https:\/\/monpari.pl\/index.php\/produkt\/termiczna-torba-sniadaniowa-lunch-stitch-pojemna-wodoodporna-24x17x14-cm-2\/","url":"https:\/\/monpari.pl\/index.php\/produkt\/termiczna-torba-sniadaniowa-lunch-stitch-pojemna-wodoodporna-24x17x14-cm-2\/","name":"Termiczna torba \u015bniadaniowa lunch Stitch \u2013 pojemna, wodoodporna 24x17x14 cm - Monpari.pl","isPartOf":{"@id":"https:\/\/monpari.pl\/#website"},"primaryImageOfPage":{"@id":"https:\/\/monpari.pl\/index.php\/produkt\/termiczna-torba-sniadaniowa-lunch-stitch-pojemna-wodoodporna-24x17x14-cm-2\/#primaryimage"},"image":{"@id":"https:\/\/monpari.pl\/index.php\/produkt\/termiczna-torba-sniadaniowa-lunch-stitch-pojemna-wodoodporna-24x17x14-cm-2\/#primaryimage"},"thumbnailUrl":"https:\/\/monpari.pl\/wp-content\/uploads\/2025\/09\/monpari-torebka-stitch-sniadaniowka-termiczna-5.webp","datePublished":"2025-09-13T18:46:03+00:00","dateModified":"2026-01-14T19:54:22+00:00","breadcrumb":{"@id":"https:\/\/monpari.pl\/index.php\/produkt\/termiczna-torba-sniadaniowa-lunch-stitch-pojemna-wodoodporna-24x17x14-cm-2\/#breadcrumb"},"inLanguage":"pl-PL","potentialAction":[{"@type":"ReadAction","target":["https:\/\/monpari.pl\/index.php\/produkt\/termiczna-torba-sniadaniowa-lunch-stitch-pojemna-wodoodporna-24x17x14-cm-2\/"]}]},{"@type":"ImageObject","inLanguage":"pl-PL","@id":"https:\/\/monpari.pl\/index.php\/produkt\/termiczna-torba-sniadaniowa-lunch-stitch-pojemna-wodoodporna-24x17x14-cm-2\/#primaryimage","url":"https:\/\/monpari.pl\/wp-content\/uploads\/2025\/09\/monpari-torebka-stitch-sniadaniowka-termiczna-5.webp","contentUrl":"https:\/\/monpari.pl\/wp-content\/uploads\/2025\/09\/monpari-torebka-stitch-sniadaniowka-termiczna-5.webp","width":1200,"height":1200,"caption":"Torba \u015bniadaniowa termiczna z motywem Stitch i Angel w paski niebiesko-bia\u0142e"},{"@type":"BreadcrumbList","@id":"https:\/\/monpari.pl\/index.php\/produkt\/termiczna-torba-sniadaniowa-lunch-stitch-pojemna-wodoodporna-24x17x14-cm-2\/#breadcrumb","itemListElement":[{"@type":"ListItem","position":1,"name":"Strona g\u0142\u00f3wna","item":"https:\/\/monpari.pl\/"},{"@type":"ListItem","position":2,"name":"Sklep","item":"https:\/\/monpari.pl\/index.php\/sklep\/"},{"@type":"ListItem","position":3,"name":"Termiczna torba \u015bniadaniowa lunch Stitch \u2013 pojemna, wodoodporna 24x17x14 cm"}]},{"@type":"WebSite","@id":"https:\/\/monpari.pl\/#website","url":"https:\/\/monpari.pl\/","name":"monpari.pl","description":"Klipsy, kolczyki, bi\u017cuteria dla dzieci, artyku\u0142y z postaciami popularnych bajek, prezenty","publisher":{"@id":"https:\/\/monpari.pl\/#organization"},"potentialAction":[{"@type":"SearchAction","target":{"@type":"EntryPoint","urlTemplate":"https:\/\/monpari.pl\/?s={search_term_string}"},"query-input":{"@type":"PropertyValueSpecification","valueRequired":true,"valueName":"search_term_string"}}],"inLanguage":"pl-PL"},{"@type":"Organization","@id":"https:\/\/monpari.pl\/#organization","name":"monpari.pl","url":"https:\/\/monpari.pl\/","logo":{"@type":"ImageObject","inLanguage":"pl-PL","@id":"https:\/\/monpari.pl\/#\/schema\/logo\/image\/","url":"https:\/\/monpari.pl\/wp-content\/uploads\/2023\/09\/MONPARI.png","contentUrl":"https:\/\/monpari.pl\/wp-content\/uploads\/2023\/09\/MONPARI.png","width":660,"height":378,"caption":"monpari.pl"},"image":{"@id":"https:\/\/monpari.pl\/#\/schema\/logo\/image\/"}}]}},"_links":{"self":[{"href":"https:\/\/monpari.pl\/index.php\/wp-json\/wp\/v2\/product\/5968","targetHints":{"allow":["GET"]}}],"collection":[{"href":"https:\/\/monpari.pl\/index.php\/wp-json\/wp\/v2\/product"}],"about":[{"href":"https:\/\/monpari.pl\/index.php\/wp-json\/wp\/v2\/types\/product"}],"replies":[{"embeddable":true,"href":"https:\/\/monpari.pl\/index.php\/wp-json\/wp\/v2\/comments?post=5968"}],"version-history":[{"count":1,"href":"https:\/\/monpari.pl\/index.php\/wp-json\/wp\/v2\/product\/5968\/revisions"}],"predecessor-version":[{"id":5969,"href":"https:\/\/monpari.pl\/index.php\/wp-json\/wp\/v2\/product\/5968\/revisions\/5969"}],"wp:featuredmedia":[{"embeddable":true,"href":"https:\/\/monpari.pl\/index.php\/wp-json\/wp\/v2\/media\/5965"}],"wp:attachment":[{"href":"https:\/\/monpari.pl\/index.php\/wp-json\/wp\/v2\/media?parent=5968"}],"wp:term":[{"taxonomy":"product_brand","embeddable":true,"href":"https:\/\/monpari.pl\/index.php\/wp-json\/wp\/v2\/product_brand?post=5968"},{"taxonomy":"product_cat","embeddable":true,"href":"https:\/\/monpari.pl\/index.php\/wp-json\/wp\/v2\/product_cat?post=5968"},{"taxonomy":"product_tag","embeddable":true,"href":"https:\/\/monpari.pl\/index.php\/wp-json\/wp\/v2\/product_tag?post=5968"}],"curies":[{"name":"wp","href":"https:\/\/api.w.org\/{rel}","templated":true}]}}