{"id":5973,"date":"2025-09-19T10:27:56","date_gmt":"2025-09-19T10:27:56","guid":{"rendered":"https:\/\/monpari.pl\/?post_type=product&#038;p=5973"},"modified":"2026-01-14T19:54:10","modified_gmt":"2026-01-14T19:54:10","slug":"torebka-na-ramie-stitch-z-pluszowa-zawieszka-jasnoniebieska-uroczy-motyw-love","status":"publish","type":"product","link":"https:\/\/monpari.pl\/index.php\/produkt\/torebka-na-ramie-stitch-z-pluszowa-zawieszka-jasnoniebieska-uroczy-motyw-love\/","title":{"rendered":"Torebka na rami\u0119 Stitch z pluszow\u0105 zawieszk\u0105 \u2013 jasnoniebieska, uroczy motyw Love"},"content":{"rendered":"<h2>\u2728Stitch Futera\u0142 Torebka na telefon smartfon saszetka Listonoszka na rami\u0119\u2728<\/h2>\n<p>\u2714\ufe0fStylowa i praktyczna torebka na rami\u0119 z uroczym nadrukiem<\/p>\n<p>\u2714\ufe0fIdealna do noszenia telefonu, kluczy, portfela i innych drobiazg\u00f3w, kt\u00f3re chcesz mie\u0107 zawsze pod r\u0119k\u0105.<\/p>\n<p>\u2714\ufe0fTorebka jest wykonana z trwa\u0142ego materia\u0142u w niebieskim, kolorze, a jej prz\u00f3d zdobi uroczy motyw kultowych postaci Lilo &amp; STITCH!<\/p>\n<p><b>\u27a1\ufe0f<\/b>To doskona\u0142y wyb\u00f3r na prezent dla mi\u0142o\u015bnik\u00f3w s\u0142odkich akcesori\u00f3w! Sprawdzi si\u0119 na co dzie\u0144 i doda uroku ka\u017cdej stylizacji.<\/p>\n<h2>\u2728Cechy produktu\u2728<\/h2>\n<p><b>\u2705Materia\u0142:\u00a0<\/b>Wytrzyma\u0142y, lekki, Nylon<\/p>\n<p><b>\u2705 Breloczek: <\/b>Maskotka<\/p>\n<p><b>\u2705Design:<\/b> Niebieska torebka z nadrukiem kultowej postaci STITCH<\/p>\n<p><b>\u2705Funkcjonalno\u015b\u0107:<\/b> Dwie komory zapinane na zamek, idealne na telefon lub inne niezb\u0119dne rzeczy.<\/p>\n<p><b>\u2705Wymiary:<\/b> Doskona\u0142e do przechowywania telefonu, drobiazg\u00f3w i portfela. Szeroko\u015b\u0107 19cm x Wysoko\u015b\u0107 20cm x 6cm<\/p>\n<p><b>\u2705Pasek na rami\u0119:<\/b>\u00a0Regulowany, aby dopasowa\u0107 d\u0142ugo\u015b\u0107 do Twoich potrzeb.<\/p>\n<p><b>\u2705Uniwersalno\u015b\u0107:<\/b>\u00a0Pasuje zar\u00f3wno do codziennych stylizacji, jak i jako uroczy dodatek na wyj\u015bcia.<\/p>\n<p><b>\u203c\ufe0fMaskotka dodawana do terabki taka jak na dodatkowym zdj\u0119ciu\u203c\ufe0f<\/b><\/p>\n<p>&nbsp;<\/p>\n","protected":false},"excerpt":{"rendered":"<p>\u2728Stylowa i praktyczna torebka na rami\u0119 z uroczym nadrukiem. Idealna do noszenia telefonu, kluczy, portfela i innych drobiazg\u00f3w, kt\u00f3re chcesz mie\u0107 zawsze pod r\u0119k\u0105\u2728<\/p>\n","protected":false},"featured_media":5974,"comment_status":"open","ping_status":"closed","template":"","meta":{"_seopress_robots_primary_cat":"none","_seopress_titles_title":"Torebka na rami\u0119 Stitch z pluszow\u0105 zawieszk\u0105 \u2013 jasnoniebieska, uroczy motyw Love","_seopress_titles_desc":"Urocza jasnoniebieska torebka na rami\u0119 z motywem Stitcha, idealna na telefon i drobiazgi. Torebka z nadrukiem Stitcha oraz pluszow\u0105 zawieszk\u0105.","_seopress_robots_index":""},"product_brand":[],"product_cat":[77,79,463],"product_tag":[],"class_list":{"0":"post-5973","1":"product","2":"type-product","3":"status-publish","4":"has-post-thumbnail","6":"product_cat-nowosci","7":"product_cat-promocje","8":"product_cat-torebki","10":"first","11":"instock","12":"sale","13":"taxable","14":"shipping-taxable","15":"purchasable","16":"product-type-simple"},"yoast_head":"<!-- This site is optimized with the Yoast SEO plugin v27.4 - https:\/\/yoast.com\/product\/yoast-seo-wordpress\/ -->\n<title>Torebka na rami\u0119 Stitch z pluszow\u0105 zawieszk\u0105 \u2013 jasnoniebieska, uroczy motyw Love - Monpari.pl<\/title>\n<meta name=\"robots\" content=\"index, follow, max-snippet:-1, max-image-preview:large, max-video-preview:-1\" \/>\n<link rel=\"canonical\" href=\"https:\/\/monpari.pl\/index.php\/produkt\/torebka-na-ramie-stitch-z-pluszowa-zawieszka-jasnoniebieska-uroczy-motyw-love\/\" \/>\n<meta property=\"og:locale\" content=\"pl_PL\" \/>\n<meta property=\"og:type\" content=\"article\" \/>\n<meta property=\"og:title\" content=\"Torebka na rami\u0119 Stitch z pluszow\u0105 zawieszk\u0105 \u2013 jasnoniebieska, uroczy motyw Love - Monpari.pl\" \/>\n<meta property=\"og:description\" content=\"\u2728Stylowa i praktyczna torebka na rami\u0119 z uroczym nadrukiem. Idealna do noszenia telefonu, kluczy, portfela i innych drobiazg\u00f3w, kt\u00f3re chcesz mie\u0107 zawsze pod r\u0119k\u0105\u2728\" \/>\n<meta property=\"og:url\" content=\"https:\/\/monpari.pl\/index.php\/produkt\/torebka-na-ramie-stitch-z-pluszowa-zawieszka-jasnoniebieska-uroczy-motyw-love\/\" \/>\n<meta property=\"og:site_name\" content=\"Monpari.pl\" \/>\n<meta property=\"article:modified_time\" content=\"2026-01-14T19:54:10+00:00\" \/>\n<meta property=\"og:image\" content=\"https:\/\/monpari.pl\/wp-content\/uploads\/2025\/09\/monpari-torebka-stitch-na-telefon-maskotka.webp\" \/>\n\t<meta property=\"og:image:width\" content=\"1200\" \/>\n\t<meta property=\"og:image:height\" content=\"1200\" \/>\n\t<meta property=\"og:image:type\" content=\"image\/webp\" \/>\n<meta name=\"twitter:card\" content=\"summary_large_image\" \/>\n<meta name=\"twitter:label1\" content=\"Szacowany czas czytania\" \/>\n\t<meta name=\"twitter:data1\" content=\"1 minuta\" \/>\n<script type=\"application\/ld+json\" class=\"yoast-schema-graph\">{\"@context\":\"https:\\\/\\\/schema.org\",\"@graph\":[{\"@type\":\"WebPage\",\"@id\":\"https:\\\/\\\/monpari.pl\\\/index.php\\\/produkt\\\/torebka-na-ramie-stitch-z-pluszowa-zawieszka-jasnoniebieska-uroczy-motyw-love\\\/\",\"url\":\"https:\\\/\\\/monpari.pl\\\/index.php\\\/produkt\\\/torebka-na-ramie-stitch-z-pluszowa-zawieszka-jasnoniebieska-uroczy-motyw-love\\\/\",\"name\":\"Torebka na rami\u0119 Stitch z pluszow\u0105 zawieszk\u0105 \u2013 jasnoniebieska, uroczy motyw Love - Monpari.pl\",\"isPartOf\":{\"@id\":\"https:\\\/\\\/monpari.pl\\\/#website\"},\"primaryImageOfPage\":{\"@id\":\"https:\\\/\\\/monpari.pl\\\/index.php\\\/produkt\\\/torebka-na-ramie-stitch-z-pluszowa-zawieszka-jasnoniebieska-uroczy-motyw-love\\\/#primaryimage\"},\"image\":{\"@id\":\"https:\\\/\\\/monpari.pl\\\/index.php\\\/produkt\\\/torebka-na-ramie-stitch-z-pluszowa-zawieszka-jasnoniebieska-uroczy-motyw-love\\\/#primaryimage\"},\"thumbnailUrl\":\"https:\\\/\\\/monpari.pl\\\/wp-content\\\/uploads\\\/2025\\\/09\\\/monpari-torebka-stitch-na-telefon-maskotka.webp\",\"datePublished\":\"2025-09-19T10:27:56+00:00\",\"dateModified\":\"2026-01-14T19:54:10+00:00\",\"breadcrumb\":{\"@id\":\"https:\\\/\\\/monpari.pl\\\/index.php\\\/produkt\\\/torebka-na-ramie-stitch-z-pluszowa-zawieszka-jasnoniebieska-uroczy-motyw-love\\\/#breadcrumb\"},\"inLanguage\":\"pl-PL\",\"potentialAction\":[{\"@type\":\"ReadAction\",\"target\":[\"https:\\\/\\\/monpari.pl\\\/index.php\\\/produkt\\\/torebka-na-ramie-stitch-z-pluszowa-zawieszka-jasnoniebieska-uroczy-motyw-love\\\/\"]}]},{\"@type\":\"ImageObject\",\"inLanguage\":\"pl-PL\",\"@id\":\"https:\\\/\\\/monpari.pl\\\/index.php\\\/produkt\\\/torebka-na-ramie-stitch-z-pluszowa-zawieszka-jasnoniebieska-uroczy-motyw-love\\\/#primaryimage\",\"url\":\"https:\\\/\\\/monpari.pl\\\/wp-content\\\/uploads\\\/2025\\\/09\\\/monpari-torebka-stitch-na-telefon-maskotka.webp\",\"contentUrl\":\"https:\\\/\\\/monpari.pl\\\/wp-content\\\/uploads\\\/2025\\\/09\\\/monpari-torebka-stitch-na-telefon-maskotka.webp\",\"width\":1200,\"height\":1200,\"caption\":\"Jasnoniebieska torebka na rami\u0119 z nadrukiem postaci Stitch trzymaj\u0105cego czerwone serce z napisem \u2018Love\u2019, ozdobiona zawieszk\u0105 \u2013 pluszow\u0105 maskotk\u0105 Stitcha\"},{\"@type\":\"BreadcrumbList\",\"@id\":\"https:\\\/\\\/monpari.pl\\\/index.php\\\/produkt\\\/torebka-na-ramie-stitch-z-pluszowa-zawieszka-jasnoniebieska-uroczy-motyw-love\\\/#breadcrumb\",\"itemListElement\":[{\"@type\":\"ListItem\",\"position\":1,\"name\":\"Strona g\u0142\u00f3wna\",\"item\":\"https:\\\/\\\/monpari.pl\\\/\"},{\"@type\":\"ListItem\",\"position\":2,\"name\":\"Sklep\",\"item\":\"https:\\\/\\\/monpari.pl\\\/index.php\\\/sklep\\\/\"},{\"@type\":\"ListItem\",\"position\":3,\"name\":\"Torebka na rami\u0119 Stitch z pluszow\u0105 zawieszk\u0105 \u2013 jasnoniebieska, uroczy motyw Love\"}]},{\"@type\":\"WebSite\",\"@id\":\"https:\\\/\\\/monpari.pl\\\/#website\",\"url\":\"https:\\\/\\\/monpari.pl\\\/\",\"name\":\"monpari.pl\",\"description\":\"Klipsy, kolczyki, bi\u017cuteria dla dzieci, artyku\u0142y z postaciami popularnych bajek, prezenty\",\"publisher\":{\"@id\":\"https:\\\/\\\/monpari.pl\\\/#organization\"},\"potentialAction\":[{\"@type\":\"SearchAction\",\"target\":{\"@type\":\"EntryPoint\",\"urlTemplate\":\"https:\\\/\\\/monpari.pl\\\/?s={search_term_string}\"},\"query-input\":{\"@type\":\"PropertyValueSpecification\",\"valueRequired\":true,\"valueName\":\"search_term_string\"}}],\"inLanguage\":\"pl-PL\"},{\"@type\":\"Organization\",\"@id\":\"https:\\\/\\\/monpari.pl\\\/#organization\",\"name\":\"monpari.pl\",\"url\":\"https:\\\/\\\/monpari.pl\\\/\",\"logo\":{\"@type\":\"ImageObject\",\"inLanguage\":\"pl-PL\",\"@id\":\"https:\\\/\\\/monpari.pl\\\/#\\\/schema\\\/logo\\\/image\\\/\",\"url\":\"https:\\\/\\\/monpari.pl\\\/wp-content\\\/uploads\\\/2023\\\/09\\\/MONPARI.png\",\"contentUrl\":\"https:\\\/\\\/monpari.pl\\\/wp-content\\\/uploads\\\/2023\\\/09\\\/MONPARI.png\",\"width\":660,\"height\":378,\"caption\":\"monpari.pl\"},\"image\":{\"@id\":\"https:\\\/\\\/monpari.pl\\\/#\\\/schema\\\/logo\\\/image\\\/\"}}]}<\/script>\n<!-- \/ Yoast SEO plugin. -->","yoast_head_json":{"title":"Torebka na rami\u0119 Stitch z pluszow\u0105 zawieszk\u0105 \u2013 jasnoniebieska, uroczy motyw Love - Monpari.pl","robots":{"index":"index","follow":"follow","max-snippet":"max-snippet:-1","max-image-preview":"max-image-preview:large","max-video-preview":"max-video-preview:-1"},"canonical":"https:\/\/monpari.pl\/index.php\/produkt\/torebka-na-ramie-stitch-z-pluszowa-zawieszka-jasnoniebieska-uroczy-motyw-love\/","og_locale":"pl_PL","og_type":"article","og_title":"Torebka na rami\u0119 Stitch z pluszow\u0105 zawieszk\u0105 \u2013 jasnoniebieska, uroczy motyw Love - Monpari.pl","og_description":"\u2728Stylowa i praktyczna torebka na rami\u0119 z uroczym nadrukiem. Idealna do noszenia telefonu, kluczy, portfela i innych drobiazg\u00f3w, kt\u00f3re chcesz mie\u0107 zawsze pod r\u0119k\u0105\u2728","og_url":"https:\/\/monpari.pl\/index.php\/produkt\/torebka-na-ramie-stitch-z-pluszowa-zawieszka-jasnoniebieska-uroczy-motyw-love\/","og_site_name":"Monpari.pl","article_modified_time":"2026-01-14T19:54:10+00:00","og_image":[{"width":1200,"height":1200,"url":"https:\/\/monpari.pl\/wp-content\/uploads\/2025\/09\/monpari-torebka-stitch-na-telefon-maskotka.webp","type":"image\/webp"}],"twitter_card":"summary_large_image","twitter_misc":{"Szacowany czas czytania":"1 minuta"},"schema":{"@context":"https:\/\/schema.org","@graph":[{"@type":"WebPage","@id":"https:\/\/monpari.pl\/index.php\/produkt\/torebka-na-ramie-stitch-z-pluszowa-zawieszka-jasnoniebieska-uroczy-motyw-love\/","url":"https:\/\/monpari.pl\/index.php\/produkt\/torebka-na-ramie-stitch-z-pluszowa-zawieszka-jasnoniebieska-uroczy-motyw-love\/","name":"Torebka na rami\u0119 Stitch z pluszow\u0105 zawieszk\u0105 \u2013 jasnoniebieska, uroczy motyw Love - Monpari.pl","isPartOf":{"@id":"https:\/\/monpari.pl\/#website"},"primaryImageOfPage":{"@id":"https:\/\/monpari.pl\/index.php\/produkt\/torebka-na-ramie-stitch-z-pluszowa-zawieszka-jasnoniebieska-uroczy-motyw-love\/#primaryimage"},"image":{"@id":"https:\/\/monpari.pl\/index.php\/produkt\/torebka-na-ramie-stitch-z-pluszowa-zawieszka-jasnoniebieska-uroczy-motyw-love\/#primaryimage"},"thumbnailUrl":"https:\/\/monpari.pl\/wp-content\/uploads\/2025\/09\/monpari-torebka-stitch-na-telefon-maskotka.webp","datePublished":"2025-09-19T10:27:56+00:00","dateModified":"2026-01-14T19:54:10+00:00","breadcrumb":{"@id":"https:\/\/monpari.pl\/index.php\/produkt\/torebka-na-ramie-stitch-z-pluszowa-zawieszka-jasnoniebieska-uroczy-motyw-love\/#breadcrumb"},"inLanguage":"pl-PL","potentialAction":[{"@type":"ReadAction","target":["https:\/\/monpari.pl\/index.php\/produkt\/torebka-na-ramie-stitch-z-pluszowa-zawieszka-jasnoniebieska-uroczy-motyw-love\/"]}]},{"@type":"ImageObject","inLanguage":"pl-PL","@id":"https:\/\/monpari.pl\/index.php\/produkt\/torebka-na-ramie-stitch-z-pluszowa-zawieszka-jasnoniebieska-uroczy-motyw-love\/#primaryimage","url":"https:\/\/monpari.pl\/wp-content\/uploads\/2025\/09\/monpari-torebka-stitch-na-telefon-maskotka.webp","contentUrl":"https:\/\/monpari.pl\/wp-content\/uploads\/2025\/09\/monpari-torebka-stitch-na-telefon-maskotka.webp","width":1200,"height":1200,"caption":"Jasnoniebieska torebka na rami\u0119 z nadrukiem postaci Stitch trzymaj\u0105cego czerwone serce z napisem \u2018Love\u2019, ozdobiona zawieszk\u0105 \u2013 pluszow\u0105 maskotk\u0105 Stitcha"},{"@type":"BreadcrumbList","@id":"https:\/\/monpari.pl\/index.php\/produkt\/torebka-na-ramie-stitch-z-pluszowa-zawieszka-jasnoniebieska-uroczy-motyw-love\/#breadcrumb","itemListElement":[{"@type":"ListItem","position":1,"name":"Strona g\u0142\u00f3wna","item":"https:\/\/monpari.pl\/"},{"@type":"ListItem","position":2,"name":"Sklep","item":"https:\/\/monpari.pl\/index.php\/sklep\/"},{"@type":"ListItem","position":3,"name":"Torebka na rami\u0119 Stitch z pluszow\u0105 zawieszk\u0105 \u2013 jasnoniebieska, uroczy motyw Love"}]},{"@type":"WebSite","@id":"https:\/\/monpari.pl\/#website","url":"https:\/\/monpari.pl\/","name":"monpari.pl","description":"Klipsy, kolczyki, bi\u017cuteria dla dzieci, artyku\u0142y z postaciami popularnych bajek, prezenty","publisher":{"@id":"https:\/\/monpari.pl\/#organization"},"potentialAction":[{"@type":"SearchAction","target":{"@type":"EntryPoint","urlTemplate":"https:\/\/monpari.pl\/?s={search_term_string}"},"query-input":{"@type":"PropertyValueSpecification","valueRequired":true,"valueName":"search_term_string"}}],"inLanguage":"pl-PL"},{"@type":"Organization","@id":"https:\/\/monpari.pl\/#organization","name":"monpari.pl","url":"https:\/\/monpari.pl\/","logo":{"@type":"ImageObject","inLanguage":"pl-PL","@id":"https:\/\/monpari.pl\/#\/schema\/logo\/image\/","url":"https:\/\/monpari.pl\/wp-content\/uploads\/2023\/09\/MONPARI.png","contentUrl":"https:\/\/monpari.pl\/wp-content\/uploads\/2023\/09\/MONPARI.png","width":660,"height":378,"caption":"monpari.pl"},"image":{"@id":"https:\/\/monpari.pl\/#\/schema\/logo\/image\/"}}]}},"_links":{"self":[{"href":"https:\/\/monpari.pl\/index.php\/wp-json\/wp\/v2\/product\/5973","targetHints":{"allow":["GET"]}}],"collection":[{"href":"https:\/\/monpari.pl\/index.php\/wp-json\/wp\/v2\/product"}],"about":[{"href":"https:\/\/monpari.pl\/index.php\/wp-json\/wp\/v2\/types\/product"}],"replies":[{"embeddable":true,"href":"https:\/\/monpari.pl\/index.php\/wp-json\/wp\/v2\/comments?post=5973"}],"version-history":[{"count":1,"href":"https:\/\/monpari.pl\/index.php\/wp-json\/wp\/v2\/product\/5973\/revisions"}],"predecessor-version":[{"id":5976,"href":"https:\/\/monpari.pl\/index.php\/wp-json\/wp\/v2\/product\/5973\/revisions\/5976"}],"wp:featuredmedia":[{"embeddable":true,"href":"https:\/\/monpari.pl\/index.php\/wp-json\/wp\/v2\/media\/5974"}],"wp:attachment":[{"href":"https:\/\/monpari.pl\/index.php\/wp-json\/wp\/v2\/media?parent=5973"}],"wp:term":[{"taxonomy":"product_brand","embeddable":true,"href":"https:\/\/monpari.pl\/index.php\/wp-json\/wp\/v2\/product_brand?post=5973"},{"taxonomy":"product_cat","embeddable":true,"href":"https:\/\/monpari.pl\/index.php\/wp-json\/wp\/v2\/product_cat?post=5973"},{"taxonomy":"product_tag","embeddable":true,"href":"https:\/\/monpari.pl\/index.php\/wp-json\/wp\/v2\/product_tag?post=5973"}],"curies":[{"name":"wp","href":"https:\/\/api.w.org\/{rel}","templated":true}]}}