{"id":6021,"date":"2025-09-29T17:08:50","date_gmt":"2025-09-29T17:08:50","guid":{"rendered":"https:\/\/monpari.pl\/?post_type=product&#038;p=6021"},"modified":"2026-01-14T19:52:29","modified_gmt":"2026-01-14T19:52:29","slug":"klipsy-na-uszu-dla-dziewczynki-kolczyki-bez-dziurek-kwiatuszki-2","status":"publish","type":"product","link":"https:\/\/monpari.pl\/index.php\/produkt\/klipsy-na-uszu-dla-dziewczynki-kolczyki-bez-dziurek-kwiatuszki-2\/","title":{"rendered":"Klipsy na uszu dla dziewczynki kolczyki bez dziurek KWIATUSZKI"},"content":{"rendered":"<h2>\u2764\ufe0fUrocze klipsy do uszu dla dziewczynki \u2013 Kwiatuszki<\/h2>\n<p>Szukasz idealnych kolczyk\u00f3w dla dziewczynki, kt\u00f3ra nie ma przek\u0142utych uszu? Te\u00a0<b>kolorowe klipsy<\/b>\u00a0to \u015bwietny wyb\u00f3r!\u2714\ufe0f\u00a0<b>Bezpieczne i wygodne<\/b>\u00a0\u2013 dzi\u0119ki zapi\u0119ciu na klips nie wymagaj\u0105 przek\u0142uwania uszu.<\/p>\n<h4><strong>Wiek dziecka: 3+ (ze wzgl\u0119du na ma\u0142e elementy)<\/strong><\/h4>\n<p>\u2714\ufe0f\u00a0<b>R\u0119cznie robione<\/b>\u00a0\u2013 ka\u017cdy komplet wykonany jest z dba\u0142o\u015bci\u0105 o szczeg\u00f3\u0142y.<\/p>\n<p>\u2714\ufe0fKlips wykonany z wysokiej jako\u015bci metalu,\u00a0<b>nie zawiera o\u0142owiu i niklu,\u00a0\u00a0<\/b>antykorozyjny i bezpieczna dla dzieci z wra\u017cliw\u0105 sk\u00f3r\u0105<\/p>\n<p>\u2728\u00a0<b>Zestaw zawiera:<\/b><\/p>\n<ul>\n<li>1 par\u0119 klips\u00f3w w kszta\u0142cie Kwiatuszka<\/li>\n<li>poduszeczki do wygodnego noszenia (widoczne na zdj\u0119ciu)<\/li>\n<\/ul>\n<p>\u2705 Wygodne w noszeniu<\/p>\n<p>\u2705 Modny wz\u00f3r<\/p>\n<p>\u2705 Bezpieczne \u2013 bez przek\u0142uwania<\/p>\n<p>\u2764\ufe0f<b>Podaruj swojej c\u00f3reczce, siostrzenicy lub wnuczce wyj\u0105tkowy prezent, kt\u00f3ry wywo\u0142a u\u015bmiech na jej twarzy!<\/b><\/p>\n","protected":false},"excerpt":{"rendered":"<p>Szukasz idealnych kolczyk\u00f3w dla dziewczynki, kt\u00f3ra nie ma przek\u0142utych uszu? Te r\u00f3\u017cowe kwiatuszki<b> klipsy\u00a0 <\/b>to \u015bwietny wyb\u00f3r!<\/p>\n","protected":false},"featured_media":6022,"comment_status":"open","ping_status":"closed","template":"","meta":{"_seopress_robots_primary_cat":"none","_seopress_titles_title":"Klipsy kolczyki na uszu dla dziewczynki kwiatuszki kolczyki bez dziurek","_seopress_titles_desc":"Szukasz idealnych kolczyk\u00f3w dla dziewczynki, kt\u00f3ra nie ma przek\u0142utych uszu? Te\u00a0r\u00f3\u017cowe klipsy kwiatuszki\u00a0to \u015bwietny wyb\u00f3r!","_seopress_robots_index":""},"product_brand":[],"product_cat":[459,154],"product_tag":[],"class_list":{"0":"post-6021","1":"product","2":"type-product","3":"status-publish","4":"has-post-thumbnail","6":"product_cat-bizuteria-dziecieca","7":"product_cat-klipsy-do-uszu","9":"first","10":"instock","11":"taxable","12":"shipping-taxable","13":"purchasable","14":"product-type-simple"},"yoast_head":"<!-- This site is optimized with the Yoast SEO plugin v27.4 - https:\/\/yoast.com\/product\/yoast-seo-wordpress\/ -->\n<title>Klipsy na uszu dla dziewczynki kolczyki bez dziurek KWIATUSZKI - Monpari.pl<\/title>\n<meta name=\"robots\" content=\"index, follow, max-snippet:-1, max-image-preview:large, max-video-preview:-1\" \/>\n<link rel=\"canonical\" href=\"https:\/\/monpari.pl\/index.php\/produkt\/klipsy-na-uszu-dla-dziewczynki-kolczyki-bez-dziurek-kwiatuszki-2\/\" \/>\n<meta property=\"og:locale\" content=\"pl_PL\" \/>\n<meta property=\"og:type\" content=\"article\" \/>\n<meta property=\"og:title\" content=\"Klipsy na uszu dla dziewczynki kolczyki bez dziurek KWIATUSZKI - Monpari.pl\" \/>\n<meta property=\"og:description\" content=\"Szukasz idealnych kolczyk\u00f3w dla dziewczynki, kt\u00f3ra nie ma przek\u0142utych uszu? Te r\u00f3\u017cowe kwiatuszki klipsy\u00a0 to \u015bwietny wyb\u00f3r!\" \/>\n<meta property=\"og:url\" content=\"https:\/\/monpari.pl\/index.php\/produkt\/klipsy-na-uszu-dla-dziewczynki-kolczyki-bez-dziurek-kwiatuszki-2\/\" \/>\n<meta property=\"og:site_name\" content=\"Monpari.pl\" \/>\n<meta property=\"article:modified_time\" content=\"2026-01-14T19:52:29+00:00\" \/>\n<meta property=\"og:image\" content=\"https:\/\/monpari.pl\/wp-content\/uploads\/2025\/09\/monpari-kolczyki-klipsy-kwiatuszki-4.webp\" \/>\n\t<meta property=\"og:image:width\" content=\"1200\" \/>\n\t<meta property=\"og:image:height\" content=\"1200\" \/>\n\t<meta property=\"og:image:type\" content=\"image\/webp\" \/>\n<meta name=\"twitter:card\" content=\"summary_large_image\" \/>\n<meta name=\"twitter:label1\" content=\"Szacowany czas czytania\" \/>\n\t<meta name=\"twitter:data1\" content=\"1 minuta\" \/>\n<script type=\"application\/ld+json\" class=\"yoast-schema-graph\">{\"@context\":\"https:\\\/\\\/schema.org\",\"@graph\":[{\"@type\":\"WebPage\",\"@id\":\"https:\\\/\\\/monpari.pl\\\/index.php\\\/produkt\\\/klipsy-na-uszu-dla-dziewczynki-kolczyki-bez-dziurek-kwiatuszki-2\\\/\",\"url\":\"https:\\\/\\\/monpari.pl\\\/index.php\\\/produkt\\\/klipsy-na-uszu-dla-dziewczynki-kolczyki-bez-dziurek-kwiatuszki-2\\\/\",\"name\":\"Klipsy na uszu dla dziewczynki kolczyki bez dziurek KWIATUSZKI - Monpari.pl\",\"isPartOf\":{\"@id\":\"https:\\\/\\\/monpari.pl\\\/#website\"},\"primaryImageOfPage\":{\"@id\":\"https:\\\/\\\/monpari.pl\\\/index.php\\\/produkt\\\/klipsy-na-uszu-dla-dziewczynki-kolczyki-bez-dziurek-kwiatuszki-2\\\/#primaryimage\"},\"image\":{\"@id\":\"https:\\\/\\\/monpari.pl\\\/index.php\\\/produkt\\\/klipsy-na-uszu-dla-dziewczynki-kolczyki-bez-dziurek-kwiatuszki-2\\\/#primaryimage\"},\"thumbnailUrl\":\"https:\\\/\\\/monpari.pl\\\/wp-content\\\/uploads\\\/2025\\\/09\\\/monpari-kolczyki-klipsy-kwiatuszki-4.webp\",\"datePublished\":\"2025-09-29T17:08:50+00:00\",\"dateModified\":\"2026-01-14T19:52:29+00:00\",\"breadcrumb\":{\"@id\":\"https:\\\/\\\/monpari.pl\\\/index.php\\\/produkt\\\/klipsy-na-uszu-dla-dziewczynki-kolczyki-bez-dziurek-kwiatuszki-2\\\/#breadcrumb\"},\"inLanguage\":\"pl-PL\",\"potentialAction\":[{\"@type\":\"ReadAction\",\"target\":[\"https:\\\/\\\/monpari.pl\\\/index.php\\\/produkt\\\/klipsy-na-uszu-dla-dziewczynki-kolczyki-bez-dziurek-kwiatuszki-2\\\/\"]}]},{\"@type\":\"ImageObject\",\"inLanguage\":\"pl-PL\",\"@id\":\"https:\\\/\\\/monpari.pl\\\/index.php\\\/produkt\\\/klipsy-na-uszu-dla-dziewczynki-kolczyki-bez-dziurek-kwiatuszki-2\\\/#primaryimage\",\"url\":\"https:\\\/\\\/monpari.pl\\\/wp-content\\\/uploads\\\/2025\\\/09\\\/monpari-kolczyki-klipsy-kwiatuszki-4.webp\",\"contentUrl\":\"https:\\\/\\\/monpari.pl\\\/wp-content\\\/uploads\\\/2025\\\/09\\\/monpari-kolczyki-klipsy-kwiatuszki-4.webp\",\"width\":1200,\"height\":1200},{\"@type\":\"BreadcrumbList\",\"@id\":\"https:\\\/\\\/monpari.pl\\\/index.php\\\/produkt\\\/klipsy-na-uszu-dla-dziewczynki-kolczyki-bez-dziurek-kwiatuszki-2\\\/#breadcrumb\",\"itemListElement\":[{\"@type\":\"ListItem\",\"position\":1,\"name\":\"Strona g\u0142\u00f3wna\",\"item\":\"https:\\\/\\\/monpari.pl\\\/\"},{\"@type\":\"ListItem\",\"position\":2,\"name\":\"Sklep\",\"item\":\"https:\\\/\\\/monpari.pl\\\/index.php\\\/sklep\\\/\"},{\"@type\":\"ListItem\",\"position\":3,\"name\":\"Klipsy na uszu dla dziewczynki kolczyki bez dziurek KWIATUSZKI\"}]},{\"@type\":\"WebSite\",\"@id\":\"https:\\\/\\\/monpari.pl\\\/#website\",\"url\":\"https:\\\/\\\/monpari.pl\\\/\",\"name\":\"monpari.pl\",\"description\":\"Klipsy, kolczyki, bi\u017cuteria dla dzieci, artyku\u0142y z postaciami popularnych bajek, prezenty\",\"publisher\":{\"@id\":\"https:\\\/\\\/monpari.pl\\\/#organization\"},\"potentialAction\":[{\"@type\":\"SearchAction\",\"target\":{\"@type\":\"EntryPoint\",\"urlTemplate\":\"https:\\\/\\\/monpari.pl\\\/?s={search_term_string}\"},\"query-input\":{\"@type\":\"PropertyValueSpecification\",\"valueRequired\":true,\"valueName\":\"search_term_string\"}}],\"inLanguage\":\"pl-PL\"},{\"@type\":\"Organization\",\"@id\":\"https:\\\/\\\/monpari.pl\\\/#organization\",\"name\":\"monpari.pl\",\"url\":\"https:\\\/\\\/monpari.pl\\\/\",\"logo\":{\"@type\":\"ImageObject\",\"inLanguage\":\"pl-PL\",\"@id\":\"https:\\\/\\\/monpari.pl\\\/#\\\/schema\\\/logo\\\/image\\\/\",\"url\":\"https:\\\/\\\/monpari.pl\\\/wp-content\\\/uploads\\\/2023\\\/09\\\/MONPARI.png\",\"contentUrl\":\"https:\\\/\\\/monpari.pl\\\/wp-content\\\/uploads\\\/2023\\\/09\\\/MONPARI.png\",\"width\":660,\"height\":378,\"caption\":\"monpari.pl\"},\"image\":{\"@id\":\"https:\\\/\\\/monpari.pl\\\/#\\\/schema\\\/logo\\\/image\\\/\"}}]}<\/script>\n<!-- \/ Yoast SEO plugin. -->","yoast_head_json":{"title":"Klipsy na uszu dla dziewczynki kolczyki bez dziurek KWIATUSZKI - Monpari.pl","robots":{"index":"index","follow":"follow","max-snippet":"max-snippet:-1","max-image-preview":"max-image-preview:large","max-video-preview":"max-video-preview:-1"},"canonical":"https:\/\/monpari.pl\/index.php\/produkt\/klipsy-na-uszu-dla-dziewczynki-kolczyki-bez-dziurek-kwiatuszki-2\/","og_locale":"pl_PL","og_type":"article","og_title":"Klipsy na uszu dla dziewczynki kolczyki bez dziurek KWIATUSZKI - Monpari.pl","og_description":"Szukasz idealnych kolczyk\u00f3w dla dziewczynki, kt\u00f3ra nie ma przek\u0142utych uszu? Te r\u00f3\u017cowe kwiatuszki klipsy\u00a0 to \u015bwietny wyb\u00f3r!","og_url":"https:\/\/monpari.pl\/index.php\/produkt\/klipsy-na-uszu-dla-dziewczynki-kolczyki-bez-dziurek-kwiatuszki-2\/","og_site_name":"Monpari.pl","article_modified_time":"2026-01-14T19:52:29+00:00","og_image":[{"width":1200,"height":1200,"url":"https:\/\/monpari.pl\/wp-content\/uploads\/2025\/09\/monpari-kolczyki-klipsy-kwiatuszki-4.webp","type":"image\/webp"}],"twitter_card":"summary_large_image","twitter_misc":{"Szacowany czas czytania":"1 minuta"},"schema":{"@context":"https:\/\/schema.org","@graph":[{"@type":"WebPage","@id":"https:\/\/monpari.pl\/index.php\/produkt\/klipsy-na-uszu-dla-dziewczynki-kolczyki-bez-dziurek-kwiatuszki-2\/","url":"https:\/\/monpari.pl\/index.php\/produkt\/klipsy-na-uszu-dla-dziewczynki-kolczyki-bez-dziurek-kwiatuszki-2\/","name":"Klipsy na uszu dla dziewczynki kolczyki bez dziurek KWIATUSZKI - Monpari.pl","isPartOf":{"@id":"https:\/\/monpari.pl\/#website"},"primaryImageOfPage":{"@id":"https:\/\/monpari.pl\/index.php\/produkt\/klipsy-na-uszu-dla-dziewczynki-kolczyki-bez-dziurek-kwiatuszki-2\/#primaryimage"},"image":{"@id":"https:\/\/monpari.pl\/index.php\/produkt\/klipsy-na-uszu-dla-dziewczynki-kolczyki-bez-dziurek-kwiatuszki-2\/#primaryimage"},"thumbnailUrl":"https:\/\/monpari.pl\/wp-content\/uploads\/2025\/09\/monpari-kolczyki-klipsy-kwiatuszki-4.webp","datePublished":"2025-09-29T17:08:50+00:00","dateModified":"2026-01-14T19:52:29+00:00","breadcrumb":{"@id":"https:\/\/monpari.pl\/index.php\/produkt\/klipsy-na-uszu-dla-dziewczynki-kolczyki-bez-dziurek-kwiatuszki-2\/#breadcrumb"},"inLanguage":"pl-PL","potentialAction":[{"@type":"ReadAction","target":["https:\/\/monpari.pl\/index.php\/produkt\/klipsy-na-uszu-dla-dziewczynki-kolczyki-bez-dziurek-kwiatuszki-2\/"]}]},{"@type":"ImageObject","inLanguage":"pl-PL","@id":"https:\/\/monpari.pl\/index.php\/produkt\/klipsy-na-uszu-dla-dziewczynki-kolczyki-bez-dziurek-kwiatuszki-2\/#primaryimage","url":"https:\/\/monpari.pl\/wp-content\/uploads\/2025\/09\/monpari-kolczyki-klipsy-kwiatuszki-4.webp","contentUrl":"https:\/\/monpari.pl\/wp-content\/uploads\/2025\/09\/monpari-kolczyki-klipsy-kwiatuszki-4.webp","width":1200,"height":1200},{"@type":"BreadcrumbList","@id":"https:\/\/monpari.pl\/index.php\/produkt\/klipsy-na-uszu-dla-dziewczynki-kolczyki-bez-dziurek-kwiatuszki-2\/#breadcrumb","itemListElement":[{"@type":"ListItem","position":1,"name":"Strona g\u0142\u00f3wna","item":"https:\/\/monpari.pl\/"},{"@type":"ListItem","position":2,"name":"Sklep","item":"https:\/\/monpari.pl\/index.php\/sklep\/"},{"@type":"ListItem","position":3,"name":"Klipsy na uszu dla dziewczynki kolczyki bez dziurek KWIATUSZKI"}]},{"@type":"WebSite","@id":"https:\/\/monpari.pl\/#website","url":"https:\/\/monpari.pl\/","name":"monpari.pl","description":"Klipsy, kolczyki, bi\u017cuteria dla dzieci, artyku\u0142y z postaciami popularnych bajek, prezenty","publisher":{"@id":"https:\/\/monpari.pl\/#organization"},"potentialAction":[{"@type":"SearchAction","target":{"@type":"EntryPoint","urlTemplate":"https:\/\/monpari.pl\/?s={search_term_string}"},"query-input":{"@type":"PropertyValueSpecification","valueRequired":true,"valueName":"search_term_string"}}],"inLanguage":"pl-PL"},{"@type":"Organization","@id":"https:\/\/monpari.pl\/#organization","name":"monpari.pl","url":"https:\/\/monpari.pl\/","logo":{"@type":"ImageObject","inLanguage":"pl-PL","@id":"https:\/\/monpari.pl\/#\/schema\/logo\/image\/","url":"https:\/\/monpari.pl\/wp-content\/uploads\/2023\/09\/MONPARI.png","contentUrl":"https:\/\/monpari.pl\/wp-content\/uploads\/2023\/09\/MONPARI.png","width":660,"height":378,"caption":"monpari.pl"},"image":{"@id":"https:\/\/monpari.pl\/#\/schema\/logo\/image\/"}}]}},"_links":{"self":[{"href":"https:\/\/monpari.pl\/index.php\/wp-json\/wp\/v2\/product\/6021","targetHints":{"allow":["GET"]}}],"collection":[{"href":"https:\/\/monpari.pl\/index.php\/wp-json\/wp\/v2\/product"}],"about":[{"href":"https:\/\/monpari.pl\/index.php\/wp-json\/wp\/v2\/types\/product"}],"replies":[{"embeddable":true,"href":"https:\/\/monpari.pl\/index.php\/wp-json\/wp\/v2\/comments?post=6021"}],"version-history":[{"count":1,"href":"https:\/\/monpari.pl\/index.php\/wp-json\/wp\/v2\/product\/6021\/revisions"}],"predecessor-version":[{"id":6023,"href":"https:\/\/monpari.pl\/index.php\/wp-json\/wp\/v2\/product\/6021\/revisions\/6023"}],"wp:featuredmedia":[{"embeddable":true,"href":"https:\/\/monpari.pl\/index.php\/wp-json\/wp\/v2\/media\/6022"}],"wp:attachment":[{"href":"https:\/\/monpari.pl\/index.php\/wp-json\/wp\/v2\/media?parent=6021"}],"wp:term":[{"taxonomy":"product_brand","embeddable":true,"href":"https:\/\/monpari.pl\/index.php\/wp-json\/wp\/v2\/product_brand?post=6021"},{"taxonomy":"product_cat","embeddable":true,"href":"https:\/\/monpari.pl\/index.php\/wp-json\/wp\/v2\/product_cat?post=6021"},{"taxonomy":"product_tag","embeddable":true,"href":"https:\/\/monpari.pl\/index.php\/wp-json\/wp\/v2\/product_tag?post=6021"}],"curies":[{"name":"wp","href":"https:\/\/api.w.org\/{rel}","templated":true}]}}