{"id":6348,"date":"2025-11-18T19:06:38","date_gmt":"2025-11-18T19:06:38","guid":{"rendered":"https:\/\/monpari.pl\/?post_type=product&#038;p=6348"},"modified":"2025-11-18T19:23:49","modified_gmt":"2025-11-18T19:23:49","slug":"naklejki-wodoodporne-winylowe-pokemon-zestaw-100-sztuk","status":"publish","type":"product","link":"https:\/\/monpari.pl\/index.php\/produkt\/naklejki-wodoodporne-winylowe-pokemon-zestaw-100-sztuk\/","title":{"rendered":"Naklejki Wodoodporne Winylowe POKEMON Zestaw 100 SZTUK"},"content":{"rendered":"<h3>\u2728<strong>Naklejki Wodoodporne Winylowe POKEMON Zestaw 100 SZTUK<\/strong> \u2728<\/h3>\n<p>Zestaw 100 wyj\u0105tkowych naklejek winylowych z motywem POKEMON\u00d3W \u2013 Idealne dla dzieci i fan\u00f3w animacji. Ka\u017cda naklejka przedstawia unikalny wz\u00f3r.<\/p>\n<h3>\u2728Cechy produktu\u2728<\/h3>\n<p><strong>\u27a1\ufe0f<\/strong>Materia\u0142: Winylowe<\/p>\n<p><strong>\u27a1\ufe0f<\/strong>Wodoodporne<\/p>\n<p><strong>\u27a1\ufe0f<\/strong>Wielokrotnego u\u017cytku, \u0142atwe do odklejenia<\/p>\n<p>\u27a1\ufe0fZestaw 100 r\u00f3\u017cnych naklejek<\/p>\n<p>\u27a1\ufe0fBohater Pokemon<\/p>\n<p>\u27a1\ufe0fRozmiar naklejki oko\u0142o 4&#215;6 cm<\/p>\n<h3>\u2728Dlaczego warto?\u2728<\/h3>\n<p><strong><b>\u2705<\/b><\/strong>Naklejki wykonane s\u0105 z trwa\u0142ego, wodoodpornego winylu, dzi\u0119ki czemu doskonale nadaj\u0105 si\u0119 do ozdabiania laptop\u00f3w, zeszyt\u00f3w, telefon\u00f3w, rower\u00f3w, butelek na wod\u0119 i wielu innych powierzchni.<\/p>\n<p><strong><b>\u2705<\/b><\/strong> Ich \u017cywe kolory i wysoka jako\u015b\u0107 druku sprawiaj\u0105, \u017ce ka\u017cda z nich wygl\u0105da wyj\u0105tkowo i d\u0142ugo zachowuje sw\u00f3j atrakcyjny wygl\u0105d.<\/p>\n<p><strong><b>\u2705<\/b><\/strong>Unikalny prezent<strong><b>: <\/b><\/strong>Doskona\u0142y wyb\u00f3r na urodziny lub jako mi\u0142a niespodzianka bez okazji.<\/p>\n<h3>\u2728Dla Kogo?\u2728<\/h3>\n<h4><strong>Wiek: 3+<\/strong><\/h4>\n<p>\u2714\ufe0f\u0141atwe do przyklejenia i usuni\u0119cia bez pozostawiania \u015blad\u00f3w, co czyni je bezpiecznymi dla dzieci i wygodnymi w u\u017cytkowaniu. To \u015bwietny spos\u00f3b na rozwijanie kreatywno\u015bci i dodanie odrobiny magii Disneya do codziennych przedmiot\u00f3w!<\/p>\n","protected":false},"excerpt":{"rendered":"<p>\u2728Zestaw 100 wyj\u0105tkowych naklejek winylowych z motywem Pokemon\u00f3w\u2728<\/p>\n","protected":false},"featured_media":6349,"comment_status":"closed","ping_status":"closed","template":"","meta":{"_seopress_robots_primary_cat":"none","_seopress_titles_title":"Naklejki Winylowe Wodoodporne Dla Dzieci Bajka Pokemon 100 Sztuk","_seopress_titles_desc":"Zestaw 100 wyj\u0105tkowych naklejek winylowych z motywem Pokemon\u00f3w. Naklejki wykonane s\u0105 z trwa\u0142ego, wodoodpornego winylu, dzi\u0119ki czemu doskonale nadaj\u0105 si\u0119 do ozdabiania laptop\u00f3w, zeszyt\u00f3w, telefon\u00f3w, rower\u00f3w, butelek na wod\u0119 i wielu innych powierzchni.","_seopress_robots_index":""},"product_brand":[],"product_cat":[458,457,77],"product_tag":[],"class_list":{"0":"post-6348","1":"product","2":"type-product","3":"status-publish","4":"has-post-thumbnail","6":"product_cat-dla-dzieci","7":"product_cat-naklejki","8":"product_cat-nowosci","10":"first","11":"instock","12":"taxable","13":"shipping-taxable","14":"purchasable","15":"product-type-simple"},"yoast_head":"<!-- This site is optimized with the Yoast SEO plugin v27.4 - https:\/\/yoast.com\/product\/yoast-seo-wordpress\/ -->\n<title>Naklejki Wodoodporne Winylowe POKEMON Zestaw 100 SZTUK - Monpari.pl<\/title>\n<meta name=\"robots\" content=\"index, follow, max-snippet:-1, max-image-preview:large, max-video-preview:-1\" \/>\n<link rel=\"canonical\" href=\"https:\/\/monpari.pl\/index.php\/produkt\/naklejki-wodoodporne-winylowe-pokemon-zestaw-100-sztuk\/\" \/>\n<meta property=\"og:locale\" content=\"pl_PL\" \/>\n<meta property=\"og:type\" content=\"article\" \/>\n<meta property=\"og:title\" content=\"Naklejki Wodoodporne Winylowe POKEMON Zestaw 100 SZTUK - Monpari.pl\" \/>\n<meta property=\"og:description\" content=\"\u2728Zestaw 100 wyj\u0105tkowych naklejek winylowych z motywem Pokemon\u00f3w\u2728\" \/>\n<meta property=\"og:url\" content=\"https:\/\/monpari.pl\/index.php\/produkt\/naklejki-wodoodporne-winylowe-pokemon-zestaw-100-sztuk\/\" \/>\n<meta property=\"og:site_name\" content=\"Monpari.pl\" \/>\n<meta property=\"article:modified_time\" content=\"2025-11-18T19:23:49+00:00\" \/>\n<meta property=\"og:image\" content=\"https:\/\/monpari.pl\/wp-content\/uploads\/2025\/11\/monpari-naklejki-winylowe-pokemon-3.webp\" \/>\n\t<meta property=\"og:image:width\" content=\"2560\" \/>\n\t<meta property=\"og:image:height\" content=\"2560\" \/>\n\t<meta property=\"og:image:type\" content=\"image\/webp\" \/>\n<meta name=\"twitter:card\" content=\"summary_large_image\" \/>\n<meta name=\"twitter:label1\" content=\"Szacowany czas czytania\" \/>\n\t<meta name=\"twitter:data1\" content=\"1 minuta\" \/>\n<script type=\"application\/ld+json\" class=\"yoast-schema-graph\">{\"@context\":\"https:\\\/\\\/schema.org\",\"@graph\":[{\"@type\":\"WebPage\",\"@id\":\"https:\\\/\\\/monpari.pl\\\/index.php\\\/produkt\\\/naklejki-wodoodporne-winylowe-pokemon-zestaw-100-sztuk\\\/\",\"url\":\"https:\\\/\\\/monpari.pl\\\/index.php\\\/produkt\\\/naklejki-wodoodporne-winylowe-pokemon-zestaw-100-sztuk\\\/\",\"name\":\"Naklejki Wodoodporne Winylowe POKEMON Zestaw 100 SZTUK - Monpari.pl\",\"isPartOf\":{\"@id\":\"https:\\\/\\\/monpari.pl\\\/#website\"},\"primaryImageOfPage\":{\"@id\":\"https:\\\/\\\/monpari.pl\\\/index.php\\\/produkt\\\/naklejki-wodoodporne-winylowe-pokemon-zestaw-100-sztuk\\\/#primaryimage\"},\"image\":{\"@id\":\"https:\\\/\\\/monpari.pl\\\/index.php\\\/produkt\\\/naklejki-wodoodporne-winylowe-pokemon-zestaw-100-sztuk\\\/#primaryimage\"},\"thumbnailUrl\":\"https:\\\/\\\/monpari.pl\\\/wp-content\\\/uploads\\\/2025\\\/11\\\/monpari-naklejki-winylowe-pokemon-3.webp\",\"datePublished\":\"2025-11-18T19:06:38+00:00\",\"dateModified\":\"2025-11-18T19:23:49+00:00\",\"breadcrumb\":{\"@id\":\"https:\\\/\\\/monpari.pl\\\/index.php\\\/produkt\\\/naklejki-wodoodporne-winylowe-pokemon-zestaw-100-sztuk\\\/#breadcrumb\"},\"inLanguage\":\"pl-PL\",\"potentialAction\":[{\"@type\":\"ReadAction\",\"target\":[\"https:\\\/\\\/monpari.pl\\\/index.php\\\/produkt\\\/naklejki-wodoodporne-winylowe-pokemon-zestaw-100-sztuk\\\/\"]}]},{\"@type\":\"ImageObject\",\"inLanguage\":\"pl-PL\",\"@id\":\"https:\\\/\\\/monpari.pl\\\/index.php\\\/produkt\\\/naklejki-wodoodporne-winylowe-pokemon-zestaw-100-sztuk\\\/#primaryimage\",\"url\":\"https:\\\/\\\/monpari.pl\\\/wp-content\\\/uploads\\\/2025\\\/11\\\/monpari-naklejki-winylowe-pokemon-3.webp\",\"contentUrl\":\"https:\\\/\\\/monpari.pl\\\/wp-content\\\/uploads\\\/2025\\\/11\\\/monpari-naklejki-winylowe-pokemon-3.webp\",\"width\":2560,\"height\":2560,\"caption\":\"naklejki-winylowe-pokemony\"},{\"@type\":\"BreadcrumbList\",\"@id\":\"https:\\\/\\\/monpari.pl\\\/index.php\\\/produkt\\\/naklejki-wodoodporne-winylowe-pokemon-zestaw-100-sztuk\\\/#breadcrumb\",\"itemListElement\":[{\"@type\":\"ListItem\",\"position\":1,\"name\":\"Strona g\u0142\u00f3wna\",\"item\":\"https:\\\/\\\/monpari.pl\\\/\"},{\"@type\":\"ListItem\",\"position\":2,\"name\":\"Sklep\",\"item\":\"https:\\\/\\\/monpari.pl\\\/index.php\\\/sklep\\\/\"},{\"@type\":\"ListItem\",\"position\":3,\"name\":\"Naklejki Wodoodporne Winylowe POKEMON Zestaw 100 SZTUK\"}]},{\"@type\":\"WebSite\",\"@id\":\"https:\\\/\\\/monpari.pl\\\/#website\",\"url\":\"https:\\\/\\\/monpari.pl\\\/\",\"name\":\"monpari.pl\",\"description\":\"Klipsy, kolczyki, bi\u017cuteria dla dzieci, artyku\u0142y z postaciami popularnych bajek, prezenty\",\"publisher\":{\"@id\":\"https:\\\/\\\/monpari.pl\\\/#organization\"},\"potentialAction\":[{\"@type\":\"SearchAction\",\"target\":{\"@type\":\"EntryPoint\",\"urlTemplate\":\"https:\\\/\\\/monpari.pl\\\/?s={search_term_string}\"},\"query-input\":{\"@type\":\"PropertyValueSpecification\",\"valueRequired\":true,\"valueName\":\"search_term_string\"}}],\"inLanguage\":\"pl-PL\"},{\"@type\":\"Organization\",\"@id\":\"https:\\\/\\\/monpari.pl\\\/#organization\",\"name\":\"monpari.pl\",\"url\":\"https:\\\/\\\/monpari.pl\\\/\",\"logo\":{\"@type\":\"ImageObject\",\"inLanguage\":\"pl-PL\",\"@id\":\"https:\\\/\\\/monpari.pl\\\/#\\\/schema\\\/logo\\\/image\\\/\",\"url\":\"https:\\\/\\\/monpari.pl\\\/wp-content\\\/uploads\\\/2023\\\/09\\\/MONPARI.png\",\"contentUrl\":\"https:\\\/\\\/monpari.pl\\\/wp-content\\\/uploads\\\/2023\\\/09\\\/MONPARI.png\",\"width\":660,\"height\":378,\"caption\":\"monpari.pl\"},\"image\":{\"@id\":\"https:\\\/\\\/monpari.pl\\\/#\\\/schema\\\/logo\\\/image\\\/\"}}]}<\/script>\n<!-- \/ Yoast SEO plugin. -->","yoast_head_json":{"title":"Naklejki Wodoodporne Winylowe POKEMON Zestaw 100 SZTUK - Monpari.pl","robots":{"index":"index","follow":"follow","max-snippet":"max-snippet:-1","max-image-preview":"max-image-preview:large","max-video-preview":"max-video-preview:-1"},"canonical":"https:\/\/monpari.pl\/index.php\/produkt\/naklejki-wodoodporne-winylowe-pokemon-zestaw-100-sztuk\/","og_locale":"pl_PL","og_type":"article","og_title":"Naklejki Wodoodporne Winylowe POKEMON Zestaw 100 SZTUK - Monpari.pl","og_description":"\u2728Zestaw 100 wyj\u0105tkowych naklejek winylowych z motywem Pokemon\u00f3w\u2728","og_url":"https:\/\/monpari.pl\/index.php\/produkt\/naklejki-wodoodporne-winylowe-pokemon-zestaw-100-sztuk\/","og_site_name":"Monpari.pl","article_modified_time":"2025-11-18T19:23:49+00:00","og_image":[{"width":2560,"height":2560,"url":"https:\/\/monpari.pl\/wp-content\/uploads\/2025\/11\/monpari-naklejki-winylowe-pokemon-3.webp","type":"image\/webp"}],"twitter_card":"summary_large_image","twitter_misc":{"Szacowany czas czytania":"1 minuta"},"schema":{"@context":"https:\/\/schema.org","@graph":[{"@type":"WebPage","@id":"https:\/\/monpari.pl\/index.php\/produkt\/naklejki-wodoodporne-winylowe-pokemon-zestaw-100-sztuk\/","url":"https:\/\/monpari.pl\/index.php\/produkt\/naklejki-wodoodporne-winylowe-pokemon-zestaw-100-sztuk\/","name":"Naklejki Wodoodporne Winylowe POKEMON Zestaw 100 SZTUK - Monpari.pl","isPartOf":{"@id":"https:\/\/monpari.pl\/#website"},"primaryImageOfPage":{"@id":"https:\/\/monpari.pl\/index.php\/produkt\/naklejki-wodoodporne-winylowe-pokemon-zestaw-100-sztuk\/#primaryimage"},"image":{"@id":"https:\/\/monpari.pl\/index.php\/produkt\/naklejki-wodoodporne-winylowe-pokemon-zestaw-100-sztuk\/#primaryimage"},"thumbnailUrl":"https:\/\/monpari.pl\/wp-content\/uploads\/2025\/11\/monpari-naklejki-winylowe-pokemon-3.webp","datePublished":"2025-11-18T19:06:38+00:00","dateModified":"2025-11-18T19:23:49+00:00","breadcrumb":{"@id":"https:\/\/monpari.pl\/index.php\/produkt\/naklejki-wodoodporne-winylowe-pokemon-zestaw-100-sztuk\/#breadcrumb"},"inLanguage":"pl-PL","potentialAction":[{"@type":"ReadAction","target":["https:\/\/monpari.pl\/index.php\/produkt\/naklejki-wodoodporne-winylowe-pokemon-zestaw-100-sztuk\/"]}]},{"@type":"ImageObject","inLanguage":"pl-PL","@id":"https:\/\/monpari.pl\/index.php\/produkt\/naklejki-wodoodporne-winylowe-pokemon-zestaw-100-sztuk\/#primaryimage","url":"https:\/\/monpari.pl\/wp-content\/uploads\/2025\/11\/monpari-naklejki-winylowe-pokemon-3.webp","contentUrl":"https:\/\/monpari.pl\/wp-content\/uploads\/2025\/11\/monpari-naklejki-winylowe-pokemon-3.webp","width":2560,"height":2560,"caption":"naklejki-winylowe-pokemony"},{"@type":"BreadcrumbList","@id":"https:\/\/monpari.pl\/index.php\/produkt\/naklejki-wodoodporne-winylowe-pokemon-zestaw-100-sztuk\/#breadcrumb","itemListElement":[{"@type":"ListItem","position":1,"name":"Strona g\u0142\u00f3wna","item":"https:\/\/monpari.pl\/"},{"@type":"ListItem","position":2,"name":"Sklep","item":"https:\/\/monpari.pl\/index.php\/sklep\/"},{"@type":"ListItem","position":3,"name":"Naklejki Wodoodporne Winylowe POKEMON Zestaw 100 SZTUK"}]},{"@type":"WebSite","@id":"https:\/\/monpari.pl\/#website","url":"https:\/\/monpari.pl\/","name":"monpari.pl","description":"Klipsy, kolczyki, bi\u017cuteria dla dzieci, artyku\u0142y z postaciami popularnych bajek, prezenty","publisher":{"@id":"https:\/\/monpari.pl\/#organization"},"potentialAction":[{"@type":"SearchAction","target":{"@type":"EntryPoint","urlTemplate":"https:\/\/monpari.pl\/?s={search_term_string}"},"query-input":{"@type":"PropertyValueSpecification","valueRequired":true,"valueName":"search_term_string"}}],"inLanguage":"pl-PL"},{"@type":"Organization","@id":"https:\/\/monpari.pl\/#organization","name":"monpari.pl","url":"https:\/\/monpari.pl\/","logo":{"@type":"ImageObject","inLanguage":"pl-PL","@id":"https:\/\/monpari.pl\/#\/schema\/logo\/image\/","url":"https:\/\/monpari.pl\/wp-content\/uploads\/2023\/09\/MONPARI.png","contentUrl":"https:\/\/monpari.pl\/wp-content\/uploads\/2023\/09\/MONPARI.png","width":660,"height":378,"caption":"monpari.pl"},"image":{"@id":"https:\/\/monpari.pl\/#\/schema\/logo\/image\/"}}]}},"_links":{"self":[{"href":"https:\/\/monpari.pl\/index.php\/wp-json\/wp\/v2\/product\/6348","targetHints":{"allow":["GET"]}}],"collection":[{"href":"https:\/\/monpari.pl\/index.php\/wp-json\/wp\/v2\/product"}],"about":[{"href":"https:\/\/monpari.pl\/index.php\/wp-json\/wp\/v2\/types\/product"}],"replies":[{"embeddable":true,"href":"https:\/\/monpari.pl\/index.php\/wp-json\/wp\/v2\/comments?post=6348"}],"version-history":[{"count":1,"href":"https:\/\/monpari.pl\/index.php\/wp-json\/wp\/v2\/product\/6348\/revisions"}],"predecessor-version":[{"id":6352,"href":"https:\/\/monpari.pl\/index.php\/wp-json\/wp\/v2\/product\/6348\/revisions\/6352"}],"wp:featuredmedia":[{"embeddable":true,"href":"https:\/\/monpari.pl\/index.php\/wp-json\/wp\/v2\/media\/6349"}],"wp:attachment":[{"href":"https:\/\/monpari.pl\/index.php\/wp-json\/wp\/v2\/media?parent=6348"}],"wp:term":[{"taxonomy":"product_brand","embeddable":true,"href":"https:\/\/monpari.pl\/index.php\/wp-json\/wp\/v2\/product_brand?post=6348"},{"taxonomy":"product_cat","embeddable":true,"href":"https:\/\/monpari.pl\/index.php\/wp-json\/wp\/v2\/product_cat?post=6348"},{"taxonomy":"product_tag","embeddable":true,"href":"https:\/\/monpari.pl\/index.php\/wp-json\/wp\/v2\/product_tag?post=6348"}],"curies":[{"name":"wp","href":"https:\/\/api.w.org\/{rel}","templated":true}]}}