{"id":6353,"date":"2025-11-19T17:00:06","date_gmt":"2025-11-19T17:00:06","guid":{"rendered":"https:\/\/monpari.pl\/?post_type=product&#038;p=6353"},"modified":"2026-02-12T11:05:30","modified_gmt":"2026-02-12T11:05:30","slug":"zegar-budzik-lampka-nocna-kolorowa-led-dla-dzieci-do-pokoju-lilo-stitch","status":"publish","type":"product","link":"https:\/\/monpari.pl\/index.php\/produkt\/zegar-budzik-lampka-nocna-kolorowa-led-dla-dzieci-do-pokoju-lilo-stitch\/","title":{"rendered":"Zegar Budzik lampka nocna KOLOROWA LED Dla Dzieci do pokoju LILO &#038; STITCH"},"content":{"rendered":"<div class=\"mpof_ki myre_zn myre_8v_l m389_6m_l\">\n<div class=\"mp4t_16_s mryx_16_s mr3m_1 mli2_1 mh85_56 mh85_0_l\">\n<div class=\"mgn2_16 _0d3bd_am0a-\">\n<h3><strong>\u2b50KOLOROWY Zegar Budzik lampka nocna LED Dla Dzieci do pokoju LILO &amp; STITCH\u2b50<\/strong><\/h3>\n<\/div>\n<\/div>\n<\/div>\n<div class=\"mpof_ki myre_zn myre_8v_l m389_6m_l\">\n<div class=\"mp4t_16_s mryx_16_s mr3m_1 mli2_1 mh85_56 mh85_0_l\">\n<div class=\"mg9e_8 mj7a_8 mg9e_0_s mvrt_0_s mj7a_0_s mh36_0_s mzmg_6m munh_16_l m3h2_16_l\">\n<div class=\"mp4t_0 mryx_0 munh_56 m3h2_56\">\n<div class=\"mp7g_oh\">Roz\u015bwietl sw\u00f3j pok\u00f3j uroczym budzikiem w stylu <b>Lilo &amp; Stitch<\/b>!<\/div>\n<\/div>\n<\/div>\n<\/div>\n<div class=\"mp4t_16_s mryx_16_s mr3m_1 mli2_1 mh85_56 mh85_0_l\">\n<div class=\"mgn2_16 _0d3bd_am0a-\">\n<p>Nowoczesny zegarek w kszta\u0142cie kostki \u0142\u0105czy w sobie\u00a0<b>funkcj\u0119: \u2714\ufe0fbudzika,<\/b><\/p>\n<p><b>\u2714\ufe0flampki nocnej<\/b><\/p>\n<p><b>\u2714\ufe0fzegara cyfrowego<\/b>\u00a0\u2013 idealny do pokoju dziecka, nastolatka lub fana bajki Disney.<\/p>\n<p><b>\u2764\ufe0fIDEALNY NA PREZENT:<\/b><\/p>\n<p>Budzik Stitch to nie tylko praktyczny gad\u017cet, ale tak\u017ce\u00a0<b>urocza dekoracja pokoju<\/b>.<\/p>\n<p>\u015awietnie sprawdzi si\u0119 jako prezent urodzinowy, \u015bwi\u0105teczny lub jako dodatek do kolekcji mi\u0142o\u015bnik\u00f3w Lilo &amp; Stitch.<\/p>\n<\/div>\n<h3>\u2b50<strong>G\u0141\u00d3WNE CECHY:<\/strong><\/h3>\n<p><b>\u2705Wielokolorowe pod\u015bwietlenie LED<\/b>\u00a0\u2013 zmieniaj\u0105ce si\u0119 kolory tworz\u0105 magiczn\u0105 atmosfer\u0119 w nocy.<\/p>\n<p><b>\u2705Funkcja budzika z sygna\u0142em d\u017awi\u0119kowym<\/b>\u00a0\u2013 pozwala rozpocz\u0105\u0107 dzie\u0144 z u\u015bmiechem.<\/p>\n<p><b>\u2705Wy\u015bwietlacz LCD<\/b>\u00a0\u2013 pokazuje godzin\u0119, dat\u0119 i temperatur\u0119.<\/p>\n<p><b>\u2705Zasilanie na baterie<\/b>\u00a0\u2013 mobilny, bez kabli, mo\u017cesz postawi\u0107 go wsz\u0119dzie.<\/p>\n<p><b>\u2705<\/b><b>Motyw bajkowy Lilo &amp; Stitch<\/b>\u00a0\u2013 idealny prezent dla dzieci i fan\u00f3w Disneya.<\/p>\n<p><b>\u2705Kompaktowy rozmiar:<\/b>\u00a0ok. 8 \u00d7 8 \u00d7 8 cm \u2013 mie\u015bci si\u0119 na ka\u017cdej p\u00f3\u0142ce lub biurku.<\/p>\n<p><b>\u2705J\u0119zyk angielski <\/b>( dziecko przy okazji zapami\u0119tuje dni tygodnia w j\u0119zyku angielskim)<\/p>\n<p><b>\u2705Zasilany na baterie, mo\u017cliwo\u015b\u0107 zasilania przewodem:\u00a0<\/b>p \u0142askie do wy\u015bwietlacza (w zestawie), paluszki do pod\u015bwietlania AAA (brak w zestawie).<\/p>\n<\/div>\n<\/div>\n","protected":false},"excerpt":{"rendered":"<p>\u2764\ufe0fRoz\u015bwietl sw\u00f3j pok\u00f3j uroczym budzikiem w stylu <b>Lilo &amp; Stitch<\/b>!\u2764\ufe0f<\/p>\n","protected":false},"featured_media":6359,"comment_status":"open","ping_status":"closed","template":"","meta":{"_seopress_robots_primary_cat":"none","_seopress_titles_title":"Zegar Budzik lampka nocna KOLOROWA LED Dla Dzieci do pokoju LILO & STITCH","_seopress_titles_desc":"Budzik Stitch to nie tylko praktyczny gad\u017cet, ale tak\u017ce\u00a0urocza dekoracja pokoju.\r\n\u015awietnie sprawdzi si\u0119 jako prezent urodzinowy, \u015bwi\u0105teczny lub jako dodatek do kolekcji mi\u0142o\u015bnik\u00f3w Lilo & Stitch.","_seopress_robots_index":""},"product_brand":[],"product_cat":[468,77],"product_tag":[],"class_list":{"0":"post-6353","1":"product","2":"type-product","3":"status-publish","4":"has-post-thumbnail","6":"product_cat-lampki","7":"product_cat-nowosci","9":"first","10":"instock","11":"taxable","12":"shipping-taxable","13":"purchasable","14":"product-type-simple"},"yoast_head":"<!-- This site is optimized with the Yoast SEO plugin v27.4 - https:\/\/yoast.com\/product\/yoast-seo-wordpress\/ -->\n<title>Zegar Budzik lampka nocna KOLOROWA LED Dla Dzieci do pokoju LILO &amp; STITCH - Monpari.pl<\/title>\n<meta name=\"robots\" content=\"index, follow, max-snippet:-1, max-image-preview:large, max-video-preview:-1\" \/>\n<link rel=\"canonical\" href=\"https:\/\/monpari.pl\/index.php\/produkt\/zegar-budzik-lampka-nocna-kolorowa-led-dla-dzieci-do-pokoju-lilo-stitch\/\" \/>\n<meta property=\"og:locale\" content=\"pl_PL\" \/>\n<meta property=\"og:type\" content=\"article\" \/>\n<meta property=\"og:title\" content=\"Zegar Budzik lampka nocna KOLOROWA LED Dla Dzieci do pokoju LILO &amp; STITCH - Monpari.pl\" \/>\n<meta property=\"og:description\" content=\"\u2764\ufe0fRoz\u015bwietl sw\u00f3j pok\u00f3j uroczym budzikiem w stylu Lilo &amp; Stitch!\u2764\ufe0f\" \/>\n<meta property=\"og:url\" content=\"https:\/\/monpari.pl\/index.php\/produkt\/zegar-budzik-lampka-nocna-kolorowa-led-dla-dzieci-do-pokoju-lilo-stitch\/\" \/>\n<meta property=\"og:site_name\" content=\"Monpari.pl\" \/>\n<meta property=\"article:modified_time\" content=\"2026-02-12T11:05:30+00:00\" \/>\n<meta property=\"og:image\" content=\"https:\/\/monpari.pl\/wp-content\/uploads\/2025\/11\/monpari-lampka-budzik-stitch.webp\" \/>\n\t<meta property=\"og:image:width\" content=\"2560\" \/>\n\t<meta property=\"og:image:height\" content=\"2560\" \/>\n\t<meta property=\"og:image:type\" content=\"image\/webp\" \/>\n<meta name=\"twitter:card\" content=\"summary_large_image\" \/>\n<meta name=\"twitter:label1\" content=\"Szacowany czas czytania\" \/>\n\t<meta name=\"twitter:data1\" content=\"1 minuta\" \/>\n<script type=\"application\/ld+json\" class=\"yoast-schema-graph\">{\"@context\":\"https:\\\/\\\/schema.org\",\"@graph\":[{\"@type\":\"WebPage\",\"@id\":\"https:\\\/\\\/monpari.pl\\\/index.php\\\/produkt\\\/zegar-budzik-lampka-nocna-kolorowa-led-dla-dzieci-do-pokoju-lilo-stitch\\\/\",\"url\":\"https:\\\/\\\/monpari.pl\\\/index.php\\\/produkt\\\/zegar-budzik-lampka-nocna-kolorowa-led-dla-dzieci-do-pokoju-lilo-stitch\\\/\",\"name\":\"Zegar Budzik lampka nocna KOLOROWA LED Dla Dzieci do pokoju LILO & STITCH - Monpari.pl\",\"isPartOf\":{\"@id\":\"https:\\\/\\\/monpari.pl\\\/#website\"},\"primaryImageOfPage\":{\"@id\":\"https:\\\/\\\/monpari.pl\\\/index.php\\\/produkt\\\/zegar-budzik-lampka-nocna-kolorowa-led-dla-dzieci-do-pokoju-lilo-stitch\\\/#primaryimage\"},\"image\":{\"@id\":\"https:\\\/\\\/monpari.pl\\\/index.php\\\/produkt\\\/zegar-budzik-lampka-nocna-kolorowa-led-dla-dzieci-do-pokoju-lilo-stitch\\\/#primaryimage\"},\"thumbnailUrl\":\"https:\\\/\\\/monpari.pl\\\/wp-content\\\/uploads\\\/2025\\\/11\\\/monpari-lampka-budzik-stitch.webp\",\"datePublished\":\"2025-11-19T17:00:06+00:00\",\"dateModified\":\"2026-02-12T11:05:30+00:00\",\"breadcrumb\":{\"@id\":\"https:\\\/\\\/monpari.pl\\\/index.php\\\/produkt\\\/zegar-budzik-lampka-nocna-kolorowa-led-dla-dzieci-do-pokoju-lilo-stitch\\\/#breadcrumb\"},\"inLanguage\":\"pl-PL\",\"potentialAction\":[{\"@type\":\"ReadAction\",\"target\":[\"https:\\\/\\\/monpari.pl\\\/index.php\\\/produkt\\\/zegar-budzik-lampka-nocna-kolorowa-led-dla-dzieci-do-pokoju-lilo-stitch\\\/\"]}]},{\"@type\":\"ImageObject\",\"inLanguage\":\"pl-PL\",\"@id\":\"https:\\\/\\\/monpari.pl\\\/index.php\\\/produkt\\\/zegar-budzik-lampka-nocna-kolorowa-led-dla-dzieci-do-pokoju-lilo-stitch\\\/#primaryimage\",\"url\":\"https:\\\/\\\/monpari.pl\\\/wp-content\\\/uploads\\\/2025\\\/11\\\/monpari-lampka-budzik-stitch.webp\",\"contentUrl\":\"https:\\\/\\\/monpari.pl\\\/wp-content\\\/uploads\\\/2025\\\/11\\\/monpari-lampka-budzik-stitch.webp\",\"width\":2560,\"height\":2560,\"caption\":\"lampka r\u00f3\u017cne kolory budzik stitch\"},{\"@type\":\"BreadcrumbList\",\"@id\":\"https:\\\/\\\/monpari.pl\\\/index.php\\\/produkt\\\/zegar-budzik-lampka-nocna-kolorowa-led-dla-dzieci-do-pokoju-lilo-stitch\\\/#breadcrumb\",\"itemListElement\":[{\"@type\":\"ListItem\",\"position\":1,\"name\":\"Strona g\u0142\u00f3wna\",\"item\":\"https:\\\/\\\/monpari.pl\\\/\"},{\"@type\":\"ListItem\",\"position\":2,\"name\":\"Sklep\",\"item\":\"https:\\\/\\\/monpari.pl\\\/index.php\\\/sklep\\\/\"},{\"@type\":\"ListItem\",\"position\":3,\"name\":\"Zegar Budzik lampka nocna KOLOROWA LED Dla Dzieci do pokoju LILO &#038; STITCH\"}]},{\"@type\":\"WebSite\",\"@id\":\"https:\\\/\\\/monpari.pl\\\/#website\",\"url\":\"https:\\\/\\\/monpari.pl\\\/\",\"name\":\"monpari.pl\",\"description\":\"Klipsy, kolczyki, bi\u017cuteria dla dzieci, artyku\u0142y z postaciami popularnych bajek, prezenty\",\"publisher\":{\"@id\":\"https:\\\/\\\/monpari.pl\\\/#organization\"},\"potentialAction\":[{\"@type\":\"SearchAction\",\"target\":{\"@type\":\"EntryPoint\",\"urlTemplate\":\"https:\\\/\\\/monpari.pl\\\/?s={search_term_string}\"},\"query-input\":{\"@type\":\"PropertyValueSpecification\",\"valueRequired\":true,\"valueName\":\"search_term_string\"}}],\"inLanguage\":\"pl-PL\"},{\"@type\":\"Organization\",\"@id\":\"https:\\\/\\\/monpari.pl\\\/#organization\",\"name\":\"monpari.pl\",\"url\":\"https:\\\/\\\/monpari.pl\\\/\",\"logo\":{\"@type\":\"ImageObject\",\"inLanguage\":\"pl-PL\",\"@id\":\"https:\\\/\\\/monpari.pl\\\/#\\\/schema\\\/logo\\\/image\\\/\",\"url\":\"https:\\\/\\\/monpari.pl\\\/wp-content\\\/uploads\\\/2023\\\/09\\\/MONPARI.png\",\"contentUrl\":\"https:\\\/\\\/monpari.pl\\\/wp-content\\\/uploads\\\/2023\\\/09\\\/MONPARI.png\",\"width\":660,\"height\":378,\"caption\":\"monpari.pl\"},\"image\":{\"@id\":\"https:\\\/\\\/monpari.pl\\\/#\\\/schema\\\/logo\\\/image\\\/\"}}]}<\/script>\n<!-- \/ Yoast SEO plugin. -->","yoast_head_json":{"title":"Zegar Budzik lampka nocna KOLOROWA LED Dla Dzieci do pokoju LILO & STITCH - Monpari.pl","robots":{"index":"index","follow":"follow","max-snippet":"max-snippet:-1","max-image-preview":"max-image-preview:large","max-video-preview":"max-video-preview:-1"},"canonical":"https:\/\/monpari.pl\/index.php\/produkt\/zegar-budzik-lampka-nocna-kolorowa-led-dla-dzieci-do-pokoju-lilo-stitch\/","og_locale":"pl_PL","og_type":"article","og_title":"Zegar Budzik lampka nocna KOLOROWA LED Dla Dzieci do pokoju LILO & STITCH - Monpari.pl","og_description":"\u2764\ufe0fRoz\u015bwietl sw\u00f3j pok\u00f3j uroczym budzikiem w stylu Lilo &amp; Stitch!\u2764\ufe0f","og_url":"https:\/\/monpari.pl\/index.php\/produkt\/zegar-budzik-lampka-nocna-kolorowa-led-dla-dzieci-do-pokoju-lilo-stitch\/","og_site_name":"Monpari.pl","article_modified_time":"2026-02-12T11:05:30+00:00","og_image":[{"width":2560,"height":2560,"url":"https:\/\/monpari.pl\/wp-content\/uploads\/2025\/11\/monpari-lampka-budzik-stitch.webp","type":"image\/webp"}],"twitter_card":"summary_large_image","twitter_misc":{"Szacowany czas czytania":"1 minuta"},"schema":{"@context":"https:\/\/schema.org","@graph":[{"@type":"WebPage","@id":"https:\/\/monpari.pl\/index.php\/produkt\/zegar-budzik-lampka-nocna-kolorowa-led-dla-dzieci-do-pokoju-lilo-stitch\/","url":"https:\/\/monpari.pl\/index.php\/produkt\/zegar-budzik-lampka-nocna-kolorowa-led-dla-dzieci-do-pokoju-lilo-stitch\/","name":"Zegar Budzik lampka nocna KOLOROWA LED Dla Dzieci do pokoju LILO & STITCH - Monpari.pl","isPartOf":{"@id":"https:\/\/monpari.pl\/#website"},"primaryImageOfPage":{"@id":"https:\/\/monpari.pl\/index.php\/produkt\/zegar-budzik-lampka-nocna-kolorowa-led-dla-dzieci-do-pokoju-lilo-stitch\/#primaryimage"},"image":{"@id":"https:\/\/monpari.pl\/index.php\/produkt\/zegar-budzik-lampka-nocna-kolorowa-led-dla-dzieci-do-pokoju-lilo-stitch\/#primaryimage"},"thumbnailUrl":"https:\/\/monpari.pl\/wp-content\/uploads\/2025\/11\/monpari-lampka-budzik-stitch.webp","datePublished":"2025-11-19T17:00:06+00:00","dateModified":"2026-02-12T11:05:30+00:00","breadcrumb":{"@id":"https:\/\/monpari.pl\/index.php\/produkt\/zegar-budzik-lampka-nocna-kolorowa-led-dla-dzieci-do-pokoju-lilo-stitch\/#breadcrumb"},"inLanguage":"pl-PL","potentialAction":[{"@type":"ReadAction","target":["https:\/\/monpari.pl\/index.php\/produkt\/zegar-budzik-lampka-nocna-kolorowa-led-dla-dzieci-do-pokoju-lilo-stitch\/"]}]},{"@type":"ImageObject","inLanguage":"pl-PL","@id":"https:\/\/monpari.pl\/index.php\/produkt\/zegar-budzik-lampka-nocna-kolorowa-led-dla-dzieci-do-pokoju-lilo-stitch\/#primaryimage","url":"https:\/\/monpari.pl\/wp-content\/uploads\/2025\/11\/monpari-lampka-budzik-stitch.webp","contentUrl":"https:\/\/monpari.pl\/wp-content\/uploads\/2025\/11\/monpari-lampka-budzik-stitch.webp","width":2560,"height":2560,"caption":"lampka r\u00f3\u017cne kolory budzik stitch"},{"@type":"BreadcrumbList","@id":"https:\/\/monpari.pl\/index.php\/produkt\/zegar-budzik-lampka-nocna-kolorowa-led-dla-dzieci-do-pokoju-lilo-stitch\/#breadcrumb","itemListElement":[{"@type":"ListItem","position":1,"name":"Strona g\u0142\u00f3wna","item":"https:\/\/monpari.pl\/"},{"@type":"ListItem","position":2,"name":"Sklep","item":"https:\/\/monpari.pl\/index.php\/sklep\/"},{"@type":"ListItem","position":3,"name":"Zegar Budzik lampka nocna KOLOROWA LED Dla Dzieci do pokoju LILO &#038; STITCH"}]},{"@type":"WebSite","@id":"https:\/\/monpari.pl\/#website","url":"https:\/\/monpari.pl\/","name":"monpari.pl","description":"Klipsy, kolczyki, bi\u017cuteria dla dzieci, artyku\u0142y z postaciami popularnych bajek, prezenty","publisher":{"@id":"https:\/\/monpari.pl\/#organization"},"potentialAction":[{"@type":"SearchAction","target":{"@type":"EntryPoint","urlTemplate":"https:\/\/monpari.pl\/?s={search_term_string}"},"query-input":{"@type":"PropertyValueSpecification","valueRequired":true,"valueName":"search_term_string"}}],"inLanguage":"pl-PL"},{"@type":"Organization","@id":"https:\/\/monpari.pl\/#organization","name":"monpari.pl","url":"https:\/\/monpari.pl\/","logo":{"@type":"ImageObject","inLanguage":"pl-PL","@id":"https:\/\/monpari.pl\/#\/schema\/logo\/image\/","url":"https:\/\/monpari.pl\/wp-content\/uploads\/2023\/09\/MONPARI.png","contentUrl":"https:\/\/monpari.pl\/wp-content\/uploads\/2023\/09\/MONPARI.png","width":660,"height":378,"caption":"monpari.pl"},"image":{"@id":"https:\/\/monpari.pl\/#\/schema\/logo\/image\/"}}]}},"_links":{"self":[{"href":"https:\/\/monpari.pl\/index.php\/wp-json\/wp\/v2\/product\/6353","targetHints":{"allow":["GET"]}}],"collection":[{"href":"https:\/\/monpari.pl\/index.php\/wp-json\/wp\/v2\/product"}],"about":[{"href":"https:\/\/monpari.pl\/index.php\/wp-json\/wp\/v2\/types\/product"}],"replies":[{"embeddable":true,"href":"https:\/\/monpari.pl\/index.php\/wp-json\/wp\/v2\/comments?post=6353"}],"version-history":[{"count":2,"href":"https:\/\/monpari.pl\/index.php\/wp-json\/wp\/v2\/product\/6353\/revisions"}],"predecessor-version":[{"id":6362,"href":"https:\/\/monpari.pl\/index.php\/wp-json\/wp\/v2\/product\/6353\/revisions\/6362"}],"wp:featuredmedia":[{"embeddable":true,"href":"https:\/\/monpari.pl\/index.php\/wp-json\/wp\/v2\/media\/6359"}],"wp:attachment":[{"href":"https:\/\/monpari.pl\/index.php\/wp-json\/wp\/v2\/media?parent=6353"}],"wp:term":[{"taxonomy":"product_brand","embeddable":true,"href":"https:\/\/monpari.pl\/index.php\/wp-json\/wp\/v2\/product_brand?post=6353"},{"taxonomy":"product_cat","embeddable":true,"href":"https:\/\/monpari.pl\/index.php\/wp-json\/wp\/v2\/product_cat?post=6353"},{"taxonomy":"product_tag","embeddable":true,"href":"https:\/\/monpari.pl\/index.php\/wp-json\/wp\/v2\/product_tag?post=6353"}],"curies":[{"name":"wp","href":"https:\/\/api.w.org\/{rel}","templated":true}]}}