{"id":6363,"date":"2025-11-19T17:28:36","date_gmt":"2025-11-19T17:28:36","guid":{"rendered":"https:\/\/monpari.pl\/?post_type=product&#038;p=6363"},"modified":"2025-11-19T17:28:36","modified_gmt":"2025-11-19T17:28:36","slug":"naklejki-3d-kapibara-zestaw-kolorowych-naklejek-dla-dzieci-dekoracje","status":"publish","type":"product","link":"https:\/\/monpari.pl\/index.php\/produkt\/naklejki-3d-kapibara-zestaw-kolorowych-naklejek-dla-dzieci-dekoracje\/","title":{"rendered":"Naklejki 3D KAPIBARA zestaw kolorowych naklejek dla dzieci, dekoracje"},"content":{"rendered":"<h3>\u2b50<strong>Naklejki 3D Stitch zestaw kolorowych naklejek dla dzieci, dekoracje zeszyty<\/strong>\u2b50<\/h3>\n<h4><\/h4>\n<h4><b>CENA ZA 1 ARKUSZ (wysylany losowo)<\/b><\/h4>\n<p><b>Zestaw naklejek 3D z motywem Kapibary \u2013 idealne do dekoracji i zabawy!<\/b><\/p>\n<p>Wspania\u0142y zestaw\u00a0<b>\u00a0kolorowych naklejek 3D<\/b> z uroczym bohaterem Kapibary! Idealne do ozdabiania zeszyt\u00f3w, notes\u00f3w, plakat\u00f3w, kartek okoliczno\u015bciowych, planner\u00f3w czy prezent\u00f3w.<\/p>\n<p>Naklejki s\u0105<b>\u00a0wypuk\u0142e i \u0142atwe do odklejania<\/b>, dzi\u0119ki czemu \u015bwietnie nadaj\u0105 si\u0119 dla dzieci.<\/p>\n<p><b>\u2728 Zalety produktu:<\/b><\/p>\n<p>\u2705 <b>efekt 3D \/ wypuk\u0142y po\u0142ysk<\/b> \u2013 pi\u0119knie si\u0119 prezentuj\u0105<\/p>\n<p>\u2705 idealne do <b>prac plastycznych, scrapbookingu, bullet journala, dekoracji<\/b><\/p>\n<p>\u2705 odpowiednie dla dzieci i doros\u0142ych<\/p>\n<p>\u2705 mocny, ale bezpieczny klej \u2013 dobrze trzyma, nie niszczy papieru<\/p>\n<p>&nbsp;<\/p>\n<p>&nbsp;<\/p>\n","protected":false},"excerpt":{"rendered":"<p><b>\u2b50Zestaw naklejek 3D z motywem Kapibary \u2013 idealne do dekoracji i zabawy\u2b50<\/b><\/p>\n","protected":false},"featured_media":6366,"comment_status":"open","ping_status":"closed","template":"","meta":{"_seopress_robots_primary_cat":"","_seopress_titles_title":"Naklejki 3D KAPIBARA zestaw kolorowych naklejek dla dzieci, dekoracje","_seopress_titles_desc":"Wspania\u0142y zestaw\u00a0\u00a0kolorowych naklejek 3D z uroczym bohaterem Kapibary! Idealne do ozdabiania zeszyt\u00f3w, notes\u00f3w, plakat\u00f3w, kartek okoliczno\u015bciowych, planner\u00f3w czy prezent\u00f3w.","_seopress_robots_index":""},"product_brand":[],"product_cat":[458,457],"product_tag":[],"class_list":{"0":"post-6363","1":"product","2":"type-product","3":"status-publish","4":"has-post-thumbnail","6":"product_cat-dla-dzieci","7":"product_cat-naklejki","9":"first","10":"instock","11":"taxable","12":"shipping-taxable","13":"purchasable","14":"product-type-simple"},"yoast_head":"<!-- This site is optimized with the Yoast SEO plugin v27.4 - https:\/\/yoast.com\/product\/yoast-seo-wordpress\/ -->\n<title>Naklejki 3D KAPIBARA zestaw kolorowych naklejek dla dzieci, dekoracje - Monpari.pl<\/title>\n<meta name=\"robots\" content=\"index, follow, max-snippet:-1, max-image-preview:large, max-video-preview:-1\" \/>\n<link rel=\"canonical\" href=\"https:\/\/monpari.pl\/index.php\/produkt\/naklejki-3d-kapibara-zestaw-kolorowych-naklejek-dla-dzieci-dekoracje\/\" \/>\n<meta property=\"og:locale\" content=\"pl_PL\" \/>\n<meta property=\"og:type\" content=\"article\" \/>\n<meta property=\"og:title\" content=\"Naklejki 3D KAPIBARA zestaw kolorowych naklejek dla dzieci, dekoracje - Monpari.pl\" \/>\n<meta property=\"og:description\" content=\"\u2b50Zestaw naklejek 3D z motywem Kapibary \u2013 idealne do dekoracji i zabawy\u2b50\" \/>\n<meta property=\"og:url\" content=\"https:\/\/monpari.pl\/index.php\/produkt\/naklejki-3d-kapibara-zestaw-kolorowych-naklejek-dla-dzieci-dekoracje\/\" \/>\n<meta property=\"og:site_name\" content=\"Monpari.pl\" \/>\n<meta property=\"og:image\" content=\"https:\/\/monpari.pl\/wp-content\/uploads\/2025\/11\/monpari-naklejki-kapibara-kapybara.webp\" \/>\n\t<meta property=\"og:image:width\" content=\"2560\" \/>\n\t<meta property=\"og:image:height\" content=\"2560\" \/>\n\t<meta property=\"og:image:type\" content=\"image\/webp\" \/>\n<meta name=\"twitter:card\" content=\"summary_large_image\" \/>\n<meta name=\"twitter:label1\" content=\"Szacowany czas czytania\" \/>\n\t<meta name=\"twitter:data1\" content=\"1 minuta\" \/>\n<script type=\"application\/ld+json\" class=\"yoast-schema-graph\">{\"@context\":\"https:\\\/\\\/schema.org\",\"@graph\":[{\"@type\":\"WebPage\",\"@id\":\"https:\\\/\\\/monpari.pl\\\/index.php\\\/produkt\\\/naklejki-3d-kapibara-zestaw-kolorowych-naklejek-dla-dzieci-dekoracje\\\/\",\"url\":\"https:\\\/\\\/monpari.pl\\\/index.php\\\/produkt\\\/naklejki-3d-kapibara-zestaw-kolorowych-naklejek-dla-dzieci-dekoracje\\\/\",\"name\":\"Naklejki 3D KAPIBARA zestaw kolorowych naklejek dla dzieci, dekoracje - Monpari.pl\",\"isPartOf\":{\"@id\":\"https:\\\/\\\/monpari.pl\\\/#website\"},\"primaryImageOfPage\":{\"@id\":\"https:\\\/\\\/monpari.pl\\\/index.php\\\/produkt\\\/naklejki-3d-kapibara-zestaw-kolorowych-naklejek-dla-dzieci-dekoracje\\\/#primaryimage\"},\"image\":{\"@id\":\"https:\\\/\\\/monpari.pl\\\/index.php\\\/produkt\\\/naklejki-3d-kapibara-zestaw-kolorowych-naklejek-dla-dzieci-dekoracje\\\/#primaryimage\"},\"thumbnailUrl\":\"https:\\\/\\\/monpari.pl\\\/wp-content\\\/uploads\\\/2025\\\/11\\\/monpari-naklejki-kapibara-kapybara.webp\",\"datePublished\":\"2025-11-19T17:28:36+00:00\",\"breadcrumb\":{\"@id\":\"https:\\\/\\\/monpari.pl\\\/index.php\\\/produkt\\\/naklejki-3d-kapibara-zestaw-kolorowych-naklejek-dla-dzieci-dekoracje\\\/#breadcrumb\"},\"inLanguage\":\"pl-PL\",\"potentialAction\":[{\"@type\":\"ReadAction\",\"target\":[\"https:\\\/\\\/monpari.pl\\\/index.php\\\/produkt\\\/naklejki-3d-kapibara-zestaw-kolorowych-naklejek-dla-dzieci-dekoracje\\\/\"]}]},{\"@type\":\"ImageObject\",\"inLanguage\":\"pl-PL\",\"@id\":\"https:\\\/\\\/monpari.pl\\\/index.php\\\/produkt\\\/naklejki-3d-kapibara-zestaw-kolorowych-naklejek-dla-dzieci-dekoracje\\\/#primaryimage\",\"url\":\"https:\\\/\\\/monpari.pl\\\/wp-content\\\/uploads\\\/2025\\\/11\\\/monpari-naklejki-kapibara-kapybara.webp\",\"contentUrl\":\"https:\\\/\\\/monpari.pl\\\/wp-content\\\/uploads\\\/2025\\\/11\\\/monpari-naklejki-kapibara-kapybara.webp\",\"width\":2560,\"height\":2560},{\"@type\":\"BreadcrumbList\",\"@id\":\"https:\\\/\\\/monpari.pl\\\/index.php\\\/produkt\\\/naklejki-3d-kapibara-zestaw-kolorowych-naklejek-dla-dzieci-dekoracje\\\/#breadcrumb\",\"itemListElement\":[{\"@type\":\"ListItem\",\"position\":1,\"name\":\"Strona g\u0142\u00f3wna\",\"item\":\"https:\\\/\\\/monpari.pl\\\/\"},{\"@type\":\"ListItem\",\"position\":2,\"name\":\"Sklep\",\"item\":\"https:\\\/\\\/monpari.pl\\\/index.php\\\/sklep\\\/\"},{\"@type\":\"ListItem\",\"position\":3,\"name\":\"Naklejki 3D KAPIBARA zestaw kolorowych naklejek dla dzieci, dekoracje\"}]},{\"@type\":\"WebSite\",\"@id\":\"https:\\\/\\\/monpari.pl\\\/#website\",\"url\":\"https:\\\/\\\/monpari.pl\\\/\",\"name\":\"monpari.pl\",\"description\":\"Klipsy, kolczyki, bi\u017cuteria dla dzieci, artyku\u0142y z postaciami popularnych bajek, prezenty\",\"publisher\":{\"@id\":\"https:\\\/\\\/monpari.pl\\\/#organization\"},\"potentialAction\":[{\"@type\":\"SearchAction\",\"target\":{\"@type\":\"EntryPoint\",\"urlTemplate\":\"https:\\\/\\\/monpari.pl\\\/?s={search_term_string}\"},\"query-input\":{\"@type\":\"PropertyValueSpecification\",\"valueRequired\":true,\"valueName\":\"search_term_string\"}}],\"inLanguage\":\"pl-PL\"},{\"@type\":\"Organization\",\"@id\":\"https:\\\/\\\/monpari.pl\\\/#organization\",\"name\":\"monpari.pl\",\"url\":\"https:\\\/\\\/monpari.pl\\\/\",\"logo\":{\"@type\":\"ImageObject\",\"inLanguage\":\"pl-PL\",\"@id\":\"https:\\\/\\\/monpari.pl\\\/#\\\/schema\\\/logo\\\/image\\\/\",\"url\":\"https:\\\/\\\/monpari.pl\\\/wp-content\\\/uploads\\\/2023\\\/09\\\/MONPARI.png\",\"contentUrl\":\"https:\\\/\\\/monpari.pl\\\/wp-content\\\/uploads\\\/2023\\\/09\\\/MONPARI.png\",\"width\":660,\"height\":378,\"caption\":\"monpari.pl\"},\"image\":{\"@id\":\"https:\\\/\\\/monpari.pl\\\/#\\\/schema\\\/logo\\\/image\\\/\"}}]}<\/script>\n<!-- \/ Yoast SEO plugin. -->","yoast_head_json":{"title":"Naklejki 3D KAPIBARA zestaw kolorowych naklejek dla dzieci, dekoracje - Monpari.pl","robots":{"index":"index","follow":"follow","max-snippet":"max-snippet:-1","max-image-preview":"max-image-preview:large","max-video-preview":"max-video-preview:-1"},"canonical":"https:\/\/monpari.pl\/index.php\/produkt\/naklejki-3d-kapibara-zestaw-kolorowych-naklejek-dla-dzieci-dekoracje\/","og_locale":"pl_PL","og_type":"article","og_title":"Naklejki 3D KAPIBARA zestaw kolorowych naklejek dla dzieci, dekoracje - Monpari.pl","og_description":"\u2b50Zestaw naklejek 3D z motywem Kapibary \u2013 idealne do dekoracji i zabawy\u2b50","og_url":"https:\/\/monpari.pl\/index.php\/produkt\/naklejki-3d-kapibara-zestaw-kolorowych-naklejek-dla-dzieci-dekoracje\/","og_site_name":"Monpari.pl","og_image":[{"width":2560,"height":2560,"url":"https:\/\/monpari.pl\/wp-content\/uploads\/2025\/11\/monpari-naklejki-kapibara-kapybara.webp","type":"image\/webp"}],"twitter_card":"summary_large_image","twitter_misc":{"Szacowany czas czytania":"1 minuta"},"schema":{"@context":"https:\/\/schema.org","@graph":[{"@type":"WebPage","@id":"https:\/\/monpari.pl\/index.php\/produkt\/naklejki-3d-kapibara-zestaw-kolorowych-naklejek-dla-dzieci-dekoracje\/","url":"https:\/\/monpari.pl\/index.php\/produkt\/naklejki-3d-kapibara-zestaw-kolorowych-naklejek-dla-dzieci-dekoracje\/","name":"Naklejki 3D KAPIBARA zestaw kolorowych naklejek dla dzieci, dekoracje - Monpari.pl","isPartOf":{"@id":"https:\/\/monpari.pl\/#website"},"primaryImageOfPage":{"@id":"https:\/\/monpari.pl\/index.php\/produkt\/naklejki-3d-kapibara-zestaw-kolorowych-naklejek-dla-dzieci-dekoracje\/#primaryimage"},"image":{"@id":"https:\/\/monpari.pl\/index.php\/produkt\/naklejki-3d-kapibara-zestaw-kolorowych-naklejek-dla-dzieci-dekoracje\/#primaryimage"},"thumbnailUrl":"https:\/\/monpari.pl\/wp-content\/uploads\/2025\/11\/monpari-naklejki-kapibara-kapybara.webp","datePublished":"2025-11-19T17:28:36+00:00","breadcrumb":{"@id":"https:\/\/monpari.pl\/index.php\/produkt\/naklejki-3d-kapibara-zestaw-kolorowych-naklejek-dla-dzieci-dekoracje\/#breadcrumb"},"inLanguage":"pl-PL","potentialAction":[{"@type":"ReadAction","target":["https:\/\/monpari.pl\/index.php\/produkt\/naklejki-3d-kapibara-zestaw-kolorowych-naklejek-dla-dzieci-dekoracje\/"]}]},{"@type":"ImageObject","inLanguage":"pl-PL","@id":"https:\/\/monpari.pl\/index.php\/produkt\/naklejki-3d-kapibara-zestaw-kolorowych-naklejek-dla-dzieci-dekoracje\/#primaryimage","url":"https:\/\/monpari.pl\/wp-content\/uploads\/2025\/11\/monpari-naklejki-kapibara-kapybara.webp","contentUrl":"https:\/\/monpari.pl\/wp-content\/uploads\/2025\/11\/monpari-naklejki-kapibara-kapybara.webp","width":2560,"height":2560},{"@type":"BreadcrumbList","@id":"https:\/\/monpari.pl\/index.php\/produkt\/naklejki-3d-kapibara-zestaw-kolorowych-naklejek-dla-dzieci-dekoracje\/#breadcrumb","itemListElement":[{"@type":"ListItem","position":1,"name":"Strona g\u0142\u00f3wna","item":"https:\/\/monpari.pl\/"},{"@type":"ListItem","position":2,"name":"Sklep","item":"https:\/\/monpari.pl\/index.php\/sklep\/"},{"@type":"ListItem","position":3,"name":"Naklejki 3D KAPIBARA zestaw kolorowych naklejek dla dzieci, dekoracje"}]},{"@type":"WebSite","@id":"https:\/\/monpari.pl\/#website","url":"https:\/\/monpari.pl\/","name":"monpari.pl","description":"Klipsy, kolczyki, bi\u017cuteria dla dzieci, artyku\u0142y z postaciami popularnych bajek, prezenty","publisher":{"@id":"https:\/\/monpari.pl\/#organization"},"potentialAction":[{"@type":"SearchAction","target":{"@type":"EntryPoint","urlTemplate":"https:\/\/monpari.pl\/?s={search_term_string}"},"query-input":{"@type":"PropertyValueSpecification","valueRequired":true,"valueName":"search_term_string"}}],"inLanguage":"pl-PL"},{"@type":"Organization","@id":"https:\/\/monpari.pl\/#organization","name":"monpari.pl","url":"https:\/\/monpari.pl\/","logo":{"@type":"ImageObject","inLanguage":"pl-PL","@id":"https:\/\/monpari.pl\/#\/schema\/logo\/image\/","url":"https:\/\/monpari.pl\/wp-content\/uploads\/2023\/09\/MONPARI.png","contentUrl":"https:\/\/monpari.pl\/wp-content\/uploads\/2023\/09\/MONPARI.png","width":660,"height":378,"caption":"monpari.pl"},"image":{"@id":"https:\/\/monpari.pl\/#\/schema\/logo\/image\/"}}]}},"_links":{"self":[{"href":"https:\/\/monpari.pl\/index.php\/wp-json\/wp\/v2\/product\/6363","targetHints":{"allow":["GET"]}}],"collection":[{"href":"https:\/\/monpari.pl\/index.php\/wp-json\/wp\/v2\/product"}],"about":[{"href":"https:\/\/monpari.pl\/index.php\/wp-json\/wp\/v2\/types\/product"}],"replies":[{"embeddable":true,"href":"https:\/\/monpari.pl\/index.php\/wp-json\/wp\/v2\/comments?post=6363"}],"version-history":[{"count":1,"href":"https:\/\/monpari.pl\/index.php\/wp-json\/wp\/v2\/product\/6363\/revisions"}],"predecessor-version":[{"id":6374,"href":"https:\/\/monpari.pl\/index.php\/wp-json\/wp\/v2\/product\/6363\/revisions\/6374"}],"wp:featuredmedia":[{"embeddable":true,"href":"https:\/\/monpari.pl\/index.php\/wp-json\/wp\/v2\/media\/6366"}],"wp:attachment":[{"href":"https:\/\/monpari.pl\/index.php\/wp-json\/wp\/v2\/media?parent=6363"}],"wp:term":[{"taxonomy":"product_brand","embeddable":true,"href":"https:\/\/monpari.pl\/index.php\/wp-json\/wp\/v2\/product_brand?post=6363"},{"taxonomy":"product_cat","embeddable":true,"href":"https:\/\/monpari.pl\/index.php\/wp-json\/wp\/v2\/product_cat?post=6363"},{"taxonomy":"product_tag","embeddable":true,"href":"https:\/\/monpari.pl\/index.php\/wp-json\/wp\/v2\/product_tag?post=6363"}],"curies":[{"name":"wp","href":"https:\/\/api.w.org\/{rel}","templated":true}]}}