{"id":6386,"date":"2025-11-19T18:20:33","date_gmt":"2025-11-19T18:20:33","guid":{"rendered":"https:\/\/monpari.pl\/?post_type=product&#038;p=6386"},"modified":"2025-11-19T18:20:33","modified_gmt":"2025-11-19T18:20:33","slug":"tatuaze-tymczasowe-pokemon-zestaw-bajkowe-wodne-i-kolorowe","status":"publish","type":"product","link":"https:\/\/monpari.pl\/index.php\/produkt\/tatuaze-tymczasowe-pokemon-zestaw-bajkowe-wodne-i-kolorowe\/","title":{"rendered":"Tatua\u017ce tymczasowe Pokemon zestaw bajkowe wodne i kolorowe"},"content":{"rendered":"<h4>\u2728<strong>Tatua\u017ce tymczasowe dla dzieci Pokemon zestaw naklejek wodnych<\/strong><\/h4>\n<h3>Cena za 1 arkusz, wysy\u0142any losowo<\/h3>\n<p><b>Zestaw tatua\u017cy tymczasowych Pokemon<\/b>\u00a0to idealna zabawa dla ka\u017cdego ma\u0142ego fana tych uroczych bohater\u00f3w! Kolorowe, bajkowe wzory przedstawiaj\u0105ce Pokemony i ich przyjaci\u00f3\u0142 sprawi\u0105, \u017ce ka\u017cde dziecko poczuje si\u0119 wyj\u0105tkowo.<\/p>\n<p><b>Cechy produktu:<\/b><\/p>\n<p>\u2705Bezpieczne dla dzieci \u2013 wykonane z nietoksycznych materia\u0142\u00f3w<\/p>\n<p>\u2705\u0141atwe w aplikacji \u2013 wystarczy przy\u0142o\u017cy\u0107 do sk\u00f3ry i zwil\u017cy\u0107 wod\u0105<\/p>\n<p>\u2705Trwa\u0142e \u2013 utrzymuj\u0105 si\u0119 na sk\u00f3rze nawet kilka dni<\/p>\n<p>\u2705R\u00f3\u017cnorodne wzory<\/p>\n<p><b>\u2714\ufe0fJak u\u017cywa\u0107:<\/b><\/p>\n<ol>\n<li>Odetnij wybrany wz\u00f3r.<\/li>\n<li>Usu\u0144 foli\u0119 ochronn\u0105.<\/li>\n<li>Przy\u0142\u00f3\u017c tatua\u017c do sk\u00f3ry (obrazkiem do sk\u00f3ry).<\/li>\n<li>Zwil\u017c papier wod\u0105 i przytrzymaj 20\u201330 sekund.<\/li>\n<li>Delikatnie zdejmij papier i pozw\u00f3l wyschn\u0105\u0107.<\/li>\n<\/ol>\n<p>&nbsp;<\/p>\n","protected":false},"excerpt":{"rendered":"<p><b>Zestaw tatua\u017cy tymczasowych Pokemon<\/b>\u00a0to idealna zabawa dla ka\u017cdego ma\u0142ego fana tych uroczych bohater\u00f3w!<\/p>\n<p>&nbsp;<\/p>\n","protected":false},"featured_media":6391,"comment_status":"open","ping_status":"closed","template":"","meta":{"_seopress_robots_primary_cat":"","_seopress_titles_title":"Tatua\u017ce tymczasowe Pokemon zestaw bajkowe wodne i kolorowe","_seopress_titles_desc":"Zestaw tatua\u017cy tymczasowych Pokemon to idealna zabawa dla ka\u017cdego ma\u0142ego fana tych uroczych bohater\u00f3w! Kolorowe, bajkowe wzory przedstawiaj\u0105ce Pokemony i ich przyjaci\u00f3\u0142 sprawi\u0105, \u017ce ka\u017cde dziecko poczuje si\u0119 wyj\u0105tkowo.","_seopress_robots_index":""},"product_brand":[],"product_cat":[77,464],"product_tag":[],"class_list":{"0":"post-6386","1":"product","2":"type-product","3":"status-publish","4":"has-post-thumbnail","6":"product_cat-nowosci","7":"product_cat-tatuaze","9":"first","10":"instock","11":"taxable","12":"shipping-taxable","13":"purchasable","14":"product-type-simple"},"yoast_head":"<!-- This site is optimized with the Yoast SEO plugin v27.4 - https:\/\/yoast.com\/product\/yoast-seo-wordpress\/ -->\n<title>Tatua\u017ce tymczasowe Pokemon zestaw bajkowe wodne i kolorowe - Monpari.pl<\/title>\n<meta name=\"robots\" content=\"index, follow, max-snippet:-1, max-image-preview:large, max-video-preview:-1\" \/>\n<link rel=\"canonical\" href=\"https:\/\/monpari.pl\/index.php\/produkt\/tatuaze-tymczasowe-pokemon-zestaw-bajkowe-wodne-i-kolorowe\/\" \/>\n<meta property=\"og:locale\" content=\"pl_PL\" \/>\n<meta property=\"og:type\" content=\"article\" \/>\n<meta property=\"og:title\" content=\"Tatua\u017ce tymczasowe Pokemon zestaw bajkowe wodne i kolorowe - Monpari.pl\" \/>\n<meta property=\"og:description\" content=\"Zestaw tatua\u017cy tymczasowych Pokemon\u00a0to idealna zabawa dla ka\u017cdego ma\u0142ego fana tych uroczych bohater\u00f3w!  &nbsp;\" \/>\n<meta property=\"og:url\" content=\"https:\/\/monpari.pl\/index.php\/produkt\/tatuaze-tymczasowe-pokemon-zestaw-bajkowe-wodne-i-kolorowe\/\" \/>\n<meta property=\"og:site_name\" content=\"Monpari.pl\" \/>\n<meta property=\"og:image\" content=\"https:\/\/monpari.pl\/wp-content\/uploads\/2025\/11\/monpari-tatuaz-pokemon.webp\" \/>\n\t<meta property=\"og:image:width\" content=\"2560\" \/>\n\t<meta property=\"og:image:height\" content=\"2560\" \/>\n\t<meta property=\"og:image:type\" content=\"image\/webp\" \/>\n<meta name=\"twitter:card\" content=\"summary_large_image\" \/>\n<meta name=\"twitter:label1\" content=\"Szacowany czas czytania\" \/>\n\t<meta name=\"twitter:data1\" content=\"1 minuta\" \/>\n<script type=\"application\/ld+json\" class=\"yoast-schema-graph\">{\"@context\":\"https:\\\/\\\/schema.org\",\"@graph\":[{\"@type\":\"WebPage\",\"@id\":\"https:\\\/\\\/monpari.pl\\\/index.php\\\/produkt\\\/tatuaze-tymczasowe-pokemon-zestaw-bajkowe-wodne-i-kolorowe\\\/\",\"url\":\"https:\\\/\\\/monpari.pl\\\/index.php\\\/produkt\\\/tatuaze-tymczasowe-pokemon-zestaw-bajkowe-wodne-i-kolorowe\\\/\",\"name\":\"Tatua\u017ce tymczasowe Pokemon zestaw bajkowe wodne i kolorowe - Monpari.pl\",\"isPartOf\":{\"@id\":\"https:\\\/\\\/monpari.pl\\\/#website\"},\"primaryImageOfPage\":{\"@id\":\"https:\\\/\\\/monpari.pl\\\/index.php\\\/produkt\\\/tatuaze-tymczasowe-pokemon-zestaw-bajkowe-wodne-i-kolorowe\\\/#primaryimage\"},\"image\":{\"@id\":\"https:\\\/\\\/monpari.pl\\\/index.php\\\/produkt\\\/tatuaze-tymczasowe-pokemon-zestaw-bajkowe-wodne-i-kolorowe\\\/#primaryimage\"},\"thumbnailUrl\":\"https:\\\/\\\/monpari.pl\\\/wp-content\\\/uploads\\\/2025\\\/11\\\/monpari-tatuaz-pokemon.webp\",\"datePublished\":\"2025-11-19T18:20:33+00:00\",\"breadcrumb\":{\"@id\":\"https:\\\/\\\/monpari.pl\\\/index.php\\\/produkt\\\/tatuaze-tymczasowe-pokemon-zestaw-bajkowe-wodne-i-kolorowe\\\/#breadcrumb\"},\"inLanguage\":\"pl-PL\",\"potentialAction\":[{\"@type\":\"ReadAction\",\"target\":[\"https:\\\/\\\/monpari.pl\\\/index.php\\\/produkt\\\/tatuaze-tymczasowe-pokemon-zestaw-bajkowe-wodne-i-kolorowe\\\/\"]}]},{\"@type\":\"ImageObject\",\"inLanguage\":\"pl-PL\",\"@id\":\"https:\\\/\\\/monpari.pl\\\/index.php\\\/produkt\\\/tatuaze-tymczasowe-pokemon-zestaw-bajkowe-wodne-i-kolorowe\\\/#primaryimage\",\"url\":\"https:\\\/\\\/monpari.pl\\\/wp-content\\\/uploads\\\/2025\\\/11\\\/monpari-tatuaz-pokemon.webp\",\"contentUrl\":\"https:\\\/\\\/monpari.pl\\\/wp-content\\\/uploads\\\/2025\\\/11\\\/monpari-tatuaz-pokemon.webp\",\"width\":2560,\"height\":2560,\"caption\":\"tatua\u017ce-wodne-arkusz-pokemon\"},{\"@type\":\"BreadcrumbList\",\"@id\":\"https:\\\/\\\/monpari.pl\\\/index.php\\\/produkt\\\/tatuaze-tymczasowe-pokemon-zestaw-bajkowe-wodne-i-kolorowe\\\/#breadcrumb\",\"itemListElement\":[{\"@type\":\"ListItem\",\"position\":1,\"name\":\"Strona g\u0142\u00f3wna\",\"item\":\"https:\\\/\\\/monpari.pl\\\/\"},{\"@type\":\"ListItem\",\"position\":2,\"name\":\"Sklep\",\"item\":\"https:\\\/\\\/monpari.pl\\\/index.php\\\/sklep\\\/\"},{\"@type\":\"ListItem\",\"position\":3,\"name\":\"Tatua\u017ce tymczasowe Pokemon zestaw bajkowe wodne i kolorowe\"}]},{\"@type\":\"WebSite\",\"@id\":\"https:\\\/\\\/monpari.pl\\\/#website\",\"url\":\"https:\\\/\\\/monpari.pl\\\/\",\"name\":\"monpari.pl\",\"description\":\"Klipsy, kolczyki, bi\u017cuteria dla dzieci, artyku\u0142y z postaciami popularnych bajek, prezenty\",\"publisher\":{\"@id\":\"https:\\\/\\\/monpari.pl\\\/#organization\"},\"potentialAction\":[{\"@type\":\"SearchAction\",\"target\":{\"@type\":\"EntryPoint\",\"urlTemplate\":\"https:\\\/\\\/monpari.pl\\\/?s={search_term_string}\"},\"query-input\":{\"@type\":\"PropertyValueSpecification\",\"valueRequired\":true,\"valueName\":\"search_term_string\"}}],\"inLanguage\":\"pl-PL\"},{\"@type\":\"Organization\",\"@id\":\"https:\\\/\\\/monpari.pl\\\/#organization\",\"name\":\"monpari.pl\",\"url\":\"https:\\\/\\\/monpari.pl\\\/\",\"logo\":{\"@type\":\"ImageObject\",\"inLanguage\":\"pl-PL\",\"@id\":\"https:\\\/\\\/monpari.pl\\\/#\\\/schema\\\/logo\\\/image\\\/\",\"url\":\"https:\\\/\\\/monpari.pl\\\/wp-content\\\/uploads\\\/2023\\\/09\\\/MONPARI.png\",\"contentUrl\":\"https:\\\/\\\/monpari.pl\\\/wp-content\\\/uploads\\\/2023\\\/09\\\/MONPARI.png\",\"width\":660,\"height\":378,\"caption\":\"monpari.pl\"},\"image\":{\"@id\":\"https:\\\/\\\/monpari.pl\\\/#\\\/schema\\\/logo\\\/image\\\/\"}}]}<\/script>\n<!-- \/ Yoast SEO plugin. -->","yoast_head_json":{"title":"Tatua\u017ce tymczasowe Pokemon zestaw bajkowe wodne i kolorowe - Monpari.pl","robots":{"index":"index","follow":"follow","max-snippet":"max-snippet:-1","max-image-preview":"max-image-preview:large","max-video-preview":"max-video-preview:-1"},"canonical":"https:\/\/monpari.pl\/index.php\/produkt\/tatuaze-tymczasowe-pokemon-zestaw-bajkowe-wodne-i-kolorowe\/","og_locale":"pl_PL","og_type":"article","og_title":"Tatua\u017ce tymczasowe Pokemon zestaw bajkowe wodne i kolorowe - Monpari.pl","og_description":"Zestaw tatua\u017cy tymczasowych Pokemon\u00a0to idealna zabawa dla ka\u017cdego ma\u0142ego fana tych uroczych bohater\u00f3w!  &nbsp;","og_url":"https:\/\/monpari.pl\/index.php\/produkt\/tatuaze-tymczasowe-pokemon-zestaw-bajkowe-wodne-i-kolorowe\/","og_site_name":"Monpari.pl","og_image":[{"width":2560,"height":2560,"url":"https:\/\/monpari.pl\/wp-content\/uploads\/2025\/11\/monpari-tatuaz-pokemon.webp","type":"image\/webp"}],"twitter_card":"summary_large_image","twitter_misc":{"Szacowany czas czytania":"1 minuta"},"schema":{"@context":"https:\/\/schema.org","@graph":[{"@type":"WebPage","@id":"https:\/\/monpari.pl\/index.php\/produkt\/tatuaze-tymczasowe-pokemon-zestaw-bajkowe-wodne-i-kolorowe\/","url":"https:\/\/monpari.pl\/index.php\/produkt\/tatuaze-tymczasowe-pokemon-zestaw-bajkowe-wodne-i-kolorowe\/","name":"Tatua\u017ce tymczasowe Pokemon zestaw bajkowe wodne i kolorowe - Monpari.pl","isPartOf":{"@id":"https:\/\/monpari.pl\/#website"},"primaryImageOfPage":{"@id":"https:\/\/monpari.pl\/index.php\/produkt\/tatuaze-tymczasowe-pokemon-zestaw-bajkowe-wodne-i-kolorowe\/#primaryimage"},"image":{"@id":"https:\/\/monpari.pl\/index.php\/produkt\/tatuaze-tymczasowe-pokemon-zestaw-bajkowe-wodne-i-kolorowe\/#primaryimage"},"thumbnailUrl":"https:\/\/monpari.pl\/wp-content\/uploads\/2025\/11\/monpari-tatuaz-pokemon.webp","datePublished":"2025-11-19T18:20:33+00:00","breadcrumb":{"@id":"https:\/\/monpari.pl\/index.php\/produkt\/tatuaze-tymczasowe-pokemon-zestaw-bajkowe-wodne-i-kolorowe\/#breadcrumb"},"inLanguage":"pl-PL","potentialAction":[{"@type":"ReadAction","target":["https:\/\/monpari.pl\/index.php\/produkt\/tatuaze-tymczasowe-pokemon-zestaw-bajkowe-wodne-i-kolorowe\/"]}]},{"@type":"ImageObject","inLanguage":"pl-PL","@id":"https:\/\/monpari.pl\/index.php\/produkt\/tatuaze-tymczasowe-pokemon-zestaw-bajkowe-wodne-i-kolorowe\/#primaryimage","url":"https:\/\/monpari.pl\/wp-content\/uploads\/2025\/11\/monpari-tatuaz-pokemon.webp","contentUrl":"https:\/\/monpari.pl\/wp-content\/uploads\/2025\/11\/monpari-tatuaz-pokemon.webp","width":2560,"height":2560,"caption":"tatua\u017ce-wodne-arkusz-pokemon"},{"@type":"BreadcrumbList","@id":"https:\/\/monpari.pl\/index.php\/produkt\/tatuaze-tymczasowe-pokemon-zestaw-bajkowe-wodne-i-kolorowe\/#breadcrumb","itemListElement":[{"@type":"ListItem","position":1,"name":"Strona g\u0142\u00f3wna","item":"https:\/\/monpari.pl\/"},{"@type":"ListItem","position":2,"name":"Sklep","item":"https:\/\/monpari.pl\/index.php\/sklep\/"},{"@type":"ListItem","position":3,"name":"Tatua\u017ce tymczasowe Pokemon zestaw bajkowe wodne i kolorowe"}]},{"@type":"WebSite","@id":"https:\/\/monpari.pl\/#website","url":"https:\/\/monpari.pl\/","name":"monpari.pl","description":"Klipsy, kolczyki, bi\u017cuteria dla dzieci, artyku\u0142y z postaciami popularnych bajek, prezenty","publisher":{"@id":"https:\/\/monpari.pl\/#organization"},"potentialAction":[{"@type":"SearchAction","target":{"@type":"EntryPoint","urlTemplate":"https:\/\/monpari.pl\/?s={search_term_string}"},"query-input":{"@type":"PropertyValueSpecification","valueRequired":true,"valueName":"search_term_string"}}],"inLanguage":"pl-PL"},{"@type":"Organization","@id":"https:\/\/monpari.pl\/#organization","name":"monpari.pl","url":"https:\/\/monpari.pl\/","logo":{"@type":"ImageObject","inLanguage":"pl-PL","@id":"https:\/\/monpari.pl\/#\/schema\/logo\/image\/","url":"https:\/\/monpari.pl\/wp-content\/uploads\/2023\/09\/MONPARI.png","contentUrl":"https:\/\/monpari.pl\/wp-content\/uploads\/2023\/09\/MONPARI.png","width":660,"height":378,"caption":"monpari.pl"},"image":{"@id":"https:\/\/monpari.pl\/#\/schema\/logo\/image\/"}}]}},"_links":{"self":[{"href":"https:\/\/monpari.pl\/index.php\/wp-json\/wp\/v2\/product\/6386","targetHints":{"allow":["GET"]}}],"collection":[{"href":"https:\/\/monpari.pl\/index.php\/wp-json\/wp\/v2\/product"}],"about":[{"href":"https:\/\/monpari.pl\/index.php\/wp-json\/wp\/v2\/types\/product"}],"replies":[{"embeddable":true,"href":"https:\/\/monpari.pl\/index.php\/wp-json\/wp\/v2\/comments?post=6386"}],"version-history":[{"count":1,"href":"https:\/\/monpari.pl\/index.php\/wp-json\/wp\/v2\/product\/6386\/revisions"}],"predecessor-version":[{"id":6392,"href":"https:\/\/monpari.pl\/index.php\/wp-json\/wp\/v2\/product\/6386\/revisions\/6392"}],"wp:featuredmedia":[{"embeddable":true,"href":"https:\/\/monpari.pl\/index.php\/wp-json\/wp\/v2\/media\/6391"}],"wp:attachment":[{"href":"https:\/\/monpari.pl\/index.php\/wp-json\/wp\/v2\/media?parent=6386"}],"wp:term":[{"taxonomy":"product_brand","embeddable":true,"href":"https:\/\/monpari.pl\/index.php\/wp-json\/wp\/v2\/product_brand?post=6386"},{"taxonomy":"product_cat","embeddable":true,"href":"https:\/\/monpari.pl\/index.php\/wp-json\/wp\/v2\/product_cat?post=6386"},{"taxonomy":"product_tag","embeddable":true,"href":"https:\/\/monpari.pl\/index.php\/wp-json\/wp\/v2\/product_tag?post=6386"}],"curies":[{"name":"wp","href":"https:\/\/api.w.org\/{rel}","templated":true}]}}