{"id":6432,"date":"2025-11-21T13:36:25","date_gmt":"2025-11-21T13:36:25","guid":{"rendered":"https:\/\/monpari.pl\/?post_type=product&#038;p=6432"},"modified":"2025-11-21T13:37:11","modified_gmt":"2025-11-21T13:37:11","slug":"tatuaz-tymczasowy-zmywalny-jednorazowy-jednorozec-konik-unicorn-brokatowe-11","status":"publish","type":"product","link":"https:\/\/monpari.pl\/index.php\/produkt\/tatuaz-tymczasowy-zmywalny-jednorazowy-jednorozec-konik-unicorn-brokatowe-11\/","title":{"rendered":"Tatua\u017c Tymczasowy Zmywalny Jednorazowy Jednoro\u017cec Konik Unicorn Brokatowe"},"content":{"rendered":"<h4><strong>\u2728Tatua\u017c Tymczasowy Zmywalny Jednorazowy Jednoro\u017cec Konik Unicorn Brokatowe\u2b50<\/strong><\/h4>\n<p>&nbsp;<\/p>\n<p><b>\u2b50Tatua\u017c Tymczasowy Zmywalny Jednorazowy Jednoro\u017cec Dla Dzieci\u2b50<\/b><\/p>\n<p><b>OPIS PRZEDMIOTU:<\/b><\/p>\n<p><b>\u2705<\/b>otrzymujesz 1 arkusz czyli wszystkie tatua\u017ce widoczne na zdj\u0119ciu<\/p>\n<p><b>\u2705<\/b>tatua\u017c brokatowy z motywem jednoro\u017cca<\/p>\n<p><b>\u2705<\/b>tymczasowy zmywalny tatua\u017c do cia\u0142a<\/p>\n<p><b>\u2705<\/b>niezwykle realistyczna wodoodporna kalkomania<\/p>\n<p><b>\u2705<\/b>super gad\u017cet na dzieci\u0119ce imprezy<\/p>\n<p><b>\u2705<\/b>mo\u017cna r\u00f3wnie\u017c wykorzysta\u0107 do zdobienia na drewnie, szkle, metalu, ceramice (\u015bwieczkach, etui na telefony itp.)<\/p>\n<p><b>\u2705<\/b>\u015bwietnie sprawdza si\u0119 podczas sesji zdj\u0119ciowych<\/p>\n<p><b>\u2705<\/b>Ka\u017cdy tatua\u017c mo\u017cna wyci\u0105\u0107 osobno<\/p>\n<p><b>\u2b50Specyfikacja:<\/b><\/p>\n<ul>\n<li>zabezpieczony foli\u0105 ochronn\u0105<\/li>\n<li>bezpieczne dla sk\u00f3ry<\/li>\n<li>najwy\u017csza jako\u015b\u0107 detali i wykonania<\/li>\n<li>\u0142atwo\u015b\u0107 aplikacji i usuni\u0119cia<\/li>\n<\/ul>\n<p><b>\u2b50APLIKACJA<\/b><\/p>\n<p><b>KROK 1<\/b>\u00a0Je\u017celi ma by\u0107 aplikowana tylko cz\u0119\u015b\u0107 tatua\u017cu wytnij no\u017cyczkami wybrany przez siebie motyw, . Nast\u0119pnie zdejmij bezbarwn\u0105 foli\u0119 ochronn\u0105 pokrywaj\u0105c\u0105 tatua\u017c. Przy\u0142\u00f3\u017c tatua\u017c grafik\u0105 do czystej i suchej sk\u00f3ry.<\/p>\n<p><b>KROK 2<\/b>\u00a0Dobrze namocz szmatk\u0119 \/ g\u0105bk\u0119<\/p>\n<p><b>KROK 3<\/b>\u00a0Nawil\u017c papier dobrze zmoczon\u0105 szmatk\u0119 lub g\u0105bk\u0105 i dociskaj do sk\u00f3ry przez 30 sekund.<\/p>\n<p><b>KROK 4<\/b>\u00a0\u015aci\u0105gnij ostro\u017cnie papier<\/p>\n<p><b>KROK 5<\/b>\u00a0Przep\u0142ucz tatua\u017c wod\u0105, aby uzyska\u0107 lepszy efekt. Pozostaw do osuszenia i ciesz si\u0119 swoim nowym tatua\u017cem!<\/p>\n<p>&nbsp;<\/p>\n","protected":false},"excerpt":{"rendered":"<p>\u2764\ufe0fSuper gad\u017cet na dzieci\u0119ce imprezy<\/p>\n","protected":false},"featured_media":6401,"comment_status":"open","ping_status":"closed","template":"","meta":{"_seopress_robots_primary_cat":"none","_seopress_titles_title":"Tatua\u017c Tymczasowy Zmywalny Jednorazowy Jednoro\u017cec Konik Unicorn","_seopress_titles_desc":"\u2705tymczasowy zmywalny tatua\u017c do cia\u0142a\r\n\u2705niezwykle realistyczna wodoodporna kalkomania\r\n\u2705super gad\u017cet na dzieci\u0119ce imprezy\r\n\u2705mo\u017cna r\u00f3wnie\u017c wykorzysta\u0107 do zdobienia na drewnie, szkle, metalu, ceramice (\u015bwieczkach, etui na telefony itp.)\r\n\u2705\u015bwietnie sprawdza si\u0119 podczas sesji zdj\u0119ciowych","_seopress_robots_index":""},"product_brand":[],"product_cat":[457,77,464],"product_tag":[],"class_list":{"0":"post-6432","1":"product","2":"type-product","3":"status-publish","4":"has-post-thumbnail","6":"product_cat-naklejki","7":"product_cat-nowosci","8":"product_cat-tatuaze","10":"first","11":"instock","12":"taxable","13":"shipping-taxable","14":"purchasable","15":"product-type-simple"},"yoast_head":"<!-- This site is optimized with the Yoast SEO plugin v27.4 - https:\/\/yoast.com\/product\/yoast-seo-wordpress\/ -->\n<title>Tatua\u017c Tymczasowy Zmywalny Jednorazowy Jednoro\u017cec Konik Unicorn Brokatowe - Monpari.pl<\/title>\n<meta name=\"robots\" content=\"index, follow, max-snippet:-1, max-image-preview:large, max-video-preview:-1\" \/>\n<link rel=\"canonical\" href=\"https:\/\/monpari.pl\/index.php\/produkt\/tatuaz-tymczasowy-zmywalny-jednorazowy-jednorozec-konik-unicorn-brokatowe-11\/\" \/>\n<meta property=\"og:locale\" content=\"pl_PL\" \/>\n<meta property=\"og:type\" content=\"article\" \/>\n<meta property=\"og:title\" content=\"Tatua\u017c Tymczasowy Zmywalny Jednorazowy Jednoro\u017cec Konik Unicorn Brokatowe - Monpari.pl\" \/>\n<meta property=\"og:description\" content=\"\u2764\ufe0fSuper gad\u017cet na dzieci\u0119ce imprezy\" \/>\n<meta property=\"og:url\" content=\"https:\/\/monpari.pl\/index.php\/produkt\/tatuaz-tymczasowy-zmywalny-jednorazowy-jednorozec-konik-unicorn-brokatowe-11\/\" \/>\n<meta property=\"og:site_name\" content=\"Monpari.pl\" \/>\n<meta property=\"article:modified_time\" content=\"2025-11-21T13:37:11+00:00\" \/>\n<meta property=\"og:image\" content=\"https:\/\/monpari.pl\/wp-content\/uploads\/2025\/11\/ednorozec-brokatowe-wodne-jednorazowe-dla-dzieci-3.webp\" \/>\n\t<meta property=\"og:image:width\" content=\"2560\" \/>\n\t<meta property=\"og:image:height\" content=\"2560\" \/>\n\t<meta property=\"og:image:type\" content=\"image\/webp\" \/>\n<meta name=\"twitter:card\" content=\"summary_large_image\" \/>\n<meta name=\"twitter:label1\" content=\"Szacowany czas czytania\" \/>\n\t<meta name=\"twitter:data1\" content=\"1 minuta\" \/>\n<script type=\"application\/ld+json\" class=\"yoast-schema-graph\">{\"@context\":\"https:\\\/\\\/schema.org\",\"@graph\":[{\"@type\":\"WebPage\",\"@id\":\"https:\\\/\\\/monpari.pl\\\/index.php\\\/produkt\\\/tatuaz-tymczasowy-zmywalny-jednorazowy-jednorozec-konik-unicorn-brokatowe-11\\\/\",\"url\":\"https:\\\/\\\/monpari.pl\\\/index.php\\\/produkt\\\/tatuaz-tymczasowy-zmywalny-jednorazowy-jednorozec-konik-unicorn-brokatowe-11\\\/\",\"name\":\"Tatua\u017c Tymczasowy Zmywalny Jednorazowy Jednoro\u017cec Konik Unicorn Brokatowe - Monpari.pl\",\"isPartOf\":{\"@id\":\"https:\\\/\\\/monpari.pl\\\/#website\"},\"primaryImageOfPage\":{\"@id\":\"https:\\\/\\\/monpari.pl\\\/index.php\\\/produkt\\\/tatuaz-tymczasowy-zmywalny-jednorazowy-jednorozec-konik-unicorn-brokatowe-11\\\/#primaryimage\"},\"image\":{\"@id\":\"https:\\\/\\\/monpari.pl\\\/index.php\\\/produkt\\\/tatuaz-tymczasowy-zmywalny-jednorazowy-jednorozec-konik-unicorn-brokatowe-11\\\/#primaryimage\"},\"thumbnailUrl\":\"https:\\\/\\\/monpari.pl\\\/wp-content\\\/uploads\\\/2025\\\/11\\\/ednorozec-brokatowe-wodne-jednorazowe-dla-dzieci-3.webp\",\"datePublished\":\"2025-11-21T13:36:25+00:00\",\"dateModified\":\"2025-11-21T13:37:11+00:00\",\"breadcrumb\":{\"@id\":\"https:\\\/\\\/monpari.pl\\\/index.php\\\/produkt\\\/tatuaz-tymczasowy-zmywalny-jednorazowy-jednorozec-konik-unicorn-brokatowe-11\\\/#breadcrumb\"},\"inLanguage\":\"pl-PL\",\"potentialAction\":[{\"@type\":\"ReadAction\",\"target\":[\"https:\\\/\\\/monpari.pl\\\/index.php\\\/produkt\\\/tatuaz-tymczasowy-zmywalny-jednorazowy-jednorozec-konik-unicorn-brokatowe-11\\\/\"]}]},{\"@type\":\"ImageObject\",\"inLanguage\":\"pl-PL\",\"@id\":\"https:\\\/\\\/monpari.pl\\\/index.php\\\/produkt\\\/tatuaz-tymczasowy-zmywalny-jednorazowy-jednorozec-konik-unicorn-brokatowe-11\\\/#primaryimage\",\"url\":\"https:\\\/\\\/monpari.pl\\\/wp-content\\\/uploads\\\/2025\\\/11\\\/ednorozec-brokatowe-wodne-jednorazowe-dla-dzieci-3.webp\",\"contentUrl\":\"https:\\\/\\\/monpari.pl\\\/wp-content\\\/uploads\\\/2025\\\/11\\\/ednorozec-brokatowe-wodne-jednorazowe-dla-dzieci-3.webp\",\"width\":2560,\"height\":2560},{\"@type\":\"BreadcrumbList\",\"@id\":\"https:\\\/\\\/monpari.pl\\\/index.php\\\/produkt\\\/tatuaz-tymczasowy-zmywalny-jednorazowy-jednorozec-konik-unicorn-brokatowe-11\\\/#breadcrumb\",\"itemListElement\":[{\"@type\":\"ListItem\",\"position\":1,\"name\":\"Strona g\u0142\u00f3wna\",\"item\":\"https:\\\/\\\/monpari.pl\\\/\"},{\"@type\":\"ListItem\",\"position\":2,\"name\":\"Sklep\",\"item\":\"https:\\\/\\\/monpari.pl\\\/index.php\\\/sklep\\\/\"},{\"@type\":\"ListItem\",\"position\":3,\"name\":\"Tatua\u017c Tymczasowy Zmywalny Jednorazowy Jednoro\u017cec Konik Unicorn Brokatowe\"}]},{\"@type\":\"WebSite\",\"@id\":\"https:\\\/\\\/monpari.pl\\\/#website\",\"url\":\"https:\\\/\\\/monpari.pl\\\/\",\"name\":\"monpari.pl\",\"description\":\"Klipsy, kolczyki, bi\u017cuteria dla dzieci, artyku\u0142y z postaciami popularnych bajek, prezenty\",\"publisher\":{\"@id\":\"https:\\\/\\\/monpari.pl\\\/#organization\"},\"potentialAction\":[{\"@type\":\"SearchAction\",\"target\":{\"@type\":\"EntryPoint\",\"urlTemplate\":\"https:\\\/\\\/monpari.pl\\\/?s={search_term_string}\"},\"query-input\":{\"@type\":\"PropertyValueSpecification\",\"valueRequired\":true,\"valueName\":\"search_term_string\"}}],\"inLanguage\":\"pl-PL\"},{\"@type\":\"Organization\",\"@id\":\"https:\\\/\\\/monpari.pl\\\/#organization\",\"name\":\"monpari.pl\",\"url\":\"https:\\\/\\\/monpari.pl\\\/\",\"logo\":{\"@type\":\"ImageObject\",\"inLanguage\":\"pl-PL\",\"@id\":\"https:\\\/\\\/monpari.pl\\\/#\\\/schema\\\/logo\\\/image\\\/\",\"url\":\"https:\\\/\\\/monpari.pl\\\/wp-content\\\/uploads\\\/2023\\\/09\\\/MONPARI.png\",\"contentUrl\":\"https:\\\/\\\/monpari.pl\\\/wp-content\\\/uploads\\\/2023\\\/09\\\/MONPARI.png\",\"width\":660,\"height\":378,\"caption\":\"monpari.pl\"},\"image\":{\"@id\":\"https:\\\/\\\/monpari.pl\\\/#\\\/schema\\\/logo\\\/image\\\/\"}}]}<\/script>\n<!-- \/ Yoast SEO plugin. -->","yoast_head_json":{"title":"Tatua\u017c Tymczasowy Zmywalny Jednorazowy Jednoro\u017cec Konik Unicorn Brokatowe - Monpari.pl","robots":{"index":"index","follow":"follow","max-snippet":"max-snippet:-1","max-image-preview":"max-image-preview:large","max-video-preview":"max-video-preview:-1"},"canonical":"https:\/\/monpari.pl\/index.php\/produkt\/tatuaz-tymczasowy-zmywalny-jednorazowy-jednorozec-konik-unicorn-brokatowe-11\/","og_locale":"pl_PL","og_type":"article","og_title":"Tatua\u017c Tymczasowy Zmywalny Jednorazowy Jednoro\u017cec Konik Unicorn Brokatowe - Monpari.pl","og_description":"\u2764\ufe0fSuper gad\u017cet na dzieci\u0119ce imprezy","og_url":"https:\/\/monpari.pl\/index.php\/produkt\/tatuaz-tymczasowy-zmywalny-jednorazowy-jednorozec-konik-unicorn-brokatowe-11\/","og_site_name":"Monpari.pl","article_modified_time":"2025-11-21T13:37:11+00:00","og_image":[{"width":2560,"height":2560,"url":"https:\/\/monpari.pl\/wp-content\/uploads\/2025\/11\/ednorozec-brokatowe-wodne-jednorazowe-dla-dzieci-3.webp","type":"image\/webp"}],"twitter_card":"summary_large_image","twitter_misc":{"Szacowany czas czytania":"1 minuta"},"schema":{"@context":"https:\/\/schema.org","@graph":[{"@type":"WebPage","@id":"https:\/\/monpari.pl\/index.php\/produkt\/tatuaz-tymczasowy-zmywalny-jednorazowy-jednorozec-konik-unicorn-brokatowe-11\/","url":"https:\/\/monpari.pl\/index.php\/produkt\/tatuaz-tymczasowy-zmywalny-jednorazowy-jednorozec-konik-unicorn-brokatowe-11\/","name":"Tatua\u017c Tymczasowy Zmywalny Jednorazowy Jednoro\u017cec Konik Unicorn Brokatowe - Monpari.pl","isPartOf":{"@id":"https:\/\/monpari.pl\/#website"},"primaryImageOfPage":{"@id":"https:\/\/monpari.pl\/index.php\/produkt\/tatuaz-tymczasowy-zmywalny-jednorazowy-jednorozec-konik-unicorn-brokatowe-11\/#primaryimage"},"image":{"@id":"https:\/\/monpari.pl\/index.php\/produkt\/tatuaz-tymczasowy-zmywalny-jednorazowy-jednorozec-konik-unicorn-brokatowe-11\/#primaryimage"},"thumbnailUrl":"https:\/\/monpari.pl\/wp-content\/uploads\/2025\/11\/ednorozec-brokatowe-wodne-jednorazowe-dla-dzieci-3.webp","datePublished":"2025-11-21T13:36:25+00:00","dateModified":"2025-11-21T13:37:11+00:00","breadcrumb":{"@id":"https:\/\/monpari.pl\/index.php\/produkt\/tatuaz-tymczasowy-zmywalny-jednorazowy-jednorozec-konik-unicorn-brokatowe-11\/#breadcrumb"},"inLanguage":"pl-PL","potentialAction":[{"@type":"ReadAction","target":["https:\/\/monpari.pl\/index.php\/produkt\/tatuaz-tymczasowy-zmywalny-jednorazowy-jednorozec-konik-unicorn-brokatowe-11\/"]}]},{"@type":"ImageObject","inLanguage":"pl-PL","@id":"https:\/\/monpari.pl\/index.php\/produkt\/tatuaz-tymczasowy-zmywalny-jednorazowy-jednorozec-konik-unicorn-brokatowe-11\/#primaryimage","url":"https:\/\/monpari.pl\/wp-content\/uploads\/2025\/11\/ednorozec-brokatowe-wodne-jednorazowe-dla-dzieci-3.webp","contentUrl":"https:\/\/monpari.pl\/wp-content\/uploads\/2025\/11\/ednorozec-brokatowe-wodne-jednorazowe-dla-dzieci-3.webp","width":2560,"height":2560},{"@type":"BreadcrumbList","@id":"https:\/\/monpari.pl\/index.php\/produkt\/tatuaz-tymczasowy-zmywalny-jednorazowy-jednorozec-konik-unicorn-brokatowe-11\/#breadcrumb","itemListElement":[{"@type":"ListItem","position":1,"name":"Strona g\u0142\u00f3wna","item":"https:\/\/monpari.pl\/"},{"@type":"ListItem","position":2,"name":"Sklep","item":"https:\/\/monpari.pl\/index.php\/sklep\/"},{"@type":"ListItem","position":3,"name":"Tatua\u017c Tymczasowy Zmywalny Jednorazowy Jednoro\u017cec Konik Unicorn Brokatowe"}]},{"@type":"WebSite","@id":"https:\/\/monpari.pl\/#website","url":"https:\/\/monpari.pl\/","name":"monpari.pl","description":"Klipsy, kolczyki, bi\u017cuteria dla dzieci, artyku\u0142y z postaciami popularnych bajek, prezenty","publisher":{"@id":"https:\/\/monpari.pl\/#organization"},"potentialAction":[{"@type":"SearchAction","target":{"@type":"EntryPoint","urlTemplate":"https:\/\/monpari.pl\/?s={search_term_string}"},"query-input":{"@type":"PropertyValueSpecification","valueRequired":true,"valueName":"search_term_string"}}],"inLanguage":"pl-PL"},{"@type":"Organization","@id":"https:\/\/monpari.pl\/#organization","name":"monpari.pl","url":"https:\/\/monpari.pl\/","logo":{"@type":"ImageObject","inLanguage":"pl-PL","@id":"https:\/\/monpari.pl\/#\/schema\/logo\/image\/","url":"https:\/\/monpari.pl\/wp-content\/uploads\/2023\/09\/MONPARI.png","contentUrl":"https:\/\/monpari.pl\/wp-content\/uploads\/2023\/09\/MONPARI.png","width":660,"height":378,"caption":"monpari.pl"},"image":{"@id":"https:\/\/monpari.pl\/#\/schema\/logo\/image\/"}}]}},"_links":{"self":[{"href":"https:\/\/monpari.pl\/index.php\/wp-json\/wp\/v2\/product\/6432","targetHints":{"allow":["GET"]}}],"collection":[{"href":"https:\/\/monpari.pl\/index.php\/wp-json\/wp\/v2\/product"}],"about":[{"href":"https:\/\/monpari.pl\/index.php\/wp-json\/wp\/v2\/types\/product"}],"replies":[{"embeddable":true,"href":"https:\/\/monpari.pl\/index.php\/wp-json\/wp\/v2\/comments?post=6432"}],"version-history":[{"count":1,"href":"https:\/\/monpari.pl\/index.php\/wp-json\/wp\/v2\/product\/6432\/revisions"}],"predecessor-version":[{"id":6434,"href":"https:\/\/monpari.pl\/index.php\/wp-json\/wp\/v2\/product\/6432\/revisions\/6434"}],"wp:featuredmedia":[{"embeddable":true,"href":"https:\/\/monpari.pl\/index.php\/wp-json\/wp\/v2\/media\/6401"}],"wp:attachment":[{"href":"https:\/\/monpari.pl\/index.php\/wp-json\/wp\/v2\/media?parent=6432"}],"wp:term":[{"taxonomy":"product_brand","embeddable":true,"href":"https:\/\/monpari.pl\/index.php\/wp-json\/wp\/v2\/product_brand?post=6432"},{"taxonomy":"product_cat","embeddable":true,"href":"https:\/\/monpari.pl\/index.php\/wp-json\/wp\/v2\/product_cat?post=6432"},{"taxonomy":"product_tag","embeddable":true,"href":"https:\/\/monpari.pl\/index.php\/wp-json\/wp\/v2\/product_tag?post=6432"}],"curies":[{"name":"wp","href":"https:\/\/api.w.org\/{rel}","templated":true}]}}