{"id":6449,"date":"2025-11-21T15:52:43","date_gmt":"2025-11-21T15:52:43","guid":{"rendered":"https:\/\/monpari.pl\/?post_type=product&#038;p=6449"},"modified":"2026-01-14T19:47:44","modified_gmt":"2026-01-14T19:47:44","slug":"klipsy-dzieciece-101-dalmatynczykow-ze-srebrnymi-serduszkami-bez-przekluwania-uszu","status":"publish","type":"product","link":"https:\/\/monpari.pl\/index.php\/produkt\/klipsy-dzieciece-101-dalmatynczykow-ze-srebrnymi-serduszkami-bez-przekluwania-uszu\/","title":{"rendered":"Klipsy dzieci\u0119ce 101 DALMATY\u0143CZYK\u00d3W ze srebrnymi serduszkami bez przek\u0142uwania uszu"},"content":{"rendered":"<h3>\u2728<strong>Klipsy do uszu dla dzieci 101 Dalmaty\u0144czyk\u00f3w \u2013 kolczyki bez przek\u0142uwania uszu<\/strong>\u2728<\/h3>\n<p>&nbsp;<\/p>\n<p>\u2714\ufe0f <b>Bezpieczne \u2013 bez przek\u0142uwania uszu<\/b><\/p>\n<p>Kolczyki maj\u0105 form\u0119 klips\u00f3w, dzi\u0119ki czemu mo\u017cna je wygodnie nosi\u0107 bez dziurek w uszach.<\/p>\n<p>\u2714\ufe0f <b>Wygodne \u2013 poduszeczki ochronne<\/b><\/p>\n<p>W zestawie znajduj\u0105 si\u0119 specjalne poduszeczki ochronne, kt\u00f3re sprawiaj\u0105, \u017ce noszenie kolczyk\u00f3w jest komfortowe i bezbolesne.<\/p>\n<p>\u2714\ufe0f <b>Bajkowy wz\u00f3r \u2013 101 Dalmaty\u0144czyk\u00f3w<\/b><\/p>\n<p>Klipsy zdobi\u0105 brokatowe serduszka oraz zawieszki z wizerunkiem pieska<\/p>\n<p>\u2714\ufe0f <b>Idealne na prezent<\/b><\/p>\n<p>\u015awietnie sprawdz\u0105 si\u0119 jako upominek urodzinowy, na Dzie\u0144 Dziecka, pod choink\u0119 czy po prostu jako ma\u0142a niespodzianka<\/p>\n<h4><\/h4>\n<h4><b>\u2705 Szczeg\u00f3\u0142y produktu:<\/b><\/h4>\n<ul>\n<li>Rodzaj: klipsy (bez przek\u0142uwania uszu)<\/li>\n<li>Wz\u00f3r: Bajka Disney 101 Dalmaty\u0144czyk\u00f3w<\/li>\n<li>W zestawie: para kolczyk\u00f3w + poduszeczki ochronne<\/li>\n<li><b>Wiek dziecka<\/b><b>: <\/b>3+ (ze wzgl\u0119du na ma\u0142e elementy)<\/li>\n<\/ul>\n<p><b>Dlaczego warto?<\/b><\/p>\n<ul>\n<li>Klips wykonany z wysokiej jako\u015bci metalu, <b>nie zawiera o\u0142owiu i niklu,\u00a0\u00a0<\/b>antykorozyjny i bezpieczna dla dzieci z wra\u017cliw\u0105 sk\u00f3r\u0105<\/li>\n<li>wygodne w noszeniu<\/li>\n<li>kolorowy, bajkowy design<\/li>\n<li>oryginalny dodatek dla ma\u0142ych fan\u00f3w piesk\u00f3w<\/li>\n<\/ul>\n<p>\ud83d\udce6\u00a0<b>Wysy\u0142ka natychmiastowa<\/b> | \ud83d\udc96 Idealne dla dzieci w wieku 3+<\/p>\n","protected":false},"excerpt":{"rendered":"<p>\u2764\ufe0fWprowad\u017a u\u015bmiech na twarz swojego dziecka dzi\u0119ki uroczym, klipsom\u00a0 z motywem <strong>Pieska Dalmaty\u0144czyka\u2764\ufe0f<\/strong><\/p>\n","protected":false},"featured_media":6451,"comment_status":"open","ping_status":"closed","template":"","meta":{"_seopress_robots_primary_cat":"none","_seopress_titles_title":"Klipsy dzieci\u0119ce 101 DALMATY\u0143CZYK\u00d3W Klipsy dzieci\u0119ce bez przek\u0142uwania uszu","_seopress_titles_desc":"Urocze klipsy na uszy z pieskiem Dalmaty\u0144czykiem i srebrnymi serduszkami. Idealne dla dzieci, bez przek\u0142uwania uszu, wygodne i bezpieczne.","_seopress_robots_index":""},"product_brand":[],"product_cat":[459,154,77],"product_tag":[],"class_list":{"0":"post-6449","1":"product","2":"type-product","3":"status-publish","4":"has-post-thumbnail","6":"product_cat-bizuteria-dziecieca","7":"product_cat-klipsy-do-uszu","8":"product_cat-nowosci","10":"first","11":"instock","12":"taxable","13":"shipping-taxable","14":"purchasable","15":"product-type-simple"},"yoast_head":"<!-- This site is optimized with the Yoast SEO plugin v27.4 - https:\/\/yoast.com\/product\/yoast-seo-wordpress\/ -->\n<title>Klipsy dzieci\u0119ce 101 DALMATY\u0143CZYK\u00d3W ze srebrnymi serduszkami bez przek\u0142uwania uszu - Monpari.pl<\/title>\n<meta name=\"robots\" content=\"index, follow, max-snippet:-1, max-image-preview:large, max-video-preview:-1\" \/>\n<link rel=\"canonical\" href=\"https:\/\/monpari.pl\/index.php\/produkt\/klipsy-dzieciece-101-dalmatynczykow-ze-srebrnymi-serduszkami-bez-przekluwania-uszu\/\" \/>\n<meta property=\"og:locale\" content=\"pl_PL\" \/>\n<meta property=\"og:type\" content=\"article\" \/>\n<meta property=\"og:title\" content=\"Klipsy dzieci\u0119ce 101 DALMATY\u0143CZYK\u00d3W ze srebrnymi serduszkami bez przek\u0142uwania uszu - Monpari.pl\" \/>\n<meta property=\"og:description\" content=\"\u2764\ufe0fWprowad\u017a u\u015bmiech na twarz swojego dziecka dzi\u0119ki uroczym, klipsom\u00a0 z motywem Pieska Dalmaty\u0144czyka\u2764\ufe0f\" \/>\n<meta property=\"og:url\" content=\"https:\/\/monpari.pl\/index.php\/produkt\/klipsy-dzieciece-101-dalmatynczykow-ze-srebrnymi-serduszkami-bez-przekluwania-uszu\/\" \/>\n<meta property=\"og:site_name\" content=\"Monpari.pl\" \/>\n<meta property=\"article:modified_time\" content=\"2026-01-14T19:47:44+00:00\" \/>\n<meta property=\"og:image\" content=\"https:\/\/monpari.pl\/wp-content\/uploads\/2025\/11\/monpari-101-dalmatynczykow-piesek-disney-klipsy-kolczyki-1.webp\" \/>\n\t<meta property=\"og:image:width\" content=\"2560\" \/>\n\t<meta property=\"og:image:height\" content=\"2560\" \/>\n\t<meta property=\"og:image:type\" content=\"image\/webp\" \/>\n<meta name=\"twitter:card\" content=\"summary_large_image\" \/>\n<meta name=\"twitter:label1\" content=\"Szacowany czas czytania\" \/>\n\t<meta name=\"twitter:data1\" content=\"1 minuta\" \/>\n<script type=\"application\/ld+json\" class=\"yoast-schema-graph\">{\"@context\":\"https:\\\/\\\/schema.org\",\"@graph\":[{\"@type\":\"WebPage\",\"@id\":\"https:\\\/\\\/monpari.pl\\\/index.php\\\/produkt\\\/klipsy-dzieciece-101-dalmatynczykow-ze-srebrnymi-serduszkami-bez-przekluwania-uszu\\\/\",\"url\":\"https:\\\/\\\/monpari.pl\\\/index.php\\\/produkt\\\/klipsy-dzieciece-101-dalmatynczykow-ze-srebrnymi-serduszkami-bez-przekluwania-uszu\\\/\",\"name\":\"Klipsy dzieci\u0119ce 101 DALMATY\u0143CZYK\u00d3W ze srebrnymi serduszkami bez przek\u0142uwania uszu - Monpari.pl\",\"isPartOf\":{\"@id\":\"https:\\\/\\\/monpari.pl\\\/#website\"},\"primaryImageOfPage\":{\"@id\":\"https:\\\/\\\/monpari.pl\\\/index.php\\\/produkt\\\/klipsy-dzieciece-101-dalmatynczykow-ze-srebrnymi-serduszkami-bez-przekluwania-uszu\\\/#primaryimage\"},\"image\":{\"@id\":\"https:\\\/\\\/monpari.pl\\\/index.php\\\/produkt\\\/klipsy-dzieciece-101-dalmatynczykow-ze-srebrnymi-serduszkami-bez-przekluwania-uszu\\\/#primaryimage\"},\"thumbnailUrl\":\"https:\\\/\\\/monpari.pl\\\/wp-content\\\/uploads\\\/2025\\\/11\\\/monpari-101-dalmatynczykow-piesek-disney-klipsy-kolczyki-1.webp\",\"datePublished\":\"2025-11-21T15:52:43+00:00\",\"dateModified\":\"2026-01-14T19:47:44+00:00\",\"breadcrumb\":{\"@id\":\"https:\\\/\\\/monpari.pl\\\/index.php\\\/produkt\\\/klipsy-dzieciece-101-dalmatynczykow-ze-srebrnymi-serduszkami-bez-przekluwania-uszu\\\/#breadcrumb\"},\"inLanguage\":\"pl-PL\",\"potentialAction\":[{\"@type\":\"ReadAction\",\"target\":[\"https:\\\/\\\/monpari.pl\\\/index.php\\\/produkt\\\/klipsy-dzieciece-101-dalmatynczykow-ze-srebrnymi-serduszkami-bez-przekluwania-uszu\\\/\"]}]},{\"@type\":\"ImageObject\",\"inLanguage\":\"pl-PL\",\"@id\":\"https:\\\/\\\/monpari.pl\\\/index.php\\\/produkt\\\/klipsy-dzieciece-101-dalmatynczykow-ze-srebrnymi-serduszkami-bez-przekluwania-uszu\\\/#primaryimage\",\"url\":\"https:\\\/\\\/monpari.pl\\\/wp-content\\\/uploads\\\/2025\\\/11\\\/monpari-101-dalmatynczykow-piesek-disney-klipsy-kolczyki-1.webp\",\"contentUrl\":\"https:\\\/\\\/monpari.pl\\\/wp-content\\\/uploads\\\/2025\\\/11\\\/monpari-101-dalmatynczykow-piesek-disney-klipsy-kolczyki-1.webp\",\"width\":2560,\"height\":2560},{\"@type\":\"BreadcrumbList\",\"@id\":\"https:\\\/\\\/monpari.pl\\\/index.php\\\/produkt\\\/klipsy-dzieciece-101-dalmatynczykow-ze-srebrnymi-serduszkami-bez-przekluwania-uszu\\\/#breadcrumb\",\"itemListElement\":[{\"@type\":\"ListItem\",\"position\":1,\"name\":\"Strona g\u0142\u00f3wna\",\"item\":\"https:\\\/\\\/monpari.pl\\\/\"},{\"@type\":\"ListItem\",\"position\":2,\"name\":\"Sklep\",\"item\":\"https:\\\/\\\/monpari.pl\\\/index.php\\\/sklep\\\/\"},{\"@type\":\"ListItem\",\"position\":3,\"name\":\"Klipsy dzieci\u0119ce 101 DALMATY\u0143CZYK\u00d3W ze srebrnymi serduszkami bez przek\u0142uwania uszu\"}]},{\"@type\":\"WebSite\",\"@id\":\"https:\\\/\\\/monpari.pl\\\/#website\",\"url\":\"https:\\\/\\\/monpari.pl\\\/\",\"name\":\"monpari.pl\",\"description\":\"Klipsy, kolczyki, bi\u017cuteria dla dzieci, artyku\u0142y z postaciami popularnych bajek, prezenty\",\"publisher\":{\"@id\":\"https:\\\/\\\/monpari.pl\\\/#organization\"},\"potentialAction\":[{\"@type\":\"SearchAction\",\"target\":{\"@type\":\"EntryPoint\",\"urlTemplate\":\"https:\\\/\\\/monpari.pl\\\/?s={search_term_string}\"},\"query-input\":{\"@type\":\"PropertyValueSpecification\",\"valueRequired\":true,\"valueName\":\"search_term_string\"}}],\"inLanguage\":\"pl-PL\"},{\"@type\":\"Organization\",\"@id\":\"https:\\\/\\\/monpari.pl\\\/#organization\",\"name\":\"monpari.pl\",\"url\":\"https:\\\/\\\/monpari.pl\\\/\",\"logo\":{\"@type\":\"ImageObject\",\"inLanguage\":\"pl-PL\",\"@id\":\"https:\\\/\\\/monpari.pl\\\/#\\\/schema\\\/logo\\\/image\\\/\",\"url\":\"https:\\\/\\\/monpari.pl\\\/wp-content\\\/uploads\\\/2023\\\/09\\\/MONPARI.png\",\"contentUrl\":\"https:\\\/\\\/monpari.pl\\\/wp-content\\\/uploads\\\/2023\\\/09\\\/MONPARI.png\",\"width\":660,\"height\":378,\"caption\":\"monpari.pl\"},\"image\":{\"@id\":\"https:\\\/\\\/monpari.pl\\\/#\\\/schema\\\/logo\\\/image\\\/\"}}]}<\/script>\n<!-- \/ Yoast SEO plugin. -->","yoast_head_json":{"title":"Klipsy dzieci\u0119ce 101 DALMATY\u0143CZYK\u00d3W ze srebrnymi serduszkami bez przek\u0142uwania uszu - Monpari.pl","robots":{"index":"index","follow":"follow","max-snippet":"max-snippet:-1","max-image-preview":"max-image-preview:large","max-video-preview":"max-video-preview:-1"},"canonical":"https:\/\/monpari.pl\/index.php\/produkt\/klipsy-dzieciece-101-dalmatynczykow-ze-srebrnymi-serduszkami-bez-przekluwania-uszu\/","og_locale":"pl_PL","og_type":"article","og_title":"Klipsy dzieci\u0119ce 101 DALMATY\u0143CZYK\u00d3W ze srebrnymi serduszkami bez przek\u0142uwania uszu - Monpari.pl","og_description":"\u2764\ufe0fWprowad\u017a u\u015bmiech na twarz swojego dziecka dzi\u0119ki uroczym, klipsom\u00a0 z motywem Pieska Dalmaty\u0144czyka\u2764\ufe0f","og_url":"https:\/\/monpari.pl\/index.php\/produkt\/klipsy-dzieciece-101-dalmatynczykow-ze-srebrnymi-serduszkami-bez-przekluwania-uszu\/","og_site_name":"Monpari.pl","article_modified_time":"2026-01-14T19:47:44+00:00","og_image":[{"width":2560,"height":2560,"url":"https:\/\/monpari.pl\/wp-content\/uploads\/2025\/11\/monpari-101-dalmatynczykow-piesek-disney-klipsy-kolczyki-1.webp","type":"image\/webp"}],"twitter_card":"summary_large_image","twitter_misc":{"Szacowany czas czytania":"1 minuta"},"schema":{"@context":"https:\/\/schema.org","@graph":[{"@type":"WebPage","@id":"https:\/\/monpari.pl\/index.php\/produkt\/klipsy-dzieciece-101-dalmatynczykow-ze-srebrnymi-serduszkami-bez-przekluwania-uszu\/","url":"https:\/\/monpari.pl\/index.php\/produkt\/klipsy-dzieciece-101-dalmatynczykow-ze-srebrnymi-serduszkami-bez-przekluwania-uszu\/","name":"Klipsy dzieci\u0119ce 101 DALMATY\u0143CZYK\u00d3W ze srebrnymi serduszkami bez przek\u0142uwania uszu - Monpari.pl","isPartOf":{"@id":"https:\/\/monpari.pl\/#website"},"primaryImageOfPage":{"@id":"https:\/\/monpari.pl\/index.php\/produkt\/klipsy-dzieciece-101-dalmatynczykow-ze-srebrnymi-serduszkami-bez-przekluwania-uszu\/#primaryimage"},"image":{"@id":"https:\/\/monpari.pl\/index.php\/produkt\/klipsy-dzieciece-101-dalmatynczykow-ze-srebrnymi-serduszkami-bez-przekluwania-uszu\/#primaryimage"},"thumbnailUrl":"https:\/\/monpari.pl\/wp-content\/uploads\/2025\/11\/monpari-101-dalmatynczykow-piesek-disney-klipsy-kolczyki-1.webp","datePublished":"2025-11-21T15:52:43+00:00","dateModified":"2026-01-14T19:47:44+00:00","breadcrumb":{"@id":"https:\/\/monpari.pl\/index.php\/produkt\/klipsy-dzieciece-101-dalmatynczykow-ze-srebrnymi-serduszkami-bez-przekluwania-uszu\/#breadcrumb"},"inLanguage":"pl-PL","potentialAction":[{"@type":"ReadAction","target":["https:\/\/monpari.pl\/index.php\/produkt\/klipsy-dzieciece-101-dalmatynczykow-ze-srebrnymi-serduszkami-bez-przekluwania-uszu\/"]}]},{"@type":"ImageObject","inLanguage":"pl-PL","@id":"https:\/\/monpari.pl\/index.php\/produkt\/klipsy-dzieciece-101-dalmatynczykow-ze-srebrnymi-serduszkami-bez-przekluwania-uszu\/#primaryimage","url":"https:\/\/monpari.pl\/wp-content\/uploads\/2025\/11\/monpari-101-dalmatynczykow-piesek-disney-klipsy-kolczyki-1.webp","contentUrl":"https:\/\/monpari.pl\/wp-content\/uploads\/2025\/11\/monpari-101-dalmatynczykow-piesek-disney-klipsy-kolczyki-1.webp","width":2560,"height":2560},{"@type":"BreadcrumbList","@id":"https:\/\/monpari.pl\/index.php\/produkt\/klipsy-dzieciece-101-dalmatynczykow-ze-srebrnymi-serduszkami-bez-przekluwania-uszu\/#breadcrumb","itemListElement":[{"@type":"ListItem","position":1,"name":"Strona g\u0142\u00f3wna","item":"https:\/\/monpari.pl\/"},{"@type":"ListItem","position":2,"name":"Sklep","item":"https:\/\/monpari.pl\/index.php\/sklep\/"},{"@type":"ListItem","position":3,"name":"Klipsy dzieci\u0119ce 101 DALMATY\u0143CZYK\u00d3W ze srebrnymi serduszkami bez przek\u0142uwania uszu"}]},{"@type":"WebSite","@id":"https:\/\/monpari.pl\/#website","url":"https:\/\/monpari.pl\/","name":"monpari.pl","description":"Klipsy, kolczyki, bi\u017cuteria dla dzieci, artyku\u0142y z postaciami popularnych bajek, prezenty","publisher":{"@id":"https:\/\/monpari.pl\/#organization"},"potentialAction":[{"@type":"SearchAction","target":{"@type":"EntryPoint","urlTemplate":"https:\/\/monpari.pl\/?s={search_term_string}"},"query-input":{"@type":"PropertyValueSpecification","valueRequired":true,"valueName":"search_term_string"}}],"inLanguage":"pl-PL"},{"@type":"Organization","@id":"https:\/\/monpari.pl\/#organization","name":"monpari.pl","url":"https:\/\/monpari.pl\/","logo":{"@type":"ImageObject","inLanguage":"pl-PL","@id":"https:\/\/monpari.pl\/#\/schema\/logo\/image\/","url":"https:\/\/monpari.pl\/wp-content\/uploads\/2023\/09\/MONPARI.png","contentUrl":"https:\/\/monpari.pl\/wp-content\/uploads\/2023\/09\/MONPARI.png","width":660,"height":378,"caption":"monpari.pl"},"image":{"@id":"https:\/\/monpari.pl\/#\/schema\/logo\/image\/"}}]}},"_links":{"self":[{"href":"https:\/\/monpari.pl\/index.php\/wp-json\/wp\/v2\/product\/6449","targetHints":{"allow":["GET"]}}],"collection":[{"href":"https:\/\/monpari.pl\/index.php\/wp-json\/wp\/v2\/product"}],"about":[{"href":"https:\/\/monpari.pl\/index.php\/wp-json\/wp\/v2\/types\/product"}],"replies":[{"embeddable":true,"href":"https:\/\/monpari.pl\/index.php\/wp-json\/wp\/v2\/comments?post=6449"}],"version-history":[{"count":1,"href":"https:\/\/monpari.pl\/index.php\/wp-json\/wp\/v2\/product\/6449\/revisions"}],"predecessor-version":[{"id":6452,"href":"https:\/\/monpari.pl\/index.php\/wp-json\/wp\/v2\/product\/6449\/revisions\/6452"}],"wp:featuredmedia":[{"embeddable":true,"href":"https:\/\/monpari.pl\/index.php\/wp-json\/wp\/v2\/media\/6451"}],"wp:attachment":[{"href":"https:\/\/monpari.pl\/index.php\/wp-json\/wp\/v2\/media?parent=6449"}],"wp:term":[{"taxonomy":"product_brand","embeddable":true,"href":"https:\/\/monpari.pl\/index.php\/wp-json\/wp\/v2\/product_brand?post=6449"},{"taxonomy":"product_cat","embeddable":true,"href":"https:\/\/monpari.pl\/index.php\/wp-json\/wp\/v2\/product_cat?post=6449"},{"taxonomy":"product_tag","embeddable":true,"href":"https:\/\/monpari.pl\/index.php\/wp-json\/wp\/v2\/product_tag?post=6449"}],"curies":[{"name":"wp","href":"https:\/\/api.w.org\/{rel}","templated":true}]}}