{"id":6578,"date":"2026-01-17T16:16:37","date_gmt":"2026-01-17T16:16:37","guid":{"rendered":"https:\/\/monpari.pl\/?post_type=product&#038;p=6578"},"modified":"2026-01-17T16:16:37","modified_gmt":"2026-01-17T16:16:37","slug":"naklejki-winylowe-wodoodporne-kapibara-kapybara-dla-dzieci-zestaw-50-szt","status":"publish","type":"product","link":"https:\/\/monpari.pl\/index.php\/produkt\/naklejki-winylowe-wodoodporne-kapibara-kapybara-dla-dzieci-zestaw-50-szt\/","title":{"rendered":"Naklejki WINYLOWE wodoodporne KAPIBARA Kapybara Dla dzieci Zestaw 50 szt"},"content":{"rendered":"<h4><strong>\u2b50Naklejki WINYLOWE wodoodporne KAPIBARA Kapybara Dla dzieci Zestaw 50 szt<\/strong><\/h4>\n<p>&nbsp;<\/p>\n<h4>\u2705Naklejki winylowe, laminowane<\/h4>\n<h4>\u2705Wodoodporne. Nie ma problemu z ich odklejaniem.<\/h4>\n<h4>\u2705Jasne kolory, bezpieczne i nietoksyczne<\/h4>\n<h4>\u2705Ka\u017cda naklejka w zestawie ma inny kszta\u0142t<\/h4>\n<h4>\u2705Rozmiar jednej naklejki\u00a0 oko\u0142o 8 x 7 cm<\/h4>\n<h4>\u2705Wiek: 3+<\/h4>\n<h4><strong>\u2714\ufe0fMo\u017cna naklei\u0107 na:<\/strong><\/h4>\n<ul>\n<li>\n<h4>Laptop<\/h4>\n<\/li>\n<li>\n<h4>telefon kom\u00f3rkowy,<\/h4>\n<\/li>\n<li>\n<h4>rower<\/h4>\n<\/li>\n<li>\n<h4>samoch\u00f3d<\/h4>\n<\/li>\n<li>\n<h4>deskorolka<\/h4>\n<\/li>\n<li>\n<h4>rolki<\/h4>\n<\/li>\n<li>\n<h4>hulajnoga<\/h4>\n<\/li>\n<li>\n<h4>kask<\/h4>\n<\/li>\n<li>\n<h4>kubek, bidon na wod\u0119<\/h4>\n<\/li>\n<li>\n<h4>walizka podr\u00f3\u017cna<\/h4>\n<\/li>\n<li>\n<h4>biurko<\/h4>\n<\/li>\n<li>\n<h4>album na zdj\u0119cia<\/h4>\n<\/li>\n<li>\n<h4>lod\u00f3wka itd.<\/h4>\n<\/li>\n<\/ul>\n","protected":false},"excerpt":{"rendered":"<p>Uroczy zestaw winylowych naklejek z kapibar\u0105 w stylu kawaii. Idealne do dekoracji laptopa, planera, zeszytu lub etui na telefon. Trwa\u0142e, wodoodporne i \u015bwietne na prezent dla ka\u017cdego fana s\u0142odkich ilustracji. \ud83e\udde1<\/p>\n","protected":false},"featured_media":6586,"comment_status":"open","ping_status":"closed","template":"","meta":{"_seopress_robots_primary_cat":"","_seopress_titles_title":"Naklejki z Kapibar\u0105 Kawaii \u2013 Uroczy Zestaw Winylowych Naklejek","_seopress_titles_desc":"Urocze naklejki z kapibar\u0105 w stylu kawaii. Wysokiej jako\u015bci winylowe naklejki idealne na laptopa, planner, zeszyt. \u015awietny pomys\u0142 na prezent dla mi\u0142o\u015bnik\u00f3w kapibar!","_seopress_robots_index":""},"product_brand":[],"product_cat":[458,457],"product_tag":[],"class_list":{"0":"post-6578","1":"product","2":"type-product","3":"status-publish","4":"has-post-thumbnail","6":"product_cat-dla-dzieci","7":"product_cat-naklejki","9":"first","10":"instock","11":"taxable","12":"shipping-taxable","13":"purchasable","14":"product-type-simple"},"yoast_head":"<!-- This site is optimized with the Yoast SEO plugin v27.4 - https:\/\/yoast.com\/product\/yoast-seo-wordpress\/ -->\n<title>Naklejki z Kapibar\u0105 Kawaii \u2013 Uroczy Zestaw Winylowych Naklejek<\/title>\n<meta name=\"description\" content=\"Urocze naklejki z kapibar\u0105 w stylu kawaii. Wysokiej jako\u015bci winylowe naklejki idealne na laptopa, planner, zeszyt. \u015awietny pomys\u0142 na prezent dla mi\u0142o\u015bnik\u00f3w kapibar!\" \/>\n<meta name=\"robots\" content=\"index, follow, max-snippet:-1, max-image-preview:large, max-video-preview:-1\" \/>\n<link rel=\"canonical\" href=\"https:\/\/monpari.pl\/index.php\/produkt\/naklejki-winylowe-wodoodporne-kapibara-kapybara-dla-dzieci-zestaw-50-szt\/\" \/>\n<meta property=\"og:locale\" content=\"pl_PL\" \/>\n<meta property=\"og:type\" content=\"article\" \/>\n<meta property=\"og:title\" content=\"Naklejki z Kapibar\u0105 Kawaii \u2013 Uroczy Zestaw Winylowych Naklejek\" \/>\n<meta property=\"og:description\" content=\"Urocze naklejki z kapibar\u0105 w stylu kawaii. Wysokiej jako\u015bci winylowe naklejki idealne na laptopa, planner, zeszyt. \u015awietny pomys\u0142 na prezent dla mi\u0142o\u015bnik\u00f3w kapibar!\" \/>\n<meta property=\"og:url\" content=\"https:\/\/monpari.pl\/index.php\/produkt\/naklejki-winylowe-wodoodporne-kapibara-kapybara-dla-dzieci-zestaw-50-szt\/\" \/>\n<meta property=\"og:site_name\" content=\"Monpari.pl\" \/>\n<meta property=\"og:image\" content=\"https:\/\/monpari.pl\/wp-content\/uploads\/2026\/01\/monpari-kapibara-kolczyki-winylowe.webp\" \/>\n\t<meta property=\"og:image:width\" content=\"2560\" \/>\n\t<meta property=\"og:image:height\" content=\"2560\" \/>\n\t<meta property=\"og:image:type\" content=\"image\/webp\" \/>\n<meta name=\"twitter:card\" content=\"summary_large_image\" \/>\n<meta name=\"twitter:label1\" content=\"Szacowany czas czytania\" \/>\n\t<meta name=\"twitter:data1\" content=\"1 minuta\" \/>\n<script type=\"application\/ld+json\" class=\"yoast-schema-graph\">{\"@context\":\"https:\\\/\\\/schema.org\",\"@graph\":[{\"@type\":\"WebPage\",\"@id\":\"https:\\\/\\\/monpari.pl\\\/index.php\\\/produkt\\\/naklejki-winylowe-wodoodporne-kapibara-kapybara-dla-dzieci-zestaw-50-szt\\\/\",\"url\":\"https:\\\/\\\/monpari.pl\\\/index.php\\\/produkt\\\/naklejki-winylowe-wodoodporne-kapibara-kapybara-dla-dzieci-zestaw-50-szt\\\/\",\"name\":\"Naklejki z Kapibar\u0105 Kawaii \u2013 Uroczy Zestaw Winylowych Naklejek\",\"isPartOf\":{\"@id\":\"https:\\\/\\\/monpari.pl\\\/#website\"},\"primaryImageOfPage\":{\"@id\":\"https:\\\/\\\/monpari.pl\\\/index.php\\\/produkt\\\/naklejki-winylowe-wodoodporne-kapibara-kapybara-dla-dzieci-zestaw-50-szt\\\/#primaryimage\"},\"image\":{\"@id\":\"https:\\\/\\\/monpari.pl\\\/index.php\\\/produkt\\\/naklejki-winylowe-wodoodporne-kapibara-kapybara-dla-dzieci-zestaw-50-szt\\\/#primaryimage\"},\"thumbnailUrl\":\"https:\\\/\\\/monpari.pl\\\/wp-content\\\/uploads\\\/2026\\\/01\\\/monpari-kapibara-kolczyki-winylowe.webp\",\"datePublished\":\"2026-01-17T16:16:37+00:00\",\"description\":\"Urocze naklejki z kapibar\u0105 w stylu kawaii. Wysokiej jako\u015bci winylowe naklejki idealne na laptopa, planner, zeszyt. \u015awietny pomys\u0142 na prezent dla mi\u0142o\u015bnik\u00f3w kapibar!\",\"breadcrumb\":{\"@id\":\"https:\\\/\\\/monpari.pl\\\/index.php\\\/produkt\\\/naklejki-winylowe-wodoodporne-kapibara-kapybara-dla-dzieci-zestaw-50-szt\\\/#breadcrumb\"},\"inLanguage\":\"pl-PL\",\"potentialAction\":[{\"@type\":\"ReadAction\",\"target\":[\"https:\\\/\\\/monpari.pl\\\/index.php\\\/produkt\\\/naklejki-winylowe-wodoodporne-kapibara-kapybara-dla-dzieci-zestaw-50-szt\\\/\"]}]},{\"@type\":\"ImageObject\",\"inLanguage\":\"pl-PL\",\"@id\":\"https:\\\/\\\/monpari.pl\\\/index.php\\\/produkt\\\/naklejki-winylowe-wodoodporne-kapibara-kapybara-dla-dzieci-zestaw-50-szt\\\/#primaryimage\",\"url\":\"https:\\\/\\\/monpari.pl\\\/wp-content\\\/uploads\\\/2026\\\/01\\\/monpari-kapibara-kolczyki-winylowe.webp\",\"contentUrl\":\"https:\\\/\\\/monpari.pl\\\/wp-content\\\/uploads\\\/2026\\\/01\\\/monpari-kapibara-kolczyki-winylowe.webp\",\"width\":2560,\"height\":2560,\"caption\":\"du\u017cy-zestaw-naklejek-kapibara\"},{\"@type\":\"BreadcrumbList\",\"@id\":\"https:\\\/\\\/monpari.pl\\\/index.php\\\/produkt\\\/naklejki-winylowe-wodoodporne-kapibara-kapybara-dla-dzieci-zestaw-50-szt\\\/#breadcrumb\",\"itemListElement\":[{\"@type\":\"ListItem\",\"position\":1,\"name\":\"Strona g\u0142\u00f3wna\",\"item\":\"https:\\\/\\\/monpari.pl\\\/\"},{\"@type\":\"ListItem\",\"position\":2,\"name\":\"Sklep\",\"item\":\"https:\\\/\\\/monpari.pl\\\/index.php\\\/sklep\\\/\"},{\"@type\":\"ListItem\",\"position\":3,\"name\":\"Naklejki WINYLOWE wodoodporne KAPIBARA Kapybara Dla dzieci Zestaw 50 szt\"}]},{\"@type\":\"WebSite\",\"@id\":\"https:\\\/\\\/monpari.pl\\\/#website\",\"url\":\"https:\\\/\\\/monpari.pl\\\/\",\"name\":\"monpari.pl\",\"description\":\"Klipsy, kolczyki, bi\u017cuteria dla dzieci, artyku\u0142y z postaciami popularnych bajek, prezenty\",\"publisher\":{\"@id\":\"https:\\\/\\\/monpari.pl\\\/#organization\"},\"potentialAction\":[{\"@type\":\"SearchAction\",\"target\":{\"@type\":\"EntryPoint\",\"urlTemplate\":\"https:\\\/\\\/monpari.pl\\\/?s={search_term_string}\"},\"query-input\":{\"@type\":\"PropertyValueSpecification\",\"valueRequired\":true,\"valueName\":\"search_term_string\"}}],\"inLanguage\":\"pl-PL\"},{\"@type\":\"Organization\",\"@id\":\"https:\\\/\\\/monpari.pl\\\/#organization\",\"name\":\"monpari.pl\",\"url\":\"https:\\\/\\\/monpari.pl\\\/\",\"logo\":{\"@type\":\"ImageObject\",\"inLanguage\":\"pl-PL\",\"@id\":\"https:\\\/\\\/monpari.pl\\\/#\\\/schema\\\/logo\\\/image\\\/\",\"url\":\"https:\\\/\\\/monpari.pl\\\/wp-content\\\/uploads\\\/2023\\\/09\\\/MONPARI.png\",\"contentUrl\":\"https:\\\/\\\/monpari.pl\\\/wp-content\\\/uploads\\\/2023\\\/09\\\/MONPARI.png\",\"width\":660,\"height\":378,\"caption\":\"monpari.pl\"},\"image\":{\"@id\":\"https:\\\/\\\/monpari.pl\\\/#\\\/schema\\\/logo\\\/image\\\/\"}}]}<\/script>\n<!-- \/ Yoast SEO plugin. -->","yoast_head_json":{"title":"Naklejki z Kapibar\u0105 Kawaii \u2013 Uroczy Zestaw Winylowych Naklejek","description":"Urocze naklejki z kapibar\u0105 w stylu kawaii. Wysokiej jako\u015bci winylowe naklejki idealne na laptopa, planner, zeszyt. \u015awietny pomys\u0142 na prezent dla mi\u0142o\u015bnik\u00f3w kapibar!","robots":{"index":"index","follow":"follow","max-snippet":"max-snippet:-1","max-image-preview":"max-image-preview:large","max-video-preview":"max-video-preview:-1"},"canonical":"https:\/\/monpari.pl\/index.php\/produkt\/naklejki-winylowe-wodoodporne-kapibara-kapybara-dla-dzieci-zestaw-50-szt\/","og_locale":"pl_PL","og_type":"article","og_title":"Naklejki z Kapibar\u0105 Kawaii \u2013 Uroczy Zestaw Winylowych Naklejek","og_description":"Urocze naklejki z kapibar\u0105 w stylu kawaii. Wysokiej jako\u015bci winylowe naklejki idealne na laptopa, planner, zeszyt. \u015awietny pomys\u0142 na prezent dla mi\u0142o\u015bnik\u00f3w kapibar!","og_url":"https:\/\/monpari.pl\/index.php\/produkt\/naklejki-winylowe-wodoodporne-kapibara-kapybara-dla-dzieci-zestaw-50-szt\/","og_site_name":"Monpari.pl","og_image":[{"width":2560,"height":2560,"url":"https:\/\/monpari.pl\/wp-content\/uploads\/2026\/01\/monpari-kapibara-kolczyki-winylowe.webp","type":"image\/webp"}],"twitter_card":"summary_large_image","twitter_misc":{"Szacowany czas czytania":"1 minuta"},"schema":{"@context":"https:\/\/schema.org","@graph":[{"@type":"WebPage","@id":"https:\/\/monpari.pl\/index.php\/produkt\/naklejki-winylowe-wodoodporne-kapibara-kapybara-dla-dzieci-zestaw-50-szt\/","url":"https:\/\/monpari.pl\/index.php\/produkt\/naklejki-winylowe-wodoodporne-kapibara-kapybara-dla-dzieci-zestaw-50-szt\/","name":"Naklejki z Kapibar\u0105 Kawaii \u2013 Uroczy Zestaw Winylowych Naklejek","isPartOf":{"@id":"https:\/\/monpari.pl\/#website"},"primaryImageOfPage":{"@id":"https:\/\/monpari.pl\/index.php\/produkt\/naklejki-winylowe-wodoodporne-kapibara-kapybara-dla-dzieci-zestaw-50-szt\/#primaryimage"},"image":{"@id":"https:\/\/monpari.pl\/index.php\/produkt\/naklejki-winylowe-wodoodporne-kapibara-kapybara-dla-dzieci-zestaw-50-szt\/#primaryimage"},"thumbnailUrl":"https:\/\/monpari.pl\/wp-content\/uploads\/2026\/01\/monpari-kapibara-kolczyki-winylowe.webp","datePublished":"2026-01-17T16:16:37+00:00","description":"Urocze naklejki z kapibar\u0105 w stylu kawaii. Wysokiej jako\u015bci winylowe naklejki idealne na laptopa, planner, zeszyt. \u015awietny pomys\u0142 na prezent dla mi\u0142o\u015bnik\u00f3w kapibar!","breadcrumb":{"@id":"https:\/\/monpari.pl\/index.php\/produkt\/naklejki-winylowe-wodoodporne-kapibara-kapybara-dla-dzieci-zestaw-50-szt\/#breadcrumb"},"inLanguage":"pl-PL","potentialAction":[{"@type":"ReadAction","target":["https:\/\/monpari.pl\/index.php\/produkt\/naklejki-winylowe-wodoodporne-kapibara-kapybara-dla-dzieci-zestaw-50-szt\/"]}]},{"@type":"ImageObject","inLanguage":"pl-PL","@id":"https:\/\/monpari.pl\/index.php\/produkt\/naklejki-winylowe-wodoodporne-kapibara-kapybara-dla-dzieci-zestaw-50-szt\/#primaryimage","url":"https:\/\/monpari.pl\/wp-content\/uploads\/2026\/01\/monpari-kapibara-kolczyki-winylowe.webp","contentUrl":"https:\/\/monpari.pl\/wp-content\/uploads\/2026\/01\/monpari-kapibara-kolczyki-winylowe.webp","width":2560,"height":2560,"caption":"du\u017cy-zestaw-naklejek-kapibara"},{"@type":"BreadcrumbList","@id":"https:\/\/monpari.pl\/index.php\/produkt\/naklejki-winylowe-wodoodporne-kapibara-kapybara-dla-dzieci-zestaw-50-szt\/#breadcrumb","itemListElement":[{"@type":"ListItem","position":1,"name":"Strona g\u0142\u00f3wna","item":"https:\/\/monpari.pl\/"},{"@type":"ListItem","position":2,"name":"Sklep","item":"https:\/\/monpari.pl\/index.php\/sklep\/"},{"@type":"ListItem","position":3,"name":"Naklejki WINYLOWE wodoodporne KAPIBARA Kapybara Dla dzieci Zestaw 50 szt"}]},{"@type":"WebSite","@id":"https:\/\/monpari.pl\/#website","url":"https:\/\/monpari.pl\/","name":"monpari.pl","description":"Klipsy, kolczyki, bi\u017cuteria dla dzieci, artyku\u0142y z postaciami popularnych bajek, prezenty","publisher":{"@id":"https:\/\/monpari.pl\/#organization"},"potentialAction":[{"@type":"SearchAction","target":{"@type":"EntryPoint","urlTemplate":"https:\/\/monpari.pl\/?s={search_term_string}"},"query-input":{"@type":"PropertyValueSpecification","valueRequired":true,"valueName":"search_term_string"}}],"inLanguage":"pl-PL"},{"@type":"Organization","@id":"https:\/\/monpari.pl\/#organization","name":"monpari.pl","url":"https:\/\/monpari.pl\/","logo":{"@type":"ImageObject","inLanguage":"pl-PL","@id":"https:\/\/monpari.pl\/#\/schema\/logo\/image\/","url":"https:\/\/monpari.pl\/wp-content\/uploads\/2023\/09\/MONPARI.png","contentUrl":"https:\/\/monpari.pl\/wp-content\/uploads\/2023\/09\/MONPARI.png","width":660,"height":378,"caption":"monpari.pl"},"image":{"@id":"https:\/\/monpari.pl\/#\/schema\/logo\/image\/"}}]}},"_links":{"self":[{"href":"https:\/\/monpari.pl\/index.php\/wp-json\/wp\/v2\/product\/6578","targetHints":{"allow":["GET"]}}],"collection":[{"href":"https:\/\/monpari.pl\/index.php\/wp-json\/wp\/v2\/product"}],"about":[{"href":"https:\/\/monpari.pl\/index.php\/wp-json\/wp\/v2\/types\/product"}],"replies":[{"embeddable":true,"href":"https:\/\/monpari.pl\/index.php\/wp-json\/wp\/v2\/comments?post=6578"}],"version-history":[{"count":1,"href":"https:\/\/monpari.pl\/index.php\/wp-json\/wp\/v2\/product\/6578\/revisions"}],"predecessor-version":[{"id":6587,"href":"https:\/\/monpari.pl\/index.php\/wp-json\/wp\/v2\/product\/6578\/revisions\/6587"}],"wp:featuredmedia":[{"embeddable":true,"href":"https:\/\/monpari.pl\/index.php\/wp-json\/wp\/v2\/media\/6586"}],"wp:attachment":[{"href":"https:\/\/monpari.pl\/index.php\/wp-json\/wp\/v2\/media?parent=6578"}],"wp:term":[{"taxonomy":"product_brand","embeddable":true,"href":"https:\/\/monpari.pl\/index.php\/wp-json\/wp\/v2\/product_brand?post=6578"},{"taxonomy":"product_cat","embeddable":true,"href":"https:\/\/monpari.pl\/index.php\/wp-json\/wp\/v2\/product_cat?post=6578"},{"taxonomy":"product_tag","embeddable":true,"href":"https:\/\/monpari.pl\/index.php\/wp-json\/wp\/v2\/product_tag?post=6578"}],"curies":[{"name":"wp","href":"https:\/\/api.w.org\/{rel}","templated":true}]}}