{"id":6588,"date":"2026-01-17T16:33:18","date_gmt":"2026-01-17T16:33:18","guid":{"rendered":"https:\/\/monpari.pl\/?post_type=product&#038;p=6588"},"modified":"2026-01-17T16:42:10","modified_gmt":"2026-01-17T16:42:10","slug":"mini-torba-listonoszka-na-telefon-komorkowy-ramie-capybara-kapibara-kopia-2","status":"publish","type":"product","link":"https:\/\/monpari.pl\/index.php\/produkt\/mini-torba-listonoszka-na-telefon-komorkowy-ramie-capybara-kapibara-kopia-2\/","title":{"rendered":"Mini torba listonoszka, na telefon kom\u00f3rkowy, rami\u0119 Capybara Kapibara"},"content":{"rendered":"<h2>\u2728Kapibara Futera\u0142 Torebka na telefon smartfon saszetka Listonoszka na rami\u0119\u2728<\/h2>\n<p>\u2714\ufe0fStylowa i praktyczna torebka na rami\u0119 z uroczym nadrukiem<\/p>\n<p>\u2714\ufe0fIdealna do noszenia telefonu, kluczy, portfela i innych drobiazg\u00f3w, kt\u00f3re chcesz mie\u0107 zawsze pod r\u0119k\u0105.<\/p>\n<p>\u2714\ufe0fTorebka jest wykonana z trwa\u0142ego materia\u0142u w czarnym, kolorze, a jej prz\u00f3d zdobi uroczy motyw kultowej postaci Kapibara!<\/p>\n<p><b>\u27a1\ufe0f<\/b>To doskona\u0142y wyb\u00f3r na prezent dla mi\u0142o\u015bnik\u00f3w s\u0142odkich akcesori\u00f3w! Sprawdzi si\u0119 na co dzie\u0144 i doda uroku ka\u017cdej stylizacji.<\/p>\n<h2>\u2728Cechy produktu\u2728<\/h2>\n<p><b>\u2705Materia\u0142:\u00a0<\/b>Wytrzyma\u0142y, lekki, P\u0142\u00f3tno<\/p>\n<p><b>\u2705Design:<\/b>\u00a0Czarna torebka z nadrukiem kultowej postaci Capibara<\/p>\n<p><b>\u2705Funkcjonalno\u015b\u0107:<\/b>\u00a03 komory zapinane na zamek, idealne na telefon lub inne niezb\u0119dne rzeczy.<\/p>\n<p><b>\u2705Wymiary:<\/b>\u00a0Doskona\u0142e do przechowywania telefonu, drobiazg\u00f3w i portfela. <strong>szeroko\u015b\u0107 15 cm * wysoko\u015b\u0107 19 cm * grubo\u015b\u0107 5 cm<\/strong><\/p>\n<p><b>\u2705Pasek na rami\u0119:<\/b>\u00a0Regulowany, aby dopasowa\u0107 d\u0142ugo\u015b\u0107 do Twoich potrzeb.<\/p>\n<p><b>\u2705Uniwersalno\u015b\u0107:<\/b>\u00a0Pasuje zar\u00f3wno do codziennych stylizacji, jak i jako uroczy dodatek na wyj\u015bcia.<\/p>\n","protected":false},"excerpt":{"rendered":"<p>\u2728Urocza czarna torebka na rami\u0119 z kapibar\u0105 pij\u0105c\u0105 bubble tea. Lekka, praktyczna i idealna na co dzie\u0144 lub jako prezent dla mi\u0142o\u015bnik\u00f3w stylu kawaii i kapibar.\u2728<\/p>\n","protected":false},"featured_media":6590,"comment_status":"open","ping_status":"closed","template":"","meta":{"_seopress_robots_primary_cat":"none","_seopress_titles_title":"Torebka Na Telefon Smartfon KAPIBARA Futera\u0142 Saszetka Na Rami\u0119","_seopress_titles_desc":"Urocza czarna torebka na rami\u0119 z kapibar\u0105 pij\u0105c\u0105 bubble tea. Lekka, praktyczna i idealna na co dzie\u0144 lub jako prezent dla mi\u0142o\u015bnik\u00f3w stylu kawaii i kapibar.","_seopress_robots_index":""},"product_brand":[],"product_cat":[77,79,463],"product_tag":[],"class_list":{"0":"post-6588","1":"product","2":"type-product","3":"status-publish","4":"has-post-thumbnail","6":"product_cat-nowosci","7":"product_cat-promocje","8":"product_cat-torebki","10":"first","11":"instock","12":"sale","13":"taxable","14":"shipping-taxable","15":"purchasable","16":"product-type-simple"},"yoast_head":"<!-- This site is optimized with the Yoast SEO plugin v27.4 - https:\/\/yoast.com\/product\/yoast-seo-wordpress\/ -->\n<title>Torebka z Kapibar\u0105 Kawaii \u2013 Czarna Torebka na Rami\u0119 z Motywem Bubble Tea<\/title>\n<meta name=\"description\" content=\"Urocza czarna torebka na rami\u0119 z kapibar\u0105 pij\u0105c\u0105 bubble tea. Lekka, praktyczna i idealna na co dzie\u0144 lub jako prezent dla mi\u0142o\u015bnik\u00f3w stylu kawaii i kapibar.\" \/>\n<meta name=\"robots\" content=\"index, follow, max-snippet:-1, max-image-preview:large, max-video-preview:-1\" \/>\n<link rel=\"canonical\" href=\"https:\/\/monpari.pl\/index.php\/produkt\/mini-torba-listonoszka-na-telefon-komorkowy-ramie-capybara-kapibara-kopia-2\/\" \/>\n<meta property=\"og:locale\" content=\"pl_PL\" \/>\n<meta property=\"og:type\" content=\"article\" \/>\n<meta property=\"og:title\" content=\"Torebka z Kapibar\u0105 Kawaii \u2013 Czarna Torebka na Rami\u0119 z Motywem Bubble Tea\" \/>\n<meta property=\"og:description\" content=\"Urocza czarna torebka na rami\u0119 z kapibar\u0105 pij\u0105c\u0105 bubble tea. Lekka, praktyczna i idealna na co dzie\u0144 lub jako prezent dla mi\u0142o\u015bnik\u00f3w stylu kawaii i kapibar.\" \/>\n<meta property=\"og:url\" content=\"https:\/\/monpari.pl\/index.php\/produkt\/mini-torba-listonoszka-na-telefon-komorkowy-ramie-capybara-kapibara-kopia-2\/\" \/>\n<meta property=\"og:site_name\" content=\"Monpari.pl\" \/>\n<meta property=\"article:modified_time\" content=\"2026-01-17T16:42:10+00:00\" \/>\n<meta property=\"og:image\" content=\"https:\/\/monpari.pl\/wp-content\/uploads\/2026\/01\/monpari-kapibara-torebka-na-ramie-1.webp\" \/>\n\t<meta property=\"og:image:width\" content=\"1200\" \/>\n\t<meta property=\"og:image:height\" content=\"1200\" \/>\n\t<meta property=\"og:image:type\" content=\"image\/webp\" \/>\n<meta name=\"twitter:card\" content=\"summary_large_image\" \/>\n<meta name=\"twitter:label1\" content=\"Szacowany czas czytania\" \/>\n\t<meta name=\"twitter:data1\" content=\"2 minuty\" \/>\n<script type=\"application\/ld+json\" class=\"yoast-schema-graph\">{\"@context\":\"https:\\\/\\\/schema.org\",\"@graph\":[{\"@type\":\"WebPage\",\"@id\":\"https:\\\/\\\/monpari.pl\\\/index.php\\\/produkt\\\/mini-torba-listonoszka-na-telefon-komorkowy-ramie-capybara-kapibara-kopia-2\\\/\",\"url\":\"https:\\\/\\\/monpari.pl\\\/index.php\\\/produkt\\\/mini-torba-listonoszka-na-telefon-komorkowy-ramie-capybara-kapibara-kopia-2\\\/\",\"name\":\"Torebka z Kapibar\u0105 Kawaii \u2013 Czarna Torebka na Rami\u0119 z Motywem Bubble Tea\",\"isPartOf\":{\"@id\":\"https:\\\/\\\/monpari.pl\\\/#website\"},\"primaryImageOfPage\":{\"@id\":\"https:\\\/\\\/monpari.pl\\\/index.php\\\/produkt\\\/mini-torba-listonoszka-na-telefon-komorkowy-ramie-capybara-kapibara-kopia-2\\\/#primaryimage\"},\"image\":{\"@id\":\"https:\\\/\\\/monpari.pl\\\/index.php\\\/produkt\\\/mini-torba-listonoszka-na-telefon-komorkowy-ramie-capybara-kapibara-kopia-2\\\/#primaryimage\"},\"thumbnailUrl\":\"https:\\\/\\\/monpari.pl\\\/wp-content\\\/uploads\\\/2026\\\/01\\\/monpari-kapibara-torebka-na-ramie-1.webp\",\"datePublished\":\"2026-01-17T16:33:18+00:00\",\"dateModified\":\"2026-01-17T16:42:10+00:00\",\"description\":\"Urocza czarna torebka na rami\u0119 z kapibar\u0105 pij\u0105c\u0105 bubble tea. Lekka, praktyczna i idealna na co dzie\u0144 lub jako prezent dla mi\u0142o\u015bnik\u00f3w stylu kawaii i kapibar.\",\"breadcrumb\":{\"@id\":\"https:\\\/\\\/monpari.pl\\\/index.php\\\/produkt\\\/mini-torba-listonoszka-na-telefon-komorkowy-ramie-capybara-kapibara-kopia-2\\\/#breadcrumb\"},\"inLanguage\":\"pl-PL\",\"potentialAction\":[{\"@type\":\"ReadAction\",\"target\":[\"https:\\\/\\\/monpari.pl\\\/index.php\\\/produkt\\\/mini-torba-listonoszka-na-telefon-komorkowy-ramie-capybara-kapibara-kopia-2\\\/\"]}]},{\"@type\":\"ImageObject\",\"inLanguage\":\"pl-PL\",\"@id\":\"https:\\\/\\\/monpari.pl\\\/index.php\\\/produkt\\\/mini-torba-listonoszka-na-telefon-komorkowy-ramie-capybara-kapibara-kopia-2\\\/#primaryimage\",\"url\":\"https:\\\/\\\/monpari.pl\\\/wp-content\\\/uploads\\\/2026\\\/01\\\/monpari-kapibara-torebka-na-ramie-1.webp\",\"contentUrl\":\"https:\\\/\\\/monpari.pl\\\/wp-content\\\/uploads\\\/2026\\\/01\\\/monpari-kapibara-torebka-na-ramie-1.webp\",\"width\":1200,\"height\":1200,\"caption\":\"Czarna torebka na rami\u0119 z urocz\u0105 ilustracj\u0105 kapibary pij\u0105cej bubble tea oraz napisem Capybara\"},{\"@type\":\"BreadcrumbList\",\"@id\":\"https:\\\/\\\/monpari.pl\\\/index.php\\\/produkt\\\/mini-torba-listonoszka-na-telefon-komorkowy-ramie-capybara-kapibara-kopia-2\\\/#breadcrumb\",\"itemListElement\":[{\"@type\":\"ListItem\",\"position\":1,\"name\":\"Strona g\u0142\u00f3wna\",\"item\":\"https:\\\/\\\/monpari.pl\\\/\"},{\"@type\":\"ListItem\",\"position\":2,\"name\":\"Sklep\",\"item\":\"https:\\\/\\\/monpari.pl\\\/index.php\\\/sklep\\\/\"},{\"@type\":\"ListItem\",\"position\":3,\"name\":\"Mini torba listonoszka, na telefon kom\u00f3rkowy, rami\u0119 Capybara Kapibara\"}]},{\"@type\":\"WebSite\",\"@id\":\"https:\\\/\\\/monpari.pl\\\/#website\",\"url\":\"https:\\\/\\\/monpari.pl\\\/\",\"name\":\"monpari.pl\",\"description\":\"Klipsy, kolczyki, bi\u017cuteria dla dzieci, artyku\u0142y z postaciami popularnych bajek, prezenty\",\"publisher\":{\"@id\":\"https:\\\/\\\/monpari.pl\\\/#organization\"},\"potentialAction\":[{\"@type\":\"SearchAction\",\"target\":{\"@type\":\"EntryPoint\",\"urlTemplate\":\"https:\\\/\\\/monpari.pl\\\/?s={search_term_string}\"},\"query-input\":{\"@type\":\"PropertyValueSpecification\",\"valueRequired\":true,\"valueName\":\"search_term_string\"}}],\"inLanguage\":\"pl-PL\"},{\"@type\":\"Organization\",\"@id\":\"https:\\\/\\\/monpari.pl\\\/#organization\",\"name\":\"monpari.pl\",\"url\":\"https:\\\/\\\/monpari.pl\\\/\",\"logo\":{\"@type\":\"ImageObject\",\"inLanguage\":\"pl-PL\",\"@id\":\"https:\\\/\\\/monpari.pl\\\/#\\\/schema\\\/logo\\\/image\\\/\",\"url\":\"https:\\\/\\\/monpari.pl\\\/wp-content\\\/uploads\\\/2023\\\/09\\\/MONPARI.png\",\"contentUrl\":\"https:\\\/\\\/monpari.pl\\\/wp-content\\\/uploads\\\/2023\\\/09\\\/MONPARI.png\",\"width\":660,\"height\":378,\"caption\":\"monpari.pl\"},\"image\":{\"@id\":\"https:\\\/\\\/monpari.pl\\\/#\\\/schema\\\/logo\\\/image\\\/\"}}]}<\/script>\n<!-- \/ Yoast SEO plugin. -->","yoast_head_json":{"title":"Torebka z Kapibar\u0105 Kawaii \u2013 Czarna Torebka na Rami\u0119 z Motywem Bubble Tea","description":"Urocza czarna torebka na rami\u0119 z kapibar\u0105 pij\u0105c\u0105 bubble tea. Lekka, praktyczna i idealna na co dzie\u0144 lub jako prezent dla mi\u0142o\u015bnik\u00f3w stylu kawaii i kapibar.","robots":{"index":"index","follow":"follow","max-snippet":"max-snippet:-1","max-image-preview":"max-image-preview:large","max-video-preview":"max-video-preview:-1"},"canonical":"https:\/\/monpari.pl\/index.php\/produkt\/mini-torba-listonoszka-na-telefon-komorkowy-ramie-capybara-kapibara-kopia-2\/","og_locale":"pl_PL","og_type":"article","og_title":"Torebka z Kapibar\u0105 Kawaii \u2013 Czarna Torebka na Rami\u0119 z Motywem Bubble Tea","og_description":"Urocza czarna torebka na rami\u0119 z kapibar\u0105 pij\u0105c\u0105 bubble tea. Lekka, praktyczna i idealna na co dzie\u0144 lub jako prezent dla mi\u0142o\u015bnik\u00f3w stylu kawaii i kapibar.","og_url":"https:\/\/monpari.pl\/index.php\/produkt\/mini-torba-listonoszka-na-telefon-komorkowy-ramie-capybara-kapibara-kopia-2\/","og_site_name":"Monpari.pl","article_modified_time":"2026-01-17T16:42:10+00:00","og_image":[{"width":1200,"height":1200,"url":"https:\/\/monpari.pl\/wp-content\/uploads\/2026\/01\/monpari-kapibara-torebka-na-ramie-1.webp","type":"image\/webp"}],"twitter_card":"summary_large_image","twitter_misc":{"Szacowany czas czytania":"2 minuty"},"schema":{"@context":"https:\/\/schema.org","@graph":[{"@type":"WebPage","@id":"https:\/\/monpari.pl\/index.php\/produkt\/mini-torba-listonoszka-na-telefon-komorkowy-ramie-capybara-kapibara-kopia-2\/","url":"https:\/\/monpari.pl\/index.php\/produkt\/mini-torba-listonoszka-na-telefon-komorkowy-ramie-capybara-kapibara-kopia-2\/","name":"Torebka z Kapibar\u0105 Kawaii \u2013 Czarna Torebka na Rami\u0119 z Motywem Bubble Tea","isPartOf":{"@id":"https:\/\/monpari.pl\/#website"},"primaryImageOfPage":{"@id":"https:\/\/monpari.pl\/index.php\/produkt\/mini-torba-listonoszka-na-telefon-komorkowy-ramie-capybara-kapibara-kopia-2\/#primaryimage"},"image":{"@id":"https:\/\/monpari.pl\/index.php\/produkt\/mini-torba-listonoszka-na-telefon-komorkowy-ramie-capybara-kapibara-kopia-2\/#primaryimage"},"thumbnailUrl":"https:\/\/monpari.pl\/wp-content\/uploads\/2026\/01\/monpari-kapibara-torebka-na-ramie-1.webp","datePublished":"2026-01-17T16:33:18+00:00","dateModified":"2026-01-17T16:42:10+00:00","description":"Urocza czarna torebka na rami\u0119 z kapibar\u0105 pij\u0105c\u0105 bubble tea. Lekka, praktyczna i idealna na co dzie\u0144 lub jako prezent dla mi\u0142o\u015bnik\u00f3w stylu kawaii i kapibar.","breadcrumb":{"@id":"https:\/\/monpari.pl\/index.php\/produkt\/mini-torba-listonoszka-na-telefon-komorkowy-ramie-capybara-kapibara-kopia-2\/#breadcrumb"},"inLanguage":"pl-PL","potentialAction":[{"@type":"ReadAction","target":["https:\/\/monpari.pl\/index.php\/produkt\/mini-torba-listonoszka-na-telefon-komorkowy-ramie-capybara-kapibara-kopia-2\/"]}]},{"@type":"ImageObject","inLanguage":"pl-PL","@id":"https:\/\/monpari.pl\/index.php\/produkt\/mini-torba-listonoszka-na-telefon-komorkowy-ramie-capybara-kapibara-kopia-2\/#primaryimage","url":"https:\/\/monpari.pl\/wp-content\/uploads\/2026\/01\/monpari-kapibara-torebka-na-ramie-1.webp","contentUrl":"https:\/\/monpari.pl\/wp-content\/uploads\/2026\/01\/monpari-kapibara-torebka-na-ramie-1.webp","width":1200,"height":1200,"caption":"Czarna torebka na rami\u0119 z urocz\u0105 ilustracj\u0105 kapibary pij\u0105cej bubble tea oraz napisem Capybara"},{"@type":"BreadcrumbList","@id":"https:\/\/monpari.pl\/index.php\/produkt\/mini-torba-listonoszka-na-telefon-komorkowy-ramie-capybara-kapibara-kopia-2\/#breadcrumb","itemListElement":[{"@type":"ListItem","position":1,"name":"Strona g\u0142\u00f3wna","item":"https:\/\/monpari.pl\/"},{"@type":"ListItem","position":2,"name":"Sklep","item":"https:\/\/monpari.pl\/index.php\/sklep\/"},{"@type":"ListItem","position":3,"name":"Mini torba listonoszka, na telefon kom\u00f3rkowy, rami\u0119 Capybara Kapibara"}]},{"@type":"WebSite","@id":"https:\/\/monpari.pl\/#website","url":"https:\/\/monpari.pl\/","name":"monpari.pl","description":"Klipsy, kolczyki, bi\u017cuteria dla dzieci, artyku\u0142y z postaciami popularnych bajek, prezenty","publisher":{"@id":"https:\/\/monpari.pl\/#organization"},"potentialAction":[{"@type":"SearchAction","target":{"@type":"EntryPoint","urlTemplate":"https:\/\/monpari.pl\/?s={search_term_string}"},"query-input":{"@type":"PropertyValueSpecification","valueRequired":true,"valueName":"search_term_string"}}],"inLanguage":"pl-PL"},{"@type":"Organization","@id":"https:\/\/monpari.pl\/#organization","name":"monpari.pl","url":"https:\/\/monpari.pl\/","logo":{"@type":"ImageObject","inLanguage":"pl-PL","@id":"https:\/\/monpari.pl\/#\/schema\/logo\/image\/","url":"https:\/\/monpari.pl\/wp-content\/uploads\/2023\/09\/MONPARI.png","contentUrl":"https:\/\/monpari.pl\/wp-content\/uploads\/2023\/09\/MONPARI.png","width":660,"height":378,"caption":"monpari.pl"},"image":{"@id":"https:\/\/monpari.pl\/#\/schema\/logo\/image\/"}}]}},"_links":{"self":[{"href":"https:\/\/monpari.pl\/index.php\/wp-json\/wp\/v2\/product\/6588","targetHints":{"allow":["GET"]}}],"collection":[{"href":"https:\/\/monpari.pl\/index.php\/wp-json\/wp\/v2\/product"}],"about":[{"href":"https:\/\/monpari.pl\/index.php\/wp-json\/wp\/v2\/types\/product"}],"replies":[{"embeddable":true,"href":"https:\/\/monpari.pl\/index.php\/wp-json\/wp\/v2\/comments?post=6588"}],"version-history":[{"count":1,"href":"https:\/\/monpari.pl\/index.php\/wp-json\/wp\/v2\/product\/6588\/revisions"}],"predecessor-version":[{"id":6591,"href":"https:\/\/monpari.pl\/index.php\/wp-json\/wp\/v2\/product\/6588\/revisions\/6591"}],"wp:featuredmedia":[{"embeddable":true,"href":"https:\/\/monpari.pl\/index.php\/wp-json\/wp\/v2\/media\/6590"}],"wp:attachment":[{"href":"https:\/\/monpari.pl\/index.php\/wp-json\/wp\/v2\/media?parent=6588"}],"wp:term":[{"taxonomy":"product_brand","embeddable":true,"href":"https:\/\/monpari.pl\/index.php\/wp-json\/wp\/v2\/product_brand?post=6588"},{"taxonomy":"product_cat","embeddable":true,"href":"https:\/\/monpari.pl\/index.php\/wp-json\/wp\/v2\/product_cat?post=6588"},{"taxonomy":"product_tag","embeddable":true,"href":"https:\/\/monpari.pl\/index.php\/wp-json\/wp\/v2\/product_tag?post=6588"}],"curies":[{"name":"wp","href":"https:\/\/api.w.org\/{rel}","templated":true}]}}