{"id":6668,"date":"2026-02-24T16:12:06","date_gmt":"2026-02-24T16:12:06","guid":{"rendered":"https:\/\/monpari.pl\/?post_type=product&#038;p=6668"},"modified":"2026-02-24T16:18:27","modified_gmt":"2026-02-24T16:18:27","slug":"kolczyki-klipsy-dla-dziewczynki-rozowe-stokrotki-z-bialym-srodkiem-prezent","status":"publish","type":"product","link":"https:\/\/monpari.pl\/index.php\/produkt\/kolczyki-klipsy-dla-dziewczynki-rozowe-stokrotki-z-bialym-srodkiem-prezent\/","title":{"rendered":"Kolczyki Klipsy dla Dziewczynki R\u00f3\u017cowe stokrotki z bia\u0142ym \u015brodkiem Prezent"},"content":{"rendered":"<h1 data-start=\"136\" data-end=\"185\">\ud83c\udf38 Klipsy dla dziewczynki \u2013 Stokrotki \u2728<\/h1>\n<p data-start=\"186\" data-end=\"231\"><strong data-start=\"186\" data-end=\"231\">Kolczyki bez przek\u0142uwania uszu<\/strong><\/p>\n<p data-start=\"233\" data-end=\"372\">Szukasz wyj\u0105tkowej ozdoby dla ma\u0142ej ksi\u0119\u017cniczki?<br data-start=\"281\" data-end=\"284\" \/>Te urocze klipsy w kszta\u0142cie stokrotek to idealny dodatek, kt\u00f3ry zachwyci ka\u017cd\u0105 dziewczynk\u0119 \ud83d\udc95<\/p>\n<hr data-start=\"494\" data-end=\"497\" \/>\n<h2 data-start=\"499\" data-end=\"540\">\ud83d\udc97 Dlaczego dziewczynki je uwielbiaj\u0105?<\/h2>\n<p data-start=\"542\" data-end=\"679\">\u2714 Wygl\u0105daj\u0105 jak prawdziwe, stokrotki<br data-start=\"618\" data-end=\"621\" \/>\u2714 S\u0105 lekkie i wygodne<br data-start=\"642\" data-end=\"645\" \/>\u2714 Nie wymagaj\u0105 przek\u0142uwania uszu<\/p>\n<p data-start=\"681\" data-end=\"724\">To idealne pierwsze \u201ekolczyki\u201d dla dziecka.<\/p>\n<h4><strong>\u2705Od 3 lat (ze wzgl\u0119du na ma\u0142e elementy)<\/strong><\/h4>\n<hr data-start=\"726\" data-end=\"729\" \/>\n<h2 data-start=\"807\" data-end=\"837\">\ud83c\udf1f Komfort i bezpiecze\u0144stwo<\/h2>\n<p data-start=\"839\" data-end=\"906\">Klipsy zosta\u0142y zaprojektowane z my\u015bl\u0105 o delikatnych uszach dziecka:<\/p>\n<p data-start=\"908\" data-end=\"1090\">\u2714 wygodne zapi\u0119cie klipsowe<br data-start=\"935\" data-end=\"938\" \/>\u2714 dobrze trzymaj\u0105 si\u0119 ucha<br data-start=\"964\" data-end=\"967\" \/>\u2714 w zestawie <strong data-start=\"980\" data-end=\"1026\">mi\u0119kkie gumeczki antyuciskowe (antyb\u00f3lowe)<\/strong> \u2013 zwi\u0119kszaj\u0105 komfort noszenia<br data-start=\"1056\" data-end=\"1059\" \/>\u2714 lekkie \u2013 nie obci\u0105\u017caj\u0105 uszu<\/p>\n<p data-start=\"1092\" data-end=\"1158\">Dzi\u0119ki gumeczkom dziecko mo\u017ce nosi\u0107 klipsy d\u0142u\u017cej bez dyskomfortu.<\/p>\n<p data-start=\"937\" data-end=\"1063\">Dzi\u0119ki temu \u015bwietnie sprawdz\u0105 si\u0119 na:<br \/>\n\ud83c\udf80 urodziny<br data-start=\"986\" data-end=\"989\" \/>\ud83c\udf80 przyj\u0119cia<br data-start=\"1001\" data-end=\"1004\" \/>\ud83c\udf80 wesele<br data-start=\"1013\" data-end=\"1016\" \/>\ud83c\udf80 sesje zdj\u0119ciowe<br data-start=\"1034\" data-end=\"1037\" \/>\ud83c\udf80 bale i przedstawienia<\/p>\n<hr data-start=\"1065\" data-end=\"1068\" \/>\n<h2 data-start=\"1070\" data-end=\"1094\">\ud83c\udf81 Idealne na prezent<\/h2>\n<p data-start=\"1096\" data-end=\"1166\">Klipsy prezentuj\u0105 si\u0119 wyj\u0105tkowo elegancko i s\u0105 doskona\u0142ym pomys\u0142em na:<\/p>\n<ul data-start=\"1167\" data-end=\"1244\">\n<li data-start=\"1167\" data-end=\"1189\">\n<p data-start=\"1169\" data-end=\"1189\">prezent urodzinowy<\/p>\n<\/li>\n<li data-start=\"1190\" data-end=\"1213\">\n<p data-start=\"1192\" data-end=\"1213\">upominek \u015bwi\u0105teczny<\/p>\n<\/li>\n<li data-start=\"1214\" data-end=\"1244\">\n<p data-start=\"1216\" data-end=\"1244\">niespodziank\u0119 \u201ebez okazji\u201d<\/p>\n<\/li>\n<\/ul>\n<p><strong>W komplecie otrzymujesz:<\/strong><\/p>\n<p>\ud83c\udf80 Eleganckie pude\u0142ko prezentowe<\/p>\n<p data-start=\"1337\" data-end=\"1418\">Nie musisz dokupowa\u0107 opakowania \u2013 zestaw jest gotowy do wr\u0119czenia jako prezent \ud83d\udc95<\/p>\n<hr data-start=\"1296\" data-end=\"1299\" \/>\n<h2 data-start=\"1301\" data-end=\"1328\">\ud83d\udccf Specyfikacja produktu<\/h2>\n<ul data-start=\"1330\" data-end=\"1465\">\n<li data-start=\"1330\" data-end=\"1345\">\n<p data-start=\"1332\" data-end=\"1345\">Motyw: stokrotki<\/p>\n<\/li>\n<li data-start=\"1346\" data-end=\"1392\">\n<p data-start=\"1348\" data-end=\"1392\">Kolor: r\u00f3\u017cowy z bia\u0142ym \u015brodkiem<\/p>\n<\/li>\n<li data-start=\"1393\" data-end=\"1430\">\n<p data-start=\"1395\" data-end=\"1430\">Rodzaj: klipsy (bez przek\u0142uwania)<\/p>\n<\/li>\n<li data-start=\"1431\" data-end=\"1465\">\n<p data-start=\"1433\" data-end=\"1465\">Przeznaczenie: dla dziewczynek<\/p>\n<\/li>\n<\/ul>\n<hr data-start=\"1467\" data-end=\"1470\" \/>\n<h2 data-start=\"1472\" data-end=\"1504\">\ud83d\udc95 Ma\u0142y detal \u2013 wielka rado\u015b\u0107<\/h2>\n<p data-start=\"1506\" data-end=\"1634\">Te klipsy to co\u015b wi\u0119cej ni\u017c bi\u017cuteria.<br data-start=\"1544\" data-end=\"1547\" \/>To u\u015bmiech dziecka, poczucie wyj\u0105tkowo\u015bci i chwile, kt\u00f3re zostaj\u0105 na zdj\u0119ciach na lata.<\/p>\n<p data-start=\"1636\" data-end=\"1690\">Dodaj do koszyka i spraw rado\u015b\u0107 swojej ma\u0142ej damie \ud83c\udf38\u2728<\/p>\n","protected":false},"excerpt":{"rendered":"<p>Klipsy dla dziewczynki bez przek\u0142uwania w kszta\u0142cie stokrotek. W zestawie pude\u0142ko prezentowe i gumeczki zwi\u0119kszaj\u0105ce komfort noszenia.<\/p>\n","protected":false},"featured_media":6672,"comment_status":"open","ping_status":"closed","template":"","meta":{"_seopress_robots_primary_cat":"none","_seopress_titles_title":"","_seopress_titles_desc":"","_seopress_robots_index":""},"product_brand":[],"product_cat":[459,154],"product_tag":[],"class_list":{"0":"post-6668","1":"product","2":"type-product","3":"status-publish","4":"has-post-thumbnail","6":"product_cat-bizuteria-dziecieca","7":"product_cat-klipsy-do-uszu","9":"first","10":"instock","11":"taxable","12":"shipping-taxable","13":"purchasable","14":"product-type-simple"},"yoast_head":"<!-- This site is optimized with the Yoast SEO plugin v27.4 - https:\/\/yoast.com\/product\/yoast-seo-wordpress\/ -->\n<title>Klipsy dla dziewczynki bez przek\u0142uwania \u2013 r\u00f3\u017cowe stokrotki<\/title>\n<meta name=\"description\" content=\"Klipsy dla dziewczynki bez przek\u0142uwania w kszta\u0142cie stokrotek. W zestawie pude\u0142ko prezentowe i gumeczki komfortowe. Idealne na prezent.\" \/>\n<meta name=\"robots\" content=\"index, follow, max-snippet:-1, max-image-preview:large, max-video-preview:-1\" \/>\n<link rel=\"canonical\" href=\"https:\/\/monpari.pl\/index.php\/produkt\/kolczyki-klipsy-dla-dziewczynki-rozowe-stokrotki-z-bialym-srodkiem-prezent\/\" \/>\n<meta property=\"og:locale\" content=\"pl_PL\" \/>\n<meta property=\"og:type\" content=\"article\" \/>\n<meta property=\"og:title\" content=\"Klipsy dla dziewczynki bez przek\u0142uwania \u2013 r\u00f3\u017cowe stokrotki\" \/>\n<meta property=\"og:description\" content=\"Klipsy dla dziewczynki bez przek\u0142uwania w kszta\u0142cie stokrotek. W zestawie pude\u0142ko prezentowe i gumeczki komfortowe. Idealne na prezent.\" \/>\n<meta property=\"og:url\" content=\"https:\/\/monpari.pl\/index.php\/produkt\/kolczyki-klipsy-dla-dziewczynki-rozowe-stokrotki-z-bialym-srodkiem-prezent\/\" \/>\n<meta property=\"og:site_name\" content=\"Monpari.pl\" \/>\n<meta property=\"article:modified_time\" content=\"2026-02-24T16:18:27+00:00\" \/>\n<meta property=\"og:image\" content=\"https:\/\/monpari.pl\/wp-content\/uploads\/2026\/02\/monpari-kwiatuszki-klipsy-na-uszy-rozowe-1.webp\" \/>\n\t<meta property=\"og:image:width\" content=\"1024\" \/>\n\t<meta property=\"og:image:height\" content=\"1024\" \/>\n\t<meta property=\"og:image:type\" content=\"image\/webp\" \/>\n<meta name=\"twitter:card\" content=\"summary_large_image\" \/>\n<meta name=\"twitter:label1\" content=\"Szacowany czas czytania\" \/>\n\t<meta name=\"twitter:data1\" content=\"2 minuty\" \/>\n<script type=\"application\/ld+json\" class=\"yoast-schema-graph\">{\"@context\":\"https:\\\/\\\/schema.org\",\"@graph\":[{\"@type\":\"WebPage\",\"@id\":\"https:\\\/\\\/monpari.pl\\\/index.php\\\/produkt\\\/kolczyki-klipsy-dla-dziewczynki-rozowe-stokrotki-z-bialym-srodkiem-prezent\\\/\",\"url\":\"https:\\\/\\\/monpari.pl\\\/index.php\\\/produkt\\\/kolczyki-klipsy-dla-dziewczynki-rozowe-stokrotki-z-bialym-srodkiem-prezent\\\/\",\"name\":\"Klipsy dla dziewczynki bez przek\u0142uwania \u2013 r\u00f3\u017cowe stokrotki\",\"isPartOf\":{\"@id\":\"https:\\\/\\\/monpari.pl\\\/#website\"},\"primaryImageOfPage\":{\"@id\":\"https:\\\/\\\/monpari.pl\\\/index.php\\\/produkt\\\/kolczyki-klipsy-dla-dziewczynki-rozowe-stokrotki-z-bialym-srodkiem-prezent\\\/#primaryimage\"},\"image\":{\"@id\":\"https:\\\/\\\/monpari.pl\\\/index.php\\\/produkt\\\/kolczyki-klipsy-dla-dziewczynki-rozowe-stokrotki-z-bialym-srodkiem-prezent\\\/#primaryimage\"},\"thumbnailUrl\":\"https:\\\/\\\/monpari.pl\\\/wp-content\\\/uploads\\\/2026\\\/02\\\/monpari-kwiatuszki-klipsy-na-uszy-rozowe-1.webp\",\"datePublished\":\"2026-02-24T16:12:06+00:00\",\"dateModified\":\"2026-02-24T16:18:27+00:00\",\"description\":\"Klipsy dla dziewczynki bez przek\u0142uwania w kszta\u0142cie stokrotek. W zestawie pude\u0142ko prezentowe i gumeczki komfortowe. Idealne na prezent.\",\"breadcrumb\":{\"@id\":\"https:\\\/\\\/monpari.pl\\\/index.php\\\/produkt\\\/kolczyki-klipsy-dla-dziewczynki-rozowe-stokrotki-z-bialym-srodkiem-prezent\\\/#breadcrumb\"},\"inLanguage\":\"pl-PL\",\"potentialAction\":[{\"@type\":\"ReadAction\",\"target\":[\"https:\\\/\\\/monpari.pl\\\/index.php\\\/produkt\\\/kolczyki-klipsy-dla-dziewczynki-rozowe-stokrotki-z-bialym-srodkiem-prezent\\\/\"]}]},{\"@type\":\"ImageObject\",\"inLanguage\":\"pl-PL\",\"@id\":\"https:\\\/\\\/monpari.pl\\\/index.php\\\/produkt\\\/kolczyki-klipsy-dla-dziewczynki-rozowe-stokrotki-z-bialym-srodkiem-prezent\\\/#primaryimage\",\"url\":\"https:\\\/\\\/monpari.pl\\\/wp-content\\\/uploads\\\/2026\\\/02\\\/monpari-kwiatuszki-klipsy-na-uszy-rozowe-1.webp\",\"contentUrl\":\"https:\\\/\\\/monpari.pl\\\/wp-content\\\/uploads\\\/2026\\\/02\\\/monpari-kwiatuszki-klipsy-na-uszy-rozowe-1.webp\",\"width\":1024,\"height\":1024,\"caption\":\"r\u00f3\u017cowe klipsy do uszu dla dzieci w kszta\u0142cie stokrotki\"},{\"@type\":\"BreadcrumbList\",\"@id\":\"https:\\\/\\\/monpari.pl\\\/index.php\\\/produkt\\\/kolczyki-klipsy-dla-dziewczynki-rozowe-stokrotki-z-bialym-srodkiem-prezent\\\/#breadcrumb\",\"itemListElement\":[{\"@type\":\"ListItem\",\"position\":1,\"name\":\"Strona g\u0142\u00f3wna\",\"item\":\"https:\\\/\\\/monpari.pl\\\/\"},{\"@type\":\"ListItem\",\"position\":2,\"name\":\"Sklep\",\"item\":\"https:\\\/\\\/monpari.pl\\\/index.php\\\/sklep\\\/\"},{\"@type\":\"ListItem\",\"position\":3,\"name\":\"Kolczyki Klipsy dla Dziewczynki R\u00f3\u017cowe stokrotki z bia\u0142ym \u015brodkiem Prezent\"}]},{\"@type\":\"WebSite\",\"@id\":\"https:\\\/\\\/monpari.pl\\\/#website\",\"url\":\"https:\\\/\\\/monpari.pl\\\/\",\"name\":\"monpari.pl\",\"description\":\"Klipsy, kolczyki, bi\u017cuteria dla dzieci, artyku\u0142y z postaciami popularnych bajek, prezenty\",\"publisher\":{\"@id\":\"https:\\\/\\\/monpari.pl\\\/#organization\"},\"potentialAction\":[{\"@type\":\"SearchAction\",\"target\":{\"@type\":\"EntryPoint\",\"urlTemplate\":\"https:\\\/\\\/monpari.pl\\\/?s={search_term_string}\"},\"query-input\":{\"@type\":\"PropertyValueSpecification\",\"valueRequired\":true,\"valueName\":\"search_term_string\"}}],\"inLanguage\":\"pl-PL\"},{\"@type\":\"Organization\",\"@id\":\"https:\\\/\\\/monpari.pl\\\/#organization\",\"name\":\"monpari.pl\",\"url\":\"https:\\\/\\\/monpari.pl\\\/\",\"logo\":{\"@type\":\"ImageObject\",\"inLanguage\":\"pl-PL\",\"@id\":\"https:\\\/\\\/monpari.pl\\\/#\\\/schema\\\/logo\\\/image\\\/\",\"url\":\"https:\\\/\\\/monpari.pl\\\/wp-content\\\/uploads\\\/2023\\\/09\\\/MONPARI.png\",\"contentUrl\":\"https:\\\/\\\/monpari.pl\\\/wp-content\\\/uploads\\\/2023\\\/09\\\/MONPARI.png\",\"width\":660,\"height\":378,\"caption\":\"monpari.pl\"},\"image\":{\"@id\":\"https:\\\/\\\/monpari.pl\\\/#\\\/schema\\\/logo\\\/image\\\/\"}}]}<\/script>\n<!-- \/ Yoast SEO plugin. -->","yoast_head_json":{"title":"Klipsy dla dziewczynki bez przek\u0142uwania \u2013 r\u00f3\u017cowe stokrotki","description":"Klipsy dla dziewczynki bez przek\u0142uwania w kszta\u0142cie stokrotek. W zestawie pude\u0142ko prezentowe i gumeczki komfortowe. Idealne na prezent.","robots":{"index":"index","follow":"follow","max-snippet":"max-snippet:-1","max-image-preview":"max-image-preview:large","max-video-preview":"max-video-preview:-1"},"canonical":"https:\/\/monpari.pl\/index.php\/produkt\/kolczyki-klipsy-dla-dziewczynki-rozowe-stokrotki-z-bialym-srodkiem-prezent\/","og_locale":"pl_PL","og_type":"article","og_title":"Klipsy dla dziewczynki bez przek\u0142uwania \u2013 r\u00f3\u017cowe stokrotki","og_description":"Klipsy dla dziewczynki bez przek\u0142uwania w kszta\u0142cie stokrotek. W zestawie pude\u0142ko prezentowe i gumeczki komfortowe. Idealne na prezent.","og_url":"https:\/\/monpari.pl\/index.php\/produkt\/kolczyki-klipsy-dla-dziewczynki-rozowe-stokrotki-z-bialym-srodkiem-prezent\/","og_site_name":"Monpari.pl","article_modified_time":"2026-02-24T16:18:27+00:00","og_image":[{"width":1024,"height":1024,"url":"https:\/\/monpari.pl\/wp-content\/uploads\/2026\/02\/monpari-kwiatuszki-klipsy-na-uszy-rozowe-1.webp","type":"image\/webp"}],"twitter_card":"summary_large_image","twitter_misc":{"Szacowany czas czytania":"2 minuty"},"schema":{"@context":"https:\/\/schema.org","@graph":[{"@type":"WebPage","@id":"https:\/\/monpari.pl\/index.php\/produkt\/kolczyki-klipsy-dla-dziewczynki-rozowe-stokrotki-z-bialym-srodkiem-prezent\/","url":"https:\/\/monpari.pl\/index.php\/produkt\/kolczyki-klipsy-dla-dziewczynki-rozowe-stokrotki-z-bialym-srodkiem-prezent\/","name":"Klipsy dla dziewczynki bez przek\u0142uwania \u2013 r\u00f3\u017cowe stokrotki","isPartOf":{"@id":"https:\/\/monpari.pl\/#website"},"primaryImageOfPage":{"@id":"https:\/\/monpari.pl\/index.php\/produkt\/kolczyki-klipsy-dla-dziewczynki-rozowe-stokrotki-z-bialym-srodkiem-prezent\/#primaryimage"},"image":{"@id":"https:\/\/monpari.pl\/index.php\/produkt\/kolczyki-klipsy-dla-dziewczynki-rozowe-stokrotki-z-bialym-srodkiem-prezent\/#primaryimage"},"thumbnailUrl":"https:\/\/monpari.pl\/wp-content\/uploads\/2026\/02\/monpari-kwiatuszki-klipsy-na-uszy-rozowe-1.webp","datePublished":"2026-02-24T16:12:06+00:00","dateModified":"2026-02-24T16:18:27+00:00","description":"Klipsy dla dziewczynki bez przek\u0142uwania w kszta\u0142cie stokrotek. W zestawie pude\u0142ko prezentowe i gumeczki komfortowe. Idealne na prezent.","breadcrumb":{"@id":"https:\/\/monpari.pl\/index.php\/produkt\/kolczyki-klipsy-dla-dziewczynki-rozowe-stokrotki-z-bialym-srodkiem-prezent\/#breadcrumb"},"inLanguage":"pl-PL","potentialAction":[{"@type":"ReadAction","target":["https:\/\/monpari.pl\/index.php\/produkt\/kolczyki-klipsy-dla-dziewczynki-rozowe-stokrotki-z-bialym-srodkiem-prezent\/"]}]},{"@type":"ImageObject","inLanguage":"pl-PL","@id":"https:\/\/monpari.pl\/index.php\/produkt\/kolczyki-klipsy-dla-dziewczynki-rozowe-stokrotki-z-bialym-srodkiem-prezent\/#primaryimage","url":"https:\/\/monpari.pl\/wp-content\/uploads\/2026\/02\/monpari-kwiatuszki-klipsy-na-uszy-rozowe-1.webp","contentUrl":"https:\/\/monpari.pl\/wp-content\/uploads\/2026\/02\/monpari-kwiatuszki-klipsy-na-uszy-rozowe-1.webp","width":1024,"height":1024,"caption":"r\u00f3\u017cowe klipsy do uszu dla dzieci w kszta\u0142cie stokrotki"},{"@type":"BreadcrumbList","@id":"https:\/\/monpari.pl\/index.php\/produkt\/kolczyki-klipsy-dla-dziewczynki-rozowe-stokrotki-z-bialym-srodkiem-prezent\/#breadcrumb","itemListElement":[{"@type":"ListItem","position":1,"name":"Strona g\u0142\u00f3wna","item":"https:\/\/monpari.pl\/"},{"@type":"ListItem","position":2,"name":"Sklep","item":"https:\/\/monpari.pl\/index.php\/sklep\/"},{"@type":"ListItem","position":3,"name":"Kolczyki Klipsy dla Dziewczynki R\u00f3\u017cowe stokrotki z bia\u0142ym \u015brodkiem Prezent"}]},{"@type":"WebSite","@id":"https:\/\/monpari.pl\/#website","url":"https:\/\/monpari.pl\/","name":"monpari.pl","description":"Klipsy, kolczyki, bi\u017cuteria dla dzieci, artyku\u0142y z postaciami popularnych bajek, prezenty","publisher":{"@id":"https:\/\/monpari.pl\/#organization"},"potentialAction":[{"@type":"SearchAction","target":{"@type":"EntryPoint","urlTemplate":"https:\/\/monpari.pl\/?s={search_term_string}"},"query-input":{"@type":"PropertyValueSpecification","valueRequired":true,"valueName":"search_term_string"}}],"inLanguage":"pl-PL"},{"@type":"Organization","@id":"https:\/\/monpari.pl\/#organization","name":"monpari.pl","url":"https:\/\/monpari.pl\/","logo":{"@type":"ImageObject","inLanguage":"pl-PL","@id":"https:\/\/monpari.pl\/#\/schema\/logo\/image\/","url":"https:\/\/monpari.pl\/wp-content\/uploads\/2023\/09\/MONPARI.png","contentUrl":"https:\/\/monpari.pl\/wp-content\/uploads\/2023\/09\/MONPARI.png","width":660,"height":378,"caption":"monpari.pl"},"image":{"@id":"https:\/\/monpari.pl\/#\/schema\/logo\/image\/"}}]}},"_links":{"self":[{"href":"https:\/\/monpari.pl\/index.php\/wp-json\/wp\/v2\/product\/6668","targetHints":{"allow":["GET"]}}],"collection":[{"href":"https:\/\/monpari.pl\/index.php\/wp-json\/wp\/v2\/product"}],"about":[{"href":"https:\/\/monpari.pl\/index.php\/wp-json\/wp\/v2\/types\/product"}],"replies":[{"embeddable":true,"href":"https:\/\/monpari.pl\/index.php\/wp-json\/wp\/v2\/comments?post=6668"}],"version-history":[{"count":1,"href":"https:\/\/monpari.pl\/index.php\/wp-json\/wp\/v2\/product\/6668\/revisions"}],"predecessor-version":[{"id":6674,"href":"https:\/\/monpari.pl\/index.php\/wp-json\/wp\/v2\/product\/6668\/revisions\/6674"}],"wp:featuredmedia":[{"embeddable":true,"href":"https:\/\/monpari.pl\/index.php\/wp-json\/wp\/v2\/media\/6672"}],"wp:attachment":[{"href":"https:\/\/monpari.pl\/index.php\/wp-json\/wp\/v2\/media?parent=6668"}],"wp:term":[{"taxonomy":"product_brand","embeddable":true,"href":"https:\/\/monpari.pl\/index.php\/wp-json\/wp\/v2\/product_brand?post=6668"},{"taxonomy":"product_cat","embeddable":true,"href":"https:\/\/monpari.pl\/index.php\/wp-json\/wp\/v2\/product_cat?post=6668"},{"taxonomy":"product_tag","embeddable":true,"href":"https:\/\/monpari.pl\/index.php\/wp-json\/wp\/v2\/product_tag?post=6668"}],"curies":[{"name":"wp","href":"https:\/\/api.w.org\/{rel}","templated":true}]}}