{"id":6723,"date":"2026-03-20T18:06:09","date_gmt":"2026-03-20T18:06:09","guid":{"rendered":"https:\/\/monpari.pl\/?post_type=product&#038;p=6723"},"modified":"2026-03-20T18:09:41","modified_gmt":"2026-03-20T18:09:41","slug":"kolczyki-klipsy-dla-dziewczynki-super-mario-bros-z-serduszkiem-brokatowe","status":"publish","type":"product","link":"https:\/\/monpari.pl\/index.php\/produkt\/kolczyki-klipsy-dla-dziewczynki-super-mario-bros-z-serduszkiem-brokatowe\/","title":{"rendered":"Kolczyki klipsy dla dziewczynki \u2013Super Mario Bros z serduszkiem, brokatowe"},"content":{"rendered":"<h3 data-start=\"290\" data-end=\"358\">\u2764\ufe0f Urocze kolczyki klipsy STITCH z brokatowym serduszkiem<\/h3>\n<p data-start=\"360\" data-end=\"530\">S\u0142odkie, dziewcz\u0119ce kolczyki klipsy z motywem Super Mario Bros<br data-start=\"441\" data-end=\"444\" \/>Idealne dla ma\u0142ej ksi\u0119\u017cniczki, kt\u00f3ra nie ma przek\u0142utych uszu \u2013 bez b\u00f3lu i bez dziurek!<\/p>\n<hr data-start=\"532\" data-end=\"535\" \/>\n<h3 data-start=\"537\" data-end=\"558\">\u2728 Dlaczego warto?<\/h3>\n<p data-start=\"560\" data-end=\"777\">\u2714 Klipsy \u2013 bez konieczno\u015bci przek\u0142uwania uszu<br data-start=\"605\" data-end=\"608\" \/>\u2714 Gumeczki antyuciskowe \u2013 wi\u0119kszy komfort noszenia<br data-start=\"658\" data-end=\"661\" \/>\u2714 Lekkie i wygodne \u2013 idealne dla dziecka<br data-start=\"701\" data-end=\"704\" \/>\u2714 Brokatowe serduszko + z\u0142ote wyko\u0144czenie<br data-start=\"745\" data-end=\"748\" \/>\u2714 \u015awietny pomys\u0142 na prezent<\/p>\n<h4 data-start=\"560\" data-end=\"777\"><strong>\u2705Dla dzieci od 3 lat ( ze wzgl\u0119du na ma\u0142e elementy)<\/strong><\/h4>\n<hr data-start=\"779\" data-end=\"782\" \/>\n<h3 data-start=\"784\" data-end=\"807\">\ud83c\udf80 Wyj\u0105tkowy design<\/h3>\n<p data-start=\"809\" data-end=\"833\">Kolczyki sk\u0142adaj\u0105 si\u0119 z:<\/p>\n<ul data-start=\"834\" data-end=\"986\">\n<li data-start=\"834\" data-end=\"876\">\n<p data-start=\"836\" data-end=\"876\">brokatowego serduszka w kolorze br\u0105zu<\/p>\n<\/li>\n<li data-start=\"877\" data-end=\"919\">\n<p data-start=\"879\" data-end=\"919\">zawieszki w kszta\u0142cie Super Mario Bros<\/p>\n<\/li>\n<li data-start=\"920\" data-end=\"950\">\n<p data-start=\"922\" data-end=\"950\">z\u0142otych element\u00f3w metalowych<\/p>\n<\/li>\n<li data-start=\"951\" data-end=\"986\">\n<p data-start=\"953\" data-end=\"986\">uroczych, dziewcz\u0119cych kolor\u00f3w<\/p>\n<\/li>\n<\/ul>\n<p data-start=\"988\" data-end=\"1067\">Delikatne, ale efektowne \u2013 pi\u0119knie prezentuj\u0105 si\u0119 na uchu i przyci\u0105gaj\u0105 uwag\u0119 \u2728<\/p>\n<hr data-start=\"1069\" data-end=\"1072\" \/>\n<h3 data-start=\"1074\" data-end=\"1099\">\ud83c\udf81 Idealne na prezent<\/h3>\n<p data-start=\"1101\" data-end=\"1184\">Kolczyki zapakowane s\u0105 w eleganckie pude\u0142eczko prezentowe \u2013 gotowe do wr\u0119czenia na:<\/p>\n<ul data-start=\"1185\" data-end=\"1262\">\n<li data-start=\"1185\" data-end=\"1197\">\n<p data-start=\"1187\" data-end=\"1197\">urodziny<\/p>\n<\/li>\n<li data-start=\"1198\" data-end=\"1215\">\n<p data-start=\"1200\" data-end=\"1215\">Dzie\u0144 Dziecka<\/p>\n<\/li>\n<li data-start=\"1216\" data-end=\"1226\">\n<p data-start=\"1218\" data-end=\"1226\">\u015bwi\u0119ta<\/p>\n<\/li>\n<li data-start=\"1227\" data-end=\"1262\">\n<p data-start=\"1229\" data-end=\"1262\">jako drobny upominek bez okazji<\/p>\n<\/li>\n<\/ul>\n","protected":false},"excerpt":{"rendered":"<p>Urocze kolczyki klipsy dla dziewczynki z motywem Super Mario Bros. Lekkie, wygodne i antyuciskowe \u2013 idealne dla dzieci bez przek\u0142utych uszu. \u015awietny pomys\u0142 na prezent<\/p>\n","protected":false},"featured_media":6727,"comment_status":"open","ping_status":"closed","template":"","meta":{"_seopress_robots_primary_cat":"none","_seopress_titles_title":"","_seopress_titles_desc":"","_seopress_robots_index":""},"product_brand":[],"product_cat":[459,154],"product_tag":[],"class_list":{"0":"post-6723","1":"product","2":"type-product","3":"status-publish","4":"has-post-thumbnail","6":"product_cat-bizuteria-dziecieca","7":"product_cat-klipsy-do-uszu","9":"first","10":"instock","11":"taxable","12":"shipping-taxable","13":"purchasable","14":"product-type-simple"},"yoast_head":"<!-- This site is optimized with the Yoast SEO plugin v27.4 - https:\/\/yoast.com\/product\/yoast-seo-wordpress\/ -->\n<title>Kolczyki klipsy dla dziewczynki bez dziurek \u2013 Super Mario Bros<\/title>\n<meta name=\"description\" content=\"Urocze kolczyki klipsy dla dziewczynki bez dziurek. Super Mario Bros, lekkie i antyuciskowe. Idealne na prezent dla dziecka.\" \/>\n<meta name=\"robots\" content=\"index, follow, max-snippet:-1, max-image-preview:large, max-video-preview:-1\" \/>\n<link rel=\"canonical\" href=\"https:\/\/monpari.pl\/index.php\/produkt\/kolczyki-klipsy-dla-dziewczynki-super-mario-bros-z-serduszkiem-brokatowe\/\" \/>\n<meta property=\"og:locale\" content=\"pl_PL\" \/>\n<meta property=\"og:type\" content=\"article\" \/>\n<meta property=\"og:title\" content=\"Kolczyki klipsy dla dziewczynki bez dziurek \u2013 Super Mario Bros\" \/>\n<meta property=\"og:description\" content=\"Urocze kolczyki klipsy dla dziewczynki bez dziurek. Super Mario Bros, lekkie i antyuciskowe. Idealne na prezent dla dziecka.\" \/>\n<meta property=\"og:url\" content=\"https:\/\/monpari.pl\/index.php\/produkt\/kolczyki-klipsy-dla-dziewczynki-super-mario-bros-z-serduszkiem-brokatowe\/\" \/>\n<meta property=\"og:site_name\" content=\"Monpari.pl\" \/>\n<meta property=\"article:modified_time\" content=\"2026-03-20T18:09:41+00:00\" \/>\n<meta property=\"og:image\" content=\"https:\/\/monpari.pl\/wp-content\/uploads\/2026\/03\/monpari-klipsy-kolczyki-mario-bros-super-mario-5.webp\" \/>\n\t<meta property=\"og:image:width\" content=\"1200\" \/>\n\t<meta property=\"og:image:height\" content=\"1200\" \/>\n\t<meta property=\"og:image:type\" content=\"image\/webp\" \/>\n<meta name=\"twitter:card\" content=\"summary_large_image\" \/>\n<meta name=\"twitter:label1\" content=\"Szacowany czas czytania\" \/>\n\t<meta name=\"twitter:data1\" content=\"2 minuty\" \/>\n<script type=\"application\/ld+json\" class=\"yoast-schema-graph\">{\"@context\":\"https:\\\/\\\/schema.org\",\"@graph\":[{\"@type\":\"WebPage\",\"@id\":\"https:\\\/\\\/monpari.pl\\\/index.php\\\/produkt\\\/kolczyki-klipsy-dla-dziewczynki-super-mario-bros-z-serduszkiem-brokatowe\\\/\",\"url\":\"https:\\\/\\\/monpari.pl\\\/index.php\\\/produkt\\\/kolczyki-klipsy-dla-dziewczynki-super-mario-bros-z-serduszkiem-brokatowe\\\/\",\"name\":\"Kolczyki klipsy dla dziewczynki bez dziurek \u2013 Super Mario Bros\",\"isPartOf\":{\"@id\":\"https:\\\/\\\/monpari.pl\\\/#website\"},\"primaryImageOfPage\":{\"@id\":\"https:\\\/\\\/monpari.pl\\\/index.php\\\/produkt\\\/kolczyki-klipsy-dla-dziewczynki-super-mario-bros-z-serduszkiem-brokatowe\\\/#primaryimage\"},\"image\":{\"@id\":\"https:\\\/\\\/monpari.pl\\\/index.php\\\/produkt\\\/kolczyki-klipsy-dla-dziewczynki-super-mario-bros-z-serduszkiem-brokatowe\\\/#primaryimage\"},\"thumbnailUrl\":\"https:\\\/\\\/monpari.pl\\\/wp-content\\\/uploads\\\/2026\\\/03\\\/monpari-klipsy-kolczyki-mario-bros-super-mario-5.webp\",\"datePublished\":\"2026-03-20T18:06:09+00:00\",\"dateModified\":\"2026-03-20T18:09:41+00:00\",\"description\":\"Urocze kolczyki klipsy dla dziewczynki bez dziurek. Super Mario Bros, lekkie i antyuciskowe. Idealne na prezent dla dziecka.\",\"breadcrumb\":{\"@id\":\"https:\\\/\\\/monpari.pl\\\/index.php\\\/produkt\\\/kolczyki-klipsy-dla-dziewczynki-super-mario-bros-z-serduszkiem-brokatowe\\\/#breadcrumb\"},\"inLanguage\":\"pl-PL\",\"potentialAction\":[{\"@type\":\"ReadAction\",\"target\":[\"https:\\\/\\\/monpari.pl\\\/index.php\\\/produkt\\\/kolczyki-klipsy-dla-dziewczynki-super-mario-bros-z-serduszkiem-brokatowe\\\/\"]}]},{\"@type\":\"ImageObject\",\"inLanguage\":\"pl-PL\",\"@id\":\"https:\\\/\\\/monpari.pl\\\/index.php\\\/produkt\\\/kolczyki-klipsy-dla-dziewczynki-super-mario-bros-z-serduszkiem-brokatowe\\\/#primaryimage\",\"url\":\"https:\\\/\\\/monpari.pl\\\/wp-content\\\/uploads\\\/2026\\\/03\\\/monpari-klipsy-kolczyki-mario-bros-super-mario-5.webp\",\"contentUrl\":\"https:\\\/\\\/monpari.pl\\\/wp-content\\\/uploads\\\/2026\\\/03\\\/monpari-klipsy-kolczyki-mario-bros-super-mario-5.webp\",\"width\":1200,\"height\":1200,\"caption\":\"Super Mario Bros\"},{\"@type\":\"BreadcrumbList\",\"@id\":\"https:\\\/\\\/monpari.pl\\\/index.php\\\/produkt\\\/kolczyki-klipsy-dla-dziewczynki-super-mario-bros-z-serduszkiem-brokatowe\\\/#breadcrumb\",\"itemListElement\":[{\"@type\":\"ListItem\",\"position\":1,\"name\":\"Strona g\u0142\u00f3wna\",\"item\":\"https:\\\/\\\/monpari.pl\\\/\"},{\"@type\":\"ListItem\",\"position\":2,\"name\":\"Sklep\",\"item\":\"https:\\\/\\\/monpari.pl\\\/index.php\\\/sklep\\\/\"},{\"@type\":\"ListItem\",\"position\":3,\"name\":\"Kolczyki klipsy dla dziewczynki \u2013Super Mario Bros z serduszkiem, brokatowe\"}]},{\"@type\":\"WebSite\",\"@id\":\"https:\\\/\\\/monpari.pl\\\/#website\",\"url\":\"https:\\\/\\\/monpari.pl\\\/\",\"name\":\"monpari.pl\",\"description\":\"Klipsy, kolczyki, bi\u017cuteria dla dzieci, artyku\u0142y z postaciami popularnych bajek, prezenty\",\"publisher\":{\"@id\":\"https:\\\/\\\/monpari.pl\\\/#organization\"},\"potentialAction\":[{\"@type\":\"SearchAction\",\"target\":{\"@type\":\"EntryPoint\",\"urlTemplate\":\"https:\\\/\\\/monpari.pl\\\/?s={search_term_string}\"},\"query-input\":{\"@type\":\"PropertyValueSpecification\",\"valueRequired\":true,\"valueName\":\"search_term_string\"}}],\"inLanguage\":\"pl-PL\"},{\"@type\":\"Organization\",\"@id\":\"https:\\\/\\\/monpari.pl\\\/#organization\",\"name\":\"monpari.pl\",\"url\":\"https:\\\/\\\/monpari.pl\\\/\",\"logo\":{\"@type\":\"ImageObject\",\"inLanguage\":\"pl-PL\",\"@id\":\"https:\\\/\\\/monpari.pl\\\/#\\\/schema\\\/logo\\\/image\\\/\",\"url\":\"https:\\\/\\\/monpari.pl\\\/wp-content\\\/uploads\\\/2023\\\/09\\\/MONPARI.png\",\"contentUrl\":\"https:\\\/\\\/monpari.pl\\\/wp-content\\\/uploads\\\/2023\\\/09\\\/MONPARI.png\",\"width\":660,\"height\":378,\"caption\":\"monpari.pl\"},\"image\":{\"@id\":\"https:\\\/\\\/monpari.pl\\\/#\\\/schema\\\/logo\\\/image\\\/\"}}]}<\/script>\n<!-- \/ Yoast SEO plugin. -->","yoast_head_json":{"title":"Kolczyki klipsy dla dziewczynki bez dziurek \u2013 Super Mario Bros","description":"Urocze kolczyki klipsy dla dziewczynki bez dziurek. Super Mario Bros, lekkie i antyuciskowe. Idealne na prezent dla dziecka.","robots":{"index":"index","follow":"follow","max-snippet":"max-snippet:-1","max-image-preview":"max-image-preview:large","max-video-preview":"max-video-preview:-1"},"canonical":"https:\/\/monpari.pl\/index.php\/produkt\/kolczyki-klipsy-dla-dziewczynki-super-mario-bros-z-serduszkiem-brokatowe\/","og_locale":"pl_PL","og_type":"article","og_title":"Kolczyki klipsy dla dziewczynki bez dziurek \u2013 Super Mario Bros","og_description":"Urocze kolczyki klipsy dla dziewczynki bez dziurek. Super Mario Bros, lekkie i antyuciskowe. Idealne na prezent dla dziecka.","og_url":"https:\/\/monpari.pl\/index.php\/produkt\/kolczyki-klipsy-dla-dziewczynki-super-mario-bros-z-serduszkiem-brokatowe\/","og_site_name":"Monpari.pl","article_modified_time":"2026-03-20T18:09:41+00:00","og_image":[{"width":1200,"height":1200,"url":"https:\/\/monpari.pl\/wp-content\/uploads\/2026\/03\/monpari-klipsy-kolczyki-mario-bros-super-mario-5.webp","type":"image\/webp"}],"twitter_card":"summary_large_image","twitter_misc":{"Szacowany czas czytania":"2 minuty"},"schema":{"@context":"https:\/\/schema.org","@graph":[{"@type":"WebPage","@id":"https:\/\/monpari.pl\/index.php\/produkt\/kolczyki-klipsy-dla-dziewczynki-super-mario-bros-z-serduszkiem-brokatowe\/","url":"https:\/\/monpari.pl\/index.php\/produkt\/kolczyki-klipsy-dla-dziewczynki-super-mario-bros-z-serduszkiem-brokatowe\/","name":"Kolczyki klipsy dla dziewczynki bez dziurek \u2013 Super Mario Bros","isPartOf":{"@id":"https:\/\/monpari.pl\/#website"},"primaryImageOfPage":{"@id":"https:\/\/monpari.pl\/index.php\/produkt\/kolczyki-klipsy-dla-dziewczynki-super-mario-bros-z-serduszkiem-brokatowe\/#primaryimage"},"image":{"@id":"https:\/\/monpari.pl\/index.php\/produkt\/kolczyki-klipsy-dla-dziewczynki-super-mario-bros-z-serduszkiem-brokatowe\/#primaryimage"},"thumbnailUrl":"https:\/\/monpari.pl\/wp-content\/uploads\/2026\/03\/monpari-klipsy-kolczyki-mario-bros-super-mario-5.webp","datePublished":"2026-03-20T18:06:09+00:00","dateModified":"2026-03-20T18:09:41+00:00","description":"Urocze kolczyki klipsy dla dziewczynki bez dziurek. Super Mario Bros, lekkie i antyuciskowe. Idealne na prezent dla dziecka.","breadcrumb":{"@id":"https:\/\/monpari.pl\/index.php\/produkt\/kolczyki-klipsy-dla-dziewczynki-super-mario-bros-z-serduszkiem-brokatowe\/#breadcrumb"},"inLanguage":"pl-PL","potentialAction":[{"@type":"ReadAction","target":["https:\/\/monpari.pl\/index.php\/produkt\/kolczyki-klipsy-dla-dziewczynki-super-mario-bros-z-serduszkiem-brokatowe\/"]}]},{"@type":"ImageObject","inLanguage":"pl-PL","@id":"https:\/\/monpari.pl\/index.php\/produkt\/kolczyki-klipsy-dla-dziewczynki-super-mario-bros-z-serduszkiem-brokatowe\/#primaryimage","url":"https:\/\/monpari.pl\/wp-content\/uploads\/2026\/03\/monpari-klipsy-kolczyki-mario-bros-super-mario-5.webp","contentUrl":"https:\/\/monpari.pl\/wp-content\/uploads\/2026\/03\/monpari-klipsy-kolczyki-mario-bros-super-mario-5.webp","width":1200,"height":1200,"caption":"Super Mario Bros"},{"@type":"BreadcrumbList","@id":"https:\/\/monpari.pl\/index.php\/produkt\/kolczyki-klipsy-dla-dziewczynki-super-mario-bros-z-serduszkiem-brokatowe\/#breadcrumb","itemListElement":[{"@type":"ListItem","position":1,"name":"Strona g\u0142\u00f3wna","item":"https:\/\/monpari.pl\/"},{"@type":"ListItem","position":2,"name":"Sklep","item":"https:\/\/monpari.pl\/index.php\/sklep\/"},{"@type":"ListItem","position":3,"name":"Kolczyki klipsy dla dziewczynki \u2013Super Mario Bros z serduszkiem, brokatowe"}]},{"@type":"WebSite","@id":"https:\/\/monpari.pl\/#website","url":"https:\/\/monpari.pl\/","name":"monpari.pl","description":"Klipsy, kolczyki, bi\u017cuteria dla dzieci, artyku\u0142y z postaciami popularnych bajek, prezenty","publisher":{"@id":"https:\/\/monpari.pl\/#organization"},"potentialAction":[{"@type":"SearchAction","target":{"@type":"EntryPoint","urlTemplate":"https:\/\/monpari.pl\/?s={search_term_string}"},"query-input":{"@type":"PropertyValueSpecification","valueRequired":true,"valueName":"search_term_string"}}],"inLanguage":"pl-PL"},{"@type":"Organization","@id":"https:\/\/monpari.pl\/#organization","name":"monpari.pl","url":"https:\/\/monpari.pl\/","logo":{"@type":"ImageObject","inLanguage":"pl-PL","@id":"https:\/\/monpari.pl\/#\/schema\/logo\/image\/","url":"https:\/\/monpari.pl\/wp-content\/uploads\/2023\/09\/MONPARI.png","contentUrl":"https:\/\/monpari.pl\/wp-content\/uploads\/2023\/09\/MONPARI.png","width":660,"height":378,"caption":"monpari.pl"},"image":{"@id":"https:\/\/monpari.pl\/#\/schema\/logo\/image\/"}}]}},"_links":{"self":[{"href":"https:\/\/monpari.pl\/index.php\/wp-json\/wp\/v2\/product\/6723","targetHints":{"allow":["GET"]}}],"collection":[{"href":"https:\/\/monpari.pl\/index.php\/wp-json\/wp\/v2\/product"}],"about":[{"href":"https:\/\/monpari.pl\/index.php\/wp-json\/wp\/v2\/types\/product"}],"replies":[{"embeddable":true,"href":"https:\/\/monpari.pl\/index.php\/wp-json\/wp\/v2\/comments?post=6723"}],"version-history":[{"count":1,"href":"https:\/\/monpari.pl\/index.php\/wp-json\/wp\/v2\/product\/6723\/revisions"}],"predecessor-version":[{"id":6728,"href":"https:\/\/monpari.pl\/index.php\/wp-json\/wp\/v2\/product\/6723\/revisions\/6728"}],"wp:featuredmedia":[{"embeddable":true,"href":"https:\/\/monpari.pl\/index.php\/wp-json\/wp\/v2\/media\/6727"}],"wp:attachment":[{"href":"https:\/\/monpari.pl\/index.php\/wp-json\/wp\/v2\/media?parent=6723"}],"wp:term":[{"taxonomy":"product_brand","embeddable":true,"href":"https:\/\/monpari.pl\/index.php\/wp-json\/wp\/v2\/product_brand?post=6723"},{"taxonomy":"product_cat","embeddable":true,"href":"https:\/\/monpari.pl\/index.php\/wp-json\/wp\/v2\/product_cat?post=6723"},{"taxonomy":"product_tag","embeddable":true,"href":"https:\/\/monpari.pl\/index.php\/wp-json\/wp\/v2\/product_tag?post=6723"}],"curies":[{"name":"wp","href":"https:\/\/api.w.org\/{rel}","templated":true}]}}